{"id":1186,"date":"2013-04-09T18:54:48","date_gmt":"2013-04-09T16:54:48","guid":{"rendered":"http:\/\/www.oboa.de\/wordpress\/?page_id=1186"},"modified":"2018-07-12T20:33:00","modified_gmt":"2018-07-12T18:33:00","slug":"beatbasar","status":"publish","type":"page","link":"https:\/\/www.oboa.de\/wordpress\/es\/archiv\/2010-2\/lineup\/beatbasar\/","title":{"rendered":"Beat Basar 2010"},"content":{"rendered":"<p>JENZ STEINER<br \/>\n(Rap HipHop Funk \/ Berlin)<\/p>\n<p>So klingt Musik aus Berlin Prenzlauer Berg &#8211; einst Arbeiter- und Aussteigerviertel, jetzt Nobelgegend. Mit viel Fantasie, Kraft und rauer Poesie besingt B\u00fchnenwunder Jenz Steiner eine Welt, die im Verschwinden ist. Das tut er ohne Wehmut, daf\u00fcr aber auf ganz charmante und zugleich schelmenhafte Art.<br \/>\nSteiner ist ein rappender Satiriker. Mit dem derben Humor einer Berliner Hinterhofrotzg\u00f6re nimmt er alles auf die Schippe. Voller Spa\u00df und Ernst, voller Realismus und \u00dcbertreibung erz\u00e4hlt der Herzblut-Entertainer zutiefst menschliche Geschichten: Geschichten vom Gro\u00dfwerden, von Liebe und Verlust, vom st\u00e4ndigen Scheitern und vom fl\u00fcchtigem Gl\u00fcck in den alten Mietskasernen und neuen Townhaussiedlungen der Stadt. Doch man muss kein Berliner Urgestein sein, um sich von Steiners pers\u00f6nlich-politischen Liedern ber\u00fchrt zu f\u00fchlen.<\/p>\n<p>A.BURNER &amp; DJ JOOLZ<br \/>\n(MashUp \/ Drum&#8217;n&#8217;Bass \/ Berlin)<\/p>\n<p>DJ ANNACONDA<br \/>\n(Electro-Minimal \/ Golzow)<\/p>\n<p>DE CALCULATOR<br \/>\n(Electronica \/ Berlin)<\/p>\n<p>DON BRAZO<br \/>\n(HouseElectroFunk \/ Berlin)<\/p>\n<p>FARO u E.MUZO\u00c8<br \/>\n(Electro \/ Wietzow)<\/p>\n<p>FELIX TOLLK\u00dcHN AKA MR. MIGHTY &amp; FLOW<br \/>\n(Facettenreiche Musik \/ Buckow)<\/p>\n<p>H\u00c4GEN DAZ<br \/>\n(Breakbeats Dubstep \/ Berlin)<\/p>\n<p>MIKECH<br \/>\n(MinimalTechnoHouse \/ Potsdam)<\/p>\n<p>PHONOFLO<br \/>\n(Drum&#8217;n&#8217;Bass \/ Stalinstadt)<\/p>\n<p>TARYT-X<br \/>\n(Techno \/ Berlin)<\/p>\n","protected":false},"excerpt":{"rendered":"<p>JENZ STEINER (Rap HipHop Funk \/ Berlin) So klingt Musik aus Berlin Prenzlauer Berg &#8211; einst Arbeiter- und Aussteigerviertel, jetzt Nobelgegend. Mit viel Fantasie, Kraft [&#8230;]<\/p>\n","protected":false},"author":1,"featured_media":0,"parent":1046,"menu_order":2,"comment_status":"open","ping_status":"open","template":"","meta":{"footnotes":""},"translation":{"provider":"WPGlobus","version":"3.0.2","language":"es","enabled_languages":["de","pl","gb","es"],"languages":{"de":{"title":true,"content":true,"excerpt":false},"pl":{"title":true,"content":true,"excerpt":false},"gb":{"title":false,"content":false,"excerpt":false},"es":{"title":false,"content":false,"excerpt":false}}},"jetpack_sharing_enabled":true,"_links":{"self":[{"href":"https:\/\/www.oboa.de\/wordpress\/es\/wp-json\/wp\/v2\/pages\/1186"}],"collection":[{"href":"https:\/\/www.oboa.de\/wordpress\/es\/wp-json\/wp\/v2\/pages"}],"about":[{"href":"https:\/\/www.oboa.de\/wordpress\/es\/wp-json\/wp\/v2\/types\/page"}],"author":[{"embeddable":true,"href":"https:\/\/www.oboa.de\/wordpress\/es\/wp-json\/wp\/v2\/users\/1"}],"replies":[{"embeddable":true,"href":"https:\/\/www.oboa.de\/wordpress\/es\/wp-json\/wp\/v2\/comments?post=1186"}],"version-history":[{"count":5,"href":"https:\/\/www.oboa.de\/wordpress\/es\/wp-json\/wp\/v2\/pages\/1186\/revisions"}],"predecessor-version":[{"id":10668,"href":"https:\/\/www.oboa.de\/wordpress\/es\/wp-json\/wp\/v2\/pages\/1186\/revisions\/10668"}],"up":[{"embeddable":true,"href":"https:\/\/www.oboa.de\/wordpress\/es\/wp-json\/wp\/v2\/pages\/1046"}],"wp:attachment":[{"href":"https:\/\/www.oboa.de\/wordpress\/es\/wp-json\/wp\/v2\/media?parent=1186"}],"curies":[{"name":"wp","href":"https:\/\/api.w.org\/{rel}","templated":true}]}}