{"id":11864,"date":"2020-02-25T19:55:11","date_gmt":"2020-02-25T17:55:11","guid":{"rendered":"http:\/\/www.oboa.de\/wordpress\/?page_id=11864"},"modified":"2025-07-13T22:17:21","modified_gmt":"2025-07-13T20:17:21","slug":"mitmachen","status":"publish","type":"page","link":"https:\/\/www.oboa.de\/wordpress\/es\/faq\/mitmachen\/","title":{"rendered":"Participar"},"content":{"rendered":"<div class=\"wp-block-columns\">\r\n<div class=\"wp-block-column\">\r\n<figure class=\"wp-block-image size-large is-style-circle-mask\"><a href=\"#beim_festival\"><img decoding=\"async\" class=\"wp-image-11869\" src=\"https:\/\/i0.wp.com\/www.oboa.de\/wordpress\/wp-content\/uploads\/2020\/03\/Mitmachen_beimFestival.jpg?w=800\" alt=\"\" data-recalc-dims=\"1\" \/><\/a>\r\n<figcaption><strong>En el festival<\/strong><\/figcaption>\r\n<\/figure>\r\n<p><!-- \/wp:image --><\/p>\r\n<\/div>\r\n<p><!-- \/wp:column --><\/p>\r\n<p><!-- wp:column --><\/p>\r\n<div class=\"wp-block-column\"><!-- wp:image {\"id\":11885,\"sizeSlug\":\"large\",\"linkDestination\":\"custom\",\"className\":\"is-style-circle-mask\"} -->\r\n<figure class=\"wp-block-image size-large is-style-circle-mask\"><a href=\"#als_artists\"><img decoding=\"async\" class=\"wp-image-11885\" src=\"https:\/\/i0.wp.com\/www.oboa.de\/wordpress\/wp-content\/uploads\/2020\/03\/Mitmachen_alsBand-1.jpg?w=800\" alt=\"\" data-recalc-dims=\"1\" \/><\/a>\r\n<figcaption><strong>Como artista<\/strong><\/figcaption>\r\n<\/figure>\r\n<p><!-- \/wp:image --><\/p>\r\n<\/div>\r\n<p><!-- \/wp:column --><\/p>\r\n<p><!-- wp:column --><\/p>\r\n<div class=\"wp-block-column\"><!-- wp:image {\"id\":11897,\"sizeSlug\":\"large\",\"linkDestination\":\"custom\",\"className\":\"is-style-circle-mask\"} -->\r\n<figure class=\"wp-block-image size-large is-style-circle-mask\"><a href=\"#als_haendler\"><img decoding=\"async\" class=\"wp-image-11897\" src=\"https:\/\/i0.wp.com\/www.oboa.de\/wordpress\/wp-content\/uploads\/2020\/03\/Mitmachen_alsHaendler-1.jpg?w=800\" alt=\"\" data-recalc-dims=\"1\" \/><\/a>\r\n<figcaption><strong>Como comerciante<\/strong><\/figcaption>\r\n<\/figure>\r\n<p><!-- \/wp:image --><\/p>\r\n<\/div>\r\n<p><!-- \/wp:column --><\/p>\r\n<p><!-- wp:column --><\/p>\r\n<div class=\"wp-block-column\"><!-- wp:image {\"id\":11884,\"sizeSlug\":\"large\",\"linkDestination\":\"custom\",\"className\":\"is-style-circle-mask\"} -->\r\n<figure class=\"wp-block-image size-large is-style-circle-mask\"><a href=\"#im_verein\"><img decoding=\"async\" class=\"wp-image-11884\" src=\"https:\/\/i0.wp.com\/www.oboa.de\/wordpress\/wp-content\/uploads\/2020\/03\/Mitmachen_imVerein.jpg?w=800\" alt=\"\" data-recalc-dims=\"1\" \/><\/a>\r\n<figcaption><strong>En el club<\/strong><\/figcaption>\r\n<\/figure>\r\n<p><!-- \/wp:image --><\/p>\r\n<\/div>\r\n<p><!-- \/wp:column --><\/p>\r\n<\/div>\r\n<p><!-- \/wp:columns --><\/p>\r\n<p><!-- wp:spacer {\"height\":25} --><\/p>\r\n<div class=\"wp-block-spacer\" style=\"height: 25px;\" aria-hidden=\"true\">\u00a0<\/div>\r\n<p><!-- \/wp:spacer --><\/p>\r\n<p><!-- wp:paragraph {\"fontSize\":\"medium\"} --><\/p>\r\n<p class=\"has-medium-font-size\"><strong>El OBOA es un proyecto comunitario, no comercial y participativo. As\u00ed pues, si le apetece ayudar a dar forma a un festival al aire libre, dar rienda suelta a su creatividad y hacer nuevas amistades, \u00a1esperamos su ayuda voluntaria en la preparaci\u00f3n del festival!<\/strong><\/p>\r\n<p>\u00bfQuieres tocar tu m\u00fasica anal\u00f3gica\/digital en el OBOA o proporcionar a los invitados del festival cosas culinarias o de otro tipo? Decimos que s\u00ed, s\u00ed, s\u00ed, si le conviene al festival.<\/p>\r\n<p><!-- \/wp:paragraph --><\/p>\r\n<p><!-- wp:spacer {\"height\":30} --><\/p>\r\n<div class=\"wp-block-spacer\" style=\"height: 30px;\" aria-hidden=\"true\">\u00a0<\/div>\r\n<p><!-- \/wp:spacer --><\/p>\r\n<p><!-- wp:heading --><\/p>\r\n<h2 id=\"beim_festival\">Participar en el festival<\/h2>\r\n<p><!-- \/wp:heading --><\/p>\r\n<p><!-- wp:heading {\"level\":3,\"textColor\":\"very-light-gray\"} --><\/p>\r\n<h3 class=\"has-very-light-gray-color has-text-color\">Ayudantes<\/h3>\r\n<p><!-- \/wp:heading --><\/p>\r\n<p><!-- wp:paragraph --><\/p>\r\n<p>Puedes participar en diferentes \u00e1reas del festival:<\/p>\r\n<p><!-- \/wp:paragraph --><\/p>\r\n<p><!-- wp:list --><\/p>\r\n<ul>\r\n<li>sea durante la semana de preparaci\u00f3n: Montar la infraestructura, elaborar e idear ideas de decoraci\u00f3n, ayudar con el catering, &#8230;<\/li>\r\n<li>en el propio festival: Entrada al aparcamiento, en la restauraci\u00f3n, <br \/>encargarse de un turno de bar, lavar tazas, &#8230;<\/li>\r\n<li>y muy importante (!) despu\u00e9s en la fase de desmantelamiento, para la que s\u00f3lo tenemos un d\u00eda<\/li>\r\n<\/ul>\r\n<p><!-- \/wp:list --><\/p>\r\n<p><!-- wp:paragraph --><\/p>\r\n<p>Por supuesto, tendr\u00e1s comida vegetariana\/vegana durante la semana de preparaci\u00f3n. El propio fin de semana del festival, nos repartiremos los turnos, que ser\u00e1n recompensados con una comida y fichas de bebida.<\/p>\r\n<p><!-- \/wp:paragraph --><\/p>\r\n<p><!-- wp:paragraph --><\/p>\r\n<p>No dude en ponerse en contacto con nosotros, le daremos m\u00e1s informaci\u00f3n.<br \/>Correo electr\u00f3nico: helfer@oboa.de<\/p>\r\n<p><!-- \/wp:paragraph --><\/p>\r\n<p><!-- wp:heading {\"level\":3,\"textColor\":\"very-light-gray\"} --><\/p>\r\n<h3 class=\"has-very-light-gray-color has-text-color\">Exponer arte, ofrecer talleres, intercambiar informaci\u00f3n<\/h3>\r\n<p><!-- \/wp:heading --><\/p>\r\n<p><!-- wp:paragraph --><\/p>\r\n<p>Resumamos la historia: \u00a1hay mucho espacio de dise\u00f1o colaborativo en Oboa para llenar!<\/p>\r\n<p><!-- \/wp:paragraph --><\/p>\r\n<p><!-- wp:list --><\/p>\r\n<ul>\r\n<li>Pintura, fotograf\u00eda, artes pl\u00e1sticas&#8230; \u00a1siempre nos parece una idea encantadora una peque\u00f1a exposici\u00f3n!<\/li>\r\n<li>Soldar, hacer yoga, fabricar pulseras de la amistad, discurso pol\u00edtico&#8230; s\u00ed, danos talleres.<\/li>\r\n<li>\u00a1El conocimiento es poder! Comparta sus conocimientos con nosotros: tenemos espacio suficiente para los puestos de informaci\u00f3n.<\/li>\r\n<\/ul>\r\n<p><!-- \/wp:list --><\/p>\r\n<p><!-- wp:paragraph --><\/p>\r\n<p>No dude en ponerse en contacto con nosotros, le daremos m\u00e1s informaci\u00f3n.<br \/>Correo electr\u00f3nico: helfer@oboa.de<\/p>\r\n<p><!-- \/wp:paragraph --><\/p>\r\n<p><!-- wp:gallery {\"ids\":[1383,1387,1385,1384],\"columns\":4} --><\/p>\r\n<figure class=\"wp-block-gallery columns-4 is-cropped\">\r\n<ul class=\"blocks-gallery-grid\">\r\n<li class=\"blocks-gallery-item\">\r\n<figure><img loading=\"lazy\" decoding=\"async\" width=\"600\" height=\"400\" data-attachment-id=\"1383\" data-permalink=\"https:\/\/www.oboa.de\/wordpress\/es\/?attachment_id=1383\" data-orig-file=\"https:\/\/i0.wp.com\/www.oboa.de\/wordpress\/wp-content\/uploads\/2013\/04\/Helfer3.jpg?fit=600%2C400&amp;ssl=1\" data-orig-size=\"600,400\" data-comments-opened=\"1\" data-image-meta=\"{&quot;aperture&quot;:&quot;0&quot;,&quot;credit&quot;:&quot;&quot;,&quot;camera&quot;:&quot;&quot;,&quot;caption&quot;:&quot;&quot;,&quot;created_timestamp&quot;:&quot;0&quot;,&quot;copyright&quot;:&quot;&quot;,&quot;focal_length&quot;:&quot;0&quot;,&quot;iso&quot;:&quot;0&quot;,&quot;shutter_speed&quot;:&quot;0&quot;,&quot;title&quot;:&quot;&quot;}\" data-image-title=\"Helfer3\" data-image-description=\"\" data-image-caption=\"&lt;p&gt;Gemeinsames Essen zur St\u00e4rkung beim Aufbau&lt;\/p&gt;\n\" data-medium-file=\"https:\/\/i0.wp.com\/www.oboa.de\/wordpress\/wp-content\/uploads\/2013\/04\/Helfer3.jpg?fit=300%2C200&amp;ssl=1\" data-large-file=\"https:\/\/i0.wp.com\/www.oboa.de\/wordpress\/wp-content\/uploads\/2013\/04\/Helfer3.jpg?fit=600%2C400&amp;ssl=1\" tabindex=\"0\" role=\"button\" class=\"wp-image-1383\" src=\"https:\/\/i0.wp.com\/www.oboa.de\/wordpress\/wp-content\/uploads\/2013\/04\/Helfer3.jpg?resize=600%2C400&#038;ssl=1\" alt=\"\" data-id=\"1383\" srcset=\"https:\/\/i0.wp.com\/www.oboa.de\/wordpress\/wp-content\/uploads\/2013\/04\/Helfer3.jpg?w=600&amp;ssl=1 600w, https:\/\/i0.wp.com\/www.oboa.de\/wordpress\/wp-content\/uploads\/2013\/04\/Helfer3.jpg?resize=300%2C200&amp;ssl=1 300w\" sizes=\"(max-width: 600px) 100vw, 600px\" data-recalc-dims=\"1\" \/><\/figure>\r\n<\/li>\r\n<li class=\"blocks-gallery-item\">\r\n<figure><img loading=\"lazy\" decoding=\"async\" width=\"400\" height=\"600\" data-attachment-id=\"1387\" data-permalink=\"https:\/\/www.oboa.de\/wordpress\/es\/?attachment_id=1387\" data-orig-file=\"https:\/\/i0.wp.com\/www.oboa.de\/wordpress\/wp-content\/uploads\/2013\/04\/Helfer-1.jpg?fit=400%2C600&amp;ssl=1\" data-orig-size=\"400,600\" data-comments-opened=\"1\" data-image-meta=\"{&quot;aperture&quot;:&quot;0&quot;,&quot;credit&quot;:&quot;&quot;,&quot;camera&quot;:&quot;&quot;,&quot;caption&quot;:&quot;&quot;,&quot;created_timestamp&quot;:&quot;0&quot;,&quot;copyright&quot;:&quot;&quot;,&quot;focal_length&quot;:&quot;0&quot;,&quot;iso&quot;:&quot;0&quot;,&quot;shutter_speed&quot;:&quot;0&quot;,&quot;title&quot;:&quot;&quot;}\" data-image-title=\"Helfer 1\" data-image-description=\"\" data-image-caption=\"&lt;p&gt;Dekoideen ausarbeiten und umsetzten&lt;\/p&gt;\n\" data-medium-file=\"https:\/\/i0.wp.com\/www.oboa.de\/wordpress\/wp-content\/uploads\/2013\/04\/Helfer-1.jpg?fit=200%2C300&amp;ssl=1\" data-large-file=\"https:\/\/i0.wp.com\/www.oboa.de\/wordpress\/wp-content\/uploads\/2013\/04\/Helfer-1.jpg?fit=400%2C600&amp;ssl=1\" tabindex=\"0\" role=\"button\" class=\"wp-image-1387\" src=\"https:\/\/i0.wp.com\/www.oboa.de\/wordpress\/wp-content\/uploads\/2013\/04\/Helfer-1.jpg?resize=400%2C600&#038;ssl=1\" alt=\"\" data-id=\"1387\" srcset=\"https:\/\/i0.wp.com\/www.oboa.de\/wordpress\/wp-content\/uploads\/2013\/04\/Helfer-1.jpg?w=400&amp;ssl=1 400w, https:\/\/i0.wp.com\/www.oboa.de\/wordpress\/wp-content\/uploads\/2013\/04\/Helfer-1.jpg?resize=200%2C300&amp;ssl=1 200w\" sizes=\"(max-width: 400px) 100vw, 400px\" data-recalc-dims=\"1\" \/><\/figure>\r\n<\/li>\r\n<li class=\"blocks-gallery-item\">\r\n<figure><img loading=\"lazy\" decoding=\"async\" width=\"600\" height=\"400\" data-attachment-id=\"1385\" data-permalink=\"https:\/\/www.oboa.de\/wordpress\/es\/?attachment_id=1385\" data-orig-file=\"https:\/\/i0.wp.com\/www.oboa.de\/wordpress\/wp-content\/uploads\/2013\/04\/Helfer-5.jpg?fit=600%2C400&amp;ssl=1\" data-orig-size=\"600,400\" data-comments-opened=\"1\" data-image-meta=\"{&quot;aperture&quot;:&quot;0&quot;,&quot;credit&quot;:&quot;&quot;,&quot;camera&quot;:&quot;&quot;,&quot;caption&quot;:&quot;&quot;,&quot;created_timestamp&quot;:&quot;0&quot;,&quot;copyright&quot;:&quot;&quot;,&quot;focal_length&quot;:&quot;0&quot;,&quot;iso&quot;:&quot;0&quot;,&quot;shutter_speed&quot;:&quot;0&quot;,&quot;title&quot;:&quot;&quot;}\" data-image-title=\"Helfer 5\" data-image-description=\"\" data-image-caption=\"&lt;p&gt;Hilfe beim Auf- und Abbau ist immer willkommen&lt;\/p&gt;\n\" data-medium-file=\"https:\/\/i0.wp.com\/www.oboa.de\/wordpress\/wp-content\/uploads\/2013\/04\/Helfer-5.jpg?fit=300%2C200&amp;ssl=1\" data-large-file=\"https:\/\/i0.wp.com\/www.oboa.de\/wordpress\/wp-content\/uploads\/2013\/04\/Helfer-5.jpg?fit=600%2C400&amp;ssl=1\" tabindex=\"0\" role=\"button\" class=\"wp-image-1385\" src=\"https:\/\/i0.wp.com\/www.oboa.de\/wordpress\/wp-content\/uploads\/2013\/04\/Helfer-5.jpg?resize=600%2C400&#038;ssl=1\" alt=\"\" data-id=\"1385\" srcset=\"https:\/\/i0.wp.com\/www.oboa.de\/wordpress\/wp-content\/uploads\/2013\/04\/Helfer-5.jpg?w=600&amp;ssl=1 600w, https:\/\/i0.wp.com\/www.oboa.de\/wordpress\/wp-content\/uploads\/2013\/04\/Helfer-5.jpg?resize=300%2C200&amp;ssl=1 300w\" sizes=\"(max-width: 600px) 100vw, 600px\" data-recalc-dims=\"1\" \/><\/figure>\r\n<\/li>\r\n<li class=\"blocks-gallery-item\">\r\n<figure><img loading=\"lazy\" decoding=\"async\" width=\"600\" height=\"400\" data-attachment-id=\"1384\" data-permalink=\"https:\/\/www.oboa.de\/wordpress\/es\/?attachment_id=1384\" data-orig-file=\"https:\/\/i0.wp.com\/www.oboa.de\/wordpress\/wp-content\/uploads\/2013\/04\/helfer-4.jpg?fit=600%2C400&amp;ssl=1\" data-orig-size=\"600,400\" data-comments-opened=\"1\" data-image-meta=\"{&quot;aperture&quot;:&quot;0&quot;,&quot;credit&quot;:&quot;&quot;,&quot;camera&quot;:&quot;&quot;,&quot;caption&quot;:&quot;&quot;,&quot;created_timestamp&quot;:&quot;0&quot;,&quot;copyright&quot;:&quot;&quot;,&quot;focal_length&quot;:&quot;0&quot;,&quot;iso&quot;:&quot;0&quot;,&quot;shutter_speed&quot;:&quot;0&quot;,&quot;title&quot;:&quot;&quot;}\" data-image-title=\"helfer 4\" data-image-description=\"\" data-image-caption=\"&lt;p&gt;Vollbepackt mit tollen Sachen &#8230;&lt;\/p&gt;\n\" data-medium-file=\"https:\/\/i0.wp.com\/www.oboa.de\/wordpress\/wp-content\/uploads\/2013\/04\/helfer-4.jpg?fit=300%2C200&amp;ssl=1\" data-large-file=\"https:\/\/i0.wp.com\/www.oboa.de\/wordpress\/wp-content\/uploads\/2013\/04\/helfer-4.jpg?fit=600%2C400&amp;ssl=1\" tabindex=\"0\" role=\"button\" class=\"wp-image-1384\" src=\"https:\/\/i0.wp.com\/www.oboa.de\/wordpress\/wp-content\/uploads\/2013\/04\/helfer-4.jpg?resize=600%2C400&#038;ssl=1\" alt=\"\" data-id=\"1384\" srcset=\"https:\/\/i0.wp.com\/www.oboa.de\/wordpress\/wp-content\/uploads\/2013\/04\/helfer-4.jpg?w=600&amp;ssl=1 600w, https:\/\/i0.wp.com\/www.oboa.de\/wordpress\/wp-content\/uploads\/2013\/04\/helfer-4.jpg?resize=300%2C200&amp;ssl=1 300w\" sizes=\"(max-width: 600px) 100vw, 600px\" data-recalc-dims=\"1\" \/><\/figure>\r\n<\/li>\r\n<\/ul>\r\n<\/figure>\r\n<p><!-- \/wp:gallery --><\/p>\r\n<p><!-- wp:spacer {\"height\":30} --><\/p>\r\n<div class=\"wp-block-spacer\" style=\"height: 30px;\" aria-hidden=\"true\">\u00a0<\/div>\r\n<p><!-- \/wp:spacer --><\/p>\r\n<p><!-- wp:heading --><\/p>\r\n<h2 id=\"als_artists\">Como artista en el OBOA<\/h2>\r\n<p><!-- \/wp:heading --><\/p>\r\n<p><!-- wp:paragraph --><\/p>\r\n<p>\u00bfHace usted m\u00fasica? \u00a1Nos gusta! \u00bfSolo, en banda, con instrumentos, a capella o con cabina de DJ? No importa. Lo principal es que quieras encantar nuestros o\u00eddos y los de todos los dem\u00e1s.<\/p>\r\n<p>En el Oboa tenemos diferentes escenarios que ofrecen un colorido popurr\u00ed de delicias musicales. Rock, punk, ska, metal, dub, drum &amp; bass, reggae y mucho m\u00e1s: \u00a1habr\u00e1 para todos los gustos!<\/p>\r\n<p>Simplemente escriba un correo electr\u00f3nico y pres\u00e9ntese.<br \/>Correo electr\u00f3nico: bands@oboa.de<\/p>\r\n<p><!-- \/wp:paragraph --><\/p>\r\n<p><!-- wp:spacer {\"height\":30} --><\/p>\r\n<div class=\"wp-block-spacer\" style=\"height: 30px;\" aria-hidden=\"true\">\u00a0<\/div>\r\n<p><!-- \/wp:spacer --><\/p>\r\n<p><!-- wp:heading --><\/p>\r\n<h2 id=\"als_haendler\">Como comerciante en el OBOA<\/h2>\r\n<p><!-- \/wp:heading --><\/p>\r\n<p><!-- wp:paragraph --><\/p>\r\n<p>Patatas fritas, pizza, pan de molde, falafel, bocadillos y productos de panader\u00eda: la lista podr\u00eda ser interminable. Y como el camino al coraz\u00f3n de un hombre pasa por su est\u00f3mago, necesitamos mucha comida vegana\/vegetariana deliciosa.<\/p>\r\n<p>\u00bfDesea vender sus productos alimentarios o no alimentarios en Oboa? Escriba un correo electr\u00f3nico para obtener m\u00e1s informaci\u00f3n.<br \/>Correo electr\u00f3nico: info@oboa.de<\/p>\r\n<p><!-- \/wp:paragraph --><\/p>\r\n<p><!-- wp:spacer {\"height\":30} --><\/p>\r\n<div class=\"wp-block-spacer\" style=\"height: 30px;\" aria-hidden=\"true\">\u00a0<\/div>\r\n<p><!-- \/wp:spacer --><\/p>\r\n<p><!-- wp:heading --><\/p>\r\n<h2 id=\"im_verein\">\u00bfO se une al club despu\u00e9s de todo?<\/h2>\r\n<p><!-- \/wp:heading --><\/p>\r\n<p><!-- wp:paragraph --><\/p>\r\n<p>\u00bfQuiere hacer las cosas desde la base y formar parte de la organizaci\u00f3n del festival desde el principio? Navega por nuestra <a href=\"https:\/\/www.oboa.de\/wordpress\/es\/faq\/verein\/\">secci\u00f3n de clubes<\/a> o escr\u00edbenos un correo electr\u00f3nico y cu\u00e9ntanos brevemente qui\u00e9n eres y cu\u00e1l es tu superpoder, incluso el m\u00e1s banal.<\/p>\r\n<p>Correo electr\u00f3nico: helfer@oboa.de<\/p>","protected":false},"excerpt":{"rendered":"<p>En el festival Como artista Como comerciante En el club \u00a0 El OBOA es un proyecto comunitario, no comercial y participativo. As\u00ed pues, si le [&#8230;]<\/p>\n","protected":false},"author":12,"featured_media":0,"parent":3452,"menu_order":20,"comment_status":"closed","ping_status":"closed","template":"","meta":{"footnotes":""},"translation":{"provider":"WPGlobus","version":"3.0.0","language":"es","enabled_languages":["de","pl","gb","es"],"languages":{"de":{"title":true,"content":true,"excerpt":false},"pl":{"title":true,"content":true,"excerpt":false},"gb":{"title":true,"content":true,"excerpt":false},"es":{"title":true,"content":true,"excerpt":false}}},"jetpack_sharing_enabled":true,"_links":{"self":[{"href":"https:\/\/www.oboa.de\/wordpress\/es\/wp-json\/wp\/v2\/pages\/11864"}],"collection":[{"href":"https:\/\/www.oboa.de\/wordpress\/es\/wp-json\/wp\/v2\/pages"}],"about":[{"href":"https:\/\/www.oboa.de\/wordpress\/es\/wp-json\/wp\/v2\/types\/page"}],"author":[{"embeddable":true,"href":"https:\/\/www.oboa.de\/wordpress\/es\/wp-json\/wp\/v2\/users\/12"}],"replies":[{"embeddable":true,"href":"https:\/\/www.oboa.de\/wordpress\/es\/wp-json\/wp\/v2\/comments?post=11864"}],"version-history":[{"count":82,"href":"https:\/\/www.oboa.de\/wordpress\/es\/wp-json\/wp\/v2\/pages\/11864\/revisions"}],"predecessor-version":[{"id":15152,"href":"https:\/\/www.oboa.de\/wordpress\/es\/wp-json\/wp\/v2\/pages\/11864\/revisions\/15152"}],"up":[{"embeddable":true,"href":"https:\/\/www.oboa.de\/wordpress\/es\/wp-json\/wp\/v2\/pages\/3452"}],"wp:attachment":[{"href":"https:\/\/www.oboa.de\/wordpress\/es\/wp-json\/wp\/v2\/media?parent=11864"}],"curies":[{"name":"wp","href":"https:\/\/api.w.org\/{rel}","templated":true}]}}