{"id":1188,"date":"2013-04-09T18:55:45","date_gmt":"2013-04-09T16:55:45","guid":{"rendered":"http:\/\/www.oboa.de\/wordpress\/?page_id=1188"},"modified":"2018-06-11T22:17:10","modified_gmt":"2018-06-11T20:17:10","slug":"40-grad-nordost","status":"publish","type":"page","link":"https:\/\/www.oboa.de\/wordpress\/es\/archiv\/2010-2\/lineup\/40-grad-nordost\/","title":{"rendered":"40 Grad Nordost 2010"},"content":{"rendered":"<p>BERLINUTZ<br \/>\n(HipHop Rap \/ Berlin)<\/p>\n<p>Hip Hop Lebt! Genau das ist der Leitspruch der vierk\u00f6pfigen Crew aus Berlin. Pirate MC (Beats &amp; Raps), Timonolog (Raps), Miroc (Raps) und DJ Inkognito (Cuts) sind von den B\u00fchnen der Hauptstadt nicht mehr wegzudenken, denn kaum eine andere Crew rockte live in den vergangenen Jahren \u00f6fter das Berliner Publikum als die Berlinutz&#8230;<br \/>\n\u201eEs geht auch anders\u201c scheint es aus jedem Song der Berlinutz zu sprechen. Und dabei beschr\u00e4nkt sich das Anders-Sein keineswegs auf leicht Wahrnehmbares &#8211; wie etwa die Tatsache, dass die Nutz auch gerne mal selbst eine Hookline singen.<\/p>\n<p>SHEW SHARLATAN UND DIE ZWANGSJACKEN<br \/>\n(HipHop \/ Berlin)<\/p>\n<p>Im Jahr 1998 entstanden die ersten Textideen in Shews kreativem Hirn. Mit einem Team von begabten, begeisterten Rappern und Dj\u00b4s machte Shew die B\u00fchnen Brandenburgs unsicher, sodass bald jeder die Namen \u201eMicpropaganda\u201c, \u201eKolonne-Ost &amp; Ostkwatier kannte, der was von gutem Rap verstand und aus dem Osten Deutschlands kommt!<br \/>\nMit einem Koffer voller innovativen-, einschl\u00e4gigen Ideen, einer starken Crew und einer Stimme die sich in dein Hirn frisst, zieht er nun los, die Welt des Hip Hop zu erobern und anderen das F\u00fcrchten zu lehren!!! Kolonne Ost for live!!!!<\/p>\n<p>SMITH &amp; SMART<br \/>\n(Disco-HipHop-Elektro-Songperlen-Massaker \/ Berlin)<\/p>\n<p>Zwei Sampler, zwei Plattenspieler, zwei Mikrofone, zwei Dudes, jede Menge Stimmen mit Stimmung bis zum Umfallen! Die zwei feschen Musikproduzenten &amp; Plattenleger-Guerilleros bereiten dir mit ihrem rezyklierten &#8220;Disco-HipHop-Elektro-Songperlen-Massaker&#8221; schlaflose N\u00e4chte. Wenn sie die Musikgeschichte schamlos austricksen, zerlegen, neu zusammenf\u00fcgen und du glaubst,&#8221;eben gerade nicht richtig geh\u00f6rt zu haben&#8221;, dann befindest du dich tats\u00e4chlich an einem gepflegte Spass-Abend der zwei gef\u00e4lschten Berufsberliner. Smith &amp; Smart. Fasten your seat belt and disc-ohhh!<\/p>\n","protected":false},"excerpt":{"rendered":"<p>BERLINUTZ (HipHop Rap \/ Berlin) Hip Hop Lebt! Genau das ist der Leitspruch der vierk\u00f6pfigen Crew aus Berlin. Pirate MC (Beats &amp; Raps), Timonolog (Raps), [&#8230;]<\/p>\n","protected":false},"author":1,"featured_media":0,"parent":1046,"menu_order":3,"comment_status":"open","ping_status":"open","template":"","meta":{"footnotes":""},"translation":{"provider":"WPGlobus","version":"3.0.0","language":"es","enabled_languages":["de","pl","gb","es"],"languages":{"de":{"title":true,"content":true,"excerpt":false},"pl":{"title":false,"content":false,"excerpt":false},"gb":{"title":false,"content":false,"excerpt":false},"es":{"title":false,"content":false,"excerpt":false}}},"jetpack_sharing_enabled":true,"_links":{"self":[{"href":"https:\/\/www.oboa.de\/wordpress\/es\/wp-json\/wp\/v2\/pages\/1188"}],"collection":[{"href":"https:\/\/www.oboa.de\/wordpress\/es\/wp-json\/wp\/v2\/pages"}],"about":[{"href":"https:\/\/www.oboa.de\/wordpress\/es\/wp-json\/wp\/v2\/types\/page"}],"author":[{"embeddable":true,"href":"https:\/\/www.oboa.de\/wordpress\/es\/wp-json\/wp\/v2\/users\/1"}],"replies":[{"embeddable":true,"href":"https:\/\/www.oboa.de\/wordpress\/es\/wp-json\/wp\/v2\/comments?post=1188"}],"version-history":[{"count":3,"href":"https:\/\/www.oboa.de\/wordpress\/es\/wp-json\/wp\/v2\/pages\/1188\/revisions"}],"predecessor-version":[{"id":9957,"href":"https:\/\/www.oboa.de\/wordpress\/es\/wp-json\/wp\/v2\/pages\/1188\/revisions\/9957"}],"up":[{"embeddable":true,"href":"https:\/\/www.oboa.de\/wordpress\/es\/wp-json\/wp\/v2\/pages\/1046"}],"wp:attachment":[{"href":"https:\/\/www.oboa.de\/wordpress\/es\/wp-json\/wp\/v2\/media?parent=1188"}],"curies":[{"name":"wp","href":"https:\/\/api.w.org\/{rel}","templated":true}]}}