{"id":13768,"date":"2024-01-09T18:10:41","date_gmt":"2024-01-09T16:10:41","guid":{"rendered":"https:\/\/www.oboa.de\/wordpress\/?page_id=13768"},"modified":"2024-01-09T18:42:25","modified_gmt":"2024-01-09T16:42:25","slug":"lamettaladen-2023","status":"publish","type":"page","link":"https:\/\/www.oboa.de\/wordpress\/es\/archiv\/2023-2\/lineup-2023\/lamettaladen-2023\/","title":{"rendered":"Tienda de oropel 2023"},"content":{"rendered":"<p>Conferencia del Codex \u201cDesradicalizaci\u00f3n y desvinculaci\u00f3n\u201d (en ingl\u00e9s)<\/p>\n<p>Cuestionario<\/p>\n<p><a href=\"https:\/\/www.instagram.com\/official_hutmacher\/\" target=\"_blank\" rel=\"noopener\">Hutmacher (Hip Hop)<\/a><\/p>\n<p>Karaoke<\/p>\n<p>Taller de arte y serigraf\u00eda<\/p>\n<p>Naturefriends Conferencia para j\u00f3venes<\/p>\n<p>Conferencia de Horte \u201cViolencia de derechas en M\u00e4rkisch Oderland\u201d<\/p>\n<p>Cafe Cranz<\/p>\n","protected":false},"excerpt":{"rendered":"<p>Conferencia del Codex \u201cDesradicalizaci\u00f3n y desvinculaci\u00f3n\u201d (en ingl\u00e9s) Cuestionario Hutmacher (Hip Hop) Karaoke Taller de arte y serigraf\u00eda Naturefriends Conferencia para j\u00f3venes Conferencia de Horte [&#8230;]<\/p>\n","protected":false},"author":10,"featured_media":0,"parent":13756,"menu_order":0,"comment_status":"closed","ping_status":"closed","template":"","meta":{"footnotes":""},"translation":{"provider":"WPGlobus","version":"3.0.2","language":"es","enabled_languages":["de","pl","gb","es"],"languages":{"de":{"title":true,"content":true,"excerpt":false},"pl":{"title":true,"content":true,"excerpt":false},"gb":{"title":true,"content":true,"excerpt":false},"es":{"title":true,"content":true,"excerpt":false}}},"jetpack_sharing_enabled":true,"_links":{"self":[{"href":"https:\/\/www.oboa.de\/wordpress\/es\/wp-json\/wp\/v2\/pages\/13768"}],"collection":[{"href":"https:\/\/www.oboa.de\/wordpress\/es\/wp-json\/wp\/v2\/pages"}],"about":[{"href":"https:\/\/www.oboa.de\/wordpress\/es\/wp-json\/wp\/v2\/types\/page"}],"author":[{"embeddable":true,"href":"https:\/\/www.oboa.de\/wordpress\/es\/wp-json\/wp\/v2\/users\/10"}],"replies":[{"embeddable":true,"href":"https:\/\/www.oboa.de\/wordpress\/es\/wp-json\/wp\/v2\/comments?post=13768"}],"version-history":[{"count":4,"href":"https:\/\/www.oboa.de\/wordpress\/es\/wp-json\/wp\/v2\/pages\/13768\/revisions"}],"predecessor-version":[{"id":13794,"href":"https:\/\/www.oboa.de\/wordpress\/es\/wp-json\/wp\/v2\/pages\/13768\/revisions\/13794"}],"up":[{"embeddable":true,"href":"https:\/\/www.oboa.de\/wordpress\/es\/wp-json\/wp\/v2\/pages\/13756"}],"wp:attachment":[{"href":"https:\/\/www.oboa.de\/wordpress\/es\/wp-json\/wp\/v2\/media?parent=13768"}],"curies":[{"name":"wp","href":"https:\/\/api.w.org\/{rel}","templated":true}]}}