{"id":14940,"date":"2025-01-15T19:32:22","date_gmt":"2025-01-15T17:32:22","guid":{"rendered":"https:\/\/www.oboa.de\/wordpress\/?page_id=14940"},"modified":"2025-02-12T18:46:47","modified_gmt":"2025-02-12T16:46:47","slug":"support-is-needed","status":"publish","type":"page","link":"https:\/\/www.oboa.de\/wordpress\/es\/support-is-needed\/","title":{"rendered":"Support is needed&#8230;"},"content":{"rendered":"<h3>Los ayudantes son bienvenidos!<\/h3>\n<p>Experimentar la OBOA como invitado ya es una experiencia especial. Pero formar parte de un OBOA como ayudante es a\u00fan m\u00e1s impresionante.<\/p>\n<p>Estaremos en el festival durante 10 d\u00edas. Seis d\u00edas de montaje, dos d\u00edas de OBOA y dos d\u00edas de desmontaje. Durante este tiempo, lo hacemos todo juntos: transportar, hacer manualidades, cocinar, comer y celebrar. Cada a\u00f1o crecemos juntos de nuevo y experimentamos un sentido de comunidad que no existe en la vida cotidiana. Tambi\u00e9n aprender\u00e1s mucho sobre los or\u00edgenes de la OBOA y conocer\u00e1s a miembros fundadores que han estado con nosotros desde la primera OBOA.<\/p>\n<h5>1er ayudante de montaje:<\/h5>\n<p>Llegar\u00e1s entre el s\u00e1bado 2 de agosto y el lunes 4 de agosto y ayudar\u00e1s a montar OBOA.<br \/>\nEso significa: acarrear, trastear, trabajar, limpiar, decorar. Por la noche lo celebraremos juntos y veremos c\u00f3mo el \u00abSpnnen-Kind\u00bb de este a\u00f1o crece poco a poco y se convierte en un OBOA con todas sus plantas.<\/p>\n<h5>2\u00ba ayudante OBOA<\/h5>\n<p>Llegar\u00e1s el jueves 7 de agosto a m\u00e1s tardar y DEBER\u00c1S estar presente en la \u00abbienvenida a los ayudantes\u00bb el jueves por la tarde. Aqu\u00ed se explican y distribuyen todas las actividades que hacen posible nuestro fin de semana.<br \/>\nEsto incluye, por ejemplo: admisi\u00f3n y supervisi\u00f3n del aparcamiento, pinchar y vender bebidas, cortar y fregar, servir comida en el catering, ayudar con las instalaciones sanitarias entre bastidores o en el suelo y mucho m\u00e1s.<br \/>\nB\u00e1sicamente te planificamos 8h\/12h de tiempo de ayuda (repartidas en los dos d\u00edas de acci\u00f3n). Intentaremos tener en cuenta sus deseos, pero no podemos darle ninguna garant\u00eda. En el tiempo restante puedes disfrutar del estatus de ayudante con todas sus comodidades o simplemente hacer lo que quieras, escuchar a las bandas, salir de fiesta o hacer algo con los amigos.<\/p>\n<h5>3er ayudante de desmontaje:<\/h5>\n<p>Te quedar\u00e1s con nosotros en la obra desde el domingo 10 de agosto hasta el lunes 11 de agosto. Esta es realmente la tarea m\u00e1s importante. Porque cuando los invitados se hayan ido el domingo, los andamios seguir\u00e1n all\u00ed, los huesos estar\u00e1n cansados, pero el esp\u00edritu estar\u00e1 contento. Desmontar implica arrastrar, limpiar, empaquetar y transportar.<br \/>\nComo aliciente, cabe mencionar tambi\u00e9n que las mejores fiestas se celebran el domingo por la noche, durante el desmontaje, y hay que vaciar los barriles del carro de la cerveza, que a\u00fan est\u00e1n llenos.<br \/>\nTodos est\u00e1n contentos y orgullosos de haber conseguido la OBOA y juntos vuelven a pasar por el umbral del dolor durante el desmontaje.<\/p>\n<p>INFORMACI\u00d3N IMPORTANTE<\/p>\n<p>TODO AYUDANTE DEBE REGISTRARSE<\/p>\n<p>Con amor tuyo<\/p>\n<h3>Amy Weinschloss<\/h3>\n<p><a href=\"https:\/\/www.oboa.de\/wordpress\/wp-content\/uploads\/2025\/01\/amy01.jpg\"><img loading=\"lazy\" decoding=\"async\" width=\"160\" height=\"300\" data-attachment-id=\"14961\" data-permalink=\"https:\/\/www.oboa.de\/wordpress\/es\/support-is-needed\/amy01\/\" data-orig-file=\"https:\/\/i0.wp.com\/www.oboa.de\/wordpress\/wp-content\/uploads\/2025\/01\/amy01.jpg?fit=681%2C1280&amp;ssl=1\" data-orig-size=\"681,1280\" data-comments-opened=\"1\" data-image-meta=\"{&quot;aperture&quot;:&quot;0&quot;,&quot;credit&quot;:&quot;&quot;,&quot;camera&quot;:&quot;&quot;,&quot;caption&quot;:&quot;&quot;,&quot;created_timestamp&quot;:&quot;0&quot;,&quot;copyright&quot;:&quot;&quot;,&quot;focal_length&quot;:&quot;0&quot;,&quot;iso&quot;:&quot;0&quot;,&quot;shutter_speed&quot;:&quot;0&quot;,&quot;title&quot;:&quot;&quot;,&quot;orientation&quot;:&quot;0&quot;}\" data-image-title=\"amy01\" data-image-description=\"\" data-image-caption=\"\" data-medium-file=\"https:\/\/i0.wp.com\/www.oboa.de\/wordpress\/wp-content\/uploads\/2025\/01\/amy01.jpg?fit=160%2C300&amp;ssl=1\" data-large-file=\"https:\/\/i0.wp.com\/www.oboa.de\/wordpress\/wp-content\/uploads\/2025\/01\/amy01.jpg?fit=545%2C1024&amp;ssl=1\" tabindex=\"0\" role=\"button\" class=\"alignnone size-medium wp-image-14961\" src=\" https:\/\/www.oboa.de\/wordpress\/wp-content\/uploads\/2025\/01\/amy01-160x300.jpg\" alt=\"\" srcset=\"https:\/\/i0.wp.com\/www.oboa.de\/wordpress\/wp-content\/uploads\/2025\/01\/amy01.jpg?resize=160%2C300&amp;ssl=1 160w, https:\/\/i0.wp.com\/www.oboa.de\/wordpress\/wp-content\/uploads\/2025\/01\/amy01.jpg?resize=545%2C1024&amp;ssl=1 545w, https:\/\/i0.wp.com\/www.oboa.de\/wordpress\/wp-content\/uploads\/2025\/01\/amy01.jpg?w=681&amp;ssl=1 681w\" sizes=\"(max-width: 160px) 100vw, 160px\" \/><\/a><br \/>\ntambi\u00e9n conocido como micha<br \/>\n<style id=\"wpforms-css-vars-14943\">\n\t\t\t\t#wpforms-14943 {\n\t\t\t\t\n\t\t\t}\n\t\t\t<\/style><div class=\"wpforms-container wpforms-container-full wpforms-render-modern\" id=\"wpforms-14943\"><form id=\"wpforms-form-14943\" class=\"wpforms-validate wpforms-form wpforms-ajax-form\" data-formid=\"14943\" method=\"post\" enctype=\"multipart\/form-data\" action=\"\/wordpress\/es\/wp-json\/wp\/v2\/pages\/14940\" data-token=\"bd4e251979584b57b7df9f726b61b5d6\" data-token-time=\"1777795097\"><noscript class=\"wpforms-error-noscript\">Please enable JavaScript in your browser to complete this form.<\/noscript><div id=\"wpforms-error-noscript\" style=\"display: none;\">Please enable JavaScript in your browser to complete this form.<\/div><div class=\"wpforms-field-container\"><div id=\"wpforms-14943-field_1-container\" class=\"wpforms-field wpforms-field-name\" data-field-id=\"1\"><fieldset><legend class=\"wpforms-field-label\">Name <span class=\"wpforms-required-label\" aria-hidden=\"true\">*<\/span><\/legend><div class=\"wpforms-field-row wpforms-field-medium\"><div class=\"wpforms-field-row-block wpforms-first wpforms-one-half\"><input type=\"text\" id=\"wpforms-14943-field_1\" class=\"wpforms-field-name-first wpforms-field-required\" name=\"wpforms[fields][1][first]\" aria-errormessage=\"wpforms-14943-field_1-error\" required><label for=\"wpforms-14943-field_1\" class=\"wpforms-field-sublabel after\">First<\/label><\/div><div class=\"wpforms-field-row-block wpforms-one-half\"><input type=\"text\" id=\"wpforms-14943-field_1-last\" class=\"wpforms-field-name-last wpforms-field-required\" name=\"wpforms[fields][1][last]\" aria-errormessage=\"wpforms-14943-field_1-last-error\" required><label for=\"wpforms-14943-field_1-last\" class=\"wpforms-field-sublabel after\">Last<\/label><\/div><\/div><\/fieldset><\/div><div id=\"wpforms-14943-field_2-container\" class=\"wpforms-field wpforms-field-email\" data-field-id=\"2\"><label class=\"wpforms-field-label\" for=\"wpforms-14943-field_2\">Email <span class=\"wpforms-required-label\" aria-hidden=\"true\">*<\/span><\/label><input type=\"email\" id=\"wpforms-14943-field_2\" class=\"wpforms-field-medium wpforms-field-required\" name=\"wpforms[fields][2]\" spellcheck=\"false\" aria-errormessage=\"wpforms-14943-field_2-error\" required><\/div><div id=\"wpforms-14943-field_11-container\" class=\"wpforms-field wpforms-field-checkbox\" data-field-id=\"11\"><fieldset><legend class=\"wpforms-field-label\">Auswahl des Supports<\/legend><ul id=\"wpforms-14943-field_11\"><li class=\"choice-1 depth-1\"><input type=\"checkbox\" id=\"wpforms-14943-field_11_1\" name=\"wpforms[fields][11][]\" value=\"Aufbauhelfer_in\" aria-errormessage=\"wpforms-14943-field_11_1-error\"  ><label class=\"wpforms-field-label-inline\" for=\"wpforms-14943-field_11_1\">Aufbauhelfer_in<\/label><\/li><li class=\"choice-2 depth-1\"><input type=\"checkbox\" id=\"wpforms-14943-field_11_2\" name=\"wpforms[fields][11][]\" value=\"OBOAhelfer_in\" aria-errormessage=\"wpforms-14943-field_11_2-error\"  ><label class=\"wpforms-field-label-inline\" for=\"wpforms-14943-field_11_2\">OBOAhelfer_in<\/label><\/li><li class=\"choice-3 depth-1\"><input type=\"checkbox\" id=\"wpforms-14943-field_11_3\" name=\"wpforms[fields][11][]\" value=\"Abbauhelfer_in\" aria-errormessage=\"wpforms-14943-field_11_3-error\"  ><label class=\"wpforms-field-label-inline\" for=\"wpforms-14943-field_11_3\">Abbauhelfer_in<\/label><\/li><\/ul><\/fieldset><\/div><div id=\"wpforms-14943-field_5-container\" class=\"wpforms-field wpforms-field-checkbox\" data-field-id=\"5\"><fieldset><legend class=\"wpforms-field-label\">aktiver Helfer_in am<\/legend><ul id=\"wpforms-14943-field_5\"><li class=\"choice-1 depth-1\"><input type=\"checkbox\" id=\"wpforms-14943-field_5_1\" name=\"wpforms[fields][5][]\" value=\"Sonntag, 3. August 2025\" aria-errormessage=\"wpforms-14943-field_5_1-error\"  ><label class=\"wpforms-field-label-inline\" for=\"wpforms-14943-field_5_1\">Sonntag, 3. August 2025<\/label><\/li><li class=\"choice-2 depth-1\"><input type=\"checkbox\" id=\"wpforms-14943-field_5_2\" name=\"wpforms[fields][5][]\" value=\"Montag, 4. August 2025\" aria-errormessage=\"wpforms-14943-field_5_2-error\"  ><label class=\"wpforms-field-label-inline\" for=\"wpforms-14943-field_5_2\">Montag, 4. August 2025<\/label><\/li><li class=\"choice-3 depth-1\"><input type=\"checkbox\" id=\"wpforms-14943-field_5_3\" name=\"wpforms[fields][5][]\" value=\"Dienstag, 5. August 2025\" aria-errormessage=\"wpforms-14943-field_5_3-error\"  ><label class=\"wpforms-field-label-inline\" for=\"wpforms-14943-field_5_3\">Dienstag, 5. August 2025<\/label><\/li><li class=\"choice-7 depth-1\"><input type=\"checkbox\" id=\"wpforms-14943-field_5_7\" name=\"wpforms[fields][5][]\" value=\"Mittwoch, 6. August 2025\" aria-errormessage=\"wpforms-14943-field_5_7-error\"  ><label class=\"wpforms-field-label-inline\" for=\"wpforms-14943-field_5_7\">Mittwoch, 6. August 2025<\/label><\/li><li class=\"choice-6 depth-1\"><input type=\"checkbox\" id=\"wpforms-14943-field_5_6\" name=\"wpforms[fields][5][]\" value=\"Donnerstag, 7. August 2025\" aria-errormessage=\"wpforms-14943-field_5_6-error\"  ><label class=\"wpforms-field-label-inline\" for=\"wpforms-14943-field_5_6\">Donnerstag, 7. August 2025<\/label><\/li><li class=\"choice-5 depth-1\"><input type=\"checkbox\" id=\"wpforms-14943-field_5_5\" name=\"wpforms[fields][5][]\" value=\"Freitag, 8. August 2025\" aria-errormessage=\"wpforms-14943-field_5_5-error\"  ><label class=\"wpforms-field-label-inline\" for=\"wpforms-14943-field_5_5\">Freitag, 8. August 2025<\/label><\/li><li class=\"choice-4 depth-1\"><input type=\"checkbox\" id=\"wpforms-14943-field_5_4\" name=\"wpforms[fields][5][]\" value=\"Samstag, 9. August 2025\" aria-errormessage=\"wpforms-14943-field_5_4-error\"  ><label class=\"wpforms-field-label-inline\" for=\"wpforms-14943-field_5_4\">Samstag, 9. August 2025<\/label><\/li><li class=\"choice-8 depth-1\"><input type=\"checkbox\" id=\"wpforms-14943-field_5_8\" name=\"wpforms[fields][5][]\" value=\"Sonntag, 10. August 2025\" aria-errormessage=\"wpforms-14943-field_5_8-error\"  ><label class=\"wpforms-field-label-inline\" for=\"wpforms-14943-field_5_8\">Sonntag, 10. August 2025<\/label><\/li><li class=\"choice-9 depth-1\"><input type=\"checkbox\" id=\"wpforms-14943-field_5_9\" name=\"wpforms[fields][5][]\" value=\"Montag, 11. August 2025\" aria-errormessage=\"wpforms-14943-field_5_9-error\"  ><label class=\"wpforms-field-label-inline\" for=\"wpforms-14943-field_5_9\">Montag, 11. August 2025<\/label><\/li><\/ul><\/fieldset><\/div><div id=\"wpforms-14943-field_8-container\" class=\"wpforms-field wpforms-field-radio\" data-field-id=\"8\"><fieldset><legend class=\"wpforms-field-label\">Anreise:<\/legend><ul id=\"wpforms-14943-field_8\"><li class=\"choice-1 depth-1\"><input type=\"radio\" id=\"wpforms-14943-field_8_1\" name=\"wpforms[fields][8]\" value=\"Mit dem Auto\" aria-errormessage=\"wpforms-14943-field_8_1-error\"  ><label class=\"wpforms-field-label-inline\" for=\"wpforms-14943-field_8_1\">Mit dem Auto<\/label><\/li><li class=\"choice-2 depth-1\"><input type=\"radio\" id=\"wpforms-14943-field_8_2\" name=\"wpforms[fields][8]\" value=\"Mit dem Fahrrad\" aria-errormessage=\"wpforms-14943-field_8_2-error\"  ><label class=\"wpforms-field-label-inline\" for=\"wpforms-14943-field_8_2\">Mit dem Fahrrad<\/label><\/li><li class=\"choice-3 depth-1\"><input type=\"radio\" id=\"wpforms-14943-field_8_3\" name=\"wpforms[fields][8]\" value=\"Mit den OV\" aria-errormessage=\"wpforms-14943-field_8_3-error\"  ><label class=\"wpforms-field-label-inline\" for=\"wpforms-14943-field_8_3\">Mit den OV<\/label><\/li><\/ul><\/fieldset><\/div><div id=\"wpforms-14943-field_9-container\" class=\"wpforms-field wpforms-field-select wpforms-field-select-style-classic\" data-field-id=\"9\"><label class=\"wpforms-field-label\" for=\"wpforms-14943-field_9\">Meine Zeltgr\u00f6sse<\/label><select id=\"wpforms-14943-field_9\" class=\"wpforms-field-medium\" name=\"wpforms[fields][9]\"><option value=\"1-2 Personen\"  class=\"choice-1 depth-1\"  >1-2 Personen<\/option><option value=\"3-6 Personen\"  class=\"choice-2 depth-1\"  >3-6 Personen<\/option><option value=\"Hauszelt\"  class=\"choice-3 depth-1\"  >Hauszelt<\/option><\/select><\/div>\t\t<div id=\"wpforms-14943-field_3-container\"\n\t\t\tclass=\"wpforms-field wpforms-field-text\"\n\t\t\tdata-field-type=\"text\"\n\t\t\tdata-field-id=\"3\"\n\t\t\t>\n\t\t\t<label class=\"wpforms-field-label\" for=\"wpforms-14943-field_3\" >Supports des Helfer_in<\/label>\n\t\t\t<input type=\"text\" id=\"wpforms-14943-field_3\" class=\"wpforms-field-medium\" name=\"wpforms[fields][3]\" >\n\t\t<\/div>\n\t\t<div id=\"wpforms-14943-field_10-container\" class=\"wpforms-field wpforms-field-textarea\" data-field-id=\"10\"><label class=\"wpforms-field-label\" for=\"wpforms-14943-field_10\">Was ihr noch wissen solltet<\/label><textarea id=\"wpforms-14943-field_10\" class=\"wpforms-field-medium\" name=\"wpforms[fields][10]\" aria-errormessage=\"wpforms-14943-field_10-error\" ><\/textarea><\/div><script>\n\t\t\t\t( function() {\n\t\t\t\t\tconst style = document.createElement( 'style' );\n\t\t\t\t\tstyle.appendChild( document.createTextNode( '#wpforms-14943-field_3-container { position: absolute !important; overflow: hidden !important; display: inline !important; height: 1px !important; width: 1px !important; z-index: -1000 !important; padding: 0 !important; } #wpforms-14943-field_3-container input { visibility: hidden; } #wpforms-conversational-form-page #wpforms-14943-field_3-container label { counter-increment: none; }' ) );\n\t\t\t\t\tdocument.head.appendChild( style );\n\t\t\t\t\tdocument.currentScript?.remove();\n\t\t\t\t} )();\n\t\t\t<\/script><\/div><!-- .wpforms-field-container --><div class=\"wpforms-submit-container\" ><input type=\"hidden\" name=\"wpforms[id]\" value=\"14943\"><input type=\"hidden\" name=\"page_title\" value=\"\"><input type=\"hidden\" name=\"page_url\" value=\"https:\/\/www.oboa.de\/wordpress\/es\/wp-json\/wp\/v2\/pages\/14940\"><input type=\"hidden\" name=\"url_referer\" value=\"\"><button type=\"submit\" name=\"wpforms[submit]\" id=\"wpforms-submit-14943\" class=\"wpforms-submit\" data-alt-text=\"Sending...\" data-submit-text=\"Let\u00b4s support\" aria-live=\"assertive\" value=\"wpforms-submit\">Let\u00b4s support<\/button><img loading=\"lazy\" decoding=\"async\" src=\"https:\/\/www.oboa.de\/wordpress\/wp-content\/plugins\/wpforms-lite\/assets\/images\/submit-spin.svg\" class=\"wpforms-submit-spinner\" style=\"display: none;\" width=\"26\" height=\"26\" alt=\"Loading\"><\/div><\/form><\/div>  <!-- .wpforms-container --><\/p>\n","protected":false},"excerpt":{"rendered":"<p>Los ayudantes son bienvenidos! Experimentar la OBOA como invitado ya es una experiencia especial. Pero formar parte de un OBOA como ayudante es a\u00fan m\u00e1s [&#8230;]<\/p>\n","protected":false},"author":13,"featured_media":0,"parent":0,"menu_order":0,"comment_status":"closed","ping_status":"closed","template":"","meta":{"footnotes":""},"translation":{"provider":"WPGlobus","version":"3.0.2","language":"es","enabled_languages":["de","pl","gb","es"],"languages":{"de":{"title":true,"content":true,"excerpt":false},"pl":{"title":false,"content":false,"excerpt":false},"gb":{"title":false,"content":true,"excerpt":false},"es":{"title":false,"content":true,"excerpt":false}}},"jetpack_sharing_enabled":true,"_links":{"self":[{"href":"https:\/\/www.oboa.de\/wordpress\/es\/wp-json\/wp\/v2\/pages\/14940"}],"collection":[{"href":"https:\/\/www.oboa.de\/wordpress\/es\/wp-json\/wp\/v2\/pages"}],"about":[{"href":"https:\/\/www.oboa.de\/wordpress\/es\/wp-json\/wp\/v2\/types\/page"}],"author":[{"embeddable":true,"href":"https:\/\/www.oboa.de\/wordpress\/es\/wp-json\/wp\/v2\/users\/13"}],"replies":[{"embeddable":true,"href":"https:\/\/www.oboa.de\/wordpress\/es\/wp-json\/wp\/v2\/comments?post=14940"}],"version-history":[{"count":20,"href":"https:\/\/www.oboa.de\/wordpress\/es\/wp-json\/wp\/v2\/pages\/14940\/revisions"}],"predecessor-version":[{"id":15151,"href":"https:\/\/www.oboa.de\/wordpress\/es\/wp-json\/wp\/v2\/pages\/14940\/revisions\/15151"}],"wp:attachment":[{"href":"https:\/\/www.oboa.de\/wordpress\/es\/wp-json\/wp\/v2\/media?parent=14940"}],"curies":[{"name":"wp","href":"https:\/\/api.w.org\/{rel}","templated":true}]}}