{"id":1606,"date":"2013-07-14T00:46:49","date_gmt":"2013-07-13T22:46:49","guid":{"rendered":"http:\/\/www.oboa.de\/wordpress\/?page_id=1606"},"modified":"2018-07-12T20:29:51","modified_gmt":"2018-07-12T18:29:51","slug":"windspiel","status":"publish","type":"page","link":"https:\/\/www.oboa.de\/wordpress\/es\/archiv\/oboa\/lineup\/windspiel\/","title":{"rendered":"Windspiel 2013"},"content":{"rendered":"<p><a href=\"https:\/\/i0.wp.com\/www.oboa.de\/wordpress\/wp-content\/uploads\/2013\/07\/buhne.jpg\"><img loading=\"lazy\" decoding=\"async\" data-attachment-id=\"1607\" data-permalink=\"https:\/\/www.oboa.de\/wordpress\/es\/archiv\/oboa\/lineup\/windspiel\/buhne\/\" data-orig-file=\"https:\/\/i0.wp.com\/www.oboa.de\/wordpress\/wp-content\/uploads\/2013\/07\/buhne.jpg?fit=419%2C259&amp;ssl=1\" data-orig-size=\"419,259\" data-comments-opened=\"1\" data-image-meta=\"{&quot;aperture&quot;:&quot;0&quot;,&quot;credit&quot;:&quot;&quot;,&quot;camera&quot;:&quot;&quot;,&quot;caption&quot;:&quot;&quot;,&quot;created_timestamp&quot;:&quot;0&quot;,&quot;copyright&quot;:&quot;&quot;,&quot;focal_length&quot;:&quot;0&quot;,&quot;iso&quot;:&quot;0&quot;,&quot;shutter_speed&quot;:&quot;0&quot;,&quot;title&quot;:&quot;&quot;}\" data-image-title=\"buhne\" data-image-description=\"\" data-image-caption=\"\" data-medium-file=\"https:\/\/i0.wp.com\/www.oboa.de\/wordpress\/wp-content\/uploads\/2013\/07\/buhne.jpg?fit=300%2C185&amp;ssl=1\" data-large-file=\"https:\/\/i0.wp.com\/www.oboa.de\/wordpress\/wp-content\/uploads\/2013\/07\/buhne.jpg?fit=419%2C259&amp;ssl=1\" tabindex=\"0\" role=\"button\" class=\"size-medium wp-image-1607 aligncenter\" src=\"https:\/\/i0.wp.com\/www.oboa.de\/wordpress\/wp-content\/uploads\/2013\/07\/buhne-300x185.jpg?resize=300%2C185\" alt=\"buhne\" width=\"300\" height=\"185\" srcset=\"https:\/\/i0.wp.com\/www.oboa.de\/wordpress\/wp-content\/uploads\/2013\/07\/buhne.jpg?resize=300%2C185&amp;ssl=1 300w, https:\/\/i0.wp.com\/www.oboa.de\/wordpress\/wp-content\/uploads\/2013\/07\/buhne.jpg?w=419&amp;ssl=1 419w\" sizes=\"(max-width: 300px) 100vw, 300px\" data-recalc-dims=\"1\" \/><\/a><\/p>\n<h6>Vor langer Zeit, als die Kanonen noch Kugeln schossen und Hexenmeister, Wasserm\u00e4nner und Kobolde noch nicht in Vergessenheit geraten waren, gab es einen Kaiser, der seine Minister nach dem letzten der Einigungskriege mit der Aufgabe betraute, ein pr\u00e4chtiges Fort errichten, das allen Witterungen Stand halten konnte.<\/h6>\n<h6>Man munkelt, dass heute noch immer die Ruinen stehen m\u00f6gen &#8211; und wer diese findet, soll ein pr\u00e4chtiges Fest vorfinden, auf dem es neben Speis und Trank, begabten Barden und allerlei Lustbarkeit auch ein besonderes Mysterium zu ergr\u00fcnden gilt. Denn als die Zeit rann&#8217; und die Menschen vom alten Glauben abfielen, schworen sich die alten Naturg\u00f6tter es dem Menschen mit einer wohlwollenden List heimzuzahlen. Gefangen sollte er werden und sich der alten Geschichten und M\u00e4rchen annehmen, sowie den phantasievollen Kl\u00e4ngen der folkloristischen und klassischen Musik hingeben. Die List, die diese G\u00f6tter nun nutzen ist von guter Natur, da in diesem Ort alles von solcher Sch\u00f6nheit und Ruhe sein wird, dass die Menschen, welche diesen geheimnisvollen Winkel zu ergr\u00fcnden suchen, sich nicht mehr erheben wollen. Eine schier unendliche Ruhe geht von diesem Fleckchen aus und w\u00e4hrend der Wind leise mit den Bl\u00e4ttern der B\u00e4ume spielt, beginnen die Gedanken zu kreisen und ein jeder mag sich nun alsbald im Land der Tr\u00e4ume wiederfinden.<\/h6>\n<h6>Macht euch nun auf ihr tapf&#8217;ren Recken und edlen Fr\u00e4ulein und findet den geheimnisvollen Winkel im Fort Gorgast! Drum still und lauscht, ob der Wind nicht zarte Kl\u00e4nge mit sich tr\u00e4gt und euch zum Ort der Windspiele geleiten vermag.<\/h6>\n","protected":false},"excerpt":{"rendered":"<p>Vor langer Zeit, als die Kanonen noch Kugeln schossen und Hexenmeister, Wasserm\u00e4nner und Kobolde noch nicht in Vergessenheit geraten waren, gab es einen Kaiser, der [&#8230;]<\/p>\n","protected":false},"author":4,"featured_media":0,"parent":1100,"menu_order":6,"comment_status":"open","ping_status":"open","template":"","meta":{"footnotes":""},"translation":{"provider":"WPGlobus","version":"3.0.0","language":"es","enabled_languages":["de","pl","gb","es"],"languages":{"de":{"title":true,"content":true,"excerpt":false},"pl":{"title":true,"content":true,"excerpt":false},"gb":{"title":false,"content":false,"excerpt":false},"es":{"title":false,"content":false,"excerpt":false}}},"jetpack_sharing_enabled":true,"_links":{"self":[{"href":"https:\/\/www.oboa.de\/wordpress\/es\/wp-json\/wp\/v2\/pages\/1606"}],"collection":[{"href":"https:\/\/www.oboa.de\/wordpress\/es\/wp-json\/wp\/v2\/pages"}],"about":[{"href":"https:\/\/www.oboa.de\/wordpress\/es\/wp-json\/wp\/v2\/types\/page"}],"author":[{"embeddable":true,"href":"https:\/\/www.oboa.de\/wordpress\/es\/wp-json\/wp\/v2\/users\/4"}],"replies":[{"embeddable":true,"href":"https:\/\/www.oboa.de\/wordpress\/es\/wp-json\/wp\/v2\/comments?post=1606"}],"version-history":[{"count":10,"href":"https:\/\/www.oboa.de\/wordpress\/es\/wp-json\/wp\/v2\/pages\/1606\/revisions"}],"predecessor-version":[{"id":10658,"href":"https:\/\/www.oboa.de\/wordpress\/es\/wp-json\/wp\/v2\/pages\/1606\/revisions\/10658"}],"up":[{"embeddable":true,"href":"https:\/\/www.oboa.de\/wordpress\/es\/wp-json\/wp\/v2\/pages\/1100"}],"wp:attachment":[{"href":"https:\/\/www.oboa.de\/wordpress\/es\/wp-json\/wp\/v2\/media?parent=1606"}],"curies":[{"name":"wp","href":"https:\/\/api.w.org\/{rel}","templated":true}]}}