{"id":1722,"date":"2014-02-12T22:44:56","date_gmt":"2014-02-12T20:44:56","guid":{"rendered":"http:\/\/www.oboa.de\/wordpress\/?page_id=1722"},"modified":"2024-08-16T20:51:33","modified_gmt":"2024-08-16T18:51:33","slug":"a-z","status":"publish","type":"page","link":"https:\/\/www.oboa.de\/wordpress\/es\/faq\/a-z\/","title":{"rendered":"Festival A-Z"},"content":{"rendered":"<p><strong>Agua potable<\/strong><br \/>\nHabr\u00e1 una fuente de agua potable entre el camping y la entrada al fuerte.<\/p>\n<p><strong>Llegue a<\/strong><br \/>\nYa sea por tierra, por mar, por aire, a pie o en tranv\u00eda, en una m\u00e1quina de movimiento perpetuo o haciendo autostop por la galaxia, lo principal es que est\u00e1s aqu\u00ed. T\u00f3mate tu tiempo, llega primero y encuentra tiempo para respirar. Participa en el viaje de OBOA y consulta el punto del men\u00fa &#8220;Llegada&#8221; para obtener m\u00e1s detalles.<\/p>\n<p><strong>Conciencia<\/strong><br \/>\nSiempre deben respetarse los l\u00edmites individuales de los dem\u00e1s.<br \/>\nNo se tolerar\u00e1n la discriminaci\u00f3n ni las agresiones.<br \/>\nSi algo no te parece bien, encontrar\u00e1s protecci\u00f3n y apoyo en todos los bares o directamente en la entrada al backstage.<br \/>\nNO SIGNIFICA NO y S\u00cd SIGNIFICA S\u00cd.<\/p>\n<p><strong>\u00a1Cuidado!<\/strong><br \/>\nEst\u00e1 prohibido ba\u00f1arse, pescar, nadar y cualquier otra actividad en el estanque\/zanja. Esto es m\u00e1s que peligroso, as\u00ed que, por favor, \u00a1mant\u00e9ngase en ello!<\/p>\n<p><strong>Comportamiento<\/strong><br \/>\nS\u00e9 libre y dale a todos la oportunidad de serlo tambi\u00e9n.<\/p>\n<p><strong>Camping<\/strong><br \/>\nGratis a partir del viernes a las 12 de la ma\u00f1ana. \u00a1El \u00e1rea sigue cerrado el jueves!<\/p>\n<p><strong>C\u00f3digo de vestimenta<\/strong><br \/>\nEste a\u00f1o habr\u00e1 un puesto de serigraf\u00eda en la tienda de oropel donde podr\u00e1s estampar tu ropa. Un peque\u00f1o consejo: la OBOA cumple 25 a\u00f1os. Puede que tambi\u00e9n haya un estampado de aniversario.<\/p>\n<p><strong>Admisi\u00f3n<\/strong><br \/>\n&#8230;es gratuito, como siempre. Se puede llegar al camping a partir del viernes a las 12 de la ma\u00f1ana y al recinto del festival a partir de las 17 horas del viernes y de las 12 horas del s\u00e1bado.<\/p>\n<p><strong>Fuego<\/strong><br \/>\nLas hogueras est\u00e1n prohibidas en el camping. Los bomberos son los que deciden si se puede hacer una barbacoa, por lo que siempre hay que seguir sus instrucciones.<\/p>\n<p><strong>Bebidas<\/strong><br \/>\nNo es posible traer sus propias bebidas al recinto del festival. \u00a1Pero tenemos tanto que hasta tenemos que vender las cosas! Pero, en serio, cubrimos los gastos de la OBOA principalmente con la venta de bebidas, as\u00ed que te pedimos tu comprensi\u00f3n.<\/p>\n<p><strong>Ayudantes<\/strong><br \/>\n\u00a1\u00a1\u00a1Siempre estamos buscando!!! Cada uno de ellos cuenta. Si te imaginas ayudando en el OBOA, av\u00edsanos. La comida ser\u00e1 gratuita, por supuesto.<br \/>\nContacte con nosotros en: helfer@oboa.de<\/p>\n<p><strong>Perros<\/strong><br \/>\n&#8230; \u00a1por supuesto, col\u00f3calos con buenos amigos! En primer lugar, a sus delicados nervios no les gustan en absoluto los eventos ruidosos; en segundo lugar, necesitan oportunidades para correr, lo que no podemos ofrecer, y en tercer lugar, las restricciones de correa y bozal impuestas por las autoridades hacen casi imposible que puedan cantar.<\/p>\n<p><strong>Informaci\u00f3n<\/strong><br \/>\n&#8230;se pueden encontrar en estas p\u00e1ginas, en el facebook, en Instagram y por supuesto en el sitio. Las contribuciones y sugerencias para el debate son, como siempre, muy bienvenidas.<\/p>\n<p><strong>Jukeboxes<\/strong><br \/>\n&#8230;y otros sistemas de sonido son indeseables en el camping. Tambi\u00e9n hay gente que quiere dormir all\u00ed.<\/p>\n<p><strong>Ning\u00fan deseo de Frei.Wild<\/strong><br \/>\n\u00a1\u00a1Frei.Wild no es nadie con nosotros!! Seg\u00fan el <a href=\"http:\/\/freiwilddossier.blogsport.de\" target=\"_blank\" rel=\"noopener\">expediente<\/a> de Antifa Meran del Tirol del Sur, dicha banda &#8220;difunde posiciones nacionalistas en sus letras, que est\u00e1n presentes tanto abierta como sutilmente. Su aparici\u00f3n se caracteriza por la construcci\u00f3n nacional del enemigo, la intolerancia y la glorificaci\u00f3n de la violencia masculina. Debido a la amplia repercusi\u00f3n de la banda, esto alberga peligros potenciales que no deben subestimarse&#8221;. Estamos exactamente de acuerdo con este juicio y por esta raz\u00f3n la presentaci\u00f3n de las ideas de la banda -entre otras cosas llevando sus camisetas, etc.- es indeseable en el recinto del festival. &#8211; en el recinto del festival es indeseable y no ser\u00e1 tolerado por nuestra seguridad.<\/p>\n<p><strong>Ejecutar<\/strong><br \/>\n&#8230;no tienes que caminar mucho. Dependiendo de d\u00f3nde acampe, hasta 400 metros.<br \/>\nLa zona tambi\u00e9n es accesible para los usuarios de sillas de ruedas. Recomendamos acampar cerca del antiguo parque de bomberos, ya que el camino es mejor desde all\u00ed. En caso de duda, p\u00f3ngase en contacto con nosotros.<\/p>\n<p><strong>Basura<\/strong><br \/>\nLos que acampen con nosotros recibir\u00e1n una bolsa de basura a la entrada. Los que devuelvan la bolsa llena el domingo podr\u00e1n llevarse p\u00f3sters o pegatinas de OBOA como recuerdo.<\/p>\n<p><strong>Nazis<\/strong><br \/>\n\u00bfPor qu\u00e9 est\u00e1 en nuestro sitio web? \u00bfPor qu\u00e9 quiere venir a nosotros? Pi\u00e9nsalo, tira toda esa basura ideol\u00f3gica despectiva al pantano y convi\u00e9rtete en gente que respeta a los dem\u00e1s. Si no: no vengas aqu\u00ed, entonces nadie tendr\u00e1 que echarte.<\/p>\n<p><strong>OBOA<\/strong><br \/>\n&#8230;todo lo dem\u00e1s es un festival.<\/p>\n<p><strong>Aparcamiento<\/strong><br \/>\nNuestro amable equipo de aparcamiento le mostrar\u00e1 el camino y le explicar\u00e1 a qu\u00e9 tiene que prestar atenci\u00f3n. Se pagan 20 euros por un coche y 10 euros por una moto. Pero como he dicho, s\u00f3lo hay que venir en tren o en coche compartido.<\/p>\n<p><strong>Campo a trav\u00e9s<\/strong><br \/>\n&#8230;no es una buena idea. Por favor, utilice los caminos designados y aseg\u00farese de respetar las barreras.<\/p>\n<p><strong>Publicidad<\/strong><br \/>\nPor favor, ay\u00fadanos a distribuir folletos y a colocar carteles. Estaremos encantados de enviarle material, por favor, env\u00ede un correo electr\u00f3nico a: info@oboa.de. Por favor, d\u00edganos cu\u00e1nto puede distribuir y d\u00f3nde, para que no nos dupliquemos. No olvides tu direcci\u00f3n postal.<br \/>\nSi no, puede recoger folletos y carteles en Berl\u00edn. S\u00f3lo tienes que pedir su direcci\u00f3n por correo electr\u00f3nico.<\/p>\n<p><strong>Param\u00e9dicos<\/strong><br \/>\nComo siempre, los encontrar\u00e1 frente a la entrada de la isla.<\/p>\n<p><strong>Residuos voluminosos<\/strong><br \/>\nSi traes sof\u00e1s u otros muebles de sal\u00f3n, por favor, aseg\u00farate de que las cosas vuelvan a desaparecer. Tenemos que pagar mucho dinero por la eliminaci\u00f3n.<\/p>\n<p><strong>Aseos<\/strong><br \/>\nEn el recinto del festival y en el camping se han instalado aseos Dixi.<\/p>\n<p><strong>Ulf<\/strong><br \/>\nRecuerda que, mientras no bebas demasiado r\u00e1pido y sin pensar, no tienes que pedir ayuda a los dem\u00e1s.<\/p>\n<p><strong>Vegano\/Vegetariano<\/strong><br \/>\nComo siempre, nuestros puestos de comida en el recinto le ofrecer\u00e1n una innovadora comida vegana y vegetariana. Buen provecho. \u00bfPor qu\u00e9, por qu\u00e9, por qu\u00e9?<br \/>\nLea m\u00e1s: \u00a1<a href=\"https:\/\/www.oboa.de\/wordpress\/wp-content\/uploads\/2013\/04\/OBOA-Vegetarisch.pdf\" target=\"_blank\" rel=\"noopener\">AQU\u00cd<\/a>!<\/p>\n<p><strong>Wigwam vs. autocaravana<\/strong><br \/>\nAmbas cosas nos sirven. Las tiendas de campa\u00f1a son mejores, por supuesto, debido al entorno y al espacio limitado de acampada.<\/p>\n<p><strong>Xenofilia<\/strong><br \/>\nCapitalizado en el OBOA.<br \/>\n*Para los que quieran saber m\u00e1s: El t\u00e9rmino se refiere a una preferencia personal o colectiva por cosas o personas extranjeras y desconocidas. La palabra se contrapone a la xenofobia (xenophobia). Coloquialmente, tambi\u00e9n se encuentra el t\u00e9rmino: hospitalidad.<\/p>\n<p><strong>Ying&amp;Yang<\/strong><br \/>\nBueno, ya sabes&#8230; Lo del equilibrio interior. S\u00f3lo rel\u00e1jate.<\/p>\n<p><strong>Mostradores de la valla<\/strong><br \/>\n&#8230;no existen aqu\u00ed.<br \/>\nDado que la entrada es gratuita, no es necesario que pueda permitirse una entrada.<br \/>\n\u00bfTiene alguna pregunta? Entonces, preg\u00fanteles en nuestro foro o env\u00ede un correo electr\u00f3nico a: info@oboa.de<\/p>\n","protected":false},"excerpt":{"rendered":"<p>Agua potable Habr\u00e1 una fuente de agua potable entre el camping y la entrada al fuerte. Llegue a Ya sea por tierra, por mar, por [&#8230;]<\/p>\n","protected":false},"author":4,"featured_media":0,"parent":3452,"menu_order":40,"comment_status":"open","ping_status":"open","template":"","meta":{"footnotes":""},"translation":{"provider":"WPGlobus","version":"3.0.0","language":"es","enabled_languages":["de","pl","gb","es"],"languages":{"de":{"title":true,"content":true,"excerpt":false},"pl":{"title":true,"content":true,"excerpt":false},"gb":{"title":true,"content":true,"excerpt":false},"es":{"title":true,"content":true,"excerpt":false}}},"jetpack_sharing_enabled":true,"_links":{"self":[{"href":"https:\/\/www.oboa.de\/wordpress\/es\/wp-json\/wp\/v2\/pages\/1722"}],"collection":[{"href":"https:\/\/www.oboa.de\/wordpress\/es\/wp-json\/wp\/v2\/pages"}],"about":[{"href":"https:\/\/www.oboa.de\/wordpress\/es\/wp-json\/wp\/v2\/types\/page"}],"author":[{"embeddable":true,"href":"https:\/\/www.oboa.de\/wordpress\/es\/wp-json\/wp\/v2\/users\/4"}],"replies":[{"embeddable":true,"href":"https:\/\/www.oboa.de\/wordpress\/es\/wp-json\/wp\/v2\/comments?post=1722"}],"version-history":[{"count":63,"href":"https:\/\/www.oboa.de\/wordpress\/es\/wp-json\/wp\/v2\/pages\/1722\/revisions"}],"predecessor-version":[{"id":14935,"href":"https:\/\/www.oboa.de\/wordpress\/es\/wp-json\/wp\/v2\/pages\/1722\/revisions\/14935"}],"up":[{"embeddable":true,"href":"https:\/\/www.oboa.de\/wordpress\/es\/wp-json\/wp\/v2\/pages\/3452"}],"wp:attachment":[{"href":"https:\/\/www.oboa.de\/wordpress\/es\/wp-json\/wp\/v2\/media?parent=1722"}],"curies":[{"name":"wp","href":"https:\/\/api.w.org\/{rel}","templated":true}]}}