{"id":1729,"date":"2014-02-12T22:51:19","date_gmt":"2014-02-12T20:51:19","guid":{"rendered":"http:\/\/www.oboa.de\/wordpress\/?page_id=1729"},"modified":"2024-07-13T16:13:09","modified_gmt":"2024-07-13T14:13:09","slug":"anreise","status":"publish","type":"page","link":"https:\/\/www.oboa.de\/wordpress\/es\/faq\/anreise\/","title":{"rendered":"Llegada"},"content":{"rendered":"<p>El <a href=\"http:\/\/fort-gorgast.de\/\" target=\"_blank\" rel=\"noopener\">Fuerte Gorgast<\/a> se encuentra en el Oderbruch, entre los pueblos de Manschnow y Gorgast, en la carretera federal B1 (<a href=\"https:\/\/openstreetmap.de\/karte\/\" target=\"_blank\" rel=\"noopener\">mapa<\/a>).<\/p>\n<p>En coche: Desde la direcci\u00f3n de Berl\u00edn, por la B1, siga siempre recto en direcci\u00f3n a K\u00fcstrin\/Kietz; en el sem\u00e1foro de Manschnow, gire a la izquierda; despu\u00e9s de 250 metros, vuelva a girar a la izquierda y habr\u00e1 llegado.<\/p>\n<p>La entrada al festival es gratuita. Por el uso de nuestro aparcamiento tendr\u00e1 que pagar una tasa \u00fanica de 20,- euros por coche y 10,- euros por moto. Por lo tanto, merece la pena (tambi\u00e9n por razones ecol\u00f3gicas) venir en tren o formar grupos de auto compartido.<\/p>\n<p>En Oderland-Bahn: Desde Berl\u00edn\/Lichtenberg, tome el tren en direcci\u00f3n a Kostrzyn, b\u00e1jese en Gorgast, gire a la izquierda en la calle principal y camine durante 5 minutos. En el lado derecho de la carretera encontrar\u00e1 el camino directo al fuerte. El trayecto dura unos 70 minutos (<a href=\"https:\/\/www.neb.de\/linien\/rb26-berlin-kuestrin-kietz-kostrzyn\/\" target=\"_blank\" rel=\"noopener\">horario<\/a>).<\/p>\n<p><a href=\"https:\/\/i0.wp.com\/www.oboa.de\/wordpress\/wp-content\/uploads\/2023\/07\/OBOA-Karte-Anreise.png?ssl=1\"><img loading=\"lazy\" decoding=\"async\" data-attachment-id=\"13451\" data-permalink=\"https:\/\/www.oboa.de\/wordpress\/es\/oboa-karte-anreise\/\" data-orig-file=\"https:\/\/i0.wp.com\/www.oboa.de\/wordpress\/wp-content\/uploads\/2023\/07\/OBOA-Karte-Anreise.png?fit=2496%2C1278&amp;ssl=1\" data-orig-size=\"2496,1278\" data-comments-opened=\"1\" data-image-meta=\"{&quot;aperture&quot;:&quot;0&quot;,&quot;credit&quot;:&quot;&quot;,&quot;camera&quot;:&quot;&quot;,&quot;caption&quot;:&quot;&quot;,&quot;created_timestamp&quot;:&quot;0&quot;,&quot;copyright&quot;:&quot;&quot;,&quot;focal_length&quot;:&quot;0&quot;,&quot;iso&quot;:&quot;0&quot;,&quot;shutter_speed&quot;:&quot;0&quot;,&quot;title&quot;:&quot;&quot;,&quot;orientation&quot;:&quot;0&quot;}\" data-image-title=\"OBOA Karte Anreise\" data-image-description=\"\" data-image-caption=\"\" data-medium-file=\"https:\/\/i0.wp.com\/www.oboa.de\/wordpress\/wp-content\/uploads\/2023\/07\/OBOA-Karte-Anreise.png?fit=300%2C154&amp;ssl=1\" data-large-file=\"https:\/\/i0.wp.com\/www.oboa.de\/wordpress\/wp-content\/uploads\/2023\/07\/OBOA-Karte-Anreise.png?fit=800%2C409&amp;ssl=1\" tabindex=\"0\" role=\"button\" class=\"size-full wp-image-13451 aligncenter\" src=\"https:\/\/i0.wp.com\/www.oboa.de\/wordpress\/wp-content\/uploads\/2023\/07\/OBOA-Karte-Anreise.png?resize=800%2C410&#038;ssl=1\" alt=\"\" width=\"800\" height=\"410\" srcset=\"https:\/\/i0.wp.com\/www.oboa.de\/wordpress\/wp-content\/uploads\/2023\/07\/OBOA-Karte-Anreise.png?w=2496&amp;ssl=1 2496w, https:\/\/i0.wp.com\/www.oboa.de\/wordpress\/wp-content\/uploads\/2023\/07\/OBOA-Karte-Anreise.png?resize=300%2C154&amp;ssl=1 300w, https:\/\/i0.wp.com\/www.oboa.de\/wordpress\/wp-content\/uploads\/2023\/07\/OBOA-Karte-Anreise.png?resize=1024%2C524&amp;ssl=1 1024w, https:\/\/i0.wp.com\/www.oboa.de\/wordpress\/wp-content\/uploads\/2023\/07\/OBOA-Karte-Anreise.png?resize=768%2C393&amp;ssl=1 768w, https:\/\/i0.wp.com\/www.oboa.de\/wordpress\/wp-content\/uploads\/2023\/07\/OBOA-Karte-Anreise.png?resize=1536%2C786&amp;ssl=1 1536w, https:\/\/i0.wp.com\/www.oboa.de\/wordpress\/wp-content\/uploads\/2023\/07\/OBOA-Karte-Anreise.png?resize=2048%2C1049&amp;ssl=1 2048w, https:\/\/i0.wp.com\/www.oboa.de\/wordpress\/wp-content\/uploads\/2023\/07\/OBOA-Karte-Anreise.png?w=1600&amp;ssl=1 1600w, https:\/\/i0.wp.com\/www.oboa.de\/wordpress\/wp-content\/uploads\/2023\/07\/OBOA-Karte-Anreise.png?w=2400&amp;ssl=1 2400w\" sizes=\"(max-width: 800px) 100vw, 800px\" data-recalc-dims=\"1\" \/><\/a><\/p>\n","protected":false},"excerpt":{"rendered":"<p>El Fuerte Gorgast se encuentra en el Oderbruch, entre los pueblos de Manschnow y Gorgast, en la carretera federal B1 (mapa). En coche: Desde la [&#8230;]<\/p>\n","protected":false},"author":4,"featured_media":0,"parent":3452,"menu_order":30,"comment_status":"open","ping_status":"closed","template":"","meta":{"footnotes":""},"translation":{"provider":"WPGlobus","version":"3.0.0","language":"es","enabled_languages":["de","pl","gb","es"],"languages":{"de":{"title":true,"content":true,"excerpt":false},"pl":{"title":true,"content":true,"excerpt":false},"gb":{"title":true,"content":true,"excerpt":false},"es":{"title":true,"content":true,"excerpt":false}}},"jetpack_sharing_enabled":true,"_links":{"self":[{"href":"https:\/\/www.oboa.de\/wordpress\/es\/wp-json\/wp\/v2\/pages\/1729"}],"collection":[{"href":"https:\/\/www.oboa.de\/wordpress\/es\/wp-json\/wp\/v2\/pages"}],"about":[{"href":"https:\/\/www.oboa.de\/wordpress\/es\/wp-json\/wp\/v2\/types\/page"}],"author":[{"embeddable":true,"href":"https:\/\/www.oboa.de\/wordpress\/es\/wp-json\/wp\/v2\/users\/4"}],"replies":[{"embeddable":true,"href":"https:\/\/www.oboa.de\/wordpress\/es\/wp-json\/wp\/v2\/comments?post=1729"}],"version-history":[{"count":62,"href":"https:\/\/www.oboa.de\/wordpress\/es\/wp-json\/wp\/v2\/pages\/1729\/revisions"}],"predecessor-version":[{"id":14629,"href":"https:\/\/www.oboa.de\/wordpress\/es\/wp-json\/wp\/v2\/pages\/1729\/revisions\/14629"}],"up":[{"embeddable":true,"href":"https:\/\/www.oboa.de\/wordpress\/es\/wp-json\/wp\/v2\/pages\/3452"}],"wp:attachment":[{"href":"https:\/\/www.oboa.de\/wordpress\/es\/wp-json\/wp\/v2\/media?parent=1729"}],"curies":[{"name":"wp","href":"https:\/\/api.w.org\/{rel}","templated":true}]}}