{"id":3328,"date":"2018-05-09T19:31:41","date_gmt":"2018-05-09T17:31:41","guid":{"rendered":"http:\/\/www.oboa.de\/wordpress\/?page_id=3328"},"modified":"2020-02-19T19:43:10","modified_gmt":"2020-02-19T17:43:10","slug":"oboa-2018","status":"publish","type":"page","link":"https:\/\/www.oboa.de\/wordpress\/es\/archiv\/oboa-2018\/","title":{"rendered":"2018"},"content":{"rendered":"<p style=\"text-align: center;\"><a href=\"https:\/\/i0.wp.com\/www.oboa.de\/wordpress\/wp-content\/uploads\/2018\/05\/image1.jpg\"><img loading=\"lazy\" decoding=\"async\" data-attachment-id=\"5052\" data-permalink=\"https:\/\/www.oboa.de\/wordpress\/es\/archiv\/oboa-2018\/image1\/\" data-orig-file=\"https:\/\/i0.wp.com\/www.oboa.de\/wordpress\/wp-content\/uploads\/2018\/05\/image1-e1528801568187.jpg?fit=566%2C800&amp;ssl=1\" data-orig-size=\"566,800\" data-comments-opened=\"1\" data-image-meta=\"{&quot;aperture&quot;:&quot;0&quot;,&quot;credit&quot;:&quot;&quot;,&quot;camera&quot;:&quot;&quot;,&quot;caption&quot;:&quot;&quot;,&quot;created_timestamp&quot;:&quot;0&quot;,&quot;copyright&quot;:&quot;&quot;,&quot;focal_length&quot;:&quot;0&quot;,&quot;iso&quot;:&quot;0&quot;,&quot;shutter_speed&quot;:&quot;0&quot;,&quot;title&quot;:&quot;&quot;,&quot;orientation&quot;:&quot;0&quot;}\" data-image-title=\"image1\" data-image-description=\"\" data-image-caption=\"\" data-medium-file=\"https:\/\/i0.wp.com\/www.oboa.de\/wordpress\/wp-content\/uploads\/2018\/05\/image1-e1528801568187.jpg?fit=212%2C300&amp;ssl=1\" data-large-file=\"https:\/\/i0.wp.com\/www.oboa.de\/wordpress\/wp-content\/uploads\/2018\/05\/image1-e1528801568187.jpg?fit=566%2C800&amp;ssl=1\" tabindex=\"0\" role=\"button\" class=\"size-medium wp-image-5052 alignleft\" src=\"https:\/\/i0.wp.com\/www.oboa.de\/wordpress\/wp-content\/uploads\/2018\/05\/image1-212x300.jpg?resize=212%2C300\" alt=\"\" width=\"212\" height=\"300\"  data-recalc-dims=\"1\"><\/a><\/p>\n<p><strong>!!! 20 JAHRE OBOA !!!<\/strong><\/p>\n<p>Liebe Freunde der gepflegten Umsonst- und Drau\u00dfen Festival-Kultur<\/p>\n<p>Frohlocket, denn nach langer Zeit der Ungewissheit ist es uns eine Riesenfreude euch mitzuteilen, dass es auch in diesem Jahr wieder ein OBOA geben wird.<\/p>\n<p>Und nicht nur dies, das Oderbruch Open Air gibt es nun seit genau 20 Jahren und das will nat\u00fcrlich geb\u00fchrend gefeiert werden.<\/p>\n<p>Also kommt zahlreich am 10. und 11. August ins Fort Gorgast und seid mit dabei.<\/p>\n<p>Optimales Wetter ist bereits gebucht und es erwarten euch erlesene musikalische Kostbarkeiten, faszinierende visuelle Eindr\u00fccke, sinnliche vegane und vegetarische Gaumenfreuden, geistreiche und geistlose Getr\u00e4nke und vieles mehr in der sch\u00f6nsten Location weit und breit.<\/p>\n<p>Mehr wird hier erst einmal nicht verraten. Nur so viel als dass es sich lohnen wird, in den n\u00e4chsten Wochen aufmerksam die Bekanntmachungen zu verfolgen.<\/p>\n<p>Also markiert euch den <strong>10. und 11. August<\/strong> in eurem Kalender und freut euch auf ein sonniges <b>OBOA 2018<\/b>!<\/p>\n","protected":false},"excerpt":{"rendered":"<p>!!! 20 JAHRE OBOA !!! Liebe Freunde der gepflegten Umsonst- und Drau\u00dfen Festival-Kultur Frohlocket, denn nach langer Zeit der Ungewissheit ist es uns eine Riesenfreude [&#8230;]<\/p>\n","protected":false},"author":1,"featured_media":0,"parent":1087,"menu_order":10,"comment_status":"closed","ping_status":"closed","template":"","meta":{"footnotes":""},"translation":{"provider":"WPGlobus","version":"3.0.2","language":"es","enabled_languages":["de","pl","gb","es"],"languages":{"de":{"title":true,"content":true,"excerpt":false},"pl":{"title":true,"content":true,"excerpt":false},"gb":{"title":false,"content":false,"excerpt":false},"es":{"title":false,"content":false,"excerpt":false}}},"jetpack_sharing_enabled":true,"_links":{"self":[{"href":"https:\/\/www.oboa.de\/wordpress\/es\/wp-json\/wp\/v2\/pages\/3328"}],"collection":[{"href":"https:\/\/www.oboa.de\/wordpress\/es\/wp-json\/wp\/v2\/pages"}],"about":[{"href":"https:\/\/www.oboa.de\/wordpress\/es\/wp-json\/wp\/v2\/types\/page"}],"author":[{"embeddable":true,"href":"https:\/\/www.oboa.de\/wordpress\/es\/wp-json\/wp\/v2\/users\/1"}],"replies":[{"embeddable":true,"href":"https:\/\/www.oboa.de\/wordpress\/es\/wp-json\/wp\/v2\/comments?post=3328"}],"version-history":[{"count":23,"href":"https:\/\/www.oboa.de\/wordpress\/es\/wp-json\/wp\/v2\/pages\/3328\/revisions"}],"predecessor-version":[{"id":11383,"href":"https:\/\/www.oboa.de\/wordpress\/es\/wp-json\/wp\/v2\/pages\/3328\/revisions\/11383"}],"up":[{"embeddable":true,"href":"https:\/\/www.oboa.de\/wordpress\/es\/wp-json\/wp\/v2\/pages\/1087"}],"wp:attachment":[{"href":"https:\/\/www.oboa.de\/wordpress\/es\/wp-json\/wp\/v2\/media?parent=3328"}],"curies":[{"name":"wp","href":"https:\/\/api.w.org\/{rel}","templated":true}]}}