{"id":1161,"date":"2013-04-08T19:17:51","date_gmt":"2013-04-08T17:17:51","guid":{"rendered":"http:\/\/www.oboa.de\/wordpress\/?page_id=1161"},"modified":"2018-06-11T22:15:14","modified_gmt":"2018-06-11T20:15:14","slug":"traumfanger","status":"publish","type":"page","link":"https:\/\/www.oboa.de\/wordpress\/gb\/archiv\/2011-2\/lineup\/traumfanger\/","title":{"rendered":"Traumf\u00e4nger 2011"},"content":{"rendered":"<p>OLSENOLESON<br \/>\n(Jonglage &amp; Tanzperformance)<\/p>\n<p>RHYTHM &amp; DIDGERIDOO<br \/>\n(Meditativ Pulsierend Improvisation &amp; Flow \/ Berlin)<\/p>\n<p>THE HAZI BROS<br \/>\n(Blues Lyrik Rock \/ Berlin)<\/p>\n<p>Die HAZI BROS wurden im Tal der sch\u00f6nen Jungfrauen direkt an der Szilva geboren. W\u00e4hrend ihre V\u00e4ter in den nahe gelegenen Palinka-Minen schufteten, ersehnten die M\u00fctter ein besseres Leben f\u00fcr ihre Kinder und lehrten sie Gesang und Musik. Von Mine zu Mine musste die Familie ziehen, und bald schon spielten die Br\u00fcder auf den Festen ihrer flei\u00dfigen V\u00e4ter. Ihr Ruf verbreitete sich schnell und Songs wie &#8220;Mariah&#8221;, &#8220;The Spirit of a Perfect Hobo Life&#8221; und &#8220;The Longing&#8221; hallten schwerm\u00fctig durch die Weiten des Sliwowitz-Gebirges. Die Br\u00fcder starteten die &#8220;Culture to the People&#8221;- Kampagne und brachten sie bis nach Beer Lake City, vielen Menschen auch als &#8220;Berlin&#8221; bekannt.<\/p>\n<p>TUNEUP BERLIN<br \/>\n(Fusion Improvisation Jamming \/ Berlin)<\/p>\n<p>Ohren auf! Hier wissen nicht einmal die Musiker vorher, was auf der B\u00fchne passieren wird. Und das liegt nicht daran, dass die nicht ge\u00fcbt haben. Im Gegenteil: hier wird das Spontane gleich zum Konzept erhoben: TUNE UP ist ein Berliner Musikerkollektiv, dass sich die F\u00f6rderung der improvisierten Musik auf die Fahnen geschrieben hat. Sonst eher bekannt durch die Organisation von offenen Sessions, musikalischen Sommercamps und Workshops und dem TuneUp Space Studio in Berlin hat sich extra f\u00fcrs Oboa eine bunte Sesson-Crew zusammengefunden.<br \/>\nWonach das Ganze am Ende klingt? Lasst Euch \u00fcberraschen. Wie wir auch. Stay Tuned!<\/p>\n","protected":false},"excerpt":{"rendered":"<p>OLSENOLESON (Jonglage &amp; Tanzperformance) RHYTHM &amp; DIDGERIDOO (Meditativ Pulsierend Improvisation &amp; Flow \/ Berlin) THE HAZI BROS (Blues Lyrik Rock \/ Berlin) Die HAZI BROS [&#8230;]<\/p>\n","protected":false},"author":1,"featured_media":0,"parent":1044,"menu_order":3,"comment_status":"open","ping_status":"open","template":"","meta":{"footnotes":""},"translation":{"provider":"WPGlobus","version":"3.0.0","language":"gb","enabled_languages":["de","pl","gb","es"],"languages":{"de":{"title":true,"content":true,"excerpt":false},"pl":{"title":false,"content":false,"excerpt":false},"gb":{"title":false,"content":false,"excerpt":false},"es":{"title":false,"content":false,"excerpt":false}}},"jetpack_sharing_enabled":true,"_links":{"self":[{"href":"https:\/\/www.oboa.de\/wordpress\/gb\/wp-json\/wp\/v2\/pages\/1161"}],"collection":[{"href":"https:\/\/www.oboa.de\/wordpress\/gb\/wp-json\/wp\/v2\/pages"}],"about":[{"href":"https:\/\/www.oboa.de\/wordpress\/gb\/wp-json\/wp\/v2\/types\/page"}],"author":[{"embeddable":true,"href":"https:\/\/www.oboa.de\/wordpress\/gb\/wp-json\/wp\/v2\/users\/1"}],"replies":[{"embeddable":true,"href":"https:\/\/www.oboa.de\/wordpress\/gb\/wp-json\/wp\/v2\/comments?post=1161"}],"version-history":[{"count":5,"href":"https:\/\/www.oboa.de\/wordpress\/gb\/wp-json\/wp\/v2\/pages\/1161\/revisions"}],"predecessor-version":[{"id":9941,"href":"https:\/\/www.oboa.de\/wordpress\/gb\/wp-json\/wp\/v2\/pages\/1161\/revisions\/9941"}],"up":[{"embeddable":true,"href":"https:\/\/www.oboa.de\/wordpress\/gb\/wp-json\/wp\/v2\/pages\/1044"}],"wp:attachment":[{"href":"https:\/\/www.oboa.de\/wordpress\/gb\/wp-json\/wp\/v2\/media?parent=1161"}],"curies":[{"name":"wp","href":"https:\/\/api.w.org\/{rel}","templated":true}]}}