{"id":1269,"date":"2013-06-07T13:30:46","date_gmt":"2013-06-07T11:30:46","guid":{"rendered":"http:\/\/www.oboa.de\/wordpress\/?page_id=1269"},"modified":"2018-07-12T20:28:24","modified_gmt":"2018-07-12T18:28:24","slug":"beatbasar","status":"publish","type":"page","link":"https:\/\/www.oboa.de\/wordpress\/gb\/archiv\/oboa\/lineup\/beatbasar\/","title":{"rendered":"Beat Basar 2013"},"content":{"rendered":"<p><strong>Live:<\/strong><\/p>\n<h4><strong>Sebastian Arnold<\/strong><\/h4>\n<h4>(Drums &amp; Electronica One-Man-Band \/Berlin)<\/h4>\n<p><a href=\"https:\/\/i0.wp.com\/www.oboa.de\/wordpress\/wp-content\/uploads\/2013\/06\/sebastian-Arnold.jpg\"><img loading=\"lazy\" decoding=\"async\" data-attachment-id=\"1411\" data-permalink=\"https:\/\/www.oboa.de\/wordpress\/gb\/archiv\/oboa\/lineup\/beatbasar\/sebastian-arnold\/\" data-orig-file=\"https:\/\/i0.wp.com\/www.oboa.de\/wordpress\/wp-content\/uploads\/2013\/06\/sebastian-Arnold.jpg?fit=525%2C390&amp;ssl=1\" data-orig-size=\"525,390\" data-comments-opened=\"1\" data-image-meta=\"{&quot;aperture&quot;:&quot;0&quot;,&quot;credit&quot;:&quot;&quot;,&quot;camera&quot;:&quot;&quot;,&quot;caption&quot;:&quot;&quot;,&quot;created_timestamp&quot;:&quot;0&quot;,&quot;copyright&quot;:&quot;&quot;,&quot;focal_length&quot;:&quot;0&quot;,&quot;iso&quot;:&quot;0&quot;,&quot;shutter_speed&quot;:&quot;0&quot;,&quot;title&quot;:&quot;&quot;}\" data-image-title=\"Sebastian Arnold\" data-image-description=\"\" data-image-caption=\"\" data-medium-file=\"https:\/\/i0.wp.com\/www.oboa.de\/wordpress\/wp-content\/uploads\/2013\/06\/sebastian-Arnold.jpg?fit=300%2C222&amp;ssl=1\" data-large-file=\"https:\/\/i0.wp.com\/www.oboa.de\/wordpress\/wp-content\/uploads\/2013\/06\/sebastian-Arnold.jpg?fit=525%2C390&amp;ssl=1\" tabindex=\"0\" role=\"button\" class=\"alignleft size-medium wp-image-1411\" src=\"https:\/\/i0.wp.com\/www.oboa.de\/wordpress\/wp-content\/uploads\/2013\/06\/sebastian-Arnold-300x222.jpg?resize=300%2C222\" alt=\"Sebastian Arnold\" width=\"300\" height=\"222\" srcset=\"https:\/\/i0.wp.com\/www.oboa.de\/wordpress\/wp-content\/uploads\/2013\/06\/sebastian-Arnold.jpg?resize=300%2C222&amp;ssl=1 300w, https:\/\/i0.wp.com\/www.oboa.de\/wordpress\/wp-content\/uploads\/2013\/06\/sebastian-Arnold.jpg?w=525&amp;ssl=1 525w\" sizes=\"(max-width: 300px) 100vw, 300px\" data-recalc-dims=\"1\" \/><\/a><\/p>\n<p><a href=\"http:\/\/www.sebastian-arnold.net\" target=\"_blank\" rel=\"noopener\"><img loading=\"lazy\" decoding=\"async\" data-attachment-id=\"1313\" data-permalink=\"https:\/\/www.oboa.de\/wordpress\/gb\/archiv\/oboa\/lineup\/sonnenbuhne\/homepage\/\" data-orig-file=\"https:\/\/i0.wp.com\/www.oboa.de\/wordpress\/wp-content\/uploads\/2013\/06\/homepage.png?fit=32%2C32&amp;ssl=1\" data-orig-size=\"32,32\" data-comments-opened=\"1\" data-image-meta=\"{&quot;aperture&quot;:&quot;0&quot;,&quot;credit&quot;:&quot;&quot;,&quot;camera&quot;:&quot;&quot;,&quot;caption&quot;:&quot;&quot;,&quot;created_timestamp&quot;:&quot;0&quot;,&quot;copyright&quot;:&quot;&quot;,&quot;focal_length&quot;:&quot;0&quot;,&quot;iso&quot;:&quot;0&quot;,&quot;shutter_speed&quot;:&quot;0&quot;,&quot;title&quot;:&quot;&quot;}\" data-image-title=\"homepage\" data-image-description=\"\" data-image-caption=\"\" data-medium-file=\"https:\/\/i0.wp.com\/www.oboa.de\/wordpress\/wp-content\/uploads\/2013\/06\/homepage.png?fit=32%2C32&amp;ssl=1\" data-large-file=\"https:\/\/i0.wp.com\/www.oboa.de\/wordpress\/wp-content\/uploads\/2013\/06\/homepage.png?fit=32%2C32&amp;ssl=1\" tabindex=\"0\" role=\"button\" class=\"alignleft size-full wp-image-1313\" src=\"https:\/\/i0.wp.com\/www.oboa.de\/wordpress\/wp-content\/uploads\/2013\/06\/homepage.png?resize=32%2C32\" alt=\"Homepage\" width=\"32\" height=\"32\" data-recalc-dims=\"1\" \/><\/a><a href=\"http:\/\/www.soundcloud.com\/sebastianarnold\" target=\"_blank\" rel=\"noopener\"><img loading=\"lazy\" decoding=\"async\" data-attachment-id=\"1314\" data-permalink=\"https:\/\/www.oboa.de\/wordpress\/gb\/archiv\/oboa\/lineup\/sonnenbuhne\/soundcloud-5-xxl\/\" data-orig-file=\"https:\/\/i0.wp.com\/www.oboa.de\/wordpress\/wp-content\/uploads\/2013\/06\/soundcloud-5-xxl.png?fit=256%2C256&amp;ssl=1\" data-orig-size=\"256,256\" data-comments-opened=\"1\" data-image-meta=\"{&quot;aperture&quot;:&quot;0&quot;,&quot;credit&quot;:&quot;&quot;,&quot;camera&quot;:&quot;&quot;,&quot;caption&quot;:&quot;&quot;,&quot;created_timestamp&quot;:&quot;0&quot;,&quot;copyright&quot;:&quot;&quot;,&quot;focal_length&quot;:&quot;0&quot;,&quot;iso&quot;:&quot;0&quot;,&quot;shutter_speed&quot;:&quot;0&quot;,&quot;title&quot;:&quot;&quot;}\" data-image-title=\"\" data-image-description=\"\" data-image-caption=\"\" data-medium-file=\"https:\/\/i0.wp.com\/www.oboa.de\/wordpress\/wp-content\/uploads\/2013\/06\/soundcloud-5-xxl.png?fit=256%2C256&amp;ssl=1\" data-large-file=\"https:\/\/i0.wp.com\/www.oboa.de\/wordpress\/wp-content\/uploads\/2013\/06\/soundcloud-5-xxl.png?fit=256%2C256&amp;ssl=1\" tabindex=\"0\" role=\"button\" class=\"alignleft size-thumbnail wp-image-1314\" src=\"https:\/\/i0.wp.com\/www.oboa.de\/wordpress\/wp-content\/uploads\/2013\/06\/soundcloud-5-xxl-150x150.png?resize=38%2C38\" alt=\"\" width=\"38\" height=\"38\" srcset=\"https:\/\/i0.wp.com\/www.oboa.de\/wordpress\/wp-content\/uploads\/2013\/06\/soundcloud-5-xxl.png?resize=150%2C150&amp;ssl=1 150w, https:\/\/i0.wp.com\/www.oboa.de\/wordpress\/wp-content\/uploads\/2013\/06\/soundcloud-5-xxl.png?w=256&amp;ssl=1 256w\" sizes=\"(max-width: 38px) 100vw, 38px\" data-recalc-dims=\"1\" \/><\/a><\/p>\n<h6>\u00a0Es ist ein bisschen wie Raumschiff fliegen: Sebastian Arnold spielt gef\u00fchlte zw\u00f6lf Instrumente gleichzeitig auf der B\u00fchne, grinst dabei als h\u00e4tte er eben seinen Space Invaders Highscore auf der Masterkonsole geknackt und pumpt knarzende B\u00e4sse aus den Lautsprechern in Richtung aller Planeten im Reiseradius. Unschwer ist zu erkennen, dass der Mann ein talentierter Schlagzeuger ist. Aber was seine futuristische One-Man-Performance mit Drums, Synthesizern und Elektronik ans Licht bringt, sprengt jenseits der Schwerkraft alle Grenzen zwischen Electro, Post-Rock, Drum&#8217;n&#8217;Bass und Indietronica. Ein Tanz- und Klangrausch!<\/h6>\n<p><strong>DJs<\/strong>:<\/p>\n<h4><a title=\"Beatoerend\" href=\"https:\/\/soundcloud.com\/beathoeren\"><strong>Beatoerend<\/strong><\/a> (beatrausch\/janzklar |Berlin)<\/h4>\n<h4><strong><a title=\"Decalculator\" href=\"https:\/\/soundcloud.com\/robertwzl\" target=\"_blank\" rel=\"noopener\">Decalculator<\/a><\/strong> (House\/Deep House | Berlin)<\/h4>\n<h4><strong><a title=\"H\u00e4gen Daz\" href=\"http:\/\/soundcloud.com\/hagen-daz%E2%80%8E\" target=\"_blank\" rel=\"noopener\">H\u00e4gen Daz<\/a><\/strong> (Dubstep\/Dazdub | Berlin)<\/h4>\n<h4><strong><a title=\"Madz &amp; Licious\" href=\"http:\/\/soundcloud.com\/madz\" target=\"_blank\" rel=\"noopener\">Madz &amp; Licious<\/a> <\/strong>(Minimal Drum\u2019n&#8217;Bass | Berlin)<\/h4>\n<p style=\"text-align: center;\"><strong>WEITERE ACTS FOLGEN!<\/strong><\/p>\n","protected":false},"excerpt":{"rendered":"<p>Live: Sebastian Arnold (Drums &amp; Electronica One-Man-Band \/Berlin) \u00a0Es ist ein bisschen wie Raumschiff fliegen: Sebastian Arnold spielt gef\u00fchlte zw\u00f6lf Instrumente gleichzeitig auf der B\u00fchne, [&#8230;]<\/p>\n","protected":false},"author":4,"featured_media":0,"parent":1100,"menu_order":2,"comment_status":"open","ping_status":"open","template":"","meta":{"footnotes":""},"translation":{"provider":"WPGlobus","version":"3.0.2","language":"gb","enabled_languages":["de","pl","gb","es"],"languages":{"de":{"title":true,"content":true,"excerpt":false},"pl":{"title":true,"content":true,"excerpt":false},"gb":{"title":false,"content":false,"excerpt":false},"es":{"title":false,"content":false,"excerpt":false}}},"jetpack_sharing_enabled":true,"_links":{"self":[{"href":"https:\/\/www.oboa.de\/wordpress\/gb\/wp-json\/wp\/v2\/pages\/1269"}],"collection":[{"href":"https:\/\/www.oboa.de\/wordpress\/gb\/wp-json\/wp\/v2\/pages"}],"about":[{"href":"https:\/\/www.oboa.de\/wordpress\/gb\/wp-json\/wp\/v2\/types\/page"}],"author":[{"embeddable":true,"href":"https:\/\/www.oboa.de\/wordpress\/gb\/wp-json\/wp\/v2\/users\/4"}],"replies":[{"embeddable":true,"href":"https:\/\/www.oboa.de\/wordpress\/gb\/wp-json\/wp\/v2\/comments?post=1269"}],"version-history":[{"count":16,"href":"https:\/\/www.oboa.de\/wordpress\/gb\/wp-json\/wp\/v2\/pages\/1269\/revisions"}],"predecessor-version":[{"id":10650,"href":"https:\/\/www.oboa.de\/wordpress\/gb\/wp-json\/wp\/v2\/pages\/1269\/revisions\/10650"}],"up":[{"embeddable":true,"href":"https:\/\/www.oboa.de\/wordpress\/gb\/wp-json\/wp\/v2\/pages\/1100"}],"wp:attachment":[{"href":"https:\/\/www.oboa.de\/wordpress\/gb\/wp-json\/wp\/v2\/media?parent=1269"}],"curies":[{"name":"wp","href":"https:\/\/api.w.org\/{rel}","templated":true}]}}