{"id":1717,"date":"2014-02-12T22:38:04","date_gmt":"2014-02-12T20:38:04","guid":{"rendered":"http:\/\/www.oboa.de\/wordpress\/?page_id=1717"},"modified":"2020-02-19T19:48:15","modified_gmt":"2020-02-19T17:48:15","slug":"oboa-2014","status":"publish","type":"page","link":"https:\/\/www.oboa.de\/wordpress\/gb\/archiv\/oboa-2014\/","title":{"rendered":"2014"},"content":{"rendered":"<h2 style=\"text-align: center;\"><span style=\"color: #008000;\">OBOA 2014 | 15 &amp; 16 August | Fort Gorgast<\/span><\/h2>\n<p><a href=\"https:\/\/www.facebook.com\/OderbruchOpenAir\" target=\"_blank\" rel=\"noopener noreferrer\"><img loading=\"lazy\" decoding=\"async\" class=\"alignleft\" src=\"https:\/\/i0.wp.com\/www.oboa.de\/wordpress\/wp-content\/uploads\/2013\/04\/fb-150x150.png?resize=33%2C33\" alt=\"OBOA bei Facebook\" width=\"33\" height=\"33\"  data-recalc-dims=\"1\"><\/a><a href=\"http:\/\/www.lastfm.de\/festival\/3530466+OBOA+2013\" target=\"_blank\" rel=\"noopener noreferrer\"><img loading=\"lazy\" decoding=\"async\" src=\"https:\/\/i0.wp.com\/www.oboa.de\/wordpress\/wp-content\/uploads\/2013\/04\/lastfm-150x150.png?resize=41%2C41\" alt=\"OBOA bei lastfm\" width=\"41\" height=\"41\"  data-recalc-dims=\"1\"><\/a><\/p>\n<p>Mitte August 1998 fand zum ersten Mal das OBOA &#8211; Oderbruch-Open Air statt. Seitdem veranstaltet der Verein Break Tribe Music e.V. dieses kleine, unkommerziele, Umsonst &amp; Draussen Festival regelm\u00e4\u00dfig. In jedem Jahr treffen sich Besucher*innen von beiden Seiten der Oder ein Wochenende lang zu kulturellem Austausch und musikalischem Erlebnis im <a title=\"Fort Gorgast\" href=\"http:\/\/www.fort-gorgast.de\" target=\"_blank\" rel=\"noopener noreferrer\">Fort Gorgast<\/a>, \u00f6stlich von Berlin. Das Festival wird ausschlie\u00dflich im ehrenamtlichen Engagement durchgef\u00fchrt. F\u00fcr den Besuch des Festivals wird kein Eintritt erhoben.<\/p>\n<p>In den Nachmittags- und Abendstunden treten auf f\u00fcnf B\u00fchnen regionale und internationale K\u00fcnstler*innen aus verschiedenen Musikgenres auf, es werden diverse Workshops, audiovisuelle Beitr\u00e4ge und Infoveranstaltungen zu zivilgesellschaftlichen Themen wie Umwelt- und Tierschutz, Energiewende, Diversity, Toleranz, etc. durchgef\u00fchrt. F\u00fcr Euer leibliches Wohl sorgen unsere Getr\u00e4nke-Bars sowie Essenst\u00e4nde mit vegetarischen\/veganen Leckereien (<a title=\"OBOA Vegetarisch\" href=\"http:\/\/www.oboa.de\/wordpress\/wp-content\/uploads\/2013\/04\/OBOA-Vegetarisch.pdf\" target=\"_blank\" rel=\"noopener noreferrer\">warum vegetarisch?<\/a>). Schaut einfach vorbei und macht mit, als Besucher&nbsp;oder auch als <a href=\"http:\/\/www.oboa.de\/wordpress\/faq\/helferinnen\/\">Helfer<\/a>.<\/p>\n<p>Auf dieser Seite werdet ihr nach und nach das wachsende <a href=\"http:\/\/www.oboa.de\/wordpress\/archiv\/oboa-2014\/lineup\/\">Line Up<\/a> finden, k\u00f6nnt euch beim <a href=\"http:\/\/www.oboa.de\/wordpress\/faq\/a-z\/\">A-Z<\/a> \u00fcber verschiedene Aspekte des Miteinanders auf dem Festival informieren und euch in die Helfer*innenriege einreihen. Auch die Anfahrtsm\u00f6glichkeiten und Infos zu unseren Unterst\u00fctzern sind hier aufrufbar.<\/p>\n<p>Viel Spass beim St\u00f6bern!<\/p>\n","protected":false},"excerpt":{"rendered":"<p>OBOA 2014 | 15 &amp; 16 August | Fort Gorgast Mitte August 1998 fand zum ersten Mal das OBOA &#8211; Oderbruch-Open Air statt. Seitdem veranstaltet [&#8230;]<\/p>\n","protected":false},"author":4,"featured_media":0,"parent":1087,"menu_order":40,"comment_status":"open","ping_status":"open","template":"","meta":{"footnotes":""},"translation":{"provider":"WPGlobus","version":"3.0.0","language":"gb","enabled_languages":["de","pl","gb","es"],"languages":{"de":{"title":true,"content":true,"excerpt":false},"pl":{"title":true,"content":true,"excerpt":false},"gb":{"title":false,"content":false,"excerpt":false},"es":{"title":false,"content":false,"excerpt":false}}},"jetpack_sharing_enabled":true,"_links":{"self":[{"href":"https:\/\/www.oboa.de\/wordpress\/gb\/wp-json\/wp\/v2\/pages\/1717"}],"collection":[{"href":"https:\/\/www.oboa.de\/wordpress\/gb\/wp-json\/wp\/v2\/pages"}],"about":[{"href":"https:\/\/www.oboa.de\/wordpress\/gb\/wp-json\/wp\/v2\/types\/page"}],"author":[{"embeddable":true,"href":"https:\/\/www.oboa.de\/wordpress\/gb\/wp-json\/wp\/v2\/users\/4"}],"replies":[{"embeddable":true,"href":"https:\/\/www.oboa.de\/wordpress\/gb\/wp-json\/wp\/v2\/comments?post=1717"}],"version-history":[{"count":14,"href":"https:\/\/www.oboa.de\/wordpress\/gb\/wp-json\/wp\/v2\/pages\/1717\/revisions"}],"predecessor-version":[{"id":11386,"href":"https:\/\/www.oboa.de\/wordpress\/gb\/wp-json\/wp\/v2\/pages\/1717\/revisions\/11386"}],"up":[{"embeddable":true,"href":"https:\/\/www.oboa.de\/wordpress\/gb\/wp-json\/wp\/v2\/pages\/1087"}],"wp:attachment":[{"href":"https:\/\/www.oboa.de\/wordpress\/gb\/wp-json\/wp\/v2\/media?parent=1717"}],"curies":[{"name":"wp","href":"https:\/\/api.w.org\/{rel}","templated":true}]}}