{"id":1775,"date":"2014-07-12T17:13:24","date_gmt":"2014-07-12T15:13:24","guid":{"rendered":"http:\/\/www.oboa.de\/wordpress\/?page_id=1775"},"modified":"2018-07-12T20:27:24","modified_gmt":"2018-07-12T18:27:24","slug":"goldenes-rossel","status":"publish","type":"page","link":"https:\/\/www.oboa.de\/wordpress\/gb\/archiv\/oboa-2014\/lineup\/goldenes-rossel\/","title":{"rendered":"Goldenes R\u00f6ssel 2014"},"content":{"rendered":"<h4 align=\"LEFT\">Im Goldenen R\u00f6ssel wird es auch 2014 wieder laut!. W\u00e4hrend wir am Freitag ein paar schnelle Takte Punk, Grind und Metal auf die Schleuder packen, wird es am Samstag etwas vertrackter. Freunde des Postrock in seinen mannigfachen Spielarten kommen sicher auf ihre Kosten. Die genauen Tagespl\u00e4ne findet ihr in unserem Programmheft,<br \/>\ndas an der Festivaleinfahrt verteilt wird.<\/h4>\n<h3><strong>Display<\/strong><\/h3>\n<h4>(Post-Punk | Berlin)<\/h4>\n<h4><a href=\"https:\/\/i0.wp.com\/www.oboa.de\/wordpress\/wp-content\/uploads\/2014\/07\/display-band-e1405186804648.jpg\"><img loading=\"lazy\" decoding=\"async\" data-attachment-id=\"1461\" data-permalink=\"https:\/\/www.oboa.de\/wordpress\/gb\/archiv\/oboa\/lineup\/sonnenbuhne\/far-from-a-dream\/\" data-orig-file=\"https:\/\/i0.wp.com\/www.oboa.de\/wordpress\/wp-content\/uploads\/2013\/06\/Far-From-a-Dream.jpg?fit=960%2C710&amp;ssl=1\" data-orig-size=\"960,710\" data-comments-opened=\"1\" data-image-meta=\"{&quot;aperture&quot;:&quot;0&quot;,&quot;credit&quot;:&quot;&quot;,&quot;camera&quot;:&quot;&quot;,&quot;caption&quot;:&quot;&quot;,&quot;created_timestamp&quot;:&quot;0&quot;,&quot;copyright&quot;:&quot;&quot;,&quot;focal_length&quot;:&quot;0&quot;,&quot;iso&quot;:&quot;0&quot;,&quot;shutter_speed&quot;:&quot;0&quot;,&quot;title&quot;:&quot;&quot;}\" data-image-title=\"Far From a Dream\" data-image-description=\"\" data-image-caption=\"\" data-medium-file=\"https:\/\/i0.wp.com\/www.oboa.de\/wordpress\/wp-content\/uploads\/2013\/06\/Far-From-a-Dream.jpg?fit=300%2C221&amp;ssl=1\" data-large-file=\"https:\/\/i0.wp.com\/www.oboa.de\/wordpress\/wp-content\/uploads\/2013\/06\/Far-From-a-Dream.jpg?fit=800%2C592&amp;ssl=1\" tabindex=\"0\" role=\"button\" class=\"alignleft size-medium wp-image-1461\" src=\"https:\/\/i0.wp.com\/www.oboa.de\/wordpress\/wp-content\/uploads\/2014\/07\/display-band-e1405186804648.jpg?resize=300%2C221\" alt=\"Display\" width=\"300\" height=\"221\" data-recalc-dims=\"1\" \/><\/a><\/h4>\n<p><a href=\"http:\/\/displaypunk.bandcamp.com\/\" target=\"_blank\" rel=\"noopener\"><img loading=\"lazy\" decoding=\"async\" class=\"alignleft\" title=\"Homepage\" src=\"https:\/\/i0.wp.com\/www.oboa.de\/wordpress\/wp-content\/uploads\/2013\/06\/homepage.png?resize=32%2C32\" alt=\"\" width=\"32\" height=\"32\" data-recalc-dims=\"1\" \/><\/a><\/p>\n<h4 align=\"LEFT\">Born Against Shirt auf den Rippen und Neil Young im Kopf. Mit Hardcore im Herzen spielt das Trio aus Berlin eckigen Punk, der neben Feedback auch Platz f\u00fcr Melodien<br \/>\nl\u00e4sst und schon Assoziationen mit Hot Snakes oder Sonic Youth geweckt hat.<\/h4>\n<h3><strong>Wels<\/strong><\/h3>\n<h4>(Noise Rock Duo | Berlin)<\/h4>\n<h4><a href=\"https:\/\/i0.wp.com\/www.oboa.de\/wordpress\/wp-content\/uploads\/2014\/07\/wels-band1-e1405190812348.jpg\"><img loading=\"lazy\" decoding=\"async\" data-attachment-id=\"1461\" data-permalink=\"https:\/\/www.oboa.de\/wordpress\/gb\/archiv\/oboa\/lineup\/sonnenbuhne\/far-from-a-dream\/\" data-orig-file=\"https:\/\/i0.wp.com\/www.oboa.de\/wordpress\/wp-content\/uploads\/2013\/06\/Far-From-a-Dream.jpg?fit=960%2C710&amp;ssl=1\" data-orig-size=\"960,710\" data-comments-opened=\"1\" data-image-meta=\"{&quot;aperture&quot;:&quot;0&quot;,&quot;credit&quot;:&quot;&quot;,&quot;camera&quot;:&quot;&quot;,&quot;caption&quot;:&quot;&quot;,&quot;created_timestamp&quot;:&quot;0&quot;,&quot;copyright&quot;:&quot;&quot;,&quot;focal_length&quot;:&quot;0&quot;,&quot;iso&quot;:&quot;0&quot;,&quot;shutter_speed&quot;:&quot;0&quot;,&quot;title&quot;:&quot;&quot;}\" data-image-title=\"Far From a Dream\" data-image-description=\"\" data-image-caption=\"\" data-medium-file=\"https:\/\/i0.wp.com\/www.oboa.de\/wordpress\/wp-content\/uploads\/2013\/06\/Far-From-a-Dream.jpg?fit=300%2C221&amp;ssl=1\" data-large-file=\"https:\/\/i0.wp.com\/www.oboa.de\/wordpress\/wp-content\/uploads\/2013\/06\/Far-From-a-Dream.jpg?fit=800%2C592&amp;ssl=1\" tabindex=\"0\" role=\"button\" class=\"alignleft size-medium wp-image-1461\" src=\"https:\/\/i0.wp.com\/www.oboa.de\/wordpress\/wp-content\/uploads\/2014\/07\/wels-band1-e1405190812348.jpg?resize=300%2C221\" alt=\"Wels\" width=\"300\" height=\"221\" data-recalc-dims=\"1\" \/><\/a><\/h4>\n<p><a href=\"http:\/\/wels.bandcamp.com\/\" target=\"_blank\" rel=\"noopener\"><img loading=\"lazy\" decoding=\"async\" class=\"alignleft\" title=\"Homepage\" src=\"https:\/\/i0.wp.com\/www.oboa.de\/wordpress\/wp-content\/uploads\/2013\/06\/homepage.png?resize=32%2C32\" alt=\"\" width=\"32\" height=\"32\" data-recalc-dims=\"1\" \/><\/a><\/p>\n<h4 align=\"LEFT\">Mit knarzendem Bass und sch\u00f6n verfrickelt loopen sich die beiden Musiker von Wels durch energetische Songs, deren Stimmungen eine\/n gefangen nehmen und das R\u00f6ssel sicher in heftige Schwingungen versetzen werden.<\/h4>\n<h3><strong>Voltron<\/strong><\/h3>\n<h4>(Doomcore Blutgr\u00e4tsche | Berlin)<\/h4>\n<h4><a href=\"https:\/\/i0.wp.com\/www.oboa.de\/wordpress\/wp-content\/uploads\/2014\/07\/voltron-band-e1405362391733.jpg\"><img loading=\"lazy\" decoding=\"async\" data-attachment-id=\"1461\" data-permalink=\"https:\/\/www.oboa.de\/wordpress\/gb\/archiv\/oboa\/lineup\/sonnenbuhne\/far-from-a-dream\/\" data-orig-file=\"https:\/\/i0.wp.com\/www.oboa.de\/wordpress\/wp-content\/uploads\/2013\/06\/Far-From-a-Dream.jpg?fit=960%2C710&amp;ssl=1\" data-orig-size=\"960,710\" data-comments-opened=\"1\" data-image-meta=\"{&quot;aperture&quot;:&quot;0&quot;,&quot;credit&quot;:&quot;&quot;,&quot;camera&quot;:&quot;&quot;,&quot;caption&quot;:&quot;&quot;,&quot;created_timestamp&quot;:&quot;0&quot;,&quot;copyright&quot;:&quot;&quot;,&quot;focal_length&quot;:&quot;0&quot;,&quot;iso&quot;:&quot;0&quot;,&quot;shutter_speed&quot;:&quot;0&quot;,&quot;title&quot;:&quot;&quot;}\" data-image-title=\"Far From a Dream\" data-image-description=\"\" data-image-caption=\"\" data-medium-file=\"https:\/\/i0.wp.com\/www.oboa.de\/wordpress\/wp-content\/uploads\/2013\/06\/Far-From-a-Dream.jpg?fit=300%2C221&amp;ssl=1\" data-large-file=\"https:\/\/i0.wp.com\/www.oboa.de\/wordpress\/wp-content\/uploads\/2013\/06\/Far-From-a-Dream.jpg?fit=800%2C592&amp;ssl=1\" tabindex=\"0\" role=\"button\" class=\"alignleft size-medium wp-image-1461\" src=\"https:\/\/i0.wp.com\/www.oboa.de\/wordpress\/wp-content\/uploads\/2014\/07\/voltron-band-e1405362391733.jpg?resize=300%2C221\" alt=\"Voltron\" width=\"300\" height=\"221\" data-recalc-dims=\"1\" \/><\/a><\/h4>\n<p><a href=\"http:\/\/voltronberlin.bandcamp.com\/\" target=\"_blank\" rel=\"noopener\"><img loading=\"lazy\" decoding=\"async\" class=\"alignleft\" title=\"Homepage\" src=\"https:\/\/i0.wp.com\/www.oboa.de\/wordpress\/wp-content\/uploads\/2013\/06\/homepage.png?resize=32%2C32\" alt=\"\" width=\"32\" height=\"32\" data-recalc-dims=\"1\" \/><\/a><\/p>\n<h4 align=\"LEFT\">Ein Kaventsmann aus Gitarrenw\u00e4nden und fetten Drums &#8211; f\u00fcr alle Freunde des schleppenden und z\u00e4hfl\u00fcssigen Metal ein Muss!<\/h4>\n<h3><strong>Hans am Felsen<\/strong><\/h3>\n<h4>(Punkrock | Berlin)<\/h4>\n<h4><a href=\"https:\/\/i0.wp.com\/www.oboa.de\/wordpress\/wp-content\/uploads\/2014\/08\/DSC_0025-e1407177546421.jpeg\"><img loading=\"lazy\" decoding=\"async\" data-attachment-id=\"1461\" data-permalink=\"https:\/\/www.oboa.de\/wordpress\/gb\/archiv\/oboa\/lineup\/sonnenbuhne\/far-from-a-dream\/\" data-orig-file=\"https:\/\/i0.wp.com\/www.oboa.de\/wordpress\/wp-content\/uploads\/2013\/06\/Far-From-a-Dream.jpg?fit=960%2C710&amp;ssl=1\" data-orig-size=\"960,710\" data-comments-opened=\"1\" data-image-meta=\"{&quot;aperture&quot;:&quot;0&quot;,&quot;credit&quot;:&quot;&quot;,&quot;camera&quot;:&quot;&quot;,&quot;caption&quot;:&quot;&quot;,&quot;created_timestamp&quot;:&quot;0&quot;,&quot;copyright&quot;:&quot;&quot;,&quot;focal_length&quot;:&quot;0&quot;,&quot;iso&quot;:&quot;0&quot;,&quot;shutter_speed&quot;:&quot;0&quot;,&quot;title&quot;:&quot;&quot;}\" data-image-title=\"Far From a Dream\" data-image-description=\"\" data-image-caption=\"\" data-medium-file=\"https:\/\/i0.wp.com\/www.oboa.de\/wordpress\/wp-content\/uploads\/2013\/06\/Far-From-a-Dream.jpg?fit=300%2C221&amp;ssl=1\" data-large-file=\"https:\/\/i0.wp.com\/www.oboa.de\/wordpress\/wp-content\/uploads\/2013\/06\/Far-From-a-Dream.jpg?fit=800%2C592&amp;ssl=1\" tabindex=\"0\" role=\"button\" class=\"alignleft size-medium wp-image-1461\" src=\"https:\/\/i0.wp.com\/www.oboa.de\/wordpress\/wp-content\/uploads\/2014\/08\/DSC_0025-e1407177546421.jpeg?resize=300%2C221\" alt=\"Hans am Felsen\" width=\"300\" height=\"221\" data-recalc-dims=\"1\" \/><\/a><\/h4>\n<p><a href=\"http:\/\/www.bk92.de\/haf\/\" target=\"_blank\" rel=\"noopener\"><img loading=\"lazy\" decoding=\"async\" class=\"alignleft\" title=\"Homepage\" src=\"https:\/\/i0.wp.com\/www.oboa.de\/wordpress\/wp-content\/uploads\/2013\/06\/homepage.png?resize=32%2C32\" alt=\"\" width=\"32\" height=\"32\" data-recalc-dims=\"1\" \/><\/a><\/p>\n<h4 align=\"LEFT\">Nach einer etwas l\u00e4ngeren *h\u00fcstel* kreativen Pause von 15 Jahren sind die Berliner Musiker_innen von Hans am Felsen wieder in Stimmung f\u00fcr eine ausgiebige Punkrock-<br \/>\nSause. Mit weitsichtigen politischen Texten und gekonnt eingestreuten Violinenkl\u00e4ngen zeigen sie uns, dass wir unseren Utopien nur n\u00e4herkommen, wenn wir das K\u00e4mpfen auch mit dem Tr\u00e4umen verbinden.<\/h4>\n<h3><strong>m()ck<\/strong><\/h3>\n<h4>(Puzzle-Rock | Berlin)<\/h4>\n<h4><a href=\"https:\/\/i0.wp.com\/www.oboa.de\/wordpress\/wp-content\/uploads\/2014\/07\/mock-band-e1405186379858.jpg\"><img loading=\"lazy\" decoding=\"async\" data-attachment-id=\"1461\" data-permalink=\"https:\/\/www.oboa.de\/wordpress\/gb\/archiv\/oboa\/lineup\/sonnenbuhne\/far-from-a-dream\/\" data-orig-file=\"https:\/\/i0.wp.com\/www.oboa.de\/wordpress\/wp-content\/uploads\/2013\/06\/Far-From-a-Dream.jpg?fit=960%2C710&amp;ssl=1\" data-orig-size=\"960,710\" data-comments-opened=\"1\" data-image-meta=\"{&quot;aperture&quot;:&quot;0&quot;,&quot;credit&quot;:&quot;&quot;,&quot;camera&quot;:&quot;&quot;,&quot;caption&quot;:&quot;&quot;,&quot;created_timestamp&quot;:&quot;0&quot;,&quot;copyright&quot;:&quot;&quot;,&quot;focal_length&quot;:&quot;0&quot;,&quot;iso&quot;:&quot;0&quot;,&quot;shutter_speed&quot;:&quot;0&quot;,&quot;title&quot;:&quot;&quot;}\" data-image-title=\"Far From a Dream\" data-image-description=\"\" data-image-caption=\"\" data-medium-file=\"https:\/\/i0.wp.com\/www.oboa.de\/wordpress\/wp-content\/uploads\/2013\/06\/Far-From-a-Dream.jpg?fit=300%2C221&amp;ssl=1\" data-large-file=\"https:\/\/i0.wp.com\/www.oboa.de\/wordpress\/wp-content\/uploads\/2013\/06\/Far-From-a-Dream.jpg?fit=800%2C592&amp;ssl=1\" tabindex=\"0\" role=\"button\" class=\"alignleft size-medium wp-image-1461\" src=\"https:\/\/i0.wp.com\/www.oboa.de\/wordpress\/wp-content\/uploads\/2014\/07\/mock-band-e1405186379858.jpg?resize=300%2C221\" alt=\"m()ck\" width=\"300\" height=\"221\" data-recalc-dims=\"1\" \/><\/a><\/h4>\n<p><a href=\"http:\/\/mockmockmock.flavors.me\/#news\" target=\"_blank\" rel=\"noopener\"><img loading=\"lazy\" decoding=\"async\" class=\"alignleft\" title=\"Homepage\" src=\"https:\/\/i0.wp.com\/www.oboa.de\/wordpress\/wp-content\/uploads\/2013\/06\/homepage.png?resize=32%2C32\" alt=\"\" width=\"32\" height=\"32\" data-recalc-dims=\"1\" \/><\/a><\/p>\n<h4 align=\"LEFT\">m()ck aus Berlin fordern uns heraus. Das Trio bewegt sich zwischen spr\u00fchenden Aus-<br \/>\nbr\u00fcchen und mimimalistischer Zur\u00fcckhaltung. Ihr eigenwilliger und doch eing\u00e4ngiger Sound speist sich etwa aus dem Post-Hardcore. Bands wie Karate, Honey For Petzi oder Tortoise sind wichtige Einfl\u00fcsse. Treibende Melodi\u00f6sit\u00e4t, Rhythmuswechsel, flie\u00dfende<br \/>\nund sich pl\u00f6tzlich \u00e4ndernde Strukturen ergeben zusammen einladenden Puzzle-Rock<br \/>\nzum genaueren Hinh\u00f6ren.<\/h4>\n<h3><strong>Trieblaut<\/strong><\/h3>\n<h4>(Bad Bass Grindboogie | Dresden)<\/h4>\n<h4><a href=\"https:\/\/i0.wp.com\/www.oboa.de\/wordpress\/wp-content\/uploads\/2014\/07\/Trieblaut-Band-e1405365299332.jpg\"><img loading=\"lazy\" decoding=\"async\" data-attachment-id=\"1461\" data-permalink=\"https:\/\/www.oboa.de\/wordpress\/gb\/archiv\/oboa\/lineup\/sonnenbuhne\/far-from-a-dream\/\" data-orig-file=\"https:\/\/i0.wp.com\/www.oboa.de\/wordpress\/wp-content\/uploads\/2013\/06\/Far-From-a-Dream.jpg?fit=960%2C710&amp;ssl=1\" data-orig-size=\"960,710\" data-comments-opened=\"1\" data-image-meta=\"{&quot;aperture&quot;:&quot;0&quot;,&quot;credit&quot;:&quot;&quot;,&quot;camera&quot;:&quot;&quot;,&quot;caption&quot;:&quot;&quot;,&quot;created_timestamp&quot;:&quot;0&quot;,&quot;copyright&quot;:&quot;&quot;,&quot;focal_length&quot;:&quot;0&quot;,&quot;iso&quot;:&quot;0&quot;,&quot;shutter_speed&quot;:&quot;0&quot;,&quot;title&quot;:&quot;&quot;}\" data-image-title=\"Far From a Dream\" data-image-description=\"\" data-image-caption=\"\" data-medium-file=\"https:\/\/i0.wp.com\/www.oboa.de\/wordpress\/wp-content\/uploads\/2013\/06\/Far-From-a-Dream.jpg?fit=300%2C221&amp;ssl=1\" data-large-file=\"https:\/\/i0.wp.com\/www.oboa.de\/wordpress\/wp-content\/uploads\/2013\/06\/Far-From-a-Dream.jpg?fit=800%2C592&amp;ssl=1\" tabindex=\"0\" role=\"button\" class=\"alignleft size-medium wp-image-1461\" src=\"https:\/\/i0.wp.com\/www.oboa.de\/wordpress\/wp-content\/uploads\/2014\/07\/Trieblaut-Band-e1405365299332.jpg?resize=300%2C221\" alt=\"Trieblaut\" width=\"300\" height=\"221\" data-recalc-dims=\"1\" \/><\/a><\/h4>\n<p><a href=\"http:\/\/www.trieblaut.de\/\" target=\"_blank\" rel=\"noopener\"><img loading=\"lazy\" decoding=\"async\" class=\"alignleft\" title=\"Homepage\" src=\"https:\/\/i0.wp.com\/www.oboa.de\/wordpress\/wp-content\/uploads\/2013\/06\/homepage.png?resize=32%2C32\" alt=\"\" width=\"32\" height=\"32\" data-recalc-dims=\"1\" \/><\/a><\/p>\n<h4 align=\"LEFT\">Mit Trieblaut haben wir uns ne ordentliche Portion Experimentierfreude eingeladen! Nachdem die beiden Groovebanausen es 2013 ziemlich haben dr\u00f6hnen lassen im R\u00f6ssel, d\u00fcrfte die Ank\u00fcndigung &#8220;wir bringen mehr Eletronik mit in diesem Jahr&#8221; kaum auf zarte Sph\u00e4renkl\u00e4nge schliessen lassen. Freut euch auf ein freakiges Klangerlebnis und bereitet eure Synapsen auf heftige Schwingungen vor!<\/h4>\n<h3><strong>Eques<\/strong><\/h3>\n<h4>(Grindcore | Berlin)<\/h4>\n<h4><a href=\"https:\/\/i0.wp.com\/www.oboa.de\/wordpress\/wp-content\/uploads\/2014\/07\/eques-band-e1405189551154.jpg\"><img loading=\"lazy\" decoding=\"async\" data-attachment-id=\"1461\" data-permalink=\"https:\/\/www.oboa.de\/wordpress\/gb\/archiv\/oboa\/lineup\/sonnenbuhne\/far-from-a-dream\/\" data-orig-file=\"https:\/\/i0.wp.com\/www.oboa.de\/wordpress\/wp-content\/uploads\/2013\/06\/Far-From-a-Dream.jpg?fit=960%2C710&amp;ssl=1\" data-orig-size=\"960,710\" data-comments-opened=\"1\" data-image-meta=\"{&quot;aperture&quot;:&quot;0&quot;,&quot;credit&quot;:&quot;&quot;,&quot;camera&quot;:&quot;&quot;,&quot;caption&quot;:&quot;&quot;,&quot;created_timestamp&quot;:&quot;0&quot;,&quot;copyright&quot;:&quot;&quot;,&quot;focal_length&quot;:&quot;0&quot;,&quot;iso&quot;:&quot;0&quot;,&quot;shutter_speed&quot;:&quot;0&quot;,&quot;title&quot;:&quot;&quot;}\" data-image-title=\"Far From a Dream\" data-image-description=\"\" data-image-caption=\"\" data-medium-file=\"https:\/\/i0.wp.com\/www.oboa.de\/wordpress\/wp-content\/uploads\/2013\/06\/Far-From-a-Dream.jpg?fit=300%2C221&amp;ssl=1\" data-large-file=\"https:\/\/i0.wp.com\/www.oboa.de\/wordpress\/wp-content\/uploads\/2013\/06\/Far-From-a-Dream.jpg?fit=800%2C592&amp;ssl=1\" tabindex=\"0\" role=\"button\" class=\"alignleft size-medium wp-image-1461\" src=\"https:\/\/i0.wp.com\/www.oboa.de\/wordpress\/wp-content\/uploads\/2014\/07\/eques-band-e1405189551154.jpg?resize=300%2C221\" alt=\"Eques\" width=\"300\" height=\"221\" data-recalc-dims=\"1\" \/><\/a><\/h4>\n<p><a href=\"https:\/\/www.facebook.com\/pages\/Eques-Grind\/240970246045089\" target=\"_blank\" rel=\"noopener\"><img loading=\"lazy\" decoding=\"async\" class=\"alignleft\" title=\"Homepage\" src=\"https:\/\/i0.wp.com\/www.oboa.de\/wordpress\/wp-content\/uploads\/2013\/06\/homepage.png?resize=32%2C32\" alt=\"\" width=\"32\" height=\"32\" data-recalc-dims=\"1\" \/><\/a><\/p>\n<h4 align=\"LEFT\">Eques \u00fcberzeugen duch kraftstrotzende Melodieb\u00f6gen und radikale Poesie &#8211;<br \/>\nGrindcore at it&#8217;s best(ie)!<\/h4>\n<h3><strong>Petethepiratesquid<\/strong><\/h3>\n<h4>(mathy Post-Punk | Berlin)<\/h4>\n<h4><a href=\"https:\/\/i0.wp.com\/www.oboa.de\/wordpress\/wp-content\/uploads\/2014\/07\/petethepiratesquid_band2-e1405190087351.jpg\"><img loading=\"lazy\" decoding=\"async\" data-attachment-id=\"1461\" data-permalink=\"https:\/\/www.oboa.de\/wordpress\/gb\/archiv\/oboa\/lineup\/sonnenbuhne\/far-from-a-dream\/\" data-orig-file=\"https:\/\/i0.wp.com\/www.oboa.de\/wordpress\/wp-content\/uploads\/2013\/06\/Far-From-a-Dream.jpg?fit=960%2C710&amp;ssl=1\" data-orig-size=\"960,710\" data-comments-opened=\"1\" data-image-meta=\"{&quot;aperture&quot;:&quot;0&quot;,&quot;credit&quot;:&quot;&quot;,&quot;camera&quot;:&quot;&quot;,&quot;caption&quot;:&quot;&quot;,&quot;created_timestamp&quot;:&quot;0&quot;,&quot;copyright&quot;:&quot;&quot;,&quot;focal_length&quot;:&quot;0&quot;,&quot;iso&quot;:&quot;0&quot;,&quot;shutter_speed&quot;:&quot;0&quot;,&quot;title&quot;:&quot;&quot;}\" data-image-title=\"Far From a Dream\" data-image-description=\"\" data-image-caption=\"\" data-medium-file=\"https:\/\/i0.wp.com\/www.oboa.de\/wordpress\/wp-content\/uploads\/2013\/06\/Far-From-a-Dream.jpg?fit=300%2C221&amp;ssl=1\" data-large-file=\"https:\/\/i0.wp.com\/www.oboa.de\/wordpress\/wp-content\/uploads\/2013\/06\/Far-From-a-Dream.jpg?fit=800%2C592&amp;ssl=1\" tabindex=\"0\" role=\"button\" class=\"alignleft size-medium wp-image-1461\" src=\"https:\/\/i0.wp.com\/www.oboa.de\/wordpress\/wp-content\/uploads\/2014\/07\/petethepiratesquid_band2-e1405190087351.jpg?resize=300%2C221\" alt=\"petethepiratesquid\" width=\"300\" height=\"221\" data-recalc-dims=\"1\" \/><\/a><\/h4>\n<p><a href=\"http:\/\/petethepiratesquid.de\/\" target=\"_blank\" rel=\"noopener\"><img loading=\"lazy\" decoding=\"async\" class=\"alignleft\" title=\"Homepage\" src=\"https:\/\/i0.wp.com\/www.oboa.de\/wordpress\/wp-content\/uploads\/2013\/06\/homepage.png?resize=32%2C32\" alt=\"\" width=\"32\" height=\"32\" data-recalc-dims=\"1\" \/><\/a><\/p>\n<h4 align=\"LEFT\">Petethepiratesquid wurden im Berlin der fr\u00fchen Zweitausender gegr\u00fcndet und spielen vertrackten Post Punk. Obwohl mehrere Jahre \u00fcber den europ\u00e4ischen Kontinent verteilt lebend, tourte die Band ausgiebig und ver\u00f6ffentlichte neben mehreren Split-Releases (u.a. mit Radio Burroughs, Shokei, Grave, Shovel&#8230;Let&#8217;s Go!) 2007 das erste Album &#8220;Don&#8217;t Correct Me If I&#8217;m Wrong&#8221; auf Altin Village &amp; Mine.F\u00fcr eine Tour in S\u00fcdostasientour wurde 2012 in Eigenregie &#8220;The Royalty EP&#8221; aufgenommen und selbst ver\u00f6ffentlicht.<\/h4>\n<h3><strong>SCHR\u00c4GERUNDE &#8211; L\u00f6t-Workshop am Nachmittag<\/strong><\/h3>\n<h4>(St\u00f6renfried | Dresden)<\/h4>\n<h4><a href=\"https:\/\/i0.wp.com\/www.oboa.de\/wordpress\/wp-content\/uploads\/2013\/07\/circuitcircle.jpg\"><img loading=\"lazy\" decoding=\"async\" data-attachment-id=\"1461\" data-permalink=\"https:\/\/www.oboa.de\/wordpress\/gb\/archiv\/oboa\/lineup\/sonnenbuhne\/far-from-a-dream\/\" data-orig-file=\"https:\/\/i0.wp.com\/www.oboa.de\/wordpress\/wp-content\/uploads\/2013\/06\/Far-From-a-Dream.jpg?fit=960%2C710&amp;ssl=1\" data-orig-size=\"960,710\" data-comments-opened=\"1\" data-image-meta=\"{&quot;aperture&quot;:&quot;0&quot;,&quot;credit&quot;:&quot;&quot;,&quot;camera&quot;:&quot;&quot;,&quot;caption&quot;:&quot;&quot;,&quot;created_timestamp&quot;:&quot;0&quot;,&quot;copyright&quot;:&quot;&quot;,&quot;focal_length&quot;:&quot;0&quot;,&quot;iso&quot;:&quot;0&quot;,&quot;shutter_speed&quot;:&quot;0&quot;,&quot;title&quot;:&quot;&quot;}\" data-image-title=\"Far From a Dream\" data-image-description=\"\" data-image-caption=\"\" data-medium-file=\"https:\/\/i0.wp.com\/www.oboa.de\/wordpress\/wp-content\/uploads\/2013\/06\/Far-From-a-Dream.jpg?fit=300%2C221&amp;ssl=1\" data-large-file=\"https:\/\/i0.wp.com\/www.oboa.de\/wordpress\/wp-content\/uploads\/2013\/06\/Far-From-a-Dream.jpg?fit=800%2C592&amp;ssl=1\" tabindex=\"0\" role=\"button\" class=\"alignleft size-medium wp-image-1461\" src=\"https:\/\/i0.wp.com\/www.oboa.de\/wordpress\/wp-content\/uploads\/2013\/07\/circuitcircle.jpg?resize=300%2C221\" alt=\"Schr\u00e4ge Runde\" width=\"300\" height=\"221\" data-recalc-dims=\"1\" \/><\/a><\/h4>\n<p><a href=\"http:\/\/www.schraegerunde.blogspot.com\" target=\"_blank\" rel=\"noopener\"><img loading=\"lazy\" decoding=\"async\" class=\"alignleft\" title=\"Homepage\" src=\"https:\/\/i0.wp.com\/www.oboa.de\/wordpress\/wp-content\/uploads\/2013\/06\/homepage.png?resize=32%2C32\" alt=\"\" width=\"32\" height=\"32\" data-recalc-dims=\"1\" \/><\/a><\/p>\n<h4 align=\"LEFT\">Die SCHR\u00c4GERUNDE ist ein Dresdener Workshop-Projekt, das sich seit 2009 mit \u201eCircuit Bending\u201c und \u201eD.I.Y.-Electronic\u201c (Do It Yourself) besch\u00e4ftigt und bereits im letzten Jahr auf dem OBOA viele Fans gefunden hat. Es geht einerseits um das Modifizieren von elektronischem Kinderspielzeug, andererseits um das Konstruieren<br \/>\nvon elektronischen Schaltungen mit einfachsten Mitteln. Bei diesen praxisorientierten Workshops werden die Teilnehmer spielerisch an die Elektronik herangef\u00fchrt und erlernen dabei die Kunst des \u201ekreativen Kurzschlusses\u201c.<br \/>\n<strong>Bau unter Anleitung deinen eigenen Mini-Synth oder funky Lichtobjekte f\u00fcr die Hosentasche!!!<\/strong><\/h4>\n","protected":false},"excerpt":{"rendered":"<p>Im Goldenen R\u00f6ssel wird es auch 2014 wieder laut!. W\u00e4hrend wir am Freitag ein paar schnelle Takte Punk, Grind und Metal auf die Schleuder packen, [&#8230;]<\/p>\n","protected":false},"author":3,"featured_media":0,"parent":1718,"menu_order":2,"comment_status":"open","ping_status":"open","template":"","meta":{"footnotes":""},"translation":{"provider":"WPGlobus","version":"3.0.0","language":"gb","enabled_languages":["de","pl","gb","es"],"languages":{"de":{"title":true,"content":true,"excerpt":false},"pl":{"title":true,"content":true,"excerpt":false},"gb":{"title":false,"content":false,"excerpt":false},"es":{"title":false,"content":false,"excerpt":false}}},"jetpack_sharing_enabled":true,"_links":{"self":[{"href":"https:\/\/www.oboa.de\/wordpress\/gb\/wp-json\/wp\/v2\/pages\/1775"}],"collection":[{"href":"https:\/\/www.oboa.de\/wordpress\/gb\/wp-json\/wp\/v2\/pages"}],"about":[{"href":"https:\/\/www.oboa.de\/wordpress\/gb\/wp-json\/wp\/v2\/types\/page"}],"author":[{"embeddable":true,"href":"https:\/\/www.oboa.de\/wordpress\/gb\/wp-json\/wp\/v2\/users\/3"}],"replies":[{"embeddable":true,"href":"https:\/\/www.oboa.de\/wordpress\/gb\/wp-json\/wp\/v2\/comments?post=1775"}],"version-history":[{"count":19,"href":"https:\/\/www.oboa.de\/wordpress\/gb\/wp-json\/wp\/v2\/pages\/1775\/revisions"}],"predecessor-version":[{"id":10644,"href":"https:\/\/www.oboa.de\/wordpress\/gb\/wp-json\/wp\/v2\/pages\/1775\/revisions\/10644"}],"up":[{"embeddable":true,"href":"https:\/\/www.oboa.de\/wordpress\/gb\/wp-json\/wp\/v2\/pages\/1718"}],"wp:attachment":[{"href":"https:\/\/www.oboa.de\/wordpress\/gb\/wp-json\/wp\/v2\/media?parent=1775"}],"curies":[{"name":"wp","href":"https:\/\/api.w.org\/{rel}","templated":true}]}}