{"id":1781,"date":"2014-07-12T17:23:43","date_gmt":"2014-07-12T15:23:43","guid":{"rendered":"http:\/\/www.oboa.de\/wordpress\/?page_id=1781"},"modified":"2018-07-12T20:28:02","modified_gmt":"2018-07-12T18:28:02","slug":"sonnenbuhne","status":"publish","type":"page","link":"https:\/\/www.oboa.de\/wordpress\/gb\/archiv\/oboa-2014\/lineup\/sonnenbuhne\/","title":{"rendered":"Sonnenb\u00fchne 2014"},"content":{"rendered":"<h4><\/h4>\n<h3><strong>Heymoonshaker<\/strong><\/h3>\n<h4>(Shakerism | Planet Earth)<\/h4>\n<h4><\/h4>\n<p><a href=\"https:\/\/i0.wp.com\/www.oboa.de\/wordpress\/wp-content\/uploads\/2014\/07\/Heymoonshaker-e1406465229251.jpg\"><img loading=\"lazy\" decoding=\"async\" data-attachment-id=\"1315\" data-permalink=\"https:\/\/www.oboa.de\/wordpress\/gb\/archiv\/oboa\/lineup\/sonnenbuhne\/gpejpg\/\" data-orig-file=\"https:\/\/i0.wp.com\/www.oboa.de\/wordpress\/wp-content\/uploads\/2013\/06\/gpejpg.jpg?fit=600%2C400&amp;ssl=1\" data-orig-size=\"600,400\" data-comments-opened=\"1\" data-image-meta=\"{&quot;aperture&quot;:&quot;0&quot;,&quot;credit&quot;:&quot;&quot;,&quot;camera&quot;:&quot;&quot;,&quot;caption&quot;:&quot;&quot;,&quot;created_timestamp&quot;:&quot;0&quot;,&quot;copyright&quot;:&quot;&quot;,&quot;focal_length&quot;:&quot;0&quot;,&quot;iso&quot;:&quot;0&quot;,&quot;shutter_speed&quot;:&quot;0&quot;,&quot;title&quot;:&quot;&quot;}\" data-image-title=\"gpejpg\" data-image-description=\"\" data-image-caption=\"\" data-medium-file=\"https:\/\/i0.wp.com\/www.oboa.de\/wordpress\/wp-content\/uploads\/2013\/06\/gpejpg.jpg?fit=300%2C200&amp;ssl=1\" data-large-file=\"https:\/\/i0.wp.com\/www.oboa.de\/wordpress\/wp-content\/uploads\/2013\/06\/gpejpg.jpg?fit=600%2C400&amp;ssl=1\" tabindex=\"0\" role=\"button\" class=\"alignleft size-medium wp-image-1315\" src=\"https:\/\/i0.wp.com\/www.oboa.de\/wordpress\/wp-content\/uploads\/2014\/07\/Heymoonshaker-e1406465229251.jpg?resize=300%2C200\" alt=\"Heymoonshaker\" width=\"300\" height=\"200\" data-recalc-dims=\"1\" \/><\/a><br \/>\n<a href=\"http:\/\/heymoonshaker.co.uk\/\" target=\"_blank\" rel=\"noopener\"><img loading=\"lazy\" decoding=\"async\" class=\"alignleft\" title=\"Homepage\" src=\"https:\/\/i0.wp.com\/www.oboa.de\/wordpress\/wp-content\/uploads\/2013\/06\/homepage.png?resize=32%2C32\" alt=\"\" width=\"32\" height=\"32\" data-recalc-dims=\"1\" \/><\/a><\/p>\n<h4 align=\"LEFT\">Heymoonshaker lassen dich erbeben! Die erdigen Blueskl\u00e4nge von Gitarrist Andy schweben, kratzen und zirpen \u00fcber den unglaublichen Rhythmusmassiven, die Beatboxer Dave meisterlich zelebriert. Dazu trifft dich das Wolfsgeheul von Andy mit einer Emotionalit\u00e4t, die dein Mark ersch\u00fcttern wird.<\/h4>\n<h3><strong>Bjelomorkanal<\/strong><\/h3>\n<h4>(Ska Reggae Patschanka | Jena)<\/h4>\n<h4><\/h4>\n<p><a href=\"https:\/\/i0.wp.com\/www.oboa.de\/wordpress\/wp-content\/uploads\/2014\/07\/BJELOMORKANAL-band-e1405180278827.jpg\"><img loading=\"lazy\" decoding=\"async\" data-attachment-id=\"1315\" data-permalink=\"https:\/\/www.oboa.de\/wordpress\/gb\/archiv\/oboa\/lineup\/sonnenbuhne\/gpejpg\/\" data-orig-file=\"https:\/\/i0.wp.com\/www.oboa.de\/wordpress\/wp-content\/uploads\/2013\/06\/gpejpg.jpg?fit=600%2C400&amp;ssl=1\" data-orig-size=\"600,400\" data-comments-opened=\"1\" data-image-meta=\"{&quot;aperture&quot;:&quot;0&quot;,&quot;credit&quot;:&quot;&quot;,&quot;camera&quot;:&quot;&quot;,&quot;caption&quot;:&quot;&quot;,&quot;created_timestamp&quot;:&quot;0&quot;,&quot;copyright&quot;:&quot;&quot;,&quot;focal_length&quot;:&quot;0&quot;,&quot;iso&quot;:&quot;0&quot;,&quot;shutter_speed&quot;:&quot;0&quot;,&quot;title&quot;:&quot;&quot;}\" data-image-title=\"gpejpg\" data-image-description=\"\" data-image-caption=\"\" data-medium-file=\"https:\/\/i0.wp.com\/www.oboa.de\/wordpress\/wp-content\/uploads\/2013\/06\/gpejpg.jpg?fit=300%2C200&amp;ssl=1\" data-large-file=\"https:\/\/i0.wp.com\/www.oboa.de\/wordpress\/wp-content\/uploads\/2013\/06\/gpejpg.jpg?fit=600%2C400&amp;ssl=1\" tabindex=\"0\" role=\"button\" class=\"alignleft size-medium wp-image-1315\" src=\"https:\/\/i0.wp.com\/www.oboa.de\/wordpress\/wp-content\/uploads\/2014\/07\/BJELOMORKANAL-band-e1405180278827.jpg?resize=300%2C200\" alt=\"Bjelomorkanal\" width=\"300\" height=\"200\" data-recalc-dims=\"1\" \/><\/a><br \/>\n<a href=\"http:\/\/bjelomorkanal.de\/\" target=\"_blank\" rel=\"noopener\"><img loading=\"lazy\" decoding=\"async\" class=\"alignleft\" title=\"Homepage\" src=\"https:\/\/i0.wp.com\/www.oboa.de\/wordpress\/wp-content\/uploads\/2013\/06\/homepage.png?resize=32%2C32\" alt=\"\" width=\"32\" height=\"32\" data-recalc-dims=\"1\" \/><\/a><\/p>\n<h4 align=\"LEFT\">Bjelomorkanal sind ein wilder Haufen, der mit reichlich Offbeats und flinkem Bl\u00e4sersatz seiner Kreativit\u00e4t freien Lauf l\u00e4sst. Kommuniziert wird in der universellen Sprache Musik, gesungen mit den Zungen vieler verschiedener L\u00e4nder.<\/h4>\n<h3><strong>Florian Lohoff Band<\/strong><\/h3>\n<h4>(Bluesrock | Berlin)<\/h4>\n<h4><\/h4>\n<p><a href=\"https:\/\/i0.wp.com\/www.oboa.de\/wordpress\/wp-content\/uploads\/2014\/07\/Florian-Lohoff-Band-e1406464444154.jpg\"><img loading=\"lazy\" decoding=\"async\" data-attachment-id=\"1315\" data-permalink=\"https:\/\/www.oboa.de\/wordpress\/gb\/archiv\/oboa\/lineup\/sonnenbuhne\/gpejpg\/\" data-orig-file=\"https:\/\/i0.wp.com\/www.oboa.de\/wordpress\/wp-content\/uploads\/2013\/06\/gpejpg.jpg?fit=600%2C400&amp;ssl=1\" data-orig-size=\"600,400\" data-comments-opened=\"1\" data-image-meta=\"{&quot;aperture&quot;:&quot;0&quot;,&quot;credit&quot;:&quot;&quot;,&quot;camera&quot;:&quot;&quot;,&quot;caption&quot;:&quot;&quot;,&quot;created_timestamp&quot;:&quot;0&quot;,&quot;copyright&quot;:&quot;&quot;,&quot;focal_length&quot;:&quot;0&quot;,&quot;iso&quot;:&quot;0&quot;,&quot;shutter_speed&quot;:&quot;0&quot;,&quot;title&quot;:&quot;&quot;}\" data-image-title=\"gpejpg\" data-image-description=\"\" data-image-caption=\"\" data-medium-file=\"https:\/\/i0.wp.com\/www.oboa.de\/wordpress\/wp-content\/uploads\/2013\/06\/gpejpg.jpg?fit=300%2C200&amp;ssl=1\" data-large-file=\"https:\/\/i0.wp.com\/www.oboa.de\/wordpress\/wp-content\/uploads\/2013\/06\/gpejpg.jpg?fit=600%2C400&amp;ssl=1\" tabindex=\"0\" role=\"button\" class=\"alignleft size-medium wp-image-1315\" src=\"https:\/\/i0.wp.com\/www.oboa.de\/wordpress\/wp-content\/uploads\/2014\/07\/Florian-Lohoff-Band-e1406464444154.jpg?resize=300%2C200\" alt=\"Florian Lohoff Band\" width=\"300\" height=\"200\" data-recalc-dims=\"1\" \/><\/a><br \/>\n<a href=\"http:\/\/florianlohoff.wordpress.com\/\" target=\"_blank\" rel=\"noopener\"><img loading=\"lazy\" decoding=\"async\" class=\"alignleft\" title=\"Homepage\" src=\"https:\/\/i0.wp.com\/www.oboa.de\/wordpress\/wp-content\/uploads\/2013\/06\/homepage.png?resize=32%2C32\" alt=\"\" width=\"32\" height=\"32\" data-recalc-dims=\"1\" \/><\/a><\/p>\n<h4 align=\"LEFT\">Wer die Florian Lohoff Band im letzten Jahr im Goldenen R\u00f6ssel gesehen hat, wei\u00df, da\u00df die Jungs den Blues im Blut haben. Der k\u00fcrzlich verstorbene Johnny Winter h\u00e4tte sicher seine Freude an dieser Band gehabt. Wer auf erdigen Bluesrock steht, wird sich hier also pudelwohl f\u00fchlen.<\/h4>\n<h3><strong>Amplified Backdoor Creatures<\/strong><\/h3>\n<h4>(W\u00fcster Progrock | Berlin)<\/h4>\n<h4><\/h4>\n<p><a href=\"https:\/\/i0.wp.com\/www.oboa.de\/wordpress\/wp-content\/uploads\/2014\/07\/Amplified-Backdoor-Creatures-Band.jpg\"><img loading=\"lazy\" decoding=\"async\" data-attachment-id=\"1315\" data-permalink=\"https:\/\/www.oboa.de\/wordpress\/gb\/archiv\/oboa\/lineup\/sonnenbuhne\/gpejpg\/\" data-orig-file=\"https:\/\/i0.wp.com\/www.oboa.de\/wordpress\/wp-content\/uploads\/2013\/06\/gpejpg.jpg?fit=600%2C400&amp;ssl=1\" data-orig-size=\"600,400\" data-comments-opened=\"1\" data-image-meta=\"{&quot;aperture&quot;:&quot;0&quot;,&quot;credit&quot;:&quot;&quot;,&quot;camera&quot;:&quot;&quot;,&quot;caption&quot;:&quot;&quot;,&quot;created_timestamp&quot;:&quot;0&quot;,&quot;copyright&quot;:&quot;&quot;,&quot;focal_length&quot;:&quot;0&quot;,&quot;iso&quot;:&quot;0&quot;,&quot;shutter_speed&quot;:&quot;0&quot;,&quot;title&quot;:&quot;&quot;}\" data-image-title=\"gpejpg\" data-image-description=\"\" data-image-caption=\"\" data-medium-file=\"https:\/\/i0.wp.com\/www.oboa.de\/wordpress\/wp-content\/uploads\/2013\/06\/gpejpg.jpg?fit=300%2C200&amp;ssl=1\" data-large-file=\"https:\/\/i0.wp.com\/www.oboa.de\/wordpress\/wp-content\/uploads\/2013\/06\/gpejpg.jpg?fit=600%2C400&amp;ssl=1\" tabindex=\"0\" role=\"button\" class=\"alignleft size-medium wp-image-1315\" src=\"https:\/\/i0.wp.com\/www.oboa.de\/wordpress\/wp-content\/uploads\/2014\/07\/Amplified-Backdoor-Creatures-Band.jpg?resize=300%2C200\" alt=\"Amplified Backdoor Creatures\" width=\"300\" height=\"200\" data-recalc-dims=\"1\" \/><\/a><br \/>\n<a href=\"http:\/\/www.amplifiedbc.com\/\" target=\"_blank\" rel=\"noopener\"><img loading=\"lazy\" decoding=\"async\" class=\"alignleft\" title=\"Homepage\" src=\"https:\/\/i0.wp.com\/www.oboa.de\/wordpress\/wp-content\/uploads\/2013\/06\/homepage.png?resize=32%2C32\" alt=\"\" width=\"32\" height=\"32\" data-recalc-dims=\"1\" \/><\/a><\/p>\n<h4 align=\"LEFT\">Mit Wurzeln im Stoner der 90er haben sich die seit 2009 existierenden Amplified Backdoor Creatures ihren eigenen vertrackten Robot-Sound geschaffen. Sie gehen nach vorn und zeigen, dass man sich seinem Groove nie sicher sein sollte. Mit ihrer d\u00fcsteren Ausstrahlung gepaart mit ordentlich Jim Morrison Charme findet die Band auf dem OBOA sicher viele neue Fans.<\/h4>\n<h3><strong>Diving for sunken treasure<\/strong><\/h3>\n<h4>(Gypsy Punk | Berlin)<\/h4>\n<h4><\/h4>\n<p><a href=\"https:\/\/i0.wp.com\/www.oboa.de\/wordpress\/wp-content\/uploads\/2014\/07\/diving-for-sunken-treasure-e1406463056485.jpg\"><img loading=\"lazy\" decoding=\"async\" data-attachment-id=\"1315\" data-permalink=\"https:\/\/www.oboa.de\/wordpress\/gb\/archiv\/oboa\/lineup\/sonnenbuhne\/gpejpg\/\" data-orig-file=\"https:\/\/i0.wp.com\/www.oboa.de\/wordpress\/wp-content\/uploads\/2013\/06\/gpejpg.jpg?fit=600%2C400&amp;ssl=1\" data-orig-size=\"600,400\" data-comments-opened=\"1\" data-image-meta=\"{&quot;aperture&quot;:&quot;0&quot;,&quot;credit&quot;:&quot;&quot;,&quot;camera&quot;:&quot;&quot;,&quot;caption&quot;:&quot;&quot;,&quot;created_timestamp&quot;:&quot;0&quot;,&quot;copyright&quot;:&quot;&quot;,&quot;focal_length&quot;:&quot;0&quot;,&quot;iso&quot;:&quot;0&quot;,&quot;shutter_speed&quot;:&quot;0&quot;,&quot;title&quot;:&quot;&quot;}\" data-image-title=\"gpejpg\" data-image-description=\"\" data-image-caption=\"\" data-medium-file=\"https:\/\/i0.wp.com\/www.oboa.de\/wordpress\/wp-content\/uploads\/2013\/06\/gpejpg.jpg?fit=300%2C200&amp;ssl=1\" data-large-file=\"https:\/\/i0.wp.com\/www.oboa.de\/wordpress\/wp-content\/uploads\/2013\/06\/gpejpg.jpg?fit=600%2C400&amp;ssl=1\" tabindex=\"0\" role=\"button\" class=\"alignleft size-medium wp-image-1315\" src=\"https:\/\/i0.wp.com\/www.oboa.de\/wordpress\/wp-content\/uploads\/2014\/07\/diving-for-sunken-treasure-e1406463056485.jpg?resize=300%2C200\" alt=\"Diving for sunken treasure\" width=\"300\" height=\"200\" data-recalc-dims=\"1\" \/><\/a><br \/>\n<a href=\"http:\/\/www.divingforsunkentreasure.com\/\" target=\"_blank\" rel=\"noopener\"><img loading=\"lazy\" decoding=\"async\" class=\"alignleft\" title=\"Homepage\" src=\"https:\/\/i0.wp.com\/www.oboa.de\/wordpress\/wp-content\/uploads\/2013\/06\/homepage.png?resize=32%2C32\" alt=\"\" width=\"32\" height=\"32\" data-recalc-dims=\"1\" \/><\/a><\/p>\n<h4 align=\"LEFT\">Shake your ass! Das beschreibt die Musik von Diving for sunken treasure wohl ziemlich gut. Eine energetische Mischung aus Kneipenband und Gypsy-Party wird f\u00fcr einen heissen Freitagabend sorgen. Die Tanzschuhe k\u00f6nnen gern durch die Luft fliegen und Mitsingen versteht sich von selbst!<\/h4>\n<h3><strong>5 Rano<\/strong><\/h3>\n<h4>(Blues Rock &amp; Roll | Polen)<\/h4>\n<p><a href=\"https:\/\/i0.wp.com\/www.oboa.de\/wordpress\/wp-content\/uploads\/2014\/07\/5-RANO-2014.jpg\"><img loading=\"lazy\" decoding=\"async\" data-attachment-id=\"2091\" data-permalink=\"https:\/\/www.oboa.de\/wordpress\/gb\/archiv\/oboa-2014\/lineup\/sonnenbuhne\/5-rano-2014\/\" data-orig-file=\"https:\/\/i0.wp.com\/www.oboa.de\/wordpress\/wp-content\/uploads\/2014\/07\/5-RANO-2014.jpg?fit=3155%2C1172&amp;ssl=1\" data-orig-size=\"3155,1172\" data-comments-opened=\"1\" data-image-meta=\"{&quot;aperture&quot;:&quot;0&quot;,&quot;credit&quot;:&quot;&quot;,&quot;camera&quot;:&quot;&quot;,&quot;caption&quot;:&quot;&quot;,&quot;created_timestamp&quot;:&quot;0&quot;,&quot;copyright&quot;:&quot;&quot;,&quot;focal_length&quot;:&quot;0&quot;,&quot;iso&quot;:&quot;0&quot;,&quot;shutter_speed&quot;:&quot;0&quot;,&quot;title&quot;:&quot;&quot;}\" data-image-title=\"5 RANO 2014\" data-image-description=\"\" data-image-caption=\"\" data-medium-file=\"https:\/\/i0.wp.com\/www.oboa.de\/wordpress\/wp-content\/uploads\/2014\/07\/5-RANO-2014.jpg?fit=300%2C111&amp;ssl=1\" data-large-file=\"https:\/\/i0.wp.com\/www.oboa.de\/wordpress\/wp-content\/uploads\/2014\/07\/5-RANO-2014.jpg?fit=800%2C297&amp;ssl=1\" tabindex=\"0\" role=\"button\" class=\"size-full wp-image-2091 alignleft\" src=\"https:\/\/i0.wp.com\/www.oboa.de\/wordpress\/wp-content\/uploads\/2014\/07\/5-RANO-2014.jpg?resize=327%2C135\" alt=\"5 RANO 2014\" width=\"327\" height=\"135\" data-recalc-dims=\"1\" \/><\/a><br \/>\n<a href=\"http:\/\/5rano.com.pl\" target=\"_blank\" rel=\"noopener\"><img loading=\"lazy\" decoding=\"async\" class=\"alignleft\" title=\"Homepage\" src=\"https:\/\/i0.wp.com\/www.oboa.de\/wordpress\/wp-content\/uploads\/2013\/06\/homepage.png?resize=32%2C32\" alt=\"\" width=\"32\" height=\"32\" data-recalc-dims=\"1\" \/><\/a><\/p>\n<h4 align=\"LEFT\">5 RANO\u00a0haben sich 2004 zusammen gefunden und sind inspiriert von Blues sowie 60er und 70er Rock. Ihre kreativen Ideen, ihre Leidenschaft und Energie ergeben zusammen eine besondere musikalische Mischung.<br \/>\nBluesrock, klassischer Rock, psychedelischer Rock, Rock\u2019n\u2019Roll \u2013 all das trifft es und doch auch wieder nicht allein. Ihre inspirierenden Improvisationen tragen dazu bei, dass jedes Konzert zu einer besonderen und einzigartigen Reise durch die Rockgeschichte wird.<\/h4>\n<h3><strong>Wrong<\/strong><\/h3>\n<h4>(Distortion Polka | Berlin)<\/h4>\n<h4><\/h4>\n<p><a href=\"https:\/\/i0.wp.com\/www.oboa.de\/wordpress\/wp-content\/uploads\/2014\/07\/wrong-band-e1406463963476.jpg\"><img loading=\"lazy\" decoding=\"async\" data-attachment-id=\"1315\" data-permalink=\"https:\/\/www.oboa.de\/wordpress\/gb\/archiv\/oboa\/lineup\/sonnenbuhne\/gpejpg\/\" data-orig-file=\"https:\/\/i0.wp.com\/www.oboa.de\/wordpress\/wp-content\/uploads\/2013\/06\/gpejpg.jpg?fit=600%2C400&amp;ssl=1\" data-orig-size=\"600,400\" data-comments-opened=\"1\" data-image-meta=\"{&quot;aperture&quot;:&quot;0&quot;,&quot;credit&quot;:&quot;&quot;,&quot;camera&quot;:&quot;&quot;,&quot;caption&quot;:&quot;&quot;,&quot;created_timestamp&quot;:&quot;0&quot;,&quot;copyright&quot;:&quot;&quot;,&quot;focal_length&quot;:&quot;0&quot;,&quot;iso&quot;:&quot;0&quot;,&quot;shutter_speed&quot;:&quot;0&quot;,&quot;title&quot;:&quot;&quot;}\" data-image-title=\"gpejpg\" data-image-description=\"\" data-image-caption=\"\" data-medium-file=\"https:\/\/i0.wp.com\/www.oboa.de\/wordpress\/wp-content\/uploads\/2013\/06\/gpejpg.jpg?fit=300%2C200&amp;ssl=1\" data-large-file=\"https:\/\/i0.wp.com\/www.oboa.de\/wordpress\/wp-content\/uploads\/2013\/06\/gpejpg.jpg?fit=600%2C400&amp;ssl=1\" tabindex=\"0\" role=\"button\" class=\"alignleft size-medium wp-image-1315\" src=\"https:\/\/i0.wp.com\/www.oboa.de\/wordpress\/wp-content\/uploads\/2014\/07\/wrong-band-e1406463963476.jpg?resize=300%2C200\" alt=\"Wrong\" width=\"300\" height=\"200\" data-recalc-dims=\"1\" \/><\/a><br \/>\n<a href=\"http:\/\/wrongwrongwrong.de\/\" target=\"_blank\" rel=\"noopener\"><img loading=\"lazy\" decoding=\"async\" class=\"alignleft\" title=\"Homepage\" src=\"https:\/\/i0.wp.com\/www.oboa.de\/wordpress\/wp-content\/uploads\/2013\/06\/homepage.png?resize=32%2C32\" alt=\"\" width=\"32\" height=\"32\" data-recalc-dims=\"1\" \/><\/a><\/p>\n<h4 align=\"LEFT\">Crazy Shit, die Jungs haben ne Meise. Gitarre, Schlagzeug und ne grosse T\u00fcte Bl\u00f6dsinn,<br \/>\nda fragt mensch sich, wie die einzelnen Songs wohl entstanden sind und ob die immer so verwuselt sind, wie gerade jetzt, wo ich vor der Band stehe und mich frage, ob ich am completely wrong place bin&#8230;<\/h4>\n<h3><strong>Krautstomper<\/strong><\/h3>\n<h4>(Stoned Rock | Berlin)<\/h4>\n<h4><\/h4>\n<p><a href=\"https:\/\/i0.wp.com\/www.oboa.de\/wordpress\/wp-content\/uploads\/2014\/07\/krautstomper-band-e1406463629271.jpg\"><img loading=\"lazy\" decoding=\"async\" data-attachment-id=\"1315\" data-permalink=\"https:\/\/www.oboa.de\/wordpress\/gb\/archiv\/oboa\/lineup\/sonnenbuhne\/gpejpg\/\" data-orig-file=\"https:\/\/i0.wp.com\/www.oboa.de\/wordpress\/wp-content\/uploads\/2013\/06\/gpejpg.jpg?fit=600%2C400&amp;ssl=1\" data-orig-size=\"600,400\" data-comments-opened=\"1\" data-image-meta=\"{&quot;aperture&quot;:&quot;0&quot;,&quot;credit&quot;:&quot;&quot;,&quot;camera&quot;:&quot;&quot;,&quot;caption&quot;:&quot;&quot;,&quot;created_timestamp&quot;:&quot;0&quot;,&quot;copyright&quot;:&quot;&quot;,&quot;focal_length&quot;:&quot;0&quot;,&quot;iso&quot;:&quot;0&quot;,&quot;shutter_speed&quot;:&quot;0&quot;,&quot;title&quot;:&quot;&quot;}\" data-image-title=\"gpejpg\" data-image-description=\"\" data-image-caption=\"\" data-medium-file=\"https:\/\/i0.wp.com\/www.oboa.de\/wordpress\/wp-content\/uploads\/2013\/06\/gpejpg.jpg?fit=300%2C200&amp;ssl=1\" data-large-file=\"https:\/\/i0.wp.com\/www.oboa.de\/wordpress\/wp-content\/uploads\/2013\/06\/gpejpg.jpg?fit=600%2C400&amp;ssl=1\" tabindex=\"0\" role=\"button\" class=\"alignleft size-medium wp-image-1315\" src=\"https:\/\/i0.wp.com\/www.oboa.de\/wordpress\/wp-content\/uploads\/2014\/07\/krautstomper-band-e1406463629271.jpg?resize=300%2C200\" alt=\"Krautstomper\" width=\"300\" height=\"200\" data-recalc-dims=\"1\" \/><\/a><br \/>\n<a href=\"http:\/\/krautstomper.com\/\" target=\"_blank\" rel=\"noopener\"><img loading=\"lazy\" decoding=\"async\" class=\"alignleft\" title=\"Homepage\" src=\"https:\/\/i0.wp.com\/www.oboa.de\/wordpress\/wp-content\/uploads\/2013\/06\/homepage.png?resize=32%2C32\" alt=\"\" width=\"32\" height=\"32\" data-recalc-dims=\"1\" \/><\/a><\/p>\n<h4 align=\"LEFT\">Mit Krautstomper stellen wir euch eine Band vor, die sich in viele Richtungen orientiert und doch stets die Heaviness im Auge beh\u00e4lt. Fast schon ekkektizistisch bewegt sich die Band zwischen psychedelischen Krautrockparts, fetten Sludgeriffs und treibendem Heavyrock.<\/h4>\n<h3><strong>Piratenchansons<\/strong><\/h3>\n<h4>(Brecht\/Weill | Berlin)<\/h4>\n<p><a href=\"https:\/\/i0.wp.com\/www.oboa.de\/wordpress\/wp-content\/uploads\/2014\/08\/graustufen-e1407176631954.jpg\"><img loading=\"lazy\" decoding=\"async\" data-attachment-id=\"1411\" data-permalink=\"https:\/\/www.oboa.de\/wordpress\/gb\/archiv\/oboa\/lineup\/beatbasar\/sebastian-arnold\/\" data-orig-file=\"https:\/\/i0.wp.com\/www.oboa.de\/wordpress\/wp-content\/uploads\/2013\/06\/sebastian-Arnold.jpg?fit=525%2C390&amp;ssl=1\" data-orig-size=\"525,390\" data-comments-opened=\"1\" data-image-meta=\"{&quot;aperture&quot;:&quot;0&quot;,&quot;credit&quot;:&quot;&quot;,&quot;camera&quot;:&quot;&quot;,&quot;caption&quot;:&quot;&quot;,&quot;created_timestamp&quot;:&quot;0&quot;,&quot;copyright&quot;:&quot;&quot;,&quot;focal_length&quot;:&quot;0&quot;,&quot;iso&quot;:&quot;0&quot;,&quot;shutter_speed&quot;:&quot;0&quot;,&quot;title&quot;:&quot;&quot;}\" data-image-title=\"Sebastian Arnold\" data-image-description=\"\" data-image-caption=\"\" data-medium-file=\"https:\/\/i0.wp.com\/www.oboa.de\/wordpress\/wp-content\/uploads\/2013\/06\/sebastian-Arnold.jpg?fit=300%2C222&amp;ssl=1\" data-large-file=\"https:\/\/i0.wp.com\/www.oboa.de\/wordpress\/wp-content\/uploads\/2013\/06\/sebastian-Arnold.jpg?fit=525%2C390&amp;ssl=1\" tabindex=\"0\" role=\"button\" class=\"alignleft size-medium wp-image-1411\" src=\"https:\/\/i0.wp.com\/www.oboa.de\/wordpress\/wp-content\/uploads\/2014\/08\/graustufen-e1407176631954.jpg?resize=300%2C222\" alt=\"Piratenchansons\" width=\"300\" height=\"222\" data-recalc-dims=\"1\" \/><\/a><\/p>\n<h4>In diesem Jahr werden wir den Sonnenuntergang am Samstagabend mit Interpretationen von Weillst\u00fccken aus den 20er Jahren geniessen.G\u00e4nsehaut kann kommen&#8230;<\/h4>\n<h3><strong>Karate Schulz<\/strong><\/h3>\n<h4>(Karatekurs | Prenzlau)<\/h4>\n<h4><\/h4>\n<p><a href=\"https:\/\/i0.wp.com\/www.oboa.de\/wordpress\/wp-content\/uploads\/2014\/08\/karate_schulz-e1407864782759.jpg\"><img loading=\"lazy\" decoding=\"async\" data-attachment-id=\"1315\" data-permalink=\"https:\/\/www.oboa.de\/wordpress\/gb\/archiv\/oboa\/lineup\/sonnenbuhne\/gpejpg\/\" data-orig-file=\"https:\/\/i0.wp.com\/www.oboa.de\/wordpress\/wp-content\/uploads\/2013\/06\/gpejpg.jpg?fit=600%2C400&amp;ssl=1\" data-orig-size=\"600,400\" data-comments-opened=\"1\" data-image-meta=\"{&quot;aperture&quot;:&quot;0&quot;,&quot;credit&quot;:&quot;&quot;,&quot;camera&quot;:&quot;&quot;,&quot;caption&quot;:&quot;&quot;,&quot;created_timestamp&quot;:&quot;0&quot;,&quot;copyright&quot;:&quot;&quot;,&quot;focal_length&quot;:&quot;0&quot;,&quot;iso&quot;:&quot;0&quot;,&quot;shutter_speed&quot;:&quot;0&quot;,&quot;title&quot;:&quot;&quot;}\" data-image-title=\"gpejpg\" data-image-description=\"\" data-image-caption=\"\" data-medium-file=\"https:\/\/i0.wp.com\/www.oboa.de\/wordpress\/wp-content\/uploads\/2013\/06\/gpejpg.jpg?fit=300%2C200&amp;ssl=1\" data-large-file=\"https:\/\/i0.wp.com\/www.oboa.de\/wordpress\/wp-content\/uploads\/2013\/06\/gpejpg.jpg?fit=600%2C400&amp;ssl=1\" tabindex=\"0\" role=\"button\" class=\"alignleft size-medium wp-image-1315\" src=\"https:\/\/i0.wp.com\/www.oboa.de\/wordpress\/wp-content\/uploads\/2014\/08\/karate_schulz-e1407864782759.jpg?resize=300%2C200\" alt=\"Karate Schulz\" width=\"300\" height=\"200\" data-recalc-dims=\"1\" \/><\/a><br \/>\n<a href=\"https:\/\/www.facebook.com\/karateschulz\" target=\"_blank\" rel=\"noopener\"><img loading=\"lazy\" decoding=\"async\" class=\"alignleft\" title=\"Homepage\" src=\"https:\/\/i0.wp.com\/www.oboa.de\/wordpress\/wp-content\/uploads\/2013\/06\/homepage.png?resize=32%2C32\" alt=\"\" width=\"32\" height=\"32\" data-recalc-dims=\"1\" \/><\/a><\/p>\n","protected":false},"excerpt":{"rendered":"<p>Heymoonshaker (Shakerism | Planet Earth) Heymoonshaker lassen dich erbeben! Die erdigen Blueskl\u00e4nge von Gitarrist Andy schweben, kratzen und zirpen \u00fcber den unglaublichen Rhythmusmassiven, die Beatboxer [&#8230;]<\/p>\n","protected":false},"author":3,"featured_media":0,"parent":1718,"menu_order":1,"comment_status":"open","ping_status":"open","template":"","meta":{"footnotes":""},"translation":{"provider":"WPGlobus","version":"3.0.0","language":"gb","enabled_languages":["de","pl","gb","es"],"languages":{"de":{"title":true,"content":true,"excerpt":false},"pl":{"title":true,"content":true,"excerpt":false},"gb":{"title":false,"content":false,"excerpt":false},"es":{"title":false,"content":false,"excerpt":false}}},"jetpack_sharing_enabled":true,"_links":{"self":[{"href":"https:\/\/www.oboa.de\/wordpress\/gb\/wp-json\/wp\/v2\/pages\/1781"}],"collection":[{"href":"https:\/\/www.oboa.de\/wordpress\/gb\/wp-json\/wp\/v2\/pages"}],"about":[{"href":"https:\/\/www.oboa.de\/wordpress\/gb\/wp-json\/wp\/v2\/types\/page"}],"author":[{"embeddable":true,"href":"https:\/\/www.oboa.de\/wordpress\/gb\/wp-json\/wp\/v2\/users\/3"}],"replies":[{"embeddable":true,"href":"https:\/\/www.oboa.de\/wordpress\/gb\/wp-json\/wp\/v2\/comments?post=1781"}],"version-history":[{"count":27,"href":"https:\/\/www.oboa.de\/wordpress\/gb\/wp-json\/wp\/v2\/pages\/1781\/revisions"}],"predecessor-version":[{"id":10648,"href":"https:\/\/www.oboa.de\/wordpress\/gb\/wp-json\/wp\/v2\/pages\/1781\/revisions\/10648"}],"up":[{"embeddable":true,"href":"https:\/\/www.oboa.de\/wordpress\/gb\/wp-json\/wp\/v2\/pages\/1718"}],"wp:attachment":[{"href":"https:\/\/www.oboa.de\/wordpress\/gb\/wp-json\/wp\/v2\/media?parent=1781"}],"curies":[{"name":"wp","href":"https:\/\/api.w.org\/{rel}","templated":true}]}}