{"id":2219,"date":"2016-06-13T17:06:54","date_gmt":"2016-06-13T15:06:54","guid":{"rendered":"http:\/\/www.oboa.de\/wordpress\/?page_id=2219"},"modified":"2018-07-12T20:24:44","modified_gmt":"2018-07-12T18:24:44","slug":"goldenes-rossel","status":"publish","type":"page","link":"https:\/\/www.oboa.de\/wordpress\/gb\/archiv\/oboa-2016\/lineup\/goldenes-rossel\/","title":{"rendered":"Goldenes R\u00f6ssel 2016"},"content":{"rendered":"<p style=\"text-align: left;\"><a href=\"http:\/\/balg.bandcamp.com\/releases\" target=\"_blank\" rel=\"noopener\">BALG<\/a><br \/>\nNoizerock\/Jazzmetal<br \/>\n&#8220;don&#8217;t like kids&#8221; &#8211; sorry<\/p>\n<p style=\"text-align: left;\"><a href=\"https:\/\/i0.wp.com\/www.oboa.de\/wordpress\/wp-content\/uploads\/2016\/06\/balg.jpg\"><img loading=\"lazy\" decoding=\"async\" data-attachment-id=\"2289\" data-permalink=\"https:\/\/www.oboa.de\/wordpress\/gb\/archiv\/oboa-2016\/lineup\/goldenes-rossel\/balg\/\" data-orig-file=\"https:\/\/i0.wp.com\/www.oboa.de\/wordpress\/wp-content\/uploads\/2016\/06\/balg.jpg?fit=850%2C567&amp;ssl=1\" data-orig-size=\"850,567\" data-comments-opened=\"1\" data-image-meta=\"{&quot;aperture&quot;:&quot;0&quot;,&quot;credit&quot;:&quot;&quot;,&quot;camera&quot;:&quot;&quot;,&quot;caption&quot;:&quot;&quot;,&quot;created_timestamp&quot;:&quot;0&quot;,&quot;copyright&quot;:&quot;&quot;,&quot;focal_length&quot;:&quot;0&quot;,&quot;iso&quot;:&quot;0&quot;,&quot;shutter_speed&quot;:&quot;0&quot;,&quot;title&quot;:&quot;&quot;}\" data-image-title=\"balg\" data-image-description=\"\" data-image-caption=\"\" data-medium-file=\"https:\/\/i0.wp.com\/www.oboa.de\/wordpress\/wp-content\/uploads\/2016\/06\/balg.jpg?fit=300%2C200&amp;ssl=1\" data-large-file=\"https:\/\/i0.wp.com\/www.oboa.de\/wordpress\/wp-content\/uploads\/2016\/06\/balg.jpg?fit=800%2C534&amp;ssl=1\" tabindex=\"0\" role=\"button\" class=\"alignleft size-medium wp-image-2289\" src=\"https:\/\/i0.wp.com\/www.oboa.de\/wordpress\/wp-content\/uploads\/2016\/06\/balg-300x200.jpg?resize=300%2C200\" alt=\"balg\" width=\"300\" height=\"200\" srcset=\"https:\/\/i0.wp.com\/www.oboa.de\/wordpress\/wp-content\/uploads\/2016\/06\/balg.jpg?resize=300%2C200&amp;ssl=1 300w, https:\/\/i0.wp.com\/www.oboa.de\/wordpress\/wp-content\/uploads\/2016\/06\/balg.jpg?w=850&amp;ssl=1 850w\" sizes=\"(max-width: 300px) 100vw, 300px\" data-recalc-dims=\"1\" \/><\/a><br class=\"clear\" \/><br class=\"clear\" \/><\/p>\n<h4><\/h4>\n<h4><\/h4>\n<h4><\/h4>\n<h4><\/h4>\n<h4><\/h4>\n<p style=\"text-align: left;\"><strong><a href=\"http:\/\/www.hildegardvonbingedrinking.org\/\" target=\"_blank\" rel=\"noopener\">HILDEGARD VON BINGE DRINKING<\/a><\/strong><\/p>\n<p style=\"text-align: left;\">(Power-Kraut n Knertz-Rap, W\u00fcrzburg)<\/p>\n<p>Fuck you, this is not a \u201eSpa\u00dfband\u201c. Witz ist nicht gleich d\u00f6delige Albernheit, und Wortwitz nicht gleich trottelige Comedy. Hildegard von Binge Drinking (aka HvBD) ist das \u2013 formal zugegebenerma\u00dfen polarisierende \u2013 musikalische Vehikel f\u00fcr die beiden weinfr\u00e4nkischen \u201eThirtysomethings\u201c Daniel Gehret und Matthias Labus, die sich vorherig\/nebenher u.a. schon im Mathrock\/Post-Punk-Spektakel Shokei austobten.<\/p>\n<p>Auch hier t\u00e4uscht die vorgegaukelte (ergo nicht zentrale) \u201eIronie\u201c des Namens und der Kost\u00fcme \u00fcber den Ernst der Sache hinweg, denn dieses Vehikel ist beileibe kein schnapsklebriger Karnevalszug. HvBD ist ein Chlorix-betankter Wasserwerfer gegen die Durchschnittlichkeit, gegen Muckerpose, gegen Banalit\u00e4t und gegen die generell gegenw\u00e4rtige Alltagsschei\u00dfe. HvBD sind ein Statement: Zu brechen mit der Routine, mit Hierarchien, mit anbiedernder \u00c4sthetik &#8211; im Gro\u00dfen wie im Kleinen.<\/p>\n<p>Das Erleichternde: Es funktioniert ganz ohne Polit-Punk-Gerumpel, sondern in Form einer Melange aus pumpendem Oldschool-Hiphop (im besten Sinne von Run DMC et al), wabernd-dr\u00fcckendem Synth-Krautrock \u00e0 la Trans Am, und dem bew\u00e4hrten Post-Punk-Fahrgestell der bandeigenen Sozialisation. Sp\u00e4testens ein Blick auf das Gesungene offenbart: HvBD sind eine erschreckend pers\u00f6nliche, ziemlich w\u00fctende Band, die ihr bestes tut, die eindringliche Ernsthaftigkeit mit \u00e4sthetischen Mitteln zu kompensieren, um nicht in Zynismus abzusaufen.<\/p>\n<p style=\"text-align: left;\"><a href=\"https:\/\/i0.wp.com\/www.oboa.de\/wordpress\/wp-content\/uploads\/2016\/06\/hvbd.jpg\"><img loading=\"lazy\" decoding=\"async\" data-attachment-id=\"2248\" data-permalink=\"https:\/\/www.oboa.de\/wordpress\/gb\/archiv\/oboa-2016\/lineup\/goldenes-rossel\/hvbd\/\" data-orig-file=\"https:\/\/i0.wp.com\/www.oboa.de\/wordpress\/wp-content\/uploads\/2016\/06\/hvbd.jpg?fit=640%2C960&amp;ssl=1\" data-orig-size=\"640,960\" data-comments-opened=\"1\" data-image-meta=\"{&quot;aperture&quot;:&quot;0&quot;,&quot;credit&quot;:&quot;&quot;,&quot;camera&quot;:&quot;&quot;,&quot;caption&quot;:&quot;&quot;,&quot;created_timestamp&quot;:&quot;0&quot;,&quot;copyright&quot;:&quot;&quot;,&quot;focal_length&quot;:&quot;0&quot;,&quot;iso&quot;:&quot;0&quot;,&quot;shutter_speed&quot;:&quot;0&quot;,&quot;title&quot;:&quot;&quot;}\" data-image-title=\"hvbd\" data-image-description=\"\" data-image-caption=\"\" data-medium-file=\"https:\/\/i0.wp.com\/www.oboa.de\/wordpress\/wp-content\/uploads\/2016\/06\/hvbd.jpg?fit=200%2C300&amp;ssl=1\" data-large-file=\"https:\/\/i0.wp.com\/www.oboa.de\/wordpress\/wp-content\/uploads\/2016\/06\/hvbd.jpg?fit=640%2C960&amp;ssl=1\" tabindex=\"0\" role=\"button\" class=\"size-medium wp-image-2248 alignleft\" src=\"https:\/\/i0.wp.com\/www.oboa.de\/wordpress\/wp-content\/uploads\/2016\/06\/hvbd-200x300.jpg?resize=200%2C300\" alt=\"hvbd\" width=\"200\" height=\"300\" srcset=\"https:\/\/i0.wp.com\/www.oboa.de\/wordpress\/wp-content\/uploads\/2016\/06\/hvbd.jpg?resize=200%2C300&amp;ssl=1 200w, https:\/\/i0.wp.com\/www.oboa.de\/wordpress\/wp-content\/uploads\/2016\/06\/hvbd.jpg?w=640&amp;ssl=1 640w\" sizes=\"(max-width: 200px) 100vw, 200px\" data-recalc-dims=\"1\" \/><\/a><\/p>\n<h4><\/h4>\n<h4><\/h4>\n<h4><\/h4>\n<h4><\/h4>\n<h4><\/h4>\n<p><a href=\"https:\/\/soundcloud.com\/panikaberlin\" target=\"_blank\" rel=\"noopener\">PANIKA (Noise-Punk, Berlin)<\/a><\/p>\n<p style=\"text-align: left;\"><a href=\"https:\/\/i0.wp.com\/www.oboa.de\/wordpress\/wp-content\/uploads\/2016\/06\/panika1.jpg\"><img loading=\"lazy\" decoding=\"async\" data-attachment-id=\"2387\" data-permalink=\"https:\/\/www.oboa.de\/wordpress\/gb\/archiv\/oboa-2016\/lineup\/goldenes-rossel\/panika-2\/\" data-orig-file=\"https:\/\/i0.wp.com\/www.oboa.de\/wordpress\/wp-content\/uploads\/2016\/06\/panika1.jpg?fit=1280%2C1280&amp;ssl=1\" data-orig-size=\"1280,1280\" data-comments-opened=\"1\" data-image-meta=\"{&quot;aperture&quot;:&quot;0&quot;,&quot;credit&quot;:&quot;&quot;,&quot;camera&quot;:&quot;&quot;,&quot;caption&quot;:&quot;&quot;,&quot;created_timestamp&quot;:&quot;0&quot;,&quot;copyright&quot;:&quot;&quot;,&quot;focal_length&quot;:&quot;0&quot;,&quot;iso&quot;:&quot;0&quot;,&quot;shutter_speed&quot;:&quot;0&quot;,&quot;title&quot;:&quot;&quot;}\" data-image-title=\"panika\" data-image-description=\"\" data-image-caption=\"\" data-medium-file=\"https:\/\/i0.wp.com\/www.oboa.de\/wordpress\/wp-content\/uploads\/2016\/06\/panika1.jpg?fit=300%2C300&amp;ssl=1\" data-large-file=\"https:\/\/i0.wp.com\/www.oboa.de\/wordpress\/wp-content\/uploads\/2016\/06\/panika1.jpg?fit=800%2C800&amp;ssl=1\" tabindex=\"0\" role=\"button\" class=\"alignleft size-medium wp-image-2387\" src=\"https:\/\/i0.wp.com\/www.oboa.de\/wordpress\/wp-content\/uploads\/2016\/06\/panika1-300x300.jpg?resize=300%2C300\" alt=\"panika\" width=\"300\" height=\"300\" srcset=\"https:\/\/i0.wp.com\/www.oboa.de\/wordpress\/wp-content\/uploads\/2016\/06\/panika1.jpg?resize=300%2C300&amp;ssl=1 300w, https:\/\/i0.wp.com\/www.oboa.de\/wordpress\/wp-content\/uploads\/2016\/06\/panika1.jpg?resize=150%2C150&amp;ssl=1 150w, https:\/\/i0.wp.com\/www.oboa.de\/wordpress\/wp-content\/uploads\/2016\/06\/panika1.jpg?resize=1024%2C1024&amp;ssl=1 1024w, https:\/\/i0.wp.com\/www.oboa.de\/wordpress\/wp-content\/uploads\/2016\/06\/panika1.jpg?w=1280&amp;ssl=1 1280w\" sizes=\"(max-width: 300px) 100vw, 300px\" data-recalc-dims=\"1\" \/><\/a><\/p>\n<h4><\/h4>\n<h4><\/h4>\n<h4><\/h4>\n<h4><\/h4>\n<p style=\"text-align: left;\"><a href=\"http:\/\/www.sheef.de\" target=\"_blank\" rel=\"noopener\">SHEEF<\/a><br \/>\nVier altgediente Punkrockmusiker aus dem Umfeld des Schokoladens Berlin (HAF, Abeueda, Hunger, Notdurft, Skunk) hauen immer noch in die Saiten. Mit ihren nachdenklichen und lyrischen Texten geben sie das wieder, was sie bewegt. Die krachigen und ruhigen Lieder sorgen f\u00fcr Abwechslung und \u00fcberzeugen durch ihre Ausdrucksst\u00e4rke!<br \/>\n<a href=\"https:\/\/i0.wp.com\/www.oboa.de\/wordpress\/wp-content\/uploads\/2016\/06\/sheef.jpg\"><img loading=\"lazy\" decoding=\"async\" data-attachment-id=\"2287\" data-permalink=\"https:\/\/www.oboa.de\/wordpress\/gb\/archiv\/oboa-2016\/lineup\/goldenes-rossel\/sheef\/\" data-orig-file=\"https:\/\/i0.wp.com\/www.oboa.de\/wordpress\/wp-content\/uploads\/2016\/06\/sheef.jpg?fit=800%2C600&amp;ssl=1\" data-orig-size=\"800,600\" data-comments-opened=\"1\" data-image-meta=\"{&quot;aperture&quot;:&quot;2.8&quot;,&quot;credit&quot;:&quot;&quot;,&quot;camera&quot;:&quot;E5000&quot;,&quot;caption&quot;:&quot;&quot;,&quot;created_timestamp&quot;:&quot;1030829675&quot;,&quot;copyright&quot;:&quot;&quot;,&quot;focal_length&quot;:&quot;7.1&quot;,&quot;iso&quot;:&quot;400&quot;,&quot;shutter_speed&quot;:&quot;0.125&quot;,&quot;title&quot;:&quot;&quot;}\" data-image-title=\"sheef\" data-image-description=\"\" data-image-caption=\"\" data-medium-file=\"https:\/\/i0.wp.com\/www.oboa.de\/wordpress\/wp-content\/uploads\/2016\/06\/sheef.jpg?fit=300%2C225&amp;ssl=1\" data-large-file=\"https:\/\/i0.wp.com\/www.oboa.de\/wordpress\/wp-content\/uploads\/2016\/06\/sheef.jpg?fit=800%2C600&amp;ssl=1\" tabindex=\"0\" role=\"button\" class=\"alignleft size-medium wp-image-2287\" src=\"https:\/\/i0.wp.com\/www.oboa.de\/wordpress\/wp-content\/uploads\/2016\/06\/sheef-300x225.jpg?resize=300%2C225\" alt=\"sheef\" width=\"300\" height=\"225\" srcset=\"https:\/\/i0.wp.com\/www.oboa.de\/wordpress\/wp-content\/uploads\/2016\/06\/sheef.jpg?resize=300%2C225&amp;ssl=1 300w, https:\/\/i0.wp.com\/www.oboa.de\/wordpress\/wp-content\/uploads\/2016\/06\/sheef.jpg?w=800&amp;ssl=1 800w\" sizes=\"(max-width: 300px) 100vw, 300px\" data-recalc-dims=\"1\" \/><\/a><\/p>\n<h4><\/h4>\n<h4><\/h4>\n<h4><\/h4>\n<h4><\/h4>\n<h4><\/h4>\n<p style=\"text-align: left;\"><strong><a href=\"http:\/\/www.uns.fm\">UNS<\/a><\/strong><br \/>\nUNS sind drei Leute aus Berlin, drei Leute mit verschiedenen Bandgeschichten, drei Leute mit Schlagzeug, Gitarre und dickem Synthesizeruntenrum. Sie verbrennen sch\u00f6ne Harmonien, hysterisches Hampeln und Rhythmusfreude zu einem bizarren Diskobraten. Sie spielen gleichzeitig Air und Mclusky oder Suicide und Young Marble Giants oder Kraftwerk und Tuxedomoon oder Carl Einstein und Clowns &amp; Helden oder waswei\u00dfich ESG und Turbostaat.<\/p>\n<p style=\"text-align: left;\"><a href=\"https:\/\/i0.wp.com\/www.oboa.de\/wordpress\/wp-content\/uploads\/2016\/06\/uns.jpg\"><img loading=\"lazy\" decoding=\"async\" data-attachment-id=\"2246\" data-permalink=\"https:\/\/www.oboa.de\/wordpress\/gb\/archiv\/oboa-2016\/lineup\/goldenes-rossel\/uns\/\" data-orig-file=\"https:\/\/i0.wp.com\/www.oboa.de\/wordpress\/wp-content\/uploads\/2016\/06\/uns.jpg?fit=960%2C639&amp;ssl=1\" data-orig-size=\"960,639\" data-comments-opened=\"1\" data-image-meta=\"{&quot;aperture&quot;:&quot;0&quot;,&quot;credit&quot;:&quot;Lars Hung&quot;,&quot;camera&quot;:&quot;&quot;,&quot;caption&quot;:&quot;&quot;,&quot;created_timestamp&quot;:&quot;0&quot;,&quot;copyright&quot;:&quot;larshung@rocketmail.com&quot;,&quot;focal_length&quot;:&quot;0&quot;,&quot;iso&quot;:&quot;0&quot;,&quot;shutter_speed&quot;:&quot;0&quot;,&quot;title&quot;:&quot;&quot;}\" data-image-title=\"uns\" data-image-description=\"\" data-image-caption=\"\" data-medium-file=\"https:\/\/i0.wp.com\/www.oboa.de\/wordpress\/wp-content\/uploads\/2016\/06\/uns.jpg?fit=300%2C199&amp;ssl=1\" data-large-file=\"https:\/\/i0.wp.com\/www.oboa.de\/wordpress\/wp-content\/uploads\/2016\/06\/uns.jpg?fit=800%2C533&amp;ssl=1\" tabindex=\"0\" role=\"button\" class=\"size-medium wp-image-2246 alignleft\" src=\"https:\/\/i0.wp.com\/www.oboa.de\/wordpress\/wp-content\/uploads\/2016\/06\/uns-300x199.jpg?resize=300%2C199\" alt=\"uns\" width=\"300\" height=\"199\" srcset=\"https:\/\/i0.wp.com\/www.oboa.de\/wordpress\/wp-content\/uploads\/2016\/06\/uns.jpg?resize=300%2C199&amp;ssl=1 300w, https:\/\/i0.wp.com\/www.oboa.de\/wordpress\/wp-content\/uploads\/2016\/06\/uns.jpg?w=960&amp;ssl=1 960w\" sizes=\"(max-width: 300px) 100vw, 300px\" data-recalc-dims=\"1\" \/><\/a><\/p>\n<p style=\"text-align: left;\"><a href=\"http:\/\/zymolump.bandcamp.com\/releases\" target=\"_blank\" rel=\"noopener\">\u00a0<\/a><\/p>\n<h4><\/h4>\n<h4><\/h4>\n<h4><\/h4>\n<h4><\/h4>\n<h4><\/h4>\n<p><a href=\"http:\/\/werschiesstaufralfbialla.bandcamp.com\" target=\"_blank\" rel=\"noopener\"><br \/>\nWer schie\u00dft auf Ralf Bialla? (Punk\/HC, Berlin)<\/a><br \/>\n&#8220;Eins \u2013 zwei \u2013 Feuer!&#8221; Ein Zuschauer dr\u00fcckt ab und schie\u00dft dem Artisten genau zwischen die Z\u00e4hne. Bialla st\u00f6hnt auf, schluckt kurz und spuckt die Kugel aus. Tusch und Applaus.<br \/>\nWer schie\u00dft auf Ralf Bialla, warum l\u00e4sst Ralf Bialla auf sich schie\u00dfen?<br \/>\n<a href=\"https:\/\/i0.wp.com\/www.oboa.de\/wordpress\/wp-content\/uploads\/2016\/06\/SK-24-C280-14011215540-bearbeitet.jpg\"><img loading=\"lazy\" decoding=\"async\" data-attachment-id=\"2385\" data-permalink=\"https:\/\/www.oboa.de\/wordpress\/gb\/archiv\/oboa-2016\/lineup\/goldenes-rossel\/sk-24-c280-14011215540-bearbeitet\/\" data-orig-file=\"https:\/\/i0.wp.com\/www.oboa.de\/wordpress\/wp-content\/uploads\/2016\/06\/SK-24-C280-14011215540-bearbeitet.jpg?fit=2185%2C2185&amp;ssl=1\" data-orig-size=\"2185,2185\" data-comments-opened=\"1\" data-image-meta=\"{&quot;aperture&quot;:&quot;0&quot;,&quot;credit&quot;:&quot;&quot;,&quot;camera&quot;:&quot;&quot;,&quot;caption&quot;:&quot;&quot;,&quot;created_timestamp&quot;:&quot;0&quot;,&quot;copyright&quot;:&quot;&quot;,&quot;focal_length&quot;:&quot;0&quot;,&quot;iso&quot;:&quot;0&quot;,&quot;shutter_speed&quot;:&quot;0&quot;,&quot;title&quot;:&quot;&quot;}\" data-image-title=\"SK 24 C280 14011215540 &#8211; bearbeitet\" data-image-description=\"\" data-image-caption=\"\" data-medium-file=\"https:\/\/i0.wp.com\/www.oboa.de\/wordpress\/wp-content\/uploads\/2016\/06\/SK-24-C280-14011215540-bearbeitet.jpg?fit=300%2C300&amp;ssl=1\" data-large-file=\"https:\/\/i0.wp.com\/www.oboa.de\/wordpress\/wp-content\/uploads\/2016\/06\/SK-24-C280-14011215540-bearbeitet.jpg?fit=800%2C800&amp;ssl=1\" tabindex=\"0\" role=\"button\" class=\"alignleft size-medium wp-image-2385\" src=\"https:\/\/i0.wp.com\/www.oboa.de\/wordpress\/wp-content\/uploads\/2016\/06\/SK-24-C280-14011215540-bearbeitet-300x300.jpg?resize=300%2C300\" alt=\"SK 24 C280 14011215540 - bearbeitet\" width=\"300\" height=\"300\" srcset=\"https:\/\/i0.wp.com\/www.oboa.de\/wordpress\/wp-content\/uploads\/2016\/06\/SK-24-C280-14011215540-bearbeitet.jpg?resize=300%2C300&amp;ssl=1 300w, https:\/\/i0.wp.com\/www.oboa.de\/wordpress\/wp-content\/uploads\/2016\/06\/SK-24-C280-14011215540-bearbeitet.jpg?resize=150%2C150&amp;ssl=1 150w, https:\/\/i0.wp.com\/www.oboa.de\/wordpress\/wp-content\/uploads\/2016\/06\/SK-24-C280-14011215540-bearbeitet.jpg?resize=1024%2C1024&amp;ssl=1 1024w, https:\/\/i0.wp.com\/www.oboa.de\/wordpress\/wp-content\/uploads\/2016\/06\/SK-24-C280-14011215540-bearbeitet.jpg?w=1600&amp;ssl=1 1600w\" sizes=\"(max-width: 300px) 100vw, 300px\" data-recalc-dims=\"1\" \/><\/a><\/p>\n<h4><\/h4>\n<h4><\/h4>\n<h4><\/h4>\n<h4><\/h4>\n<h4><\/h4>\n<p style=\"text-align: left;\"><a href=\"http:\/\/zymolump.bandcamp.com\/releases\" target=\"_blank\" rel=\"noopener\">ZYM OLUMP<\/a><br \/>\nLive-H\u00f6rspiel<br \/>\nZym Olump ist ein Projekt aus Leipzig und Potsdam, das das Road-H\u00f6rspiel<br \/>\n&#8220;Prinz Peters Suche&#8221; live performt.<br \/>\n<a href=\"https:\/\/i0.wp.com\/www.oboa.de\/wordpress\/wp-content\/uploads\/2016\/06\/zym-olump.jpg\"><img loading=\"lazy\" decoding=\"async\" data-attachment-id=\"2291\" data-permalink=\"https:\/\/www.oboa.de\/wordpress\/gb\/archiv\/oboa-2016\/lineup\/goldenes-rossel\/zym-olump\/\" data-orig-file=\"https:\/\/i0.wp.com\/www.oboa.de\/wordpress\/wp-content\/uploads\/2016\/06\/zym-olump.jpg?fit=850%2C567&amp;ssl=1\" data-orig-size=\"850,567\" data-comments-opened=\"1\" data-image-meta=\"{&quot;aperture&quot;:&quot;0&quot;,&quot;credit&quot;:&quot;&quot;,&quot;camera&quot;:&quot;&quot;,&quot;caption&quot;:&quot;&quot;,&quot;created_timestamp&quot;:&quot;0&quot;,&quot;copyright&quot;:&quot;&quot;,&quot;focal_length&quot;:&quot;0&quot;,&quot;iso&quot;:&quot;0&quot;,&quot;shutter_speed&quot;:&quot;0&quot;,&quot;title&quot;:&quot;&quot;}\" data-image-title=\"zym olump\" data-image-description=\"\" data-image-caption=\"\" data-medium-file=\"https:\/\/i0.wp.com\/www.oboa.de\/wordpress\/wp-content\/uploads\/2016\/06\/zym-olump.jpg?fit=300%2C200&amp;ssl=1\" data-large-file=\"https:\/\/i0.wp.com\/www.oboa.de\/wordpress\/wp-content\/uploads\/2016\/06\/zym-olump.jpg?fit=800%2C534&amp;ssl=1\" tabindex=\"0\" role=\"button\" class=\"alignleft size-medium wp-image-2291\" src=\"https:\/\/i0.wp.com\/www.oboa.de\/wordpress\/wp-content\/uploads\/2016\/06\/zym-olump-300x200.jpg?resize=300%2C200\" alt=\"zym olump\" width=\"300\" height=\"200\" srcset=\"https:\/\/i0.wp.com\/www.oboa.de\/wordpress\/wp-content\/uploads\/2016\/06\/zym-olump.jpg?resize=300%2C200&amp;ssl=1 300w, https:\/\/i0.wp.com\/www.oboa.de\/wordpress\/wp-content\/uploads\/2016\/06\/zym-olump.jpg?w=850&amp;ssl=1 850w\" sizes=\"(max-width: 300px) 100vw, 300px\" data-recalc-dims=\"1\" \/><\/a><\/p>\n<h4><\/h4>\n<h4><\/h4>\n<h4><\/h4>\n<h4><\/h4>\n<h4><\/h4>\n<p style=\"text-align: left;\"><a href=\"http:\/\/www.100000tonnenkruppstahl.de\/\" target=\"_blank\" rel=\"noopener\">100000 TONNEN KRUPPSTAHL<\/a><br \/>\nNoise\/Doom\/Grindcore<br \/>\nHerr Herrn Bommel (git, vox) und A. Donnermann (dr, vox) spielen einen hervorragenden Mix aus maximal invasivem Grindcore, smartem Thrash, Love-Doom und Noise-Rock mit ordentlich Geballer und Gebr\u00fcll.<br \/>\n<a href=\"https:\/\/i0.wp.com\/www.oboa.de\/wordpress\/wp-content\/uploads\/2016\/06\/100000-tonnen-kruppstahl.jpg\"><img loading=\"lazy\" decoding=\"async\" data-attachment-id=\"2290\" data-permalink=\"https:\/\/www.oboa.de\/wordpress\/gb\/archiv\/oboa-2016\/lineup\/goldenes-rossel\/100000-tonnen-kruppstahl\/\" data-orig-file=\"https:\/\/i0.wp.com\/www.oboa.de\/wordpress\/wp-content\/uploads\/2016\/06\/100000-tonnen-kruppstahl.jpg?fit=1200%2C800&amp;ssl=1\" data-orig-size=\"1200,800\" data-comments-opened=\"1\" data-image-meta=\"{&quot;aperture&quot;:&quot;0&quot;,&quot;credit&quot;:&quot;&quot;,&quot;camera&quot;:&quot;&quot;,&quot;caption&quot;:&quot;&quot;,&quot;created_timestamp&quot;:&quot;0&quot;,&quot;copyright&quot;:&quot;&quot;,&quot;focal_length&quot;:&quot;0&quot;,&quot;iso&quot;:&quot;0&quot;,&quot;shutter_speed&quot;:&quot;0&quot;,&quot;title&quot;:&quot;&quot;}\" data-image-title=\"100000 tonnen kruppstahl\" data-image-description=\"\" data-image-caption=\"\" data-medium-file=\"https:\/\/i0.wp.com\/www.oboa.de\/wordpress\/wp-content\/uploads\/2016\/06\/100000-tonnen-kruppstahl.jpg?fit=300%2C200&amp;ssl=1\" data-large-file=\"https:\/\/i0.wp.com\/www.oboa.de\/wordpress\/wp-content\/uploads\/2016\/06\/100000-tonnen-kruppstahl.jpg?fit=800%2C533&amp;ssl=1\" tabindex=\"0\" role=\"button\" class=\"alignleft size-medium wp-image-2290\" src=\"https:\/\/i0.wp.com\/www.oboa.de\/wordpress\/wp-content\/uploads\/2016\/06\/100000-tonnen-kruppstahl-300x200.jpg?resize=300%2C200\" alt=\"100000 tonnen kruppstahl\" width=\"300\" height=\"200\" srcset=\"https:\/\/i0.wp.com\/www.oboa.de\/wordpress\/wp-content\/uploads\/2016\/06\/100000-tonnen-kruppstahl.jpg?resize=300%2C200&amp;ssl=1 300w, https:\/\/i0.wp.com\/www.oboa.de\/wordpress\/wp-content\/uploads\/2016\/06\/100000-tonnen-kruppstahl.jpg?resize=1024%2C682&amp;ssl=1 1024w, https:\/\/i0.wp.com\/www.oboa.de\/wordpress\/wp-content\/uploads\/2016\/06\/100000-tonnen-kruppstahl.jpg?w=1200&amp;ssl=1 1200w\" sizes=\"(max-width: 300px) 100vw, 300px\" data-recalc-dims=\"1\" \/><\/a><\/p>\n","protected":false},"excerpt":{"rendered":"<p>BALG Noizerock\/Jazzmetal &#8220;don&#8217;t like kids&#8221; &#8211; sorry HILDEGARD VON BINGE DRINKING (Power-Kraut n Knertz-Rap, W\u00fcrzburg) Fuck you, this is not a \u201eSpa\u00dfband\u201c. Witz ist nicht [&#8230;]<\/p>\n","protected":false},"author":6,"featured_media":2038,"parent":2213,"menu_order":2,"comment_status":"open","ping_status":"open","template":"","meta":{"footnotes":""},"translation":{"provider":"WPGlobus","version":"3.0.0","language":"gb","enabled_languages":["de","pl","gb","es"],"languages":{"de":{"title":true,"content":true,"excerpt":false},"pl":{"title":true,"content":true,"excerpt":false},"gb":{"title":false,"content":false,"excerpt":false},"es":{"title":false,"content":false,"excerpt":false}}},"jetpack_sharing_enabled":true,"_links":{"self":[{"href":"https:\/\/www.oboa.de\/wordpress\/gb\/wp-json\/wp\/v2\/pages\/2219"}],"collection":[{"href":"https:\/\/www.oboa.de\/wordpress\/gb\/wp-json\/wp\/v2\/pages"}],"about":[{"href":"https:\/\/www.oboa.de\/wordpress\/gb\/wp-json\/wp\/v2\/types\/page"}],"author":[{"embeddable":true,"href":"https:\/\/www.oboa.de\/wordpress\/gb\/wp-json\/wp\/v2\/users\/6"}],"replies":[{"embeddable":true,"href":"https:\/\/www.oboa.de\/wordpress\/gb\/wp-json\/wp\/v2\/comments?post=2219"}],"version-history":[{"count":29,"href":"https:\/\/www.oboa.de\/wordpress\/gb\/wp-json\/wp\/v2\/pages\/2219\/revisions"}],"predecessor-version":[{"id":10634,"href":"https:\/\/www.oboa.de\/wordpress\/gb\/wp-json\/wp\/v2\/pages\/2219\/revisions\/10634"}],"up":[{"embeddable":true,"href":"https:\/\/www.oboa.de\/wordpress\/gb\/wp-json\/wp\/v2\/pages\/2213"}],"wp:featuredmedia":[{"embeddable":true,"href":"https:\/\/www.oboa.de\/wordpress\/gb\/wp-json\/wp\/v2\/media\/2038"}],"wp:attachment":[{"href":"https:\/\/www.oboa.de\/wordpress\/gb\/wp-json\/wp\/v2\/media?parent=2219"}],"curies":[{"name":"wp","href":"https:\/\/api.w.org\/{rel}","templated":true}]}}