{"id":2226,"date":"2016-06-13T17:21:08","date_gmt":"2016-06-13T15:21:08","guid":{"rendered":"http:\/\/www.oboa.de\/wordpress\/?page_id=2226"},"modified":"2018-07-12T20:26:39","modified_gmt":"2018-07-12T18:26:39","slug":"windspiel","status":"publish","type":"page","link":"https:\/\/www.oboa.de\/wordpress\/gb\/archiv\/oboa-2016\/lineup\/windspiel\/","title":{"rendered":"Windspiel 2016"},"content":{"rendered":"<p><a href=\"https:\/\/i0.wp.com\/www.oboa.de\/wordpress\/wp-content\/uploads\/2016\/08\/cajon.jpg\"><img loading=\"lazy\" decoding=\"async\" data-attachment-id=\"1494\" data-permalink=\"https:\/\/www.oboa.de\/wordpress\/gb\/archiv\/oboa\/lineup\/goldenes-rossel\/florian-lohoff\/\" data-orig-file=\"https:\/\/i0.wp.com\/www.oboa.de\/wordpress\/wp-content\/uploads\/2013\/06\/florian-lohoff.jpg?fit=774%2C516&amp;ssl=1\" data-orig-size=\"774,516\" data-comments-opened=\"1\" data-image-meta=\"{&quot;aperture&quot;:&quot;0&quot;,&quot;credit&quot;:&quot;&quot;,&quot;camera&quot;:&quot;&quot;,&quot;caption&quot;:&quot;&quot;,&quot;created_timestamp&quot;:&quot;1364597853&quot;,&quot;copyright&quot;:&quot;&quot;,&quot;focal_length&quot;:&quot;0&quot;,&quot;iso&quot;:&quot;0&quot;,&quot;shutter_speed&quot;:&quot;0&quot;,&quot;title&quot;:&quot;&quot;}\" data-image-title=\"florian lohoff\" data-image-description=\"\" data-image-caption=\"\" data-medium-file=\"https:\/\/i0.wp.com\/www.oboa.de\/wordpress\/wp-content\/uploads\/2013\/06\/florian-lohoff.jpg?fit=300%2C200&amp;ssl=1\" data-large-file=\"https:\/\/i0.wp.com\/www.oboa.de\/wordpress\/wp-content\/uploads\/2013\/06\/florian-lohoff.jpg?fit=774%2C516&amp;ssl=1\" tabindex=\"0\" role=\"button\" class=\"alignleft size-medium wp-image-1494\" src=\"https:\/\/i0.wp.com\/www.oboa.de\/wordpress\/wp-content\/uploads\/2016\/08\/cajon.jpg?resize=300%2C200\" alt=\"Cajon\" width=\"300\" height=\"200\" data-recalc-dims=\"1\" \/><\/a><\/p>\n<h4><\/h4>\n<p>Bei Otti &amp; D\u00f6rte trifft am fr\u00fchen Freitagabend Cajon auf Gitarre &#8211; es wird also groovy \ud83d\ude09<br \/>\nAu\u00dferdem gibt es in diesem Jahr wieder das beliebte Windspiel-Quiz.<\/p>\n<h4><a href=\"https:\/\/i0.wp.com\/www.oboa.de\/wordpress\/wp-content\/uploads\/2016\/08\/kora.gif\"><img loading=\"lazy\" decoding=\"async\" data-attachment-id=\"1494\" data-permalink=\"https:\/\/www.oboa.de\/wordpress\/gb\/archiv\/oboa\/lineup\/goldenes-rossel\/florian-lohoff\/\" data-orig-file=\"https:\/\/i0.wp.com\/www.oboa.de\/wordpress\/wp-content\/uploads\/2013\/06\/florian-lohoff.jpg?fit=774%2C516&amp;ssl=1\" data-orig-size=\"774,516\" data-comments-opened=\"1\" data-image-meta=\"{&quot;aperture&quot;:&quot;0&quot;,&quot;credit&quot;:&quot;&quot;,&quot;camera&quot;:&quot;&quot;,&quot;caption&quot;:&quot;&quot;,&quot;created_timestamp&quot;:&quot;1364597853&quot;,&quot;copyright&quot;:&quot;&quot;,&quot;focal_length&quot;:&quot;0&quot;,&quot;iso&quot;:&quot;0&quot;,&quot;shutter_speed&quot;:&quot;0&quot;,&quot;title&quot;:&quot;&quot;}\" data-image-title=\"florian lohoff\" data-image-description=\"\" data-image-caption=\"\" data-medium-file=\"https:\/\/i0.wp.com\/www.oboa.de\/wordpress\/wp-content\/uploads\/2013\/06\/florian-lohoff.jpg?fit=300%2C200&amp;ssl=1\" data-large-file=\"https:\/\/i0.wp.com\/www.oboa.de\/wordpress\/wp-content\/uploads\/2013\/06\/florian-lohoff.jpg?fit=774%2C516&amp;ssl=1\" tabindex=\"0\" role=\"button\" class=\"alignleft size-medium wp-image-1494\" src=\"https:\/\/i0.wp.com\/www.oboa.de\/wordpress\/wp-content\/uploads\/2016\/08\/kora.gif?resize=300%2C200\" alt=\"Kora-Spiel\" width=\"300\" height=\"200\" data-recalc-dims=\"1\" \/><\/a><\/h4>\n<h4><\/h4>\n<p>Kora-Spielerin Ellen Meyer verzaubert am Freitagabend den Floor mit den zarten Kl\u00e4ngen ihres Instruments. Am Samstag unterst\u00fctzen sie die Poetry-Slammer_innen Anika Pfahl und Juston Bu\u00dfe.<\/p>\n<h4><\/h4>\n<h4><a href=\"https:\/\/i0.wp.com\/www.oboa.de\/wordpress\/wp-content\/uploads\/2016\/08\/cats_kaoke.jpg\"><img loading=\"lazy\" decoding=\"async\" data-attachment-id=\"1494\" data-permalink=\"https:\/\/www.oboa.de\/wordpress\/gb\/archiv\/oboa\/lineup\/goldenes-rossel\/florian-lohoff\/\" data-orig-file=\"https:\/\/i0.wp.com\/www.oboa.de\/wordpress\/wp-content\/uploads\/2013\/06\/florian-lohoff.jpg?fit=774%2C516&amp;ssl=1\" data-orig-size=\"774,516\" data-comments-opened=\"1\" data-image-meta=\"{&quot;aperture&quot;:&quot;0&quot;,&quot;credit&quot;:&quot;&quot;,&quot;camera&quot;:&quot;&quot;,&quot;caption&quot;:&quot;&quot;,&quot;created_timestamp&quot;:&quot;1364597853&quot;,&quot;copyright&quot;:&quot;&quot;,&quot;focal_length&quot;:&quot;0&quot;,&quot;iso&quot;:&quot;0&quot;,&quot;shutter_speed&quot;:&quot;0&quot;,&quot;title&quot;:&quot;&quot;}\" data-image-title=\"florian lohoff\" data-image-description=\"\" data-image-caption=\"\" data-medium-file=\"https:\/\/i0.wp.com\/www.oboa.de\/wordpress\/wp-content\/uploads\/2013\/06\/florian-lohoff.jpg?fit=300%2C200&amp;ssl=1\" data-large-file=\"https:\/\/i0.wp.com\/www.oboa.de\/wordpress\/wp-content\/uploads\/2013\/06\/florian-lohoff.jpg?fit=774%2C516&amp;ssl=1\" tabindex=\"0\" role=\"button\" class=\"alignleft size-medium wp-image-1494\" src=\"https:\/\/i0.wp.com\/www.oboa.de\/wordpress\/wp-content\/uploads\/2016\/08\/cats_kaoke.jpg?resize=300%2C200\" alt=\"Catskaoke\" width=\"300\" height=\"200\" data-recalc-dims=\"1\" \/><\/a><\/h4>\n<h4><\/h4>\n<p>Ab 21:00 Uhr laden wir euch beim Karaoke zum fr\u00f6hlichen Tr\u00e4llern ein. Mutige voran, kneifen z\u00e4hlt nich!<\/p>\n","protected":false},"excerpt":{"rendered":"<p>Bei Otti &amp; D\u00f6rte trifft am fr\u00fchen Freitagabend Cajon auf Gitarre &#8211; es wird also groovy \ud83d\ude09 Au\u00dferdem gibt es in diesem Jahr wieder das [&#8230;]<\/p>\n","protected":false},"author":6,"featured_media":0,"parent":2213,"menu_order":6,"comment_status":"open","ping_status":"closed","template":"","meta":{"footnotes":""},"translation":{"provider":"WPGlobus","version":"3.0.0","language":"gb","enabled_languages":["de","pl","gb","es"],"languages":{"de":{"title":true,"content":true,"excerpt":false},"pl":{"title":true,"content":false,"excerpt":false},"gb":{"title":false,"content":false,"excerpt":false},"es":{"title":false,"content":false,"excerpt":false}}},"jetpack_sharing_enabled":true,"_links":{"self":[{"href":"https:\/\/www.oboa.de\/wordpress\/gb\/wp-json\/wp\/v2\/pages\/2226"}],"collection":[{"href":"https:\/\/www.oboa.de\/wordpress\/gb\/wp-json\/wp\/v2\/pages"}],"about":[{"href":"https:\/\/www.oboa.de\/wordpress\/gb\/wp-json\/wp\/v2\/types\/page"}],"author":[{"embeddable":true,"href":"https:\/\/www.oboa.de\/wordpress\/gb\/wp-json\/wp\/v2\/users\/6"}],"replies":[{"embeddable":true,"href":"https:\/\/www.oboa.de\/wordpress\/gb\/wp-json\/wp\/v2\/comments?post=2226"}],"version-history":[{"count":31,"href":"https:\/\/www.oboa.de\/wordpress\/gb\/wp-json\/wp\/v2\/pages\/2226\/revisions"}],"predecessor-version":[{"id":10640,"href":"https:\/\/www.oboa.de\/wordpress\/gb\/wp-json\/wp\/v2\/pages\/2226\/revisions\/10640"}],"up":[{"embeddable":true,"href":"https:\/\/www.oboa.de\/wordpress\/gb\/wp-json\/wp\/v2\/pages\/2213"}],"wp:attachment":[{"href":"https:\/\/www.oboa.de\/wordpress\/gb\/wp-json\/wp\/v2\/media?parent=2226"}],"curies":[{"name":"wp","href":"https:\/\/api.w.org\/{rel}","templated":true}]}}