{"id":2601,"date":"2017-03-26T11:24:26","date_gmt":"2017-03-26T09:24:26","guid":{"rendered":"http:\/\/www.oboa.de\/wordpress\/?page_id=2601"},"modified":"2020-02-19T19:45:06","modified_gmt":"2020-02-19T17:45:06","slug":"oboa-2017","status":"publish","type":"page","link":"https:\/\/www.oboa.de\/wordpress\/gb\/archiv\/oboa-2017\/","title":{"rendered":"2017"},"content":{"rendered":"<p><a href=\"https:\/\/i0.wp.com\/www.oboa.de\/wordpress\/wp-content\/uploads\/2017\/05\/oboaflyerfarbe_finish-1.jpg\"><img loading=\"lazy\" decoding=\"async\" data-attachment-id=\"1494\" data-permalink=\"https:\/\/www.oboa.de\/wordpress\/gb\/archiv\/oboa\/lineup\/goldenes-rossel\/florian-lohoff\/\" data-orig-file=\"https:\/\/i0.wp.com\/www.oboa.de\/wordpress\/wp-content\/uploads\/2013\/06\/florian-lohoff.jpg?fit=774%2C516&amp;ssl=1\" data-orig-size=\"774,516\" data-comments-opened=\"1\" data-image-meta=\"{&quot;aperture&quot;:&quot;0&quot;,&quot;credit&quot;:&quot;&quot;,&quot;camera&quot;:&quot;&quot;,&quot;caption&quot;:&quot;&quot;,&quot;created_timestamp&quot;:&quot;1364597853&quot;,&quot;copyright&quot;:&quot;&quot;,&quot;focal_length&quot;:&quot;0&quot;,&quot;iso&quot;:&quot;0&quot;,&quot;shutter_speed&quot;:&quot;0&quot;,&quot;title&quot;:&quot;&quot;}\" data-image-title=\"florian lohoff\" data-image-description=\"\" data-image-caption=\"\" data-medium-file=\"https:\/\/i0.wp.com\/www.oboa.de\/wordpress\/wp-content\/uploads\/2013\/06\/florian-lohoff.jpg?fit=300%2C200&amp;ssl=1\" data-large-file=\"https:\/\/i0.wp.com\/www.oboa.de\/wordpress\/wp-content\/uploads\/2013\/06\/florian-lohoff.jpg?fit=774%2C516&amp;ssl=1\" tabindex=\"0\" role=\"button\" class=\"alignleft size-medium wp-image-1494\" src=\"https:\/\/i0.wp.com\/www.oboa.de\/wordpress\/wp-content\/uploads\/2017\/05\/oboaflyerfarbe_finish-1.jpg?resize=300%2C200\" alt=\"Feierabend 2016\" width=\"300\" height=\"200\"  data-recalc-dims=\"1\"><\/a><br \/>\nEndlich kommt die Sonne raus und wir k\u00f6nnen alle in den Sommer starten. Im OBOA-Team raschelt und brummelt es schon an allen Ecken &#8211; die OBOA-Vorfreude macht sich und uns breit!<\/p>\n<p>Am 11. und 12. August werden wir das Fort Gorgast wieder in ein Oderbruch-Wunderland verwandeln. Und wir freuen uns, wenn ihr alle wieder dabei seid!<\/p>\n<p>Endlich haben wir alle auch Infos zusammen und k\u00f6nnen euch das musikalische Programm f\u00fcr das OBOA 2017 pr\u00e4sentieren!<\/p>\n<p>Ihr k\u00f6nnt euch <a href=\"http:\/\/www.oboa.de\/wordpress\/archiv\/oboa-2017\/lineup\/\">hier<\/a> zu den einzelnen B\u00fchnen durchklicken und schonmal ein bisschen st\u00f6bern.<\/p>\n<h4><\/h4>\n","protected":false},"excerpt":{"rendered":"<p>Endlich kommt die Sonne raus und wir k\u00f6nnen alle in den Sommer starten. Im OBOA-Team raschelt und brummelt es schon an allen Ecken &#8211; die [&#8230;]<\/p>\n","protected":false},"author":1,"featured_media":0,"parent":1087,"menu_order":20,"comment_status":"closed","ping_status":"closed","template":"","meta":{"footnotes":""},"translation":{"provider":"WPGlobus","version":"3.0.0","language":"gb","enabled_languages":["de","pl","gb","es"],"languages":{"de":{"title":true,"content":true,"excerpt":false},"pl":{"title":false,"content":false,"excerpt":false},"gb":{"title":false,"content":false,"excerpt":false},"es":{"title":false,"content":false,"excerpt":false}}},"jetpack_sharing_enabled":true,"_links":{"self":[{"href":"https:\/\/www.oboa.de\/wordpress\/gb\/wp-json\/wp\/v2\/pages\/2601"}],"collection":[{"href":"https:\/\/www.oboa.de\/wordpress\/gb\/wp-json\/wp\/v2\/pages"}],"about":[{"href":"https:\/\/www.oboa.de\/wordpress\/gb\/wp-json\/wp\/v2\/types\/page"}],"author":[{"embeddable":true,"href":"https:\/\/www.oboa.de\/wordpress\/gb\/wp-json\/wp\/v2\/users\/1"}],"replies":[{"embeddable":true,"href":"https:\/\/www.oboa.de\/wordpress\/gb\/wp-json\/wp\/v2\/comments?post=2601"}],"version-history":[{"count":7,"href":"https:\/\/www.oboa.de\/wordpress\/gb\/wp-json\/wp\/v2\/pages\/2601\/revisions"}],"predecessor-version":[{"id":11384,"href":"https:\/\/www.oboa.de\/wordpress\/gb\/wp-json\/wp\/v2\/pages\/2601\/revisions\/11384"}],"up":[{"embeddable":true,"href":"https:\/\/www.oboa.de\/wordpress\/gb\/wp-json\/wp\/v2\/pages\/1087"}],"wp:attachment":[{"href":"https:\/\/www.oboa.de\/wordpress\/gb\/wp-json\/wp\/v2\/media?parent=2601"}],"curies":[{"name":"wp","href":"https:\/\/api.w.org\/{rel}","templated":true}]}}