{"id":3024,"date":"2017-07-22T10:13:46","date_gmt":"2017-07-22T08:13:46","guid":{"rendered":"http:\/\/www.oboa.de\/wordpress\/?page_id=3024"},"modified":"2018-06-11T21:59:29","modified_gmt":"2018-06-11T19:59:29","slug":"workshops","status":"publish","type":"page","link":"https:\/\/www.oboa.de\/wordpress\/gb\/archiv\/oboa-2017\/lineup\/workshops\/","title":{"rendered":"Workshops 2017"},"content":{"rendered":"<h4><\/h4>\n<p><a href=\"https:\/\/i0.wp.com\/www.oboa.de\/wordpress\/wp-content\/uploads\/2017\/08\/no-racism.jpg\"><img loading=\"lazy\" decoding=\"async\" data-attachment-id=\"2402\" data-permalink=\"https:\/\/www.oboa.de\/wordpress\/gb\/archiv\/oboa-2016\/lineup\/workshops\/img_3812\/\" data-orig-file=\"https:\/\/i0.wp.com\/www.oboa.de\/wordpress\/wp-content\/uploads\/2016\/06\/IMG_3812.jpg?fit=690%2C518&amp;ssl=1\" data-orig-size=\"690,518\" data-comments-opened=\"1\" data-image-meta=\"{&quot;aperture&quot;:&quot;0&quot;,&quot;credit&quot;:&quot;&quot;,&quot;camera&quot;:&quot;&quot;,&quot;caption&quot;:&quot;&quot;,&quot;created_timestamp&quot;:&quot;0&quot;,&quot;copyright&quot;:&quot;&quot;,&quot;focal_length&quot;:&quot;0&quot;,&quot;iso&quot;:&quot;0&quot;,&quot;shutter_speed&quot;:&quot;0&quot;,&quot;title&quot;:&quot;&quot;}\" data-image-title=\"IMG_3812\" data-image-description=\"\" data-image-caption=\"\" data-medium-file=\"https:\/\/i0.wp.com\/www.oboa.de\/wordpress\/wp-content\/uploads\/2016\/06\/IMG_3812.jpg?fit=300%2C225&amp;ssl=1\" data-large-file=\"https:\/\/i0.wp.com\/www.oboa.de\/wordpress\/wp-content\/uploads\/2016\/06\/IMG_3812.jpg?fit=690%2C518&amp;ssl=1\" tabindex=\"0\" role=\"button\" class=\"alignleft size-medium wp-image-2402\" src=\"https:\/\/i0.wp.com\/www.oboa.de\/wordpress\/wp-content\/uploads\/2017\/08\/no-racism.jpg?resize=300%2C225\" alt=\"IMG_3812\" width=\"300\" height=\"225\" data-recalc-dims=\"1\" \/><\/a><\/p>\n<p><strong>Die AfD in Brandenburg &#8211;<br \/>\nZwischen Nationalkonservatismus und v\u00f6lkischem Nationalismus<\/strong><\/p>\n<p>im Workshop-Raum neben dem Windspiel<br \/>\nSamstag 14.00 bis 16.00 Uhr<\/p>\n<h4><\/h4>\n<p>Die &#8216;Alternative f\u00fcr Deutschland&#8217; sitzt in mehreren Landtagen und kommunalen Gremien, unter den Mandatstr\u00e4gerInnen und Funktion\u00e4rInnen finden sich sowohl Polit-Profis als auch absolute Parlamentsneulinge. Nach dem Sieg von Frauke Petrys\u00b4 national- konservativem Fl\u00fcgel im Kampf um die Parteispitze treten die ParteiaktivistInnen noch deutlicher mit extrem rechten Positionen in Erscheinung. Sowohl im Brandenburger als auch im Berliner Verband gibt es ParteiaktivistInnen mit rechter Biografie und N\u00e4he zur extrem rechten Szene.<br \/>\nAlso alles verkappte Nazis, konservative Nationalisten oder einfach nur Parteiverdrossene mit einem Hang zu Rassismus? Im Vortrag werden die Strukturen, Personen und Themen der Alternative f\u00fcr Deutschland im Land Brandenburg beleuchtet.<\/p>\n<h4><\/h4>\n<h4><\/h4>\n<h4><\/h4>\n<p><a href=\"https:\/\/i0.wp.com\/www.oboa.de\/wordpress\/wp-content\/uploads\/2017\/08\/foot.jpg\"><img loading=\"lazy\" decoding=\"async\" data-attachment-id=\"2402\" data-permalink=\"https:\/\/www.oboa.de\/wordpress\/gb\/archiv\/oboa-2016\/lineup\/workshops\/img_3812\/\" data-orig-file=\"https:\/\/i0.wp.com\/www.oboa.de\/wordpress\/wp-content\/uploads\/2016\/06\/IMG_3812.jpg?fit=690%2C518&amp;ssl=1\" data-orig-size=\"690,518\" data-comments-opened=\"1\" data-image-meta=\"{&quot;aperture&quot;:&quot;0&quot;,&quot;credit&quot;:&quot;&quot;,&quot;camera&quot;:&quot;&quot;,&quot;caption&quot;:&quot;&quot;,&quot;created_timestamp&quot;:&quot;0&quot;,&quot;copyright&quot;:&quot;&quot;,&quot;focal_length&quot;:&quot;0&quot;,&quot;iso&quot;:&quot;0&quot;,&quot;shutter_speed&quot;:&quot;0&quot;,&quot;title&quot;:&quot;&quot;}\" data-image-title=\"IMG_3812\" data-image-description=\"\" data-image-caption=\"\" data-medium-file=\"https:\/\/i0.wp.com\/www.oboa.de\/wordpress\/wp-content\/uploads\/2016\/06\/IMG_3812.jpg?fit=300%2C225&amp;ssl=1\" data-large-file=\"https:\/\/i0.wp.com\/www.oboa.de\/wordpress\/wp-content\/uploads\/2016\/06\/IMG_3812.jpg?fit=690%2C518&amp;ssl=1\" tabindex=\"0\" role=\"button\" class=\"alignleft size-medium wp-image-2402\" src=\"https:\/\/i0.wp.com\/www.oboa.de\/wordpress\/wp-content\/uploads\/2017\/08\/foot.jpg?resize=300%2C225\" alt=\"IMG_3812\" width=\"300\" height=\"225\" data-recalc-dims=\"1\" \/><\/a><\/p>\n<p><strong>Lass es dir schmecken &#8211; Wie nachhaltig ist unser Konsum?<\/strong><\/p>\n<p>im Workshop-Raum neben dem Windspiel<br \/>\nSamstag 16.30 bis 18.30 Uhr<\/p>\n<p>Nahrungsmittel sind Alltag. Doch was essen wir eigentlich und warum lohnt es sich, doch mal aufs Etikett zu schauen? Ist Soja besser als Fleisch und wie viel Wasser steckt eigentlich wirklich in einer Tasse Kaffee? Zusammen wollen wir spielerisch ein Bild von unserem eigenen Konsumverhalten gewinnen. Wir wollen uns gegenseitig M\u00f6glichkeiten aufdecken und diskutieren, warum es sich lohnt, nachhaltig mit Lebensmitteln umzugehen \u2013 damit uns die Zukunft noch besser schmeckt!<\/p>\n<h4><\/h4>\n<h4><\/h4>\n<h4><\/h4>\n<p><a href=\"https:\/\/i0.wp.com\/www.oboa.de\/wordpress\/wp-content\/uploads\/2017\/08\/refugees_welcome.jpg\"><img loading=\"lazy\" decoding=\"async\" data-attachment-id=\"2391\" data-permalink=\"https:\/\/www.oboa.de\/wordpress\/gb\/archiv\/oboa-2016\/lineup\/workshops\/nsuwatchbanner\/\" data-orig-file=\"https:\/\/i0.wp.com\/www.oboa.de\/wordpress\/wp-content\/uploads\/2016\/06\/nsuwatchbanner.png?fit=702%2C336&amp;ssl=1\" data-orig-size=\"702,336\" data-comments-opened=\"1\" data-image-meta=\"{&quot;aperture&quot;:&quot;0&quot;,&quot;credit&quot;:&quot;&quot;,&quot;camera&quot;:&quot;&quot;,&quot;caption&quot;:&quot;&quot;,&quot;created_timestamp&quot;:&quot;0&quot;,&quot;copyright&quot;:&quot;&quot;,&quot;focal_length&quot;:&quot;0&quot;,&quot;iso&quot;:&quot;0&quot;,&quot;shutter_speed&quot;:&quot;0&quot;,&quot;title&quot;:&quot;&quot;}\" data-image-title=\"nsuwatchbanner\" data-image-description=\"\" data-image-caption=\"\" data-medium-file=\"https:\/\/i0.wp.com\/www.oboa.de\/wordpress\/wp-content\/uploads\/2016\/06\/nsuwatchbanner.png?fit=300%2C143&amp;ssl=1\" data-large-file=\"https:\/\/i0.wp.com\/www.oboa.de\/wordpress\/wp-content\/uploads\/2016\/06\/nsuwatchbanner.png?fit=702%2C336&amp;ssl=1\" tabindex=\"0\" role=\"button\" class=\"alignleft size-medium wp-image-2391\" src=\"https:\/\/i0.wp.com\/www.oboa.de\/wordpress\/wp-content\/uploads\/2017\/08\/refugees_welcome.jpg?resize=300%2C143\" alt=\"planspiel\" width=\"300\" height=\"143\" data-recalc-dims=\"1\" \/><\/a><\/p>\n<p><strong>Planspiel<br \/>\n&#8220;Gefl\u00fcchtet sein in Deutschland&#8221;<\/strong><\/p>\n<p>Wir wollen euch in diesem Jahr noch einmal die M\u00f6glichkeit geben, in einem Planspiel einen Einblick zu bekommen, welche Regelungen und Gesetze den Fl\u00fcchtlings- status in Deutschland erm\u00f6glichen und verunm\u00f6glichen.<\/p>\n<p>Auf 10 Infotafeln erhaltet ihr Informationen zu den verschiedenen Verwaltungsverfahren und k\u00f6nnt euch in dem Versuch vertiefen, den langen und m\u00fchsamen Weg eines Fl\u00fcchtlings in Deutschland nachzu- empfinden.<\/p>\n<h4><\/h4>\n<h4><\/h4>\n<h4><\/h4>\n<p><a href=\"https:\/\/i0.wp.com\/www.oboa.de\/wordpress\/wp-content\/uploads\/2017\/08\/linocut.png\"><img loading=\"lazy\" decoding=\"async\" data-attachment-id=\"2391\" data-permalink=\"https:\/\/www.oboa.de\/wordpress\/gb\/archiv\/oboa-2016\/lineup\/workshops\/nsuwatchbanner\/\" data-orig-file=\"https:\/\/i0.wp.com\/www.oboa.de\/wordpress\/wp-content\/uploads\/2016\/06\/nsuwatchbanner.png?fit=702%2C336&amp;ssl=1\" data-orig-size=\"702,336\" data-comments-opened=\"1\" data-image-meta=\"{&quot;aperture&quot;:&quot;0&quot;,&quot;credit&quot;:&quot;&quot;,&quot;camera&quot;:&quot;&quot;,&quot;caption&quot;:&quot;&quot;,&quot;created_timestamp&quot;:&quot;0&quot;,&quot;copyright&quot;:&quot;&quot;,&quot;focal_length&quot;:&quot;0&quot;,&quot;iso&quot;:&quot;0&quot;,&quot;shutter_speed&quot;:&quot;0&quot;,&quot;title&quot;:&quot;&quot;}\" data-image-title=\"nsuwatchbanner\" data-image-description=\"\" data-image-caption=\"\" data-medium-file=\"https:\/\/i0.wp.com\/www.oboa.de\/wordpress\/wp-content\/uploads\/2016\/06\/nsuwatchbanner.png?fit=300%2C143&amp;ssl=1\" data-large-file=\"https:\/\/i0.wp.com\/www.oboa.de\/wordpress\/wp-content\/uploads\/2016\/06\/nsuwatchbanner.png?fit=702%2C336&amp;ssl=1\" tabindex=\"0\" role=\"button\" class=\"alignleft size-medium wp-image-2391\" src=\"https:\/\/i0.wp.com\/www.oboa.de\/wordpress\/wp-content\/uploads\/2017\/08\/linocut.png?resize=300%2C143\" alt=\"linocut\" width=\"300\" height=\"143\" data-recalc-dims=\"1\" \/><\/a><\/p>\n<p><strong>Linolschnitt<\/strong><\/p>\n<p>Nix zu l\u00f6ten, kein Bock auf Input, zu warm f\u00fcrs Tischtennis, der Kuchen zu lecker und der Kaffee zu hei\u00df? Keine Panik, Henri Matisse und sogar Pablo Picasso ging&#8217;s nur all zu oft ganz genauso. Wie viele Expressionisten machten sie sich dann an ihrem Fu\u00dfboden zu schaffen und ritzten und schnibbelten und kratzten ab und an gar wilde Formen ins &#8220;Parket des kleinen Mannes&#8221;. Wie beim Holzschnitt nennt sich die Technik Hochdruck. Ihr k\u00f6nnt mit vorbereiteten Motiven arbeiten, selbst welche entwerfen, Postkarten bedrucken. Gegen Briefmarken(-cents) bringen wir Euch die Dinger auch noch zur Post.<\/p>\n<p>Der Hochdruckschalter \u00f6ffnet am Samstagnachmittag im Goldenen R\u00f6ssel.<\/p>\n<h4><\/h4>\n<h4><\/h4>\n<h4><\/h4>\n<p><img loading=\"lazy\" decoding=\"async\" class=\"alignleft\" src=\"https:\/\/i0.wp.com\/www.oboa.de\/wordpress\/wp-content\/uploads\/2014\/08\/siebdruck2.jpg?resize=300%2C199\" alt=\"Workshops01\" width=\"300\" height=\"199\" data-recalc-dims=\"1\" \/><\/p>\n<p><strong>Siebdruck<br \/>\n<\/strong><br \/>\nWie in jedem Jahr findet ihr am Eingang zum Goldenen R\u00f6ssel unseren OBOA-Siebdruckstand. Als Vorlage gibt es nat\u00fcrlich die OBOA Standards, aber auch ein paar neue Motive f\u00fcr Deine Lieblingsklamotte.<\/p>\n<p>Wichtig! Wir haben ein paar neue T-Shirts, Beutel usw. am Stand, ebenso gibt es einen kleinen 2nd hand Basar f\u00fcr all jene, die ihre mitgebrachten Anziehsachen nicht bedrucken lassen wollen. Wer eigene Sachen bedrucken lassen m\u00f6chte, bringt am besten nicht unbedingt das Lieblingswohlf\u00fchlshirt mit. Normalerweise l\u00e4uft alles glatt, aber Siebdruck ist nun mal eine Handarbeit und im aktuellen Fall keine Massenproduktion, sehr selten aber keinesfalls nie unterl\u00e4uft auch uns ein Fehler. Weiter ist es am praktischsten Sachen mit einem sehr hohen Baumwollanteil mitzubringen. Die Siebdruckfarbe muss unter Hitze fixiert werden und dabei sollte Eurem Zwirn m\u00f6glichst nix passieren.<\/p>\n<h4><\/h4>\n","protected":false},"excerpt":{"rendered":"<p>Die AfD in Brandenburg &#8211; Zwischen Nationalkonservatismus und v\u00f6lkischem Nationalismus im Workshop-Raum neben dem Windspiel Samstag 14.00 bis 16.00 Uhr Die &#8216;Alternative f\u00fcr Deutschland&#8217; sitzt [&#8230;]<\/p>\n","protected":false},"author":3,"featured_media":0,"parent":2941,"menu_order":60,"comment_status":"closed","ping_status":"closed","template":"","meta":{"footnotes":""},"translation":{"provider":"WPGlobus","version":"3.0.2","language":"gb","enabled_languages":["de","pl","gb","es"],"languages":{"de":{"title":true,"content":true,"excerpt":false},"pl":{"title":true,"content":true,"excerpt":false},"gb":{"title":false,"content":false,"excerpt":false},"es":{"title":false,"content":false,"excerpt":false}}},"jetpack_sharing_enabled":true,"_links":{"self":[{"href":"https:\/\/www.oboa.de\/wordpress\/gb\/wp-json\/wp\/v2\/pages\/3024"}],"collection":[{"href":"https:\/\/www.oboa.de\/wordpress\/gb\/wp-json\/wp\/v2\/pages"}],"about":[{"href":"https:\/\/www.oboa.de\/wordpress\/gb\/wp-json\/wp\/v2\/types\/page"}],"author":[{"embeddable":true,"href":"https:\/\/www.oboa.de\/wordpress\/gb\/wp-json\/wp\/v2\/users\/3"}],"replies":[{"embeddable":true,"href":"https:\/\/www.oboa.de\/wordpress\/gb\/wp-json\/wp\/v2\/comments?post=3024"}],"version-history":[{"count":9,"href":"https:\/\/www.oboa.de\/wordpress\/gb\/wp-json\/wp\/v2\/pages\/3024\/revisions"}],"predecessor-version":[{"id":9865,"href":"https:\/\/www.oboa.de\/wordpress\/gb\/wp-json\/wp\/v2\/pages\/3024\/revisions\/9865"}],"up":[{"embeddable":true,"href":"https:\/\/www.oboa.de\/wordpress\/gb\/wp-json\/wp\/v2\/pages\/2941"}],"wp:attachment":[{"href":"https:\/\/www.oboa.de\/wordpress\/gb\/wp-json\/wp\/v2\/media?parent=3024"}],"curies":[{"name":"wp","href":"https:\/\/api.w.org\/{rel}","templated":true}]}}