{"id":1044,"date":"2013-04-05T21:21:24","date_gmt":"2013-04-05T19:21:24","guid":{"rendered":"http:\/\/www.oboa.de\/wordpress\/?page_id=1044"},"modified":"2022-05-25T12:46:24","modified_gmt":"2022-05-25T10:46:24","slug":"lineup","status":"publish","type":"page","link":"https:\/\/www.oboa.de\/wordpress\/pl\/archiv\/2011-2\/lineup\/","title":{"rendered":"LINEUP 2011"},"content":{"rendered":"<p><a href=\"http:\/\/www.oboa.de\/wordpress\/archiv\/2011-2\/lineup\/beatbasar\/\">Beatbasar<\/a><\/p>\n<p><a href=\"http:\/\/www.oboa.de\/wordpress\/archiv\/2011-2\/lineup\/goldenes-rossel\/\">Goldenes R\u00f6ssel<\/a><\/p>\n<p><a href=\"http:\/\/www.oboa.de\/wordpress\/archiv\/2011-2\/lineup\/1165-2\/\">Ska Beats International<\/a><\/p>\n<p><a href=\"http:\/\/www.oboa.de\/wordpress\/archiv\/2011-2\/lineup\/sonnenbuhne\/\">Sonnenb\u00fchne<\/a><\/p>\n<p><a href=\"http:\/\/www.oboa.de\/wordpress\/archiv\/2011-2\/lineup\/traumfanger\/\">Traumf\u00e4nger<\/a><\/p>\n","protected":false},"excerpt":{"rendered":"<p>Beatbasar Goldenes R\u00f6ssel Ska Beats International Sonnenb\u00fchne Traumf\u00e4nger<\/p>\n","protected":false},"author":1,"featured_media":0,"parent":8,"menu_order":0,"comment_status":"open","ping_status":"open","template":"","meta":{"footnotes":""},"translation":{"provider":"WPGlobus","version":"3.0.0","language":"pl","enabled_languages":["de","pl","gb","es"],"languages":{"de":{"title":true,"content":true,"excerpt":false},"pl":{"title":false,"content":false,"excerpt":false},"gb":{"title":false,"content":false,"excerpt":false},"es":{"title":false,"content":false,"excerpt":false}}},"jetpack_sharing_enabled":true,"_links":{"self":[{"href":"https:\/\/www.oboa.de\/wordpress\/pl\/wp-json\/wp\/v2\/pages\/1044"}],"collection":[{"href":"https:\/\/www.oboa.de\/wordpress\/pl\/wp-json\/wp\/v2\/pages"}],"about":[{"href":"https:\/\/www.oboa.de\/wordpress\/pl\/wp-json\/wp\/v2\/types\/page"}],"author":[{"embeddable":true,"href":"https:\/\/www.oboa.de\/wordpress\/pl\/wp-json\/wp\/v2\/users\/1"}],"replies":[{"embeddable":true,"href":"https:\/\/www.oboa.de\/wordpress\/pl\/wp-json\/wp\/v2\/comments?post=1044"}],"version-history":[{"count":7,"href":"https:\/\/www.oboa.de\/wordpress\/pl\/wp-json\/wp\/v2\/pages\/1044\/revisions"}],"predecessor-version":[{"id":12521,"href":"https:\/\/www.oboa.de\/wordpress\/pl\/wp-json\/wp\/v2\/pages\/1044\/revisions\/12521"}],"up":[{"embeddable":true,"href":"https:\/\/www.oboa.de\/wordpress\/pl\/wp-json\/wp\/v2\/pages\/8"}],"wp:attachment":[{"href":"https:\/\/www.oboa.de\/wordpress\/pl\/wp-json\/wp\/v2\/media?parent=1044"}],"curies":[{"name":"wp","href":"https:\/\/api.w.org\/{rel}","templated":true}]}}