{"id":11082,"date":"2019-07-08T11:17:03","date_gmt":"2019-07-08T09:17:03","guid":{"rendered":"http:\/\/www.oboa.de\/wordpress\/?page_id=11082"},"modified":"2019-08-02T12:23:59","modified_gmt":"2019-08-02T10:23:59","slug":"sonnenbuehne-2019","status":"publish","type":"page","link":"https:\/\/www.oboa.de\/wordpress\/pl\/archiv\/9-10-august-2019\/lineup-2019\/sonnenbuehne-2019\/","title":{"rendered":"SCENA S\u0141ONECZNA 2019"},"content":{"rendered":"\n<h4 class=\"wp-block-heading\">Kiriloff<\/h4>\n\n\n\n<p><a rel=\"noreferrer noopener\" aria-label=\"Kiriloff (\u00f6ffnet in neuem Tab)\" href=\"https:\/\/www.facebook.com\/kiriloff.de\/?fref=mentions&amp;__xts__[0]=68.ARCPfy3dV1oKOsXPi9OrXnWL_MCCZU-efdaxyAnIJQQmNKixX68Jp-SzgJUs0B6wK1P5hWL5ocB_yPQ3hwZEw0R9GFxW-u08nbgXPS0GJt4GFlTlXU1LlwKApeHWgeB4QnFYe4vhwuZc2nZcsCs18WD-dtz18WHM5qL_ZOYohZtwHQ6B1nrVf1pBaXT-2NXAo3-JSzB-EYJ-UNzn8aLkuqbMPBRB6rioE-qaHC9ECAfC7UKcKbYimOxFBICHQ24smCRLWXonXmq4kOCE4I4P67vl7XMaE9Wt1nch-T_KnChW_RNpaWKi7x0FZfxzeY0jKunLPfwli_slcdoEMkUsNJ3r6g&amp;__tn__=K-R\" target=\"_blank\">Kiriloff<\/a><\/p>\n\n\n\n<p>Lange, instrumentale, repetitive Passagen. Pl\u00f6tzliche Eruptionen mit voll aufgedrehtem Overdrive. In wenigen , ausgew\u00e4hlten Momenten musste ich an das denken was in den 90igern &#8220;Hamburger Schule&#8221; hie\u00df.&nbsp;<br>In der Instrumentierung kommt das Quartett aus Berlin eher traditionell daher, lebt sich jedoch bei den Songtiteln so richtig aus. Freut euch auf &#8220;Prima Einkaufs-Park&#8221;, &#8220;Nilpferd&#8221;, &#8220;95 km\/h&#8221;, oder &#8220;Ma\u00dfstab der Ertr\u00e4glichkeit&#8221;. Die Setlist nur zu lesen sollte bereits&nbsp;ein echtes Vergn\u00fcgen sein.<\/p>\n\n\n\n<figure class=\"wp-block-image\"><img decoding=\"async\" data-attachment-id=\"11356\" data-permalink=\"https:\/\/www.oboa.de\/wordpress\/pl\/archiv\/9-10-august-2019\/lineup-2019\/sonnenbuehne-2019\/kiriloff\/\" data-orig-file=\"https:\/\/i0.wp.com\/www.oboa.de\/wordpress\/wp-content\/uploads\/2019\/07\/Kiriloff-e1564585761444.jpg?fit=800%2C800&amp;ssl=1\" data-orig-size=\"800,800\" data-comments-opened=\"1\" data-image-meta=\"{&quot;aperture&quot;:&quot;0&quot;,&quot;credit&quot;:&quot;&quot;,&quot;camera&quot;:&quot;&quot;,&quot;caption&quot;:&quot;&quot;,&quot;created_timestamp&quot;:&quot;0&quot;,&quot;copyright&quot;:&quot;&quot;,&quot;focal_length&quot;:&quot;0&quot;,&quot;iso&quot;:&quot;0&quot;,&quot;shutter_speed&quot;:&quot;0&quot;,&quot;title&quot;:&quot;&quot;,&quot;orientation&quot;:&quot;0&quot;}\" data-image-title=\"Kiriloff\" data-image-description=\"\" data-image-caption=\"\" data-medium-file=\"https:\/\/i0.wp.com\/www.oboa.de\/wordpress\/wp-content\/uploads\/2019\/07\/Kiriloff-e1564585761444.jpg?fit=300%2C300&amp;ssl=1\" data-large-file=\"https:\/\/i0.wp.com\/www.oboa.de\/wordpress\/wp-content\/uploads\/2019\/07\/Kiriloff-e1564585761444.jpg?fit=800%2C800&amp;ssl=1\" tabindex=\"0\" role=\"button\" src=\"https:\/\/i0.wp.com\/www.oboa.de\/wordpress\/wp-content\/uploads\/2019\/07\/Kiriloff.jpg?w=800\" alt=\"\" class=\"wp-image-11356\" data-recalc-dims=\"1\"\/><\/figure>\n\n\n\n<h4 class=\"wp-block-heading\">Smohle<\/h4>\n\n\n\n<p><a rel=\"noreferrer noopener\" aria-label=\"Smohle (\u00f6ffnet in neuem Tab)\" href=\"https:\/\/www.facebook.com\/SMOHLE\/?fref=mentions&amp;__xts__[0]=68.ARBckZvaQ53ZLz3b54O6alpyXzvf_EqUai_d8Sz-SMiiH2Q2Xoh48WG0QwqN2lZOQ5UgNy4HQexnsKM3DO4LhLACBjl8MVTdd2mPGUt95Yp_9gFZvJZBRzACY2x-oqiDWjc2qhkEnwvqaTj-E_nAF9nZV5J2fIm2xFpvAeTEd31IukI1Mv5_1lfvKkUP1NK5Zva2SjOcAJskQqanR4au1SIJCDB0_xzt3XopKKlWKw_hbDWEUsNmyd-SFJClMiRkudeZT3x_ieg-3o-qEph-Bhk2i0Lh-uC4NVKqnLH_2qw3aesvuoHOw1Wjz6-5nDU3cwkCkUXzrK4WVSWuUhGAvVZjCA&amp;__tn__=K-R\" target=\"_blank\">Smohle<\/a><\/p>\n\n\n\n<p>Noch ein Duo .<br>Noch eine ungew\u00f6hnliche Besetzung.<br>Zu einem Schlagzeug spielenden S\u00e4nger, der auch noch eine Gitarre umh\u00e4ngen hat, gesellt sich ein Bassist mit Gesangsparts und Exkursionen zum Schlagzeug.<br>Geboten wird eine Mixtur aus Grunge, Punk und Noise. Kyuss, Nirvana und Queens Of The Stone Age sind als Referezpunkte zul\u00e4ssig. Auf die B\u00fchnenumsetzung d\u00fcrfen wir alle sehr gespannt sein.<\/p>\n\n\n\n<figure class=\"wp-block-image\"><img loading=\"lazy\" decoding=\"async\" width=\"320\" height=\"198\" data-attachment-id=\"11359\" data-permalink=\"https:\/\/www.oboa.de\/wordpress\/pl\/archiv\/9-10-august-2019\/lineup-2019\/sonnenbuehne-2019\/smohle\/\" data-orig-file=\"https:\/\/i0.wp.com\/www.oboa.de\/wordpress\/wp-content\/uploads\/2019\/07\/Smohle.jpg?fit=320%2C198&amp;ssl=1\" data-orig-size=\"320,198\" data-comments-opened=\"1\" data-image-meta=\"{&quot;aperture&quot;:&quot;0&quot;,&quot;credit&quot;:&quot;&quot;,&quot;camera&quot;:&quot;&quot;,&quot;caption&quot;:&quot;&quot;,&quot;created_timestamp&quot;:&quot;0&quot;,&quot;copyright&quot;:&quot;&quot;,&quot;focal_length&quot;:&quot;0&quot;,&quot;iso&quot;:&quot;0&quot;,&quot;shutter_speed&quot;:&quot;0&quot;,&quot;title&quot;:&quot;&quot;,&quot;orientation&quot;:&quot;0&quot;}\" data-image-title=\"Smohle\" data-image-description=\"\" data-image-caption=\"\" data-medium-file=\"https:\/\/i0.wp.com\/www.oboa.de\/wordpress\/wp-content\/uploads\/2019\/07\/Smohle.jpg?fit=300%2C186&amp;ssl=1\" data-large-file=\"https:\/\/i0.wp.com\/www.oboa.de\/wordpress\/wp-content\/uploads\/2019\/07\/Smohle.jpg?fit=320%2C198&amp;ssl=1\" tabindex=\"0\" role=\"button\" src=\"https:\/\/i0.wp.com\/www.oboa.de\/wordpress\/wp-content\/uploads\/2019\/07\/Smohle.jpg?resize=320%2C198&#038;ssl=1\" alt=\"\" class=\"wp-image-11359\" srcset=\"https:\/\/i0.wp.com\/www.oboa.de\/wordpress\/wp-content\/uploads\/2019\/07\/Smohle.jpg?w=320&amp;ssl=1 320w, https:\/\/i0.wp.com\/www.oboa.de\/wordpress\/wp-content\/uploads\/2019\/07\/Smohle.jpg?resize=300%2C186&amp;ssl=1 300w\" sizes=\"(max-width: 320px) 100vw, 320px\" data-recalc-dims=\"1\" \/><\/figure>\n\n\n\n<h4 class=\"wp-block-heading\">Psychrolutes<\/h4>\n\n\n\n<p><a rel=\"noreferrer noopener\" aria-label=\"Psychorolutes (\u00f6ffnet in neuem Tab)\" href=\"https:\/\/www.facebook.com\/Psychrolutes-601446223338229\/?fref=mentions&amp;__xts__[0]=68.ARDmVgekpgx5lx90BLpDX_rayiSKKLfguL00h7-diOULCzEsYzhO1bw-j7pWNu-eIT3Bjkh_eGbOIBF8u1sQGSQXrGhW_ZnCgP1dpkEC9hzCgv6BFnvvAhqZ3N-8GhQ4Io0RVX-N8gO0N_OrZ2vBNvwr2KPyF99FCE-NEuWTdrsCEKmlRrXHg_il3xO8cFg9wqogfVBcFay1bFSzsfU-93_cin9OceW6f0byfE6SdEdq_RjOu7tPYwxStsToYjeiIll3pNXknbCdKvxRXmWiXDaay2Q0m5kEqjkSiTI0iGWD0lZBGtMy-6cpmgUhT1HRF_tT-iiN-dVuJB-ace5wpSbyTQ&amp;__tn__=K-R\" target=\"_blank\">Psychrolutes<\/a><\/p>\n\n\n\n<p>Vor vier Jahren aus der Asche der Band Paranoia emporgestiegen, spielt dieses Quartett aus Frankfurt\/Oder Tiefseepunk (das liegt daran, das die Oder erst in den letzten Jahren so versandet ist &#8211; davor war sie quasi der Mariannengraben der europ\u00e4ischen Fl\u00fcsse). Gradlinig, eher dem 4\/4-Takt verhaftet, wobei Ausfl\u00fcge in den Offbeat Bereich durchaus vorkommen. Es wird gemunkelt, dass hin und wieder sogar eine Akustikgitarre zum Einsatz kommt. Lasst euch das Hirn durchpusten und nehmt aus den Texten was mit zum Nachdenken in den Schlafsack.<\/p>\n\n\n\n<figure class=\"wp-block-image\"><img loading=\"lazy\" decoding=\"async\" width=\"800\" height=\"601\" data-attachment-id=\"11352\" data-permalink=\"https:\/\/www.oboa.de\/wordpress\/pl\/archiv\/9-10-august-2019\/lineup-2019\/sonnenbuehne-2019\/psychorolutes\/\" data-orig-file=\"https:\/\/i0.wp.com\/www.oboa.de\/wordpress\/wp-content\/uploads\/2019\/07\/Psychorolutes-e1564585485292.jpg?fit=800%2C601&amp;ssl=1\" data-orig-size=\"800,601\" data-comments-opened=\"1\" data-image-meta=\"{&quot;aperture&quot;:&quot;0&quot;,&quot;credit&quot;:&quot;&quot;,&quot;camera&quot;:&quot;&quot;,&quot;caption&quot;:&quot;&quot;,&quot;created_timestamp&quot;:&quot;0&quot;,&quot;copyright&quot;:&quot;&quot;,&quot;focal_length&quot;:&quot;0&quot;,&quot;iso&quot;:&quot;0&quot;,&quot;shutter_speed&quot;:&quot;0&quot;,&quot;title&quot;:&quot;&quot;,&quot;orientation&quot;:&quot;0&quot;}\" data-image-title=\"Psychorolutes\" data-image-description=\"\" data-image-caption=\"\" data-medium-file=\"https:\/\/i0.wp.com\/www.oboa.de\/wordpress\/wp-content\/uploads\/2019\/07\/Psychorolutes-e1564585485292.jpg?fit=300%2C225&amp;ssl=1\" data-large-file=\"https:\/\/i0.wp.com\/www.oboa.de\/wordpress\/wp-content\/uploads\/2019\/07\/Psychorolutes-e1564585485292.jpg?fit=800%2C601&amp;ssl=1\" tabindex=\"0\" role=\"button\" src=\"https:\/\/i0.wp.com\/www.oboa.de\/wordpress\/wp-content\/uploads\/2019\/07\/Psychorolutes-1024x769.jpg?resize=800%2C601\" alt=\"\" class=\"wp-image-11352\" data-recalc-dims=\"1\"\/><\/figure>\n\n\n\n<h4 class=\"wp-block-heading\">Freddy Fischer and his Cosmic Rocktime Band<\/h4>\n\n\n\n<p><a href=\"https:\/\/www.facebook.com\/freddyfischerandhiscosmicrocktimeband\/?fref=mentions&amp;__xts__[0]=68.ARAGNhf_G_5-bCUgdKFJq9lj6zl-Xg9r8HWNqjUzGNteeDhEye8z7rHQ45VeDAqx7ylxf5HlxAnkKsW65jvKwdU1enLZVCCujxaGAivX9abskPfTwlTTcMxceNP_52f72mXTNg8Stq6Xyol1xfDLysrxaS0auNrgBoYkOR4iyJuKxdQx15wjwaWK5vv7MBaKebunkBCxup3v0jovZpylKRH6c4LC7S9CWXWvWxxFIPi4m0z0GODb-JcddaKm8IRIvMfGSsP_ttPQ_rAVdwuFQDBdc6TFIT-Wsn9eUTuy9dvg_Krq51yp11nk2NGi-X-L00AbR0-uJQql4OY6SwbwUMtGBA&amp;__tn__=K-R\" target=\"_blank\" rel=\"noreferrer noopener\" aria-label=\"Freddy Fischer and his Cosmic Rocktime Band (\u00f6ffnet in neuem Tab)\">Freddy Fischer and his Cosmic Rocktime Band<\/a><\/p>\n\n\n\n<p>Ein Name, der sich anh\u00f6rt als sei er w\u00e4hrend einer durchzechten Nacht erdacht worden und gleichzeitig Bilder aus alten Zeiten evoziert. Zumindest letzteres ist nicht ganz verkehrt . Analoge Synthesizer Sounds und warme Orgelkl\u00e4nge flie\u00dfen wie Honig aus wattierten Lautsprechern. Entspannte Funk Gitarren und ein Schlagzeug dass die F\u00fc\u00dfe zum zucken bringt, runden das Bild ab. Wir haben hier Philly Soul, Disco und Funk. Ja liebe Leute, die Sonnenb\u00fchne ist dieses Jahr ausgesprochen tanzbar.&nbsp;<\/p>\n\n\n\n<figure class=\"wp-block-image\"><img decoding=\"async\" data-attachment-id=\"11363\" data-permalink=\"https:\/\/www.oboa.de\/wordpress\/pl\/archiv\/9-10-august-2019\/lineup-2019\/sonnenbuehne-2019\/freddy-fischer\/\" data-orig-file=\"https:\/\/i0.wp.com\/www.oboa.de\/wordpress\/wp-content\/uploads\/2019\/08\/Freddy-Fischer-e1564741350441.jpg?fit=800%2C800&amp;ssl=1\" data-orig-size=\"800,800\" data-comments-opened=\"1\" data-image-meta=\"{&quot;aperture&quot;:&quot;0&quot;,&quot;credit&quot;:&quot;&quot;,&quot;camera&quot;:&quot;&quot;,&quot;caption&quot;:&quot;&quot;,&quot;created_timestamp&quot;:&quot;0&quot;,&quot;copyright&quot;:&quot;&quot;,&quot;focal_length&quot;:&quot;0&quot;,&quot;iso&quot;:&quot;0&quot;,&quot;shutter_speed&quot;:&quot;0&quot;,&quot;title&quot;:&quot;&quot;,&quot;orientation&quot;:&quot;0&quot;}\" data-image-title=\"Freddy-Fischer\" data-image-description=\"\" data-image-caption=\"\" data-medium-file=\"https:\/\/i0.wp.com\/www.oboa.de\/wordpress\/wp-content\/uploads\/2019\/08\/Freddy-Fischer-e1564741350441.jpg?fit=300%2C300&amp;ssl=1\" data-large-file=\"https:\/\/i0.wp.com\/www.oboa.de\/wordpress\/wp-content\/uploads\/2019\/08\/Freddy-Fischer-e1564741350441.jpg?fit=800%2C800&amp;ssl=1\" tabindex=\"0\" role=\"button\" src=\"https:\/\/i0.wp.com\/www.oboa.de\/wordpress\/wp-content\/uploads\/2019\/08\/Freddy-Fischer.jpg?w=800\" alt=\"\" class=\"wp-image-11363\" data-recalc-dims=\"1\"\/><\/figure>\n\n\n\n<h4 class=\"wp-block-heading\">Nichtseattle<\/h4>\n\n\n\n<h4 class=\"wp-block-heading\">Bitch\u2018n\u2018Monk<\/h4>\n\n\n\n<p><a rel=\"noreferrer noopener\" aria-label=\"Bitch'n'Monk (\u00f6ffnet in neuem Tab)\" href=\"http:\/\/www.bitchnmonk.com\" target=\"_blank\">Bitch&#8217;n&#8217;Monk<\/a><\/p>\n\n\n\n<p>Gelegentlich h\u00f6rt es sich so an, als w\u00e4re Kate Bush eine gute Freundin oder zumindest eine Nachbarin und auch Sinead O&#8217;Connor hat schon mal durchs Fenster rein geschaut. Die Musik ist schwer zu greifen, ein britisches Skurrilit\u00e4ten Kabinett mit Loopstation und Fender trifft auf traditionelle kolumbianische T\u00f6ne, die Fl\u00f6te \u00fcbernimmt manchmal die solistische Arbeit die in einer normalen Rockband die Gitarre spielen w\u00fcrde. Eine weitere Band f\u00fcr unser Poesiealbum&nbsp;der ungew\u00f6hnlichen Besetzungen. Unbedingt ansehen.<\/p>\n\n\n\n<figure class=\"wp-block-image\"><img loading=\"lazy\" decoding=\"async\" width=\"640\" height=\"640\" data-attachment-id=\"11361\" data-permalink=\"https:\/\/www.oboa.de\/wordpress\/pl\/archiv\/9-10-august-2019\/lineup-2019\/sonnenbuehne-2019\/bitchnmonk\/\" data-orig-file=\"https:\/\/i0.wp.com\/www.oboa.de\/wordpress\/wp-content\/uploads\/2019\/07\/BitchnMonk.jpg?fit=640%2C640&amp;ssl=1\" data-orig-size=\"640,640\" data-comments-opened=\"1\" data-image-meta=\"{&quot;aperture&quot;:&quot;0&quot;,&quot;credit&quot;:&quot;&quot;,&quot;camera&quot;:&quot;&quot;,&quot;caption&quot;:&quot;&quot;,&quot;created_timestamp&quot;:&quot;0&quot;,&quot;copyright&quot;:&quot;&quot;,&quot;focal_length&quot;:&quot;0&quot;,&quot;iso&quot;:&quot;0&quot;,&quot;shutter_speed&quot;:&quot;0&quot;,&quot;title&quot;:&quot;&quot;,&quot;orientation&quot;:&quot;0&quot;}\" data-image-title=\"BitchnMonk\" data-image-description=\"\" data-image-caption=\"\" data-medium-file=\"https:\/\/i0.wp.com\/www.oboa.de\/wordpress\/wp-content\/uploads\/2019\/07\/BitchnMonk.jpg?fit=300%2C300&amp;ssl=1\" data-large-file=\"https:\/\/i0.wp.com\/www.oboa.de\/wordpress\/wp-content\/uploads\/2019\/07\/BitchnMonk.jpg?fit=640%2C640&amp;ssl=1\" tabindex=\"0\" role=\"button\" src=\"https:\/\/i0.wp.com\/www.oboa.de\/wordpress\/wp-content\/uploads\/2019\/07\/BitchnMonk.jpg?resize=640%2C640&#038;ssl=1\" alt=\"\" class=\"wp-image-11361\" srcset=\"https:\/\/i0.wp.com\/www.oboa.de\/wordpress\/wp-content\/uploads\/2019\/07\/BitchnMonk.jpg?w=640&amp;ssl=1 640w, https:\/\/i0.wp.com\/www.oboa.de\/wordpress\/wp-content\/uploads\/2019\/07\/BitchnMonk.jpg?resize=150%2C150&amp;ssl=1 150w, https:\/\/i0.wp.com\/www.oboa.de\/wordpress\/wp-content\/uploads\/2019\/07\/BitchnMonk.jpg?resize=300%2C300&amp;ssl=1 300w, https:\/\/i0.wp.com\/www.oboa.de\/wordpress\/wp-content\/uploads\/2019\/07\/BitchnMonk.jpg?resize=350%2C350&amp;ssl=1 350w, https:\/\/i0.wp.com\/www.oboa.de\/wordpress\/wp-content\/uploads\/2019\/07\/BitchnMonk.jpg?resize=90%2C90&amp;ssl=1 90w\" sizes=\"(max-width: 640px) 100vw, 640px\" data-recalc-dims=\"1\" \/><\/figure>\n\n\n\n<h4 class=\"wp-block-heading\">Sonoras Mil<\/h4>\n\n\n\n<p><a rel=\"noreferrer noopener\" aria-label=\" (\u00f6ffnet in neuem Tab)\" href=\"https:\/\/www.facebook.com\/sonorasmil\" target=\"_blank\">Sonoras Mil<\/a><\/p>\n\n\n\n<p>So ungef\u00e4hr einmal pro Saison flattert uns ein Pressetext ins Haus, der tats\u00e4chlich den Nagel auf den Kopf trifft und den wir ohne schlechtes Gewissen an euch weiter reichen k\u00f6nnen. F\u00fcr dieses Jahr sind wir bereits f\u00fcndig geworden.<br>Here we go:<\/p>\n\n\n\n<p>Tropical &#8211; Experimental Pop with a lot of groove!<\/p>\n\n\n\n<p>Letzte Anmerkungen unsererseits: f\u00fcnfk\u00f6pfiges Ensemble aus Bogota, Kolumbien. Ein Muss f\u00fcr alle mit einer Affinit\u00e4t zum Tanzboden.<\/p>\n\n\n\n<figure class=\"wp-block-image\"><img decoding=\"async\" data-attachment-id=\"11349\" data-permalink=\"https:\/\/www.oboa.de\/wordpress\/pl\/archiv\/9-10-august-2019\/lineup-2019\/sonnenbuehne-2019\/sonoras-mil\/\" data-orig-file=\"https:\/\/i0.wp.com\/www.oboa.de\/wordpress\/wp-content\/uploads\/2019\/07\/Sonoras-Mil-e1564585169492.jpg?fit=800%2C800&amp;ssl=1\" data-orig-size=\"800,800\" data-comments-opened=\"1\" data-image-meta=\"{&quot;aperture&quot;:&quot;0&quot;,&quot;credit&quot;:&quot;&quot;,&quot;camera&quot;:&quot;&quot;,&quot;caption&quot;:&quot;&quot;,&quot;created_timestamp&quot;:&quot;0&quot;,&quot;copyright&quot;:&quot;&quot;,&quot;focal_length&quot;:&quot;0&quot;,&quot;iso&quot;:&quot;0&quot;,&quot;shutter_speed&quot;:&quot;0&quot;,&quot;title&quot;:&quot;&quot;,&quot;orientation&quot;:&quot;0&quot;}\" data-image-title=\"Sonoras-Mil\" data-image-description=\"\" data-image-caption=\"\" data-medium-file=\"https:\/\/i0.wp.com\/www.oboa.de\/wordpress\/wp-content\/uploads\/2019\/07\/Sonoras-Mil-e1564585169492.jpg?fit=300%2C300&amp;ssl=1\" data-large-file=\"https:\/\/i0.wp.com\/www.oboa.de\/wordpress\/wp-content\/uploads\/2019\/07\/Sonoras-Mil-e1564585169492.jpg?fit=800%2C800&amp;ssl=1\" tabindex=\"0\" role=\"button\" src=\"https:\/\/i0.wp.com\/www.oboa.de\/wordpress\/wp-content\/uploads\/2019\/07\/Sonoras-Mil.jpg?w=800\" alt=\"\" class=\"wp-image-11349\" data-recalc-dims=\"1\"\/><\/figure>\n\n\n\n<h4 class=\"wp-block-heading\">Makroplastik<\/h4>\n\n\n\n<p><a rel=\"noreferrer noopener\" aria-label=\"Makroplasik (\u00f6ffnet in neuem Tab)\" href=\"https:\/\/www.facebook.com\/makroplastik\/?fref=mentions&amp;__xts__[0]=68.ARD1hzQ8UUP72x8vsbmEvFx8FUha48HtTYtMSk68Gv2lmF6JWCHSDNXz8ivJZN6R4Vnt4CooQIREwaa-yeW1whTfROSNRPpI1HmP39CKG8Uk_p03dS15fqRuNv2Du_vp5FIJBD7MkU0CZNyPC5Umjbh7ED4-QK03Ob-qG_s9KmGe9XFHO9tKz_COM_ft9rps6ySTaFW-12YNOjHGpZxVacYgdemJgmlFHm9_0jv8CovN1yZ0hlHXLTc4H2qfsIviO9w8H3Tmpe9n7-oUmk1jP3-Z9eZeGiD0hWzj4E1aEtW5WJAQAUoGW1KiQJr6-T1JFvyqeXVJzWepLojiagSWcZi7UA&amp;__tn__=K-R\" target=\"_blank\">Makroplastik<\/a><\/p>\n\n\n\n<p>Schlagwerk und Synthesizer.<\/p>\n\n\n\n<p>Polyglotte Polyrhythmen. Freilaufende Fader. Erstaunliche Effekte Stoische St\u00f6rger\u00e4usche. Elektronische Eleganz. Fieses Fiepen. Transzendentale Tanzmusik. Bewusstseinserweiternde Beats. Nachhaltiger Noise. Choreographiertes Chaos. Galoppierender Groove.<\/p>\n\n\n\n<figure class=\"wp-block-image\"><img loading=\"lazy\" decoding=\"async\" width=\"768\" height=\"768\" data-attachment-id=\"11346\" data-permalink=\"https:\/\/www.oboa.de\/wordpress\/pl\/archiv\/9-10-august-2019\/lineup-2019\/sonnenbuehne-2019\/makroplastik\/\" data-orig-file=\"https:\/\/i0.wp.com\/www.oboa.de\/wordpress\/wp-content\/uploads\/2019\/07\/Makroplastik.jpg?fit=768%2C768&amp;ssl=1\" data-orig-size=\"768,768\" data-comments-opened=\"1\" data-image-meta=\"{&quot;aperture&quot;:&quot;0&quot;,&quot;credit&quot;:&quot;&quot;,&quot;camera&quot;:&quot;&quot;,&quot;caption&quot;:&quot;&quot;,&quot;created_timestamp&quot;:&quot;0&quot;,&quot;copyright&quot;:&quot;&quot;,&quot;focal_length&quot;:&quot;0&quot;,&quot;iso&quot;:&quot;0&quot;,&quot;shutter_speed&quot;:&quot;0&quot;,&quot;title&quot;:&quot;&quot;,&quot;orientation&quot;:&quot;0&quot;}\" data-image-title=\"Makroplastik\" data-image-description=\"\" data-image-caption=\"\" data-medium-file=\"https:\/\/i0.wp.com\/www.oboa.de\/wordpress\/wp-content\/uploads\/2019\/07\/Makroplastik.jpg?fit=300%2C300&amp;ssl=1\" data-large-file=\"https:\/\/i0.wp.com\/www.oboa.de\/wordpress\/wp-content\/uploads\/2019\/07\/Makroplastik.jpg?fit=768%2C768&amp;ssl=1\" tabindex=\"0\" role=\"button\" src=\"https:\/\/i0.wp.com\/www.oboa.de\/wordpress\/wp-content\/uploads\/2019\/07\/Makroplastik.jpg?resize=768%2C768&#038;ssl=1\" alt=\"\" class=\"wp-image-11346\" srcset=\"https:\/\/i0.wp.com\/www.oboa.de\/wordpress\/wp-content\/uploads\/2019\/07\/Makroplastik.jpg?w=768&amp;ssl=1 768w, https:\/\/i0.wp.com\/www.oboa.de\/wordpress\/wp-content\/uploads\/2019\/07\/Makroplastik.jpg?resize=150%2C150&amp;ssl=1 150w, https:\/\/i0.wp.com\/www.oboa.de\/wordpress\/wp-content\/uploads\/2019\/07\/Makroplastik.jpg?resize=300%2C300&amp;ssl=1 300w, https:\/\/i0.wp.com\/www.oboa.de\/wordpress\/wp-content\/uploads\/2019\/07\/Makroplastik.jpg?resize=650%2C650&amp;ssl=1 650w, https:\/\/i0.wp.com\/www.oboa.de\/wordpress\/wp-content\/uploads\/2019\/07\/Makroplastik.jpg?resize=350%2C350&amp;ssl=1 350w, https:\/\/i0.wp.com\/www.oboa.de\/wordpress\/wp-content\/uploads\/2019\/07\/Makroplastik.jpg?resize=90%2C90&amp;ssl=1 90w\" sizes=\"(max-width: 768px) 100vw, 768px\" data-recalc-dims=\"1\" \/><\/figure>\n\n\n\n<h4 class=\"wp-block-heading\">Krypto Kosmetik<\/h4>\n\n\n\n<p>Seit 8 Jahren auf s\u00e4mtlichen B\u00fchnen des Landes unterwegs, kommen&nbsp;<a href=\"https:\/\/www.facebook.com\/kryptokosmetik\/?fref=mentions&amp;__xts__%5B0%5D=68.ARB8nOZVfZkMVtRgz9ODcxxrP79C-p3DPMWViKbAt8caHPfsp8QLPdIHA6TxGQHY5m8SIaT7lb-bDhe3M7iRCo0VIDGc1trWv7gDzsieEdz_izf-PRrJuEwqVE2nTJiRdmRETDfcMZqGgTovqCA7pcJmmByQjU3ursyICXt72p_T9K8YjAEHPobj_pJrUkY3ZODWOw0OvDWCB11jJMJhzIdZCITBHEL6zXiC5nRjnFa5W1atRjV4DRDRMHkpamnI0ibUuUiDC9iDmg84UBzENZYWYVw51BkvbNy-mzaBzh2PYUCQEw_Ry-7mt9p2LoHCZiGFUe_DER-l8gKxYfJlO_JOpw&amp;__tn__=K-R\">Krypto Kosmetik<\/a>&nbsp;mit ihrem neuen, wirklich sehr h\u00f6renswertem Album bei uns vorbei.<\/p>\n\n\n\n<p>Auf einer soliden Grundlage bestehend aus Singer-Songwriter Vergangenheit, spielen sie mittlerweile nicht einen, sondern alle anderen Stile. Neues Lied, neues Genre. Funkgitarren, Klimperklavier, Honkytonkpiano, Fuzzgitarren, Hiphop Beats, sehns\u00fcchtig raspelnder Gesang, balladeskes und Rap. Textlich werden alle Gro\u00dfen Themen der heutigen Zeit abgearbeitet (der Stress beim Einkaufen, Herzensangelegenheiten).<\/p>\n\n\n\n<figure class=\"wp-block-image\"><img loading=\"lazy\" decoding=\"async\" width=\"800\" height=\"800\" data-attachment-id=\"11342\" data-permalink=\"https:\/\/www.oboa.de\/wordpress\/pl\/archiv\/9-10-august-2019\/lineup-2019\/sonnenbuehne-2019\/krypto-kosmetik\/\" data-orig-file=\"https:\/\/i0.wp.com\/www.oboa.de\/wordpress\/wp-content\/uploads\/2019\/07\/Krypto-Kosmetik-e1564584547625.jpg?fit=800%2C800&amp;ssl=1\" data-orig-size=\"800,800\" data-comments-opened=\"1\" data-image-meta=\"{&quot;aperture&quot;:&quot;0&quot;,&quot;credit&quot;:&quot;&quot;,&quot;camera&quot;:&quot;&quot;,&quot;caption&quot;:&quot;&quot;,&quot;created_timestamp&quot;:&quot;0&quot;,&quot;copyright&quot;:&quot;&quot;,&quot;focal_length&quot;:&quot;0&quot;,&quot;iso&quot;:&quot;0&quot;,&quot;shutter_speed&quot;:&quot;0&quot;,&quot;title&quot;:&quot;&quot;,&quot;orientation&quot;:&quot;0&quot;}\" data-image-title=\"Krypto-Kosmetik\" data-image-description=\"\" data-image-caption=\"\" data-medium-file=\"https:\/\/i0.wp.com\/www.oboa.de\/wordpress\/wp-content\/uploads\/2019\/07\/Krypto-Kosmetik-e1564584547625.jpg?fit=300%2C300&amp;ssl=1\" data-large-file=\"https:\/\/i0.wp.com\/www.oboa.de\/wordpress\/wp-content\/uploads\/2019\/07\/Krypto-Kosmetik-e1564584547625.jpg?fit=800%2C800&amp;ssl=1\" tabindex=\"0\" role=\"button\" src=\"https:\/\/i0.wp.com\/www.oboa.de\/wordpress\/wp-content\/uploads\/2019\/07\/Krypto-Kosmetik-e1564584547625.jpg?resize=800%2C800\" alt=\"\" class=\"wp-image-11342\" data-recalc-dims=\"1\"\/><\/figure>\n\n\n\n<h4 class=\"wp-block-heading\">The Love Buckets<\/h4>\n\n\n\n<h4 class=\"wp-block-heading\">Triggerkid &amp; the ending Man<\/h4>\n\n\n\n<h4 class=\"wp-block-heading\">Jugoslawia<\/h4>\n\n\n\n<p><\/p>\n","protected":false},"excerpt":{"rendered":"<p>Kiriloff Kiriloff Lange, instrumentale, repetitive Passagen. Pl\u00f6tzliche Eruptionen mit voll aufgedrehtem Overdrive. In wenigen , ausgew\u00e4hlten Momenten musste ich an das denken was in den [&#8230;]<\/p>\n","protected":false},"author":10,"featured_media":0,"parent":11072,"menu_order":20,"comment_status":"closed","ping_status":"closed","template":"","meta":{"footnotes":""},"translation":{"provider":"WPGlobus","version":"3.0.2","language":"pl","enabled_languages":["de","pl","gb","es"],"languages":{"de":{"title":true,"content":true,"excerpt":false},"pl":{"title":true,"content":false,"excerpt":false},"gb":{"title":false,"content":false,"excerpt":false},"es":{"title":false,"content":false,"excerpt":false}}},"jetpack_sharing_enabled":true,"_links":{"self":[{"href":"https:\/\/www.oboa.de\/wordpress\/pl\/wp-json\/wp\/v2\/pages\/11082"}],"collection":[{"href":"https:\/\/www.oboa.de\/wordpress\/pl\/wp-json\/wp\/v2\/pages"}],"about":[{"href":"https:\/\/www.oboa.de\/wordpress\/pl\/wp-json\/wp\/v2\/types\/page"}],"author":[{"embeddable":true,"href":"https:\/\/www.oboa.de\/wordpress\/pl\/wp-json\/wp\/v2\/users\/10"}],"replies":[{"embeddable":true,"href":"https:\/\/www.oboa.de\/wordpress\/pl\/wp-json\/wp\/v2\/comments?post=11082"}],"version-history":[{"count":26,"href":"https:\/\/www.oboa.de\/wordpress\/pl\/wp-json\/wp\/v2\/pages\/11082\/revisions"}],"predecessor-version":[{"id":11366,"href":"https:\/\/www.oboa.de\/wordpress\/pl\/wp-json\/wp\/v2\/pages\/11082\/revisions\/11366"}],"up":[{"embeddable":true,"href":"https:\/\/www.oboa.de\/wordpress\/pl\/wp-json\/wp\/v2\/pages\/11072"}],"wp:attachment":[{"href":"https:\/\/www.oboa.de\/wordpress\/pl\/wp-json\/wp\/v2\/media?parent=11082"}],"curies":[{"name":"wp","href":"https:\/\/api.w.org\/{rel}","templated":true}]}}