{"id":11099,"date":"2019-07-14T13:30:16","date_gmt":"2019-07-14T11:30:16","guid":{"rendered":"http:\/\/www.oboa.de\/wordpress\/?page_id=11099"},"modified":"2019-07-14T13:33:37","modified_gmt":"2019-07-14T11:33:37","slug":"soundsystem-yard-2019","status":"publish","type":"page","link":"https:\/\/www.oboa.de\/wordpress\/pl\/archiv\/9-10-august-2019\/lineup-2019\/soundsystem-yard-2019\/","title":{"rendered":"Soundsystem Yard 2019"},"content":{"rendered":"\n<h2 class=\"wp-block-heading\">&#8220;the sound of today with the inspiration of yesterday&#8221;<\/h2>\n\n\n\n<p>Am Anfang war nur ein Knacken, ein Knistern von der Nadel, die auf dem<br>Vinyl kratzt. Doch jeder wei\u00df, hier brennt gleich die Luft. Man h\u00f6rt das<br>erste Riff und alle fangen an zu tanzen. Der Bass bebt, die W\u00e4nde wackeln,<br>die Massive tobt. Dann kommt der Drop, nur die Bassline und der Selecta<br>dreht nochmal richtig auf&#8230;<br>Hier darf bis Sonnenaufgang getanzt werden.<br>Es erwarten euch bebende B\u00e4sse, pr\u00e4zise Mitten, klare H\u00f6hen.<br>Zwei handgebaute Boxent\u00fcrme, die euch Soundsystemkultur sp\u00fcrbar machen<br>lassen. So unterschiedlich die Musik sein kann, ist auch jedes Soundsystem.<br>Handgebaut und mit jahrelanger Erfahrung auf diese zugeschnitten.<br>\u00dcber das Maratone System werden alte karibische Kl\u00e4nge bis in die fr\u00fchen<br>70er Jahre zu h\u00f6ren sein. Freedom Fighter Soundsystem stellt hingegen<br>einen klassischen Vertreter der DUB culture dar, und mit dem Support vom<br>Deep Purple Soundsystem wird auch HipHop und Afrobeat zu h\u00f6ren sein.<\/p>\n\n\n\n<p>2 Soundsysteme ein Yard:<br>Maratone Soundsystem \/ Rocksteady foundation<br><a href=\"https:\/\/originalreggae.de\/\">https:\/\/originalreggae.de\/<\/a><br>Freedom Fighter Soundsystem \/ Bassculture groundation<br><a href=\"https:\/\/de-de.facebook.com\/Freedom.Fighters.Soundsystem\">https:\/\/de-de.facebook.com\/Freedom.Fighters.Soundsystem<\/a><\/p>\n\n\n\n<p>Support: Deep Purple Soundsystem \/ from Roots to Outerspace<\/p>\n\n\n\n<p>Artists:<br>Rhythm Ruler \/ Maratone \/ Rocksteady<br>Dr. Jekyll \/ Freedom Fighter \/ Roots\u00b4n\u00b4DUB<br>Bredda Henry \/ Freedom Fighter \/ Steppers<br>Yugo Taguchi \/ Roots Temple \/ Rub&#8217;a&#8217;Dub<br>Newk_ill \/ 40 Grad Nordost &nbsp;\/ HipHop<br>Kingston Head Roll \/ Ska Beats International \/ Rhythm and Blues<br>Roots Descendents \/ United \/ Roots &amp; Culture<br>Noisy Eater \/ Deep Purple \/ Reggae-Cumbia<br>Tofu Madagaskar \/ Endboss \/ AfroBeat<br>Marth Angel \/ Eintakt Records \/ AfroFunk<\/p>\n\n\n\n<p>Facebook-Event:&nbsp;<a href=\"https:\/\/www.facebook.com\/events\/385825175402361\/\">https:\/\/www.facebook.com\/events\/385825175402361\/<\/a><\/p>\n","protected":false},"excerpt":{"rendered":"<p>&#8220;the sound of today with the inspiration of yesterday&#8221; Am Anfang war nur ein Knacken, ein Knistern von der Nadel, die auf demVinyl kratzt. Doch [&#8230;]<\/p>\n","protected":false},"author":10,"featured_media":0,"parent":11072,"menu_order":30,"comment_status":"closed","ping_status":"closed","template":"","meta":{"footnotes":""},"translation":{"provider":"WPGlobus","version":"3.0.0","language":"pl","enabled_languages":["de","pl","gb","es"],"languages":{"de":{"title":true,"content":true,"excerpt":false},"pl":{"title":false,"content":false,"excerpt":false},"gb":{"title":false,"content":false,"excerpt":false},"es":{"title":false,"content":false,"excerpt":false}}},"jetpack_sharing_enabled":true,"_links":{"self":[{"href":"https:\/\/www.oboa.de\/wordpress\/pl\/wp-json\/wp\/v2\/pages\/11099"}],"collection":[{"href":"https:\/\/www.oboa.de\/wordpress\/pl\/wp-json\/wp\/v2\/pages"}],"about":[{"href":"https:\/\/www.oboa.de\/wordpress\/pl\/wp-json\/wp\/v2\/types\/page"}],"author":[{"embeddable":true,"href":"https:\/\/www.oboa.de\/wordpress\/pl\/wp-json\/wp\/v2\/users\/10"}],"replies":[{"embeddable":true,"href":"https:\/\/www.oboa.de\/wordpress\/pl\/wp-json\/wp\/v2\/comments?post=11099"}],"version-history":[{"count":3,"href":"https:\/\/www.oboa.de\/wordpress\/pl\/wp-json\/wp\/v2\/pages\/11099\/revisions"}],"predecessor-version":[{"id":12901,"href":"https:\/\/www.oboa.de\/wordpress\/pl\/wp-json\/wp\/v2\/pages\/11099\/revisions\/12901"}],"up":[{"embeddable":true,"href":"https:\/\/www.oboa.de\/wordpress\/pl\/wp-json\/wp\/v2\/pages\/11072"}],"wp:attachment":[{"href":"https:\/\/www.oboa.de\/wordpress\/pl\/wp-json\/wp\/v2\/media?parent=11099"}],"curies":[{"name":"wp","href":"https:\/\/api.w.org\/{rel}","templated":true}]}}