{"id":11559,"date":"2020-02-19T22:44:07","date_gmt":"2020-02-19T20:44:07","guid":{"rendered":"http:\/\/www.oboa.de\/wordpress\/?page_id=11559"},"modified":"2024-03-18T19:42:04","modified_gmt":"2024-03-18T17:42:04","slug":"home","status":"publish","type":"page","link":"https:\/\/www.oboa.de\/wordpress\/pl\/","title":{"rendered":"Home"},"content":{"rendered":"<h1 class=\"has-text-align-center\" style=\"text-align: center;\">ODERBRUCH OPEN AIR<\/h1>\r\n<p style=\"text-align: center;\"><!-- \/wp:heading --><\/p>\r\n<p style=\"text-align: center;\"><!-- wp:heading {\"align\":\"center\",\"level\":3,\"className\":\"h3-14-Zeilenabstand\"} --><\/p>\r\n<h2 class=\"has-text-align-center h3-14-Zeilenabstand\" style=\"text-align: center;\">Tw\u00f3j festiwal w<br \/>Forcie Gorgast<\/h2>\r\n<p style=\"text-align: center;\"><!-- \/wp:heading --><\/p>\r\n<p style=\"text-align: center;\"><!-- wp:separator {\"customColor\":\"#bc430f\",\"className\":\"is-style-wide\"} --><\/p>\r\n<hr class=\"wp-block-separator has-text-color has-background is-style-wide\" style=\"background-color: #bc430f; color: #bc430f;\" \/>\r\n<p><!-- \/wp:separator --><\/p>\r\n<p style=\"text-align: center;\"><!-- wp:group --><\/p>\r\n<div class=\"wp-block-group\" style=\"text-align: center;\">\r\n<div class=\"wp-block-group__inner-container\">\r\n<div class=\"wp-block-group\">\r\n<div><a href=\"https:\/\/i0.wp.com\/www.oboa.de\/wordpress\/wp-content\/uploads\/2020\/02\/oboa_kind_2019_rechts.png\"><img loading=\"lazy\" decoding=\"async\" data-attachment-id=\"11713\" data-permalink=\"https:\/\/www.oboa.de\/wordpress\/pl\/home\/oboa_kind_2019_rechts\/\" data-orig-file=\"https:\/\/i0.wp.com\/www.oboa.de\/wordpress\/wp-content\/uploads\/2020\/02\/oboa_kind_2019_rechts.png?fit=271%2C287&amp;ssl=1\" data-orig-size=\"271,287\" data-comments-opened=\"1\" data-image-meta=\"{&quot;aperture&quot;:&quot;0&quot;,&quot;credit&quot;:&quot;&quot;,&quot;camera&quot;:&quot;&quot;,&quot;caption&quot;:&quot;&quot;,&quot;created_timestamp&quot;:&quot;0&quot;,&quot;copyright&quot;:&quot;&quot;,&quot;focal_length&quot;:&quot;0&quot;,&quot;iso&quot;:&quot;0&quot;,&quot;shutter_speed&quot;:&quot;0&quot;,&quot;title&quot;:&quot;&quot;,&quot;orientation&quot;:&quot;0&quot;}\" data-image-title=\"oboa_kind_2019_rechts\" data-image-description=\"\" data-image-caption=\"\" data-medium-file=\"https:\/\/i0.wp.com\/www.oboa.de\/wordpress\/wp-content\/uploads\/2020\/02\/oboa_kind_2019_rechts.png?fit=271%2C287&amp;ssl=1\" data-large-file=\"https:\/\/i0.wp.com\/www.oboa.de\/wordpress\/wp-content\/uploads\/2020\/02\/oboa_kind_2019_rechts.png?fit=271%2C287&amp;ssl=1\" tabindex=\"0\" role=\"button\" class=\"alignnone size-full wp-image-11713\" src=\"https:\/\/i0.wp.com\/www.oboa.de\/wordpress\/wp-content\/uploads\/2020\/02\/oboa_kind_2019_rechts.png?resize=271%2C287\" alt=\"\" width=\"271\" height=\"287\" data-recalc-dims=\"1\" \/><\/a><\/div>\r\n<div>\u00a0<\/div>\r\n<div class=\"wp-block-group__inner-container\">\r\n<div class=\"\">\r\n<div class=\"\">\r\n<div>\r\n<p>Drodzy Ludzie zewsz\u0105d,<br \/><br \/><br \/>w tym roku po raz kolejny mogli\u015bmy wsp\u00f3lnie prze\u017cy\u0107 wspania\u0142y festiwal.<br \/><br \/>Ogromne podzi\u0119kowania nale\u017c\u0105 si\u0119 wszystkim tym, kt\u00f3rzy po raz kolejny zaanga\u017cowali si\u0119 w jego organizacj\u0119 ca\u0142ym sercem i w ramach wolontariatu, dzi\u0119ki czemu OBOA jest w og\u00f3le mo\u017cliwy.<br \/><br \/>R\u00f3wnie\u017c wszystkim artystom &#8211; zespo\u0142om, DJ-om czy te\u017c autorom piosenek wielkie gromkie brawa za wspania\u0142e wyst\u0119py.<br \/><br \/>Dzi\u0119kujemy r\u00f3wnie\u017c wszystkim zespo\u0142om i artystom solowym, kt\u00f3rzy si\u0119 do nas zg\u0142osili, ale niestety nie mogli wyst\u0105pi\u0107 na festiwalu tym razem.<br \/><br \/><br \/>Mamy nadziej\u0119, \u017ce po OBOA to jednocze\u015bnie przed OBOA.<br \/><br \/>Sprawdzajcie wi\u0119c od czasu do czasu <strong><a href=\"https:\/\/www.oboa.de\/wordpress\/pl\/news\/\">NIUSY<\/a><\/strong>. B\u0119dziemy informowa\u0107 na bie\u017c\u0105co.<\/p>\r\n<\/div>\r\n<\/div>\r\n<div>\u00a0<\/div>\r\n<div><a href=\"https:\/\/www.betterplace.org\/de\/projects\/117393?utm_campaign=user_share&amp;utm_medium=ppp_sticky&amp;utm_source=Link\" target=\"_blank\" rel=\"noopener\"><img loading=\"lazy\" decoding=\"async\" data-attachment-id=\"12868\" data-permalink=\"https:\/\/www.oboa.de\/wordpress\/pl\/home\/oboa-unterstuetzen-button-polnisch\/\" data-orig-file=\"https:\/\/i0.wp.com\/www.oboa.de\/wordpress\/wp-content\/uploads\/2022\/07\/OBOA-Unterstuetzen-Button-polnisch.png?fit=200%2C74&amp;ssl=1\" data-orig-size=\"200,74\" data-comments-opened=\"1\" data-image-meta=\"{&quot;aperture&quot;:&quot;0&quot;,&quot;credit&quot;:&quot;&quot;,&quot;camera&quot;:&quot;&quot;,&quot;caption&quot;:&quot;&quot;,&quot;created_timestamp&quot;:&quot;0&quot;,&quot;copyright&quot;:&quot;&quot;,&quot;focal_length&quot;:&quot;0&quot;,&quot;iso&quot;:&quot;0&quot;,&quot;shutter_speed&quot;:&quot;0&quot;,&quot;title&quot;:&quot;&quot;,&quot;orientation&quot;:&quot;0&quot;}\" data-image-title=\"OBOA Unterst\u00fctzen Button polnisch\" data-image-description=\"\" data-image-caption=\"\" data-medium-file=\"https:\/\/i0.wp.com\/www.oboa.de\/wordpress\/wp-content\/uploads\/2022\/07\/OBOA-Unterstuetzen-Button-polnisch.png?fit=200%2C74&amp;ssl=1\" data-large-file=\"https:\/\/i0.wp.com\/www.oboa.de\/wordpress\/wp-content\/uploads\/2022\/07\/OBOA-Unterstuetzen-Button-polnisch.png?fit=200%2C74&amp;ssl=1\" tabindex=\"0\" role=\"button\" class=\"alignnone wp-image-12868 size-full\" src=\"https:\/\/i0.wp.com\/www.oboa.de\/wordpress\/wp-content\/uploads\/2022\/07\/OBOA-Unterstuetzen-Button-polnisch.png?resize=200%2C74&#038;ssl=1\" alt=\"\" width=\"200\" height=\"74\" data-recalc-dims=\"1\" \/><\/a><\/div>\r\n<\/div>\r\n<\/div>\r\n<hr class=\"wp-block-separator has-text-color has-background is-style-wide\" style=\"background-color: #bc430f; color: #bc430f;\" \/><hr class=\"wp-block-separator has-text-color has-background is-style-wide\" style=\"background-color: #bc430f; color: #bc430f;\" \/>\r\n<p style=\"text-align: center;\">\u00a0<\/p>\r\n<\/div>\r\n<\/div>\r\n<\/div>\r\n<p>&nbsp;<\/p>","protected":false},"excerpt":{"rendered":"<p>ODERBRUCH OPEN AIR Tw\u00f3j festiwal wForcie Gorgast \u00a0 Drodzy Ludzie zewsz\u0105d, w tym roku po raz kolejny mogli\u015bmy wsp\u00f3lnie prze\u017cy\u0107 wspania\u0142y festiwal. Ogromne podzi\u0119kowania nale\u017c\u0105 [&#8230;]<\/p>\n","protected":false},"author":10,"featured_media":0,"parent":0,"menu_order":0,"comment_status":"closed","ping_status":"closed","template":"page-templates\/Seite_ohne_Ueberschrift_zentriert_middle.php","meta":{"footnotes":""},"translation":{"provider":"WPGlobus","version":"3.0.2","language":"pl","enabled_languages":["de","pl","gb","es"],"languages":{"de":{"title":true,"content":true,"excerpt":false},"pl":{"title":true,"content":true,"excerpt":false},"gb":{"title":true,"content":true,"excerpt":false},"es":{"title":true,"content":true,"excerpt":false}}},"jetpack_sharing_enabled":true,"_links":{"self":[{"href":"https:\/\/www.oboa.de\/wordpress\/pl\/wp-json\/wp\/v2\/pages\/11559"}],"collection":[{"href":"https:\/\/www.oboa.de\/wordpress\/pl\/wp-json\/wp\/v2\/pages"}],"about":[{"href":"https:\/\/www.oboa.de\/wordpress\/pl\/wp-json\/wp\/v2\/types\/page"}],"author":[{"embeddable":true,"href":"https:\/\/www.oboa.de\/wordpress\/pl\/wp-json\/wp\/v2\/users\/10"}],"replies":[{"embeddable":true,"href":"https:\/\/www.oboa.de\/wordpress\/pl\/wp-json\/wp\/v2\/comments?post=11559"}],"version-history":[{"count":244,"href":"https:\/\/www.oboa.de\/wordpress\/pl\/wp-json\/wp\/v2\/pages\/11559\/revisions"}],"predecessor-version":[{"id":14891,"href":"https:\/\/www.oboa.de\/wordpress\/pl\/wp-json\/wp\/v2\/pages\/11559\/revisions\/14891"}],"wp:attachment":[{"href":"https:\/\/www.oboa.de\/wordpress\/pl\/wp-json\/wp\/v2\/media?parent=11559"}],"curies":[{"name":"wp","href":"https:\/\/api.w.org\/{rel}","templated":true}]}}