{"id":11864,"date":"2020-02-25T19:55:11","date_gmt":"2020-02-25T17:55:11","guid":{"rendered":"http:\/\/www.oboa.de\/wordpress\/?page_id=11864"},"modified":"2025-07-13T22:17:21","modified_gmt":"2025-07-13T20:17:21","slug":"mitmachen","status":"publish","type":"page","link":"https:\/\/www.oboa.de\/wordpress\/pl\/faq\/mitmachen\/","title":{"rendered":"Wsp\u00f3\u0142praca"},"content":{"rendered":"<div class=\"wp-block-columns\">\r\n<div class=\"wp-block-column\">\r\n<figure class=\"wp-block-image size-large is-style-circle-mask\"><a href=\"#beim_festival\"><img decoding=\"async\" class=\"wp-image-11869\" src=\"https:\/\/i0.wp.com\/www.oboa.de\/wordpress\/wp-content\/uploads\/2020\/03\/Mitmachen_beimFestival.jpg?w=800\" alt=\"\" data-recalc-dims=\"1\" \/><\/a>\r\n<figcaption><strong>przy festiwalu<\/strong><\/figcaption>\r\n<\/figure>\r\n<p><!-- \/wp:image --><\/p>\r\n<\/div>\r\n<p><!-- \/wp:column --><\/p>\r\n<p><!-- wp:column --><\/p>\r\n<div class=\"wp-block-column\"><!-- wp:image {\"id\":11885,\"sizeSlug\":\"large\",\"linkDestination\":\"custom\",\"className\":\"is-style-circle-mask\"} -->\r\n<figure class=\"wp-block-image size-large is-style-circle-mask\"><a href=\"#als_artists\"><img decoding=\"async\" class=\"wp-image-11885\" src=\"https:\/\/i0.wp.com\/www.oboa.de\/wordpress\/wp-content\/uploads\/2020\/03\/Mitmachen_alsBand-1.jpg?w=800\" alt=\"\" data-recalc-dims=\"1\" \/><\/a>\r\n<figcaption><strong>jako artysta<\/strong><\/figcaption>\r\n<\/figure>\r\n<p><!-- \/wp:image --><\/p>\r\n<\/div>\r\n<p><!-- \/wp:column --><\/p>\r\n<p><!-- wp:column --><\/p>\r\n<div class=\"wp-block-column\"><!-- wp:image {\"id\":11897,\"sizeSlug\":\"large\",\"linkDestination\":\"custom\",\"className\":\"is-style-circle-mask\"} -->\r\n<figure class=\"wp-block-image size-large is-style-circle-mask\"><a href=\"#als_haendler\"><img decoding=\"async\" class=\"wp-image-11897\" src=\"https:\/\/i0.wp.com\/www.oboa.de\/wordpress\/wp-content\/uploads\/2020\/03\/Mitmachen_alsHaendler-1.jpg?w=800\" alt=\"\" data-recalc-dims=\"1\" \/><\/a>\r\n<figcaption><strong>stoisko<\/strong><\/figcaption>\r\n<\/figure>\r\n<p><!-- \/wp:image --><\/p>\r\n<\/div>\r\n<p><!-- \/wp:column --><\/p>\r\n<p><!-- wp:column --><\/p>\r\n<div class=\"wp-block-column\"><!-- wp:image {\"id\":11884,\"sizeSlug\":\"large\",\"linkDestination\":\"custom\",\"className\":\"is-style-circle-mask\"} -->\r\n<figure class=\"wp-block-image size-large is-style-circle-mask\"><a href=\"#im_verein\"><img decoding=\"async\" class=\"wp-image-11884\" src=\"https:\/\/i0.wp.com\/www.oboa.de\/wordpress\/wp-content\/uploads\/2020\/03\/Mitmachen_imVerein.jpg?w=800\" alt=\"\" data-recalc-dims=\"1\" \/><\/a>\r\n<figcaption><strong>w stowarzyszeniu<\/strong><\/figcaption>\r\n<\/figure>\r\n<p><!-- \/wp:image --><\/p>\r\n<\/div>\r\n<p><!-- \/wp:column --><\/p>\r\n<\/div>\r\n<p><!-- \/wp:columns --><\/p>\r\n<p><!-- wp:spacer {\"height\":25} --><\/p>\r\n<div class=\"wp-block-spacer\" style=\"height: 25px;\" aria-hidden=\"true\">\u00a0<\/div>\r\n<p><!-- \/wp:spacer --><\/p>\r\n<p><!-- wp:paragraph {\"fontSize\":\"medium\"} --><\/p>\r\n<p><b>OBOA jest wsp\u00f3lnym, niekomercyjnym projektem, w kt\u00f3rym ka\u017cdy mo\u017ce wzi\u0105\u0107 udzia\u0142.<\/b><\/p>\r\n<p><b>Je\u017celi wi\u0119c macie ochot\u0119 wsp\u00f3\u0142tworzy\u0107 z nami ten festiwal, pu\u015bci\u0107 wodze waszej kreatywno\u015bci i pozna\u0107 nowych, ciekawych ludzi, cieszymy sie na Wasze zaanga\u017cowanie i pomoc w przygotowaniach.\u00a0<\/b><\/p>\r\n<p>Chcecie zagra\u0107 na OBOA? A mo\u017ce zadba\u0107 o podniebienia naszych festiwalowych go\u015bci lub zaopatrzy\u0107 ich na swoim stoisku w pi\u0119kne gad\u017cety? Czekamy na Wasze zg\u0142oszenia.<\/p>\r\n<p><!-- \/wp:paragraph --><\/p>\r\n<p><!-- wp:spacer {\"height\":30} --><\/p>\r\n<div class=\"wp-block-spacer\" style=\"height: 30px;\" aria-hidden=\"true\">\u00a0<\/div>\r\n<p><!-- \/wp:spacer --><\/p>\r\n<p><!-- wp:heading --><\/p>\r\n<h2 id=\"beim_festival\"><strong>Udzia\u0142 w festiwalu<\/strong><\/h2>\r\n<p><!-- \/wp:heading --><\/p>\r\n<p><!-- wp:heading {\"level\":3,\"textColor\":\"very-light-gray\"} --><\/p>\r\n<h3><b>Pomocne Elfy<\/b><\/h3>\r\n<p><!-- \/wp:heading --><\/p>\r\n<p><!-- wp:paragraph --><\/p>\r\n<p>Wolontariat jest nieod\u0142\u0105czn\u0105 cz\u0119\u015bci\u0105 festiwalu OBOA. Pomocnych r\u0105k potrzebujemy na wszystkich etapach organizacji festiwalu. Np.:<\/p>\r\n<ul>\r\n<li>budowa infrastruktury festiwalowej, dekorowanie, majsterkowanie, pomoc w cateringu<\/li>\r\n<li>w czasie festiwalu: na parkingu, w cateringu lub za barem<\/li>\r\n<li>i bardzo wa\u017cne(!), po festiwalu potrzebujemy pomocy prz demonta\u017cu infrastruktury i sprz\u0105taniu terenu<\/li>\r\n<\/ul>\r\n<p><!-- \/wp:list --><\/p>\r\n<p><!-- wp:paragraph --><\/p>\r\n<p>Obiecujemy du\u017co pracy w mi\u0142ej atmosferze, a w nagrod\u0119 co\u015b na z\u0105b i kupony na napoje.<span class=\"Apple-converted-space\">\u00a0<\/span><\/p>\r\n<p>Po wi\u0119cej informacji zg\u0142aszajcie si\u0119 licznie pod adresem: helfer@oboa.de<\/p>\r\n<p><!-- \/wp:paragraph --><\/p>\r\n<p><!-- wp:heading {\"level\":3,\"textColor\":\"very-light-gray\"} --><\/p>\r\n<h3>Wystawa sztuki, oferta warsztat\u00f3w, wymiana informacji<\/h3>\r\n<p><!-- \/wp:heading --><\/p>\r\n<p><!-- wp:paragraph --><\/p>\r\n<p><!-- \/wp:paragraph --><\/p>\r\n<p><!-- wp:list --><\/p>\r\n<ul>\r\n<li>malarstwo, fotografia, sztuka plastyczna \u2013 ma\u0142a <b>wystawa<\/b> jest dla nas zawsze dobrym pomys\u0142em<\/li>\r\n<li>Joga, lutowanie, tkanie, polityczny dyskurs \u2013 yeay, dajcie nam <b>warsztaty<\/b><\/li>\r\n<li>Wiedza to pot\u0119ga! Podziel si\u0119 swoj\u0105 wiedz\u0105 z nami \u2013 miejsca na <b>punkty<\/b> <b>informacyjne<\/b> jest pod dostatkiem<\/li>\r\n<\/ul>\r\n<p><!-- \/wp:list --><\/p>\r\n<p><!-- wp:paragraph --><\/p>\r\n<p>Wi\u0119cej informacji dostaniecie tu: helfer@oboa.de<\/p>\r\n<p><!-- \/wp:paragraph --><\/p>\r\n<p><!-- wp:gallery {\"ids\":[1383,1387,1385,1384],\"columns\":4} --><\/p>\r\n<figure class=\"wp-block-gallery columns-4 is-cropped\">\r\n<ul class=\"blocks-gallery-grid\">\r\n<li class=\"blocks-gallery-item\">\r\n<figure><img loading=\"lazy\" decoding=\"async\" width=\"600\" height=\"400\" data-attachment-id=\"1383\" data-permalink=\"https:\/\/www.oboa.de\/wordpress\/pl\/?attachment_id=1383\" data-orig-file=\"https:\/\/i0.wp.com\/www.oboa.de\/wordpress\/wp-content\/uploads\/2013\/04\/Helfer3.jpg?fit=600%2C400&amp;ssl=1\" data-orig-size=\"600,400\" data-comments-opened=\"1\" data-image-meta=\"{&quot;aperture&quot;:&quot;0&quot;,&quot;credit&quot;:&quot;&quot;,&quot;camera&quot;:&quot;&quot;,&quot;caption&quot;:&quot;&quot;,&quot;created_timestamp&quot;:&quot;0&quot;,&quot;copyright&quot;:&quot;&quot;,&quot;focal_length&quot;:&quot;0&quot;,&quot;iso&quot;:&quot;0&quot;,&quot;shutter_speed&quot;:&quot;0&quot;,&quot;title&quot;:&quot;&quot;}\" data-image-title=\"Helfer3\" data-image-description=\"\" data-image-caption=\"&lt;p&gt;Gemeinsames Essen zur St\u00e4rkung beim Aufbau&lt;\/p&gt;\n\" data-medium-file=\"https:\/\/i0.wp.com\/www.oboa.de\/wordpress\/wp-content\/uploads\/2013\/04\/Helfer3.jpg?fit=300%2C200&amp;ssl=1\" data-large-file=\"https:\/\/i0.wp.com\/www.oboa.de\/wordpress\/wp-content\/uploads\/2013\/04\/Helfer3.jpg?fit=600%2C400&amp;ssl=1\" tabindex=\"0\" role=\"button\" class=\"wp-image-1383\" src=\"https:\/\/i0.wp.com\/www.oboa.de\/wordpress\/wp-content\/uploads\/2013\/04\/Helfer3.jpg?resize=600%2C400&#038;ssl=1\" alt=\"\" data-id=\"1383\" srcset=\"https:\/\/i0.wp.com\/www.oboa.de\/wordpress\/wp-content\/uploads\/2013\/04\/Helfer3.jpg?w=600&amp;ssl=1 600w, https:\/\/i0.wp.com\/www.oboa.de\/wordpress\/wp-content\/uploads\/2013\/04\/Helfer3.jpg?resize=300%2C200&amp;ssl=1 300w\" sizes=\"(max-width: 600px) 100vw, 600px\" data-recalc-dims=\"1\" \/><\/figure>\r\n<\/li>\r\n<li class=\"blocks-gallery-item\">\r\n<figure><img loading=\"lazy\" decoding=\"async\" width=\"400\" height=\"600\" data-attachment-id=\"1387\" data-permalink=\"https:\/\/www.oboa.de\/wordpress\/pl\/?attachment_id=1387\" data-orig-file=\"https:\/\/i0.wp.com\/www.oboa.de\/wordpress\/wp-content\/uploads\/2013\/04\/Helfer-1.jpg?fit=400%2C600&amp;ssl=1\" data-orig-size=\"400,600\" data-comments-opened=\"1\" data-image-meta=\"{&quot;aperture&quot;:&quot;0&quot;,&quot;credit&quot;:&quot;&quot;,&quot;camera&quot;:&quot;&quot;,&quot;caption&quot;:&quot;&quot;,&quot;created_timestamp&quot;:&quot;0&quot;,&quot;copyright&quot;:&quot;&quot;,&quot;focal_length&quot;:&quot;0&quot;,&quot;iso&quot;:&quot;0&quot;,&quot;shutter_speed&quot;:&quot;0&quot;,&quot;title&quot;:&quot;&quot;}\" data-image-title=\"Helfer 1\" data-image-description=\"\" data-image-caption=\"&lt;p&gt;Dekoideen ausarbeiten und umsetzten&lt;\/p&gt;\n\" data-medium-file=\"https:\/\/i0.wp.com\/www.oboa.de\/wordpress\/wp-content\/uploads\/2013\/04\/Helfer-1.jpg?fit=200%2C300&amp;ssl=1\" data-large-file=\"https:\/\/i0.wp.com\/www.oboa.de\/wordpress\/wp-content\/uploads\/2013\/04\/Helfer-1.jpg?fit=400%2C600&amp;ssl=1\" tabindex=\"0\" role=\"button\" class=\"wp-image-1387\" src=\"https:\/\/i0.wp.com\/www.oboa.de\/wordpress\/wp-content\/uploads\/2013\/04\/Helfer-1.jpg?resize=400%2C600&#038;ssl=1\" alt=\"\" data-id=\"1387\" srcset=\"https:\/\/i0.wp.com\/www.oboa.de\/wordpress\/wp-content\/uploads\/2013\/04\/Helfer-1.jpg?w=400&amp;ssl=1 400w, https:\/\/i0.wp.com\/www.oboa.de\/wordpress\/wp-content\/uploads\/2013\/04\/Helfer-1.jpg?resize=200%2C300&amp;ssl=1 200w\" sizes=\"(max-width: 400px) 100vw, 400px\" data-recalc-dims=\"1\" \/><\/figure>\r\n<\/li>\r\n<li class=\"blocks-gallery-item\">\r\n<figure><img loading=\"lazy\" decoding=\"async\" width=\"600\" height=\"400\" data-attachment-id=\"1385\" data-permalink=\"https:\/\/www.oboa.de\/wordpress\/pl\/?attachment_id=1385\" data-orig-file=\"https:\/\/i0.wp.com\/www.oboa.de\/wordpress\/wp-content\/uploads\/2013\/04\/Helfer-5.jpg?fit=600%2C400&amp;ssl=1\" data-orig-size=\"600,400\" data-comments-opened=\"1\" data-image-meta=\"{&quot;aperture&quot;:&quot;0&quot;,&quot;credit&quot;:&quot;&quot;,&quot;camera&quot;:&quot;&quot;,&quot;caption&quot;:&quot;&quot;,&quot;created_timestamp&quot;:&quot;0&quot;,&quot;copyright&quot;:&quot;&quot;,&quot;focal_length&quot;:&quot;0&quot;,&quot;iso&quot;:&quot;0&quot;,&quot;shutter_speed&quot;:&quot;0&quot;,&quot;title&quot;:&quot;&quot;}\" data-image-title=\"Helfer 5\" data-image-description=\"\" data-image-caption=\"&lt;p&gt;Hilfe beim Auf- und Abbau ist immer willkommen&lt;\/p&gt;\n\" data-medium-file=\"https:\/\/i0.wp.com\/www.oboa.de\/wordpress\/wp-content\/uploads\/2013\/04\/Helfer-5.jpg?fit=300%2C200&amp;ssl=1\" data-large-file=\"https:\/\/i0.wp.com\/www.oboa.de\/wordpress\/wp-content\/uploads\/2013\/04\/Helfer-5.jpg?fit=600%2C400&amp;ssl=1\" tabindex=\"0\" role=\"button\" class=\"wp-image-1385\" src=\"https:\/\/i0.wp.com\/www.oboa.de\/wordpress\/wp-content\/uploads\/2013\/04\/Helfer-5.jpg?resize=600%2C400&#038;ssl=1\" alt=\"\" data-id=\"1385\" srcset=\"https:\/\/i0.wp.com\/www.oboa.de\/wordpress\/wp-content\/uploads\/2013\/04\/Helfer-5.jpg?w=600&amp;ssl=1 600w, https:\/\/i0.wp.com\/www.oboa.de\/wordpress\/wp-content\/uploads\/2013\/04\/Helfer-5.jpg?resize=300%2C200&amp;ssl=1 300w\" sizes=\"(max-width: 600px) 100vw, 600px\" data-recalc-dims=\"1\" \/><\/figure>\r\n<\/li>\r\n<li class=\"blocks-gallery-item\">\r\n<figure><img loading=\"lazy\" decoding=\"async\" width=\"600\" height=\"400\" data-attachment-id=\"1384\" data-permalink=\"https:\/\/www.oboa.de\/wordpress\/pl\/?attachment_id=1384\" data-orig-file=\"https:\/\/i0.wp.com\/www.oboa.de\/wordpress\/wp-content\/uploads\/2013\/04\/helfer-4.jpg?fit=600%2C400&amp;ssl=1\" data-orig-size=\"600,400\" data-comments-opened=\"1\" data-image-meta=\"{&quot;aperture&quot;:&quot;0&quot;,&quot;credit&quot;:&quot;&quot;,&quot;camera&quot;:&quot;&quot;,&quot;caption&quot;:&quot;&quot;,&quot;created_timestamp&quot;:&quot;0&quot;,&quot;copyright&quot;:&quot;&quot;,&quot;focal_length&quot;:&quot;0&quot;,&quot;iso&quot;:&quot;0&quot;,&quot;shutter_speed&quot;:&quot;0&quot;,&quot;title&quot;:&quot;&quot;}\" data-image-title=\"helfer 4\" data-image-description=\"\" data-image-caption=\"&lt;p&gt;Vollbepackt mit tollen Sachen &#8230;&lt;\/p&gt;\n\" data-medium-file=\"https:\/\/i0.wp.com\/www.oboa.de\/wordpress\/wp-content\/uploads\/2013\/04\/helfer-4.jpg?fit=300%2C200&amp;ssl=1\" data-large-file=\"https:\/\/i0.wp.com\/www.oboa.de\/wordpress\/wp-content\/uploads\/2013\/04\/helfer-4.jpg?fit=600%2C400&amp;ssl=1\" tabindex=\"0\" role=\"button\" class=\"wp-image-1384\" src=\"https:\/\/i0.wp.com\/www.oboa.de\/wordpress\/wp-content\/uploads\/2013\/04\/helfer-4.jpg?resize=600%2C400&#038;ssl=1\" alt=\"\" data-id=\"1384\" srcset=\"https:\/\/i0.wp.com\/www.oboa.de\/wordpress\/wp-content\/uploads\/2013\/04\/helfer-4.jpg?w=600&amp;ssl=1 600w, https:\/\/i0.wp.com\/www.oboa.de\/wordpress\/wp-content\/uploads\/2013\/04\/helfer-4.jpg?resize=300%2C200&amp;ssl=1 300w\" sizes=\"(max-width: 600px) 100vw, 600px\" data-recalc-dims=\"1\" \/><\/figure>\r\n<\/li>\r\n<\/ul>\r\n<\/figure>\r\n<p><!-- \/wp:gallery --><\/p>\r\n<p><!-- wp:spacer {\"height\":30} --><\/p>\r\n<div class=\"wp-block-spacer\" style=\"height: 30px;\" aria-hidden=\"true\">\u00a0<\/div>\r\n<p><!-- \/wp:spacer --><\/p>\r\n<p><!-- wp:heading --><\/p>\r\n<h2 id=\"als_artists\"><strong>Jako artysta na OBOA<\/strong><\/h2>\r\n<p><!-- \/wp:heading --><\/p>\r\n<p><!-- wp:paragraph --><\/p>\r\n<p>Tworzysz muzyk\u0119? To si\u0119 dobrze sk\u0142ada! Solo, jako zesp\u00f3\u0142, z intrumentami, a capella, lub z pulpitem did\u017cejskim? Najwa\u017cniejsze, \u017ce chcesz nas wszystkich zachwyci\u0107!<\/p>\r\n<p>Na Oboa mamy kilka r\u00f3\u017cnych scen, a na nich kolorowy miks muzycznych przysmak\u00f3w.<\/p>\r\n<p>Rock, punk, ska, metal, dub, drum &amp; bass, reggae i nie tylko \u2013 znajdzie si\u0119 dla ka\u017cdego co\u015b mi\u0142ego uchu.<\/p>\r\n<p>Piszcie do nas i przedstwcie si\u0119 kr\u00f3tko!<\/p>\r\n<p>Mejl: bands@oboa.de<\/p>\r\n<p><!-- \/wp:paragraph --><\/p>\r\n<p><!-- wp:spacer {\"height\":30} --><\/p>\r\n<div class=\"wp-block-spacer\" style=\"height: 30px;\" aria-hidden=\"true\">\u00a0<\/div>\r\n<p><!-- \/wp:spacer --><\/p>\r\n<p><!-- wp:heading --><\/p>\r\n<h2 id=\"als_haendler\">Twoje stoisko na OBOA<\/h2>\r\n<p><!-- \/wp:heading --><\/p>\r\n<p><!-- wp:paragraph --><\/p>\r\n<p>Frytki, pizza, falafel, zapiekanki, pieczywo, czy inne przysmaki \u2013 lista mog\u0142aby si\u0119 ci\u0105gn\u0105\u0107 w niesko\u0144czono\u015b\u0107. A, \u017ce jak wiadomo, przez \u017co\u0142\u0105dek do serca \u2013 potrzebujemy du\u017cych ilo\u015bci pyszego, wega\u0144skiego\/wegetaria\u0144skiego jedzenia.<\/p>\r\n<p>Chcesz ustawi\u0107 swoje stoisko na naszym festiwalu? Napisz do nas, a otrzymasz wi\u0119cej informacji.<\/p>\r\n<p>Mejl: info@oboa.de<\/p>\r\n<p><!-- \/wp:spacer --><\/p>\r\n<p><!-- wp:heading --><\/p>\r\n<h2 id=\"im_verein\">W stowarzyszeniu<\/h2>\r\n<p><!-- \/wp:heading --><\/p>\r\n<p><!-- wp:paragraph --><\/p>\r\n<p>Wolisz dzia\u0142anie u podstaw i chcesz organizowa\u0107 OBOA od samego pocz\u0105tku? Zajrzyj do dzia\u0142u <a href=\"https:\/\/www.oboa.de\/wordpress\/pl\/faq\/verein\/\">stowarzyszenie<\/a>, lub napisz do nas przedstaw si\u0119 kr\u00f3tko i zdrad\u017a nam swoj\u0105, niewa\u017cne jak banaln\u0105 super si\u0142\u0119.<span class=\"Apple-converted-space\">\u00a0<\/span><\/p>\r\n<p>Mejl: helfer@oboa.de<span class=\"Apple-converted-space\">\u00a0<\/span><\/p>","protected":false},"excerpt":{"rendered":"<p>przy festiwalu jako artysta stoisko w stowarzyszeniu \u00a0 OBOA jest wsp\u00f3lnym, niekomercyjnym projektem, w kt\u00f3rym ka\u017cdy mo\u017ce wzi\u0105\u0107 udzia\u0142. Je\u017celi wi\u0119c macie ochot\u0119 wsp\u00f3\u0142tworzy\u0107 z [&#8230;]<\/p>\n","protected":false},"author":12,"featured_media":0,"parent":3452,"menu_order":20,"comment_status":"closed","ping_status":"closed","template":"","meta":{"footnotes":""},"translation":{"provider":"WPGlobus","version":"3.0.2","language":"pl","enabled_languages":["de","pl","gb","es"],"languages":{"de":{"title":true,"content":true,"excerpt":false},"pl":{"title":true,"content":true,"excerpt":false},"gb":{"title":true,"content":true,"excerpt":false},"es":{"title":true,"content":true,"excerpt":false}}},"jetpack_sharing_enabled":true,"_links":{"self":[{"href":"https:\/\/www.oboa.de\/wordpress\/pl\/wp-json\/wp\/v2\/pages\/11864"}],"collection":[{"href":"https:\/\/www.oboa.de\/wordpress\/pl\/wp-json\/wp\/v2\/pages"}],"about":[{"href":"https:\/\/www.oboa.de\/wordpress\/pl\/wp-json\/wp\/v2\/types\/page"}],"author":[{"embeddable":true,"href":"https:\/\/www.oboa.de\/wordpress\/pl\/wp-json\/wp\/v2\/users\/12"}],"replies":[{"embeddable":true,"href":"https:\/\/www.oboa.de\/wordpress\/pl\/wp-json\/wp\/v2\/comments?post=11864"}],"version-history":[{"count":82,"href":"https:\/\/www.oboa.de\/wordpress\/pl\/wp-json\/wp\/v2\/pages\/11864\/revisions"}],"predecessor-version":[{"id":15152,"href":"https:\/\/www.oboa.de\/wordpress\/pl\/wp-json\/wp\/v2\/pages\/11864\/revisions\/15152"}],"up":[{"embeddable":true,"href":"https:\/\/www.oboa.de\/wordpress\/pl\/wp-json\/wp\/v2\/pages\/3452"}],"wp:attachment":[{"href":"https:\/\/www.oboa.de\/wordpress\/pl\/wp-json\/wp\/v2\/media?parent=11864"}],"curies":[{"name":"wp","href":"https:\/\/api.w.org\/{rel}","templated":true}]}}