{"id":1269,"date":"2013-06-07T13:30:46","date_gmt":"2013-06-07T11:30:46","guid":{"rendered":"http:\/\/www.oboa.de\/wordpress\/?page_id=1269"},"modified":"2018-07-12T20:28:24","modified_gmt":"2018-07-12T18:28:24","slug":"beatbasar","status":"publish","type":"page","link":"https:\/\/www.oboa.de\/wordpress\/pl\/archiv\/oboa\/lineup\/beatbasar\/","title":{"rendered":"Beatbazar 2013"},"content":{"rendered":"<p><strong>Live:<\/strong><\/p>\n<h4><strong>Sebastian Arnold<\/strong><\/h4>\n<h4>(Drums &amp; Electronica One-Man-Band \/Berlin)<\/h4>\n<p><a href=\"https:\/\/i0.wp.com\/www.oboa.de\/wordpress\/wp-content\/uploads\/2013\/06\/sebastian-Arnold.jpg\"><img loading=\"lazy\" decoding=\"async\" class=\"alignleft\" src=\"https:\/\/i0.wp.com\/www.oboa.de\/wordpress\/wp-content\/uploads\/2013\/06\/sebastian-Arnold-300x222.jpg?resize=300%2C222\" alt=\"Sebastian Arnold\" width=\"300\" height=\"222\" data-recalc-dims=\"1\" \/><\/a><a href=\"http:\/\/www.sebastian-arnold.net\" target=\"_blank\" rel=\"noopener\"><img loading=\"lazy\" decoding=\"async\" class=\"alignleft\" src=\"https:\/\/i0.wp.com\/www.oboa.de\/wordpress\/wp-content\/uploads\/2013\/06\/homepage.png?resize=32%2C32\" alt=\"Homepage\" width=\"32\" height=\"32\" data-recalc-dims=\"1\" \/><\/a><a href=\"http:\/\/www.soundcloud.com\/sebastianarnold\" target=\"_blank\" rel=\"noopener\"><img loading=\"lazy\" decoding=\"async\" class=\"alignleft\" src=\"https:\/\/i0.wp.com\/www.oboa.de\/wordpress\/wp-content\/uploads\/2013\/06\/soundcloud-5-xxl-150x150.png?resize=38%2C38\" alt=\"\" width=\"38\" height=\"38\" data-recalc-dims=\"1\" \/><\/a><\/p>\n<h6>To jest troszk\u0119 takie uczucie jakby si\u0119 lecia\u0142o statkiem kosmicznym: Sebastian Arnold b\u0119d\u0105c na scenie gra jednocze\u015bnie na dwunastu instrumentach, uderzaj\u0105c w konsole u\u015bmiecha si\u0119 jakby w\u0142a\u015bnie pobija\u0142 sw\u00f3j rekord punkt\u00f3w w Space Invaders, a z g\u0142o\u015bnik\u00f3w wydobywaj\u0105 si\u0119 trzeszcz\u0105ce d\u017awi\u0119ki basowe, lec\u0105c w kierunku wszystkich planet naszej muzycznej eskapady. Nie da si\u0119 r\u00f3wnie\u017c nie zauwa\u017cy\u0107, \u017ce ten m\u0119\u017cczyzna jest utalentowanym perkusist\u0105. Ale jego futurystyczny One-Man-Performance z perkusj\u0105, syntezatorem i elektronik\u0105 przekracza wszelkie granice mi\u0119dzy muzyk\u0105 Electro, Post-Rock, Drum&#8217;n&#8217;Bass i Indietronica. W ca\u0142ych Niemczech w trakcie jego koncert\u00f3w \u00a0jako One-Man-Show czy te\u017c z ro\u017cnymi go\u015b\u0107mi muzycznymi, eksperymentuje si\u0119 i zwalcza rutyn\u0119 coraz to nowszymi impulsami d\u017awi\u0119kowymi. Przygotujcie si\u0119 na taneczny rausz przy nutach tego kreatywnego artysty!<\/h6>\n<p><strong>DJs<\/strong>:<\/p>\n<h4><a title=\"Beatoerend\" href=\"https:\/\/soundcloud.com\/beathoeren\"><strong>Beatoerend<\/strong><\/a> (beatrausch\/janzklar |Berlin)<\/h4>\n<h4><strong><a title=\"Decalculator\" href=\"https:\/\/soundcloud.com\/robertwzl\" target=\"_blank\" rel=\"noopener\">Decalculator<\/a><\/strong> (House\/Deep House | Berlin)<\/h4>\n<h4><strong><a title=\"H\u00e4gen Daz\" href=\"http:\/\/soundcloud.com\/hagen-daz%E2%80%8E\" target=\"_blank\" rel=\"noopener\">H\u00e4gen Daz<\/a><\/strong> (Dubstep\/Dazdub | Berlin)<\/h4>\n<h4><strong><a title=\"Madz &amp; Licious\" href=\"http:\/\/soundcloud.com\/madz\" target=\"_blank\" rel=\"noopener\">Madz &amp; Licious<\/a> <\/strong>(Minimal Drum\u2019n&#8217;Bass | Berlin)<\/h4>\n<p style=\"text-align: center;\"><strong>KOLEJNI WYKONAWCY WKR\u00d3TCE!<\/strong><\/p>\n","protected":false},"excerpt":{"rendered":"<p>Live: Sebastian Arnold (Drums &amp; Electronica One-Man-Band \/Berlin) To jest troszk\u0119 takie uczucie jakby si\u0119 lecia\u0142o statkiem kosmicznym: Sebastian Arnold b\u0119d\u0105c na scenie gra jednocze\u015bnie [&#8230;]<\/p>\n","protected":false},"author":4,"featured_media":0,"parent":1100,"menu_order":2,"comment_status":"open","ping_status":"open","template":"","meta":{"footnotes":""},"translation":{"provider":"WPGlobus","version":"3.0.2","language":"pl","enabled_languages":["de","pl","gb","es"],"languages":{"de":{"title":true,"content":true,"excerpt":false},"pl":{"title":true,"content":true,"excerpt":false},"gb":{"title":false,"content":false,"excerpt":false},"es":{"title":false,"content":false,"excerpt":false}}},"jetpack_sharing_enabled":true,"_links":{"self":[{"href":"https:\/\/www.oboa.de\/wordpress\/pl\/wp-json\/wp\/v2\/pages\/1269"}],"collection":[{"href":"https:\/\/www.oboa.de\/wordpress\/pl\/wp-json\/wp\/v2\/pages"}],"about":[{"href":"https:\/\/www.oboa.de\/wordpress\/pl\/wp-json\/wp\/v2\/types\/page"}],"author":[{"embeddable":true,"href":"https:\/\/www.oboa.de\/wordpress\/pl\/wp-json\/wp\/v2\/users\/4"}],"replies":[{"embeddable":true,"href":"https:\/\/www.oboa.de\/wordpress\/pl\/wp-json\/wp\/v2\/comments?post=1269"}],"version-history":[{"count":16,"href":"https:\/\/www.oboa.de\/wordpress\/pl\/wp-json\/wp\/v2\/pages\/1269\/revisions"}],"predecessor-version":[{"id":10650,"href":"https:\/\/www.oboa.de\/wordpress\/pl\/wp-json\/wp\/v2\/pages\/1269\/revisions\/10650"}],"up":[{"embeddable":true,"href":"https:\/\/www.oboa.de\/wordpress\/pl\/wp-json\/wp\/v2\/pages\/1100"}],"wp:attachment":[{"href":"https:\/\/www.oboa.de\/wordpress\/pl\/wp-json\/wp\/v2\/media?parent=1269"}],"curies":[{"name":"wp","href":"https:\/\/api.w.org\/{rel}","templated":true}]}}