{"id":14940,"date":"2025-01-15T19:32:22","date_gmt":"2025-01-15T17:32:22","guid":{"rendered":"https:\/\/www.oboa.de\/wordpress\/?page_id=14940"},"modified":"2025-02-12T18:46:47","modified_gmt":"2025-02-12T16:46:47","slug":"support-is-needed","status":"publish","type":"page","link":"https:\/\/www.oboa.de\/wordpress\/pl\/support-is-needed\/","title":{"rendered":"Support is needed&#8230;"},"content":{"rendered":"<p>{:de}<\/p>\n<h3>Help is welcome!<\/h3>\n<p>Das OBOA als Gast zu erleben ist schon ein spezielles Erlebnis. An einem OBOA als Helfer_in dabei zu sein, ist aber nochmal viel geiler!<\/p>\n<p>10 Tage lang sind wir auf dem Festivalgel\u00e4nde. Sechs Tage Aufbau, Zwei Tage OBOA, Zwei Tage Abbau. In dieser Zeit machen wir alles gemeinsam: schleppen, basteln, kochen, essen und feiern. Dabei wachsen wir jedes Jahr immer wieder neu zusammen und erleben ein Gemeinschaftsgef\u00fchl, das es da drau\u00dfen im Alltag so nicht gibt. Auch lernst Du viel \u00fcber die Entstehung vom OBOA, lernst Gr\u00fcndungsmitglieder kennen, die seit dem ersten OBOA immer wieder mit dabei sind.<\/p>\n<h5>1. Aufbauhelfer_in:<\/h5>\n<p>Du reist wenn m\u00f6glich zwischen Samstag, 2. August und Montag, 4. August an und hilfst beim Entstehen vom OBOA.<br \/>\nDas hei\u00dft: schleppen, basteln, werkeln, putzen, dekorieren. Abends feiern wir gemeinsam und sehen, wie das diesj\u00e4hrige \u201eSonnen-Kind\u201c langsam w\u00e4chst und mit all seinen Floors zu einem OBOA wird.<\/p>\n<h5>2. OBOAhelfer_in<\/h5>\n<p>Du reist sp\u00e4testens Freitagnachmittag, 8. August ab 14h an und nimmst an der \u201eHelfer-Begr\u00fc\u00dfung\u201c teil. Hier erkl\u00e4ren und verteilen wir die ganzen T\u00e4tigkeiten, die unser Wochenende \u00fcberhaupt erst m\u00f6glich machen.<br \/>\nDazu geh\u00f6ren zum Beispiel: Einlass und Parkplatzaufsicht, Getr\u00e4nke zapfen und verkaufen, Schnippel- und Abwaschhilfe, Essensausgabe im Catering, Hilfe bei den Sanit\u00e4ren Anlagen im Backstage oder auf den Floors und vieles vieles mehr.<br \/>\nGrunds\u00e4tzlich planen wir euch mit 8h\/12h Hilfszeit ein (verteilt \u00fcber beide Aktionstage). W\u00fcnsche versuchen wir zu Ber\u00fccksichtigen, k\u00f6nnen aber keine Garantie geben. In der restlichen Zeit k\u00f6nnt ihr den Helferstatus mit all seinen Annehmlichkeiten genie\u00dfen oder einfach machen was ihr wollt, den Bands lauschen, feiern oder mit Freunden was unternehmen.<\/p>\n<h5>3. Abbauhelfer_in:<\/h5>\n<p>Du bleibst Sonntag, 10. August und bestm\u00f6glich bis Montag, 11. August noch gemeinsam mit uns auf dem Gel\u00e4nde. Das ist eigentlich die wichtigste Aufgabe. Denn, wenn die G\u00e4ste Sonntag weg sind, steht das Ger\u00fcst immer noch da, die Knochen sind M\u00fcde, aber der Geist ist gl\u00fccklich. Beim Abbau wird geschleppt, geputzt, gepackt und getragen.<br \/>\nZudem sei als Lockmittel gesagt, dass am Sonntagabend beim Abbau die allerbesten Feste gefeiert werden und die noch vollen F\u00e4sser vom Bierwagen geleert werden m\u00fcssen.<br \/>\nAlle sind happy und stolz, das OBOA gewuppt zu haben und gehen im Abbau nochmal gemeinsam an die Schmerzgrenze.<\/p>\n<p>WICHTIGE INFO:<\/p>\n<p>JEDER HELFER MUSS SICH ANMELDEN<\/p>\n<p>Mit Liebe Eure<\/p>\n<h3>Amy Weinschloss<\/h3>\n<p><a href=\"https:\/\/i0.wp.com\/www.oboa.de\/wordpress\/wp-content\/uploads\/2025\/01\/amy01.jpg?ssl=1\"><img loading=\"lazy\" decoding=\"async\" data-attachment-id=\"14961\" data-permalink=\"https:\/\/www.oboa.de\/wordpress\/pl\/support-is-needed\/amy01\/\" data-orig-file=\"https:\/\/i0.wp.com\/www.oboa.de\/wordpress\/wp-content\/uploads\/2025\/01\/amy01.jpg?fit=681%2C1280&amp;ssl=1\" data-orig-size=\"681,1280\" data-comments-opened=\"1\" data-image-meta=\"{&quot;aperture&quot;:&quot;0&quot;,&quot;credit&quot;:&quot;&quot;,&quot;camera&quot;:&quot;&quot;,&quot;caption&quot;:&quot;&quot;,&quot;created_timestamp&quot;:&quot;0&quot;,&quot;copyright&quot;:&quot;&quot;,&quot;focal_length&quot;:&quot;0&quot;,&quot;iso&quot;:&quot;0&quot;,&quot;shutter_speed&quot;:&quot;0&quot;,&quot;title&quot;:&quot;&quot;,&quot;orientation&quot;:&quot;0&quot;}\" data-image-title=\"amy01\" data-image-description=\"\" data-image-caption=\"\" data-medium-file=\"https:\/\/i0.wp.com\/www.oboa.de\/wordpress\/wp-content\/uploads\/2025\/01\/amy01.jpg?fit=160%2C300&amp;ssl=1\" data-large-file=\"https:\/\/i0.wp.com\/www.oboa.de\/wordpress\/wp-content\/uploads\/2025\/01\/amy01.jpg?fit=545%2C1024&amp;ssl=1\" tabindex=\"0\" role=\"button\" class=\"alignnone size-medium wp-image-14961\" src=\"https:\/\/i0.wp.com\/www.oboa.de\/wordpress\/wp-content\/uploads\/2025\/01\/amy01.jpg?resize=160%2C300&#038;ssl=1\" alt=\"\" width=\"160\" height=\"300\" srcset=\"https:\/\/i0.wp.com\/www.oboa.de\/wordpress\/wp-content\/uploads\/2025\/01\/amy01.jpg?resize=160%2C300&amp;ssl=1 160w, https:\/\/i0.wp.com\/www.oboa.de\/wordpress\/wp-content\/uploads\/2025\/01\/amy01.jpg?resize=545%2C1024&amp;ssl=1 545w, https:\/\/i0.wp.com\/www.oboa.de\/wordpress\/wp-content\/uploads\/2025\/01\/amy01.jpg?w=681&amp;ssl=1 681w\" sizes=\"(max-width: 160px) 100vw, 160px\" data-recalc-dims=\"1\" \/><\/a><br \/>\nalias Micha<br \/>\n<style id=\"wpforms-css-vars-14943\">\n\t\t\t\t#wpforms-14943 {\n\t\t\t\t\n\t\t\t}\n\t\t\t<\/style><div class=\"wpforms-container wpforms-container-full wpforms-render-modern\" id=\"wpforms-14943\"><form id=\"wpforms-form-14943\" class=\"wpforms-validate wpforms-form wpforms-ajax-form\" data-formid=\"14943\" method=\"post\" enctype=\"multipart\/form-data\" action=\"\/wordpress\/pl\/wp-json\/wp\/v2\/pages\/14940\" data-token=\"bd4e251979584b57b7df9f726b61b5d6\" data-token-time=\"1777795051\"><noscript class=\"wpforms-error-noscript\">Please enable JavaScript in your browser to complete this form.<\/noscript><div id=\"wpforms-error-noscript\" style=\"display: none;\">Please enable JavaScript in your browser to complete this form.<\/div><div class=\"wpforms-field-container\"><div id=\"wpforms-14943-field_1-container\" class=\"wpforms-field wpforms-field-name\" data-field-id=\"1\"><fieldset><legend class=\"wpforms-field-label\">Name <span class=\"wpforms-required-label\" aria-hidden=\"true\">*<\/span><\/legend><div class=\"wpforms-field-row wpforms-field-medium\"><div class=\"wpforms-field-row-block wpforms-first wpforms-one-half\"><input type=\"text\" id=\"wpforms-14943-field_1\" class=\"wpforms-field-name-first wpforms-field-required\" name=\"wpforms[fields][1][first]\" aria-errormessage=\"wpforms-14943-field_1-error\" required><label for=\"wpforms-14943-field_1\" class=\"wpforms-field-sublabel after\">First<\/label><\/div><div class=\"wpforms-field-row-block wpforms-one-half\"><input type=\"text\" id=\"wpforms-14943-field_1-last\" class=\"wpforms-field-name-last wpforms-field-required\" name=\"wpforms[fields][1][last]\" aria-errormessage=\"wpforms-14943-field_1-last-error\" required><label for=\"wpforms-14943-field_1-last\" class=\"wpforms-field-sublabel after\">Last<\/label><\/div><\/div><\/fieldset><\/div>\t\t<div id=\"wpforms-14943-field_3-container\"\n\t\t\tclass=\"wpforms-field wpforms-field-text\"\n\t\t\tdata-field-type=\"text\"\n\t\t\tdata-field-id=\"3\"\n\t\t\t>\n\t\t\t<label class=\"wpforms-field-label\" for=\"wpforms-14943-field_3\" >Helfer_in ihr Was<\/label>\n\t\t\t<input type=\"text\" id=\"wpforms-14943-field_3\" class=\"wpforms-field-medium\" name=\"wpforms[fields][3]\" >\n\t\t<\/div>\n\t\t<div id=\"wpforms-14943-field_2-container\" class=\"wpforms-field wpforms-field-email\" data-field-id=\"2\"><label class=\"wpforms-field-label\" for=\"wpforms-14943-field_2\">Email <span class=\"wpforms-required-label\" aria-hidden=\"true\">*<\/span><\/label><input type=\"email\" id=\"wpforms-14943-field_2\" class=\"wpforms-field-medium wpforms-field-required\" name=\"wpforms[fields][2]\" spellcheck=\"false\" aria-errormessage=\"wpforms-14943-field_2-error\" required><\/div><div id=\"wpforms-14943-field_11-container\" class=\"wpforms-field wpforms-field-checkbox\" data-field-id=\"11\"><fieldset><legend class=\"wpforms-field-label\">Auswahl des Supports<\/legend><ul id=\"wpforms-14943-field_11\"><li class=\"choice-1 depth-1\"><input type=\"checkbox\" id=\"wpforms-14943-field_11_1\" name=\"wpforms[fields][11][]\" value=\"Aufbauhelfer_in\" aria-errormessage=\"wpforms-14943-field_11_1-error\"  ><label class=\"wpforms-field-label-inline\" for=\"wpforms-14943-field_11_1\">Aufbauhelfer_in<\/label><\/li><li class=\"choice-2 depth-1\"><input type=\"checkbox\" id=\"wpforms-14943-field_11_2\" name=\"wpforms[fields][11][]\" value=\"OBOAhelfer_in\" aria-errormessage=\"wpforms-14943-field_11_2-error\"  ><label class=\"wpforms-field-label-inline\" for=\"wpforms-14943-field_11_2\">OBOAhelfer_in<\/label><\/li><li class=\"choice-3 depth-1\"><input type=\"checkbox\" id=\"wpforms-14943-field_11_3\" name=\"wpforms[fields][11][]\" value=\"Abbauhelfer_in\" aria-errormessage=\"wpforms-14943-field_11_3-error\"  ><label class=\"wpforms-field-label-inline\" for=\"wpforms-14943-field_11_3\">Abbauhelfer_in<\/label><\/li><\/ul><\/fieldset><\/div><div id=\"wpforms-14943-field_5-container\" class=\"wpforms-field wpforms-field-checkbox\" data-field-id=\"5\"><fieldset><legend class=\"wpforms-field-label\">aktiver Helfer_in am<\/legend><ul id=\"wpforms-14943-field_5\"><li class=\"choice-1 depth-1\"><input type=\"checkbox\" id=\"wpforms-14943-field_5_1\" name=\"wpforms[fields][5][]\" value=\"Sonntag, 3. August 2025\" aria-errormessage=\"wpforms-14943-field_5_1-error\"  ><label class=\"wpforms-field-label-inline\" for=\"wpforms-14943-field_5_1\">Sonntag, 3. August 2025<\/label><\/li><li class=\"choice-2 depth-1\"><input type=\"checkbox\" id=\"wpforms-14943-field_5_2\" name=\"wpforms[fields][5][]\" value=\"Montag, 4. August 2025\" aria-errormessage=\"wpforms-14943-field_5_2-error\"  ><label class=\"wpforms-field-label-inline\" for=\"wpforms-14943-field_5_2\">Montag, 4. August 2025<\/label><\/li><li class=\"choice-3 depth-1\"><input type=\"checkbox\" id=\"wpforms-14943-field_5_3\" name=\"wpforms[fields][5][]\" value=\"Dienstag, 5. August 2025\" aria-errormessage=\"wpforms-14943-field_5_3-error\"  ><label class=\"wpforms-field-label-inline\" for=\"wpforms-14943-field_5_3\">Dienstag, 5. August 2025<\/label><\/li><li class=\"choice-7 depth-1\"><input type=\"checkbox\" id=\"wpforms-14943-field_5_7\" name=\"wpforms[fields][5][]\" value=\"Mittwoch, 6. August 2025\" aria-errormessage=\"wpforms-14943-field_5_7-error\"  ><label class=\"wpforms-field-label-inline\" for=\"wpforms-14943-field_5_7\">Mittwoch, 6. August 2025<\/label><\/li><li class=\"choice-6 depth-1\"><input type=\"checkbox\" id=\"wpforms-14943-field_5_6\" name=\"wpforms[fields][5][]\" value=\"Donnerstag, 7. August 2025\" aria-errormessage=\"wpforms-14943-field_5_6-error\"  ><label class=\"wpforms-field-label-inline\" for=\"wpforms-14943-field_5_6\">Donnerstag, 7. August 2025<\/label><\/li><li class=\"choice-5 depth-1\"><input type=\"checkbox\" id=\"wpforms-14943-field_5_5\" name=\"wpforms[fields][5][]\" value=\"Freitag, 8. August 2025\" aria-errormessage=\"wpforms-14943-field_5_5-error\"  ><label class=\"wpforms-field-label-inline\" for=\"wpforms-14943-field_5_5\">Freitag, 8. August 2025<\/label><\/li><li class=\"choice-4 depth-1\"><input type=\"checkbox\" id=\"wpforms-14943-field_5_4\" name=\"wpforms[fields][5][]\" value=\"Samstag, 9. August 2025\" aria-errormessage=\"wpforms-14943-field_5_4-error\"  ><label class=\"wpforms-field-label-inline\" for=\"wpforms-14943-field_5_4\">Samstag, 9. August 2025<\/label><\/li><li class=\"choice-8 depth-1\"><input type=\"checkbox\" id=\"wpforms-14943-field_5_8\" name=\"wpforms[fields][5][]\" value=\"Sonntag, 10. August 2025\" aria-errormessage=\"wpforms-14943-field_5_8-error\"  ><label class=\"wpforms-field-label-inline\" for=\"wpforms-14943-field_5_8\">Sonntag, 10. August 2025<\/label><\/li><li class=\"choice-9 depth-1\"><input type=\"checkbox\" id=\"wpforms-14943-field_5_9\" name=\"wpforms[fields][5][]\" value=\"Montag, 11. August 2025\" aria-errormessage=\"wpforms-14943-field_5_9-error\"  ><label class=\"wpforms-field-label-inline\" for=\"wpforms-14943-field_5_9\">Montag, 11. August 2025<\/label><\/li><\/ul><\/fieldset><\/div><div id=\"wpforms-14943-field_8-container\" class=\"wpforms-field wpforms-field-radio\" data-field-id=\"8\"><fieldset><legend class=\"wpforms-field-label\">Anreise:<\/legend><ul id=\"wpforms-14943-field_8\"><li class=\"choice-1 depth-1\"><input type=\"radio\" id=\"wpforms-14943-field_8_1\" name=\"wpforms[fields][8]\" value=\"Mit dem Auto\" aria-errormessage=\"wpforms-14943-field_8_1-error\"  ><label class=\"wpforms-field-label-inline\" for=\"wpforms-14943-field_8_1\">Mit dem Auto<\/label><\/li><li class=\"choice-2 depth-1\"><input type=\"radio\" id=\"wpforms-14943-field_8_2\" name=\"wpforms[fields][8]\" value=\"Mit dem Fahrrad\" aria-errormessage=\"wpforms-14943-field_8_2-error\"  ><label class=\"wpforms-field-label-inline\" for=\"wpforms-14943-field_8_2\">Mit dem Fahrrad<\/label><\/li><li class=\"choice-3 depth-1\"><input type=\"radio\" id=\"wpforms-14943-field_8_3\" name=\"wpforms[fields][8]\" value=\"Mit den OV\" aria-errormessage=\"wpforms-14943-field_8_3-error\"  ><label class=\"wpforms-field-label-inline\" for=\"wpforms-14943-field_8_3\">Mit den OV<\/label><\/li><\/ul><\/fieldset><\/div><div id=\"wpforms-14943-field_9-container\" class=\"wpforms-field wpforms-field-select wpforms-field-select-style-classic\" data-field-id=\"9\"><label class=\"wpforms-field-label\" for=\"wpforms-14943-field_9\">Meine Zeltgr\u00f6sse<\/label><select id=\"wpforms-14943-field_9\" class=\"wpforms-field-medium\" name=\"wpforms[fields][9]\"><option value=\"1-2 Personen\"  class=\"choice-1 depth-1\"  >1-2 Personen<\/option><option value=\"3-6 Personen\"  class=\"choice-2 depth-1\"  >3-6 Personen<\/option><option value=\"Hauszelt\"  class=\"choice-3 depth-1\"  >Hauszelt<\/option><\/select><\/div><div id=\"wpforms-14943-field_10-container\" class=\"wpforms-field wpforms-field-textarea\" data-field-id=\"10\"><label class=\"wpforms-field-label\" for=\"wpforms-14943-field_10\">Was ihr noch wissen solltet<\/label><textarea id=\"wpforms-14943-field_10\" class=\"wpforms-field-medium\" name=\"wpforms[fields][10]\" aria-errormessage=\"wpforms-14943-field_10-error\" ><\/textarea><\/div><script>\n\t\t\t\t( function() {\n\t\t\t\t\tconst style = document.createElement( 'style' );\n\t\t\t\t\tstyle.appendChild( document.createTextNode( '#wpforms-14943-field_3-container { position: absolute !important; overflow: hidden !important; display: inline !important; height: 1px !important; width: 1px !important; z-index: -1000 !important; padding: 0 !important; } #wpforms-14943-field_3-container input { visibility: hidden; } #wpforms-conversational-form-page #wpforms-14943-field_3-container label { counter-increment: none; }' ) );\n\t\t\t\t\tdocument.head.appendChild( style );\n\t\t\t\t\tdocument.currentScript?.remove();\n\t\t\t\t} )();\n\t\t\t<\/script><\/div><!-- .wpforms-field-container --><div class=\"wpforms-submit-container\" ><input type=\"hidden\" name=\"wpforms[id]\" value=\"14943\"><input type=\"hidden\" name=\"page_title\" value=\"\"><input type=\"hidden\" name=\"page_url\" value=\"https:\/\/www.oboa.de\/wordpress\/pl\/wp-json\/wp\/v2\/pages\/14940\"><input type=\"hidden\" name=\"url_referer\" value=\"\"><button type=\"submit\" name=\"wpforms[submit]\" id=\"wpforms-submit-14943\" class=\"wpforms-submit\" data-alt-text=\"Sending...\" data-submit-text=\"Let\u00b4s support\" aria-live=\"assertive\" value=\"wpforms-submit\">Let\u00b4s support<\/button><img loading=\"lazy\" decoding=\"async\" src=\"https:\/\/www.oboa.de\/wordpress\/wp-content\/plugins\/wpforms-lite\/assets\/images\/submit-spin.svg\" class=\"wpforms-submit-spinner\" style=\"display: none;\" width=\"26\" height=\"26\" alt=\"Loading\"><\/div><\/form><\/div>  <!-- .wpforms-container --><\/p>\n","protected":false},"excerpt":{"rendered":"<p>{:de} Help is welcome! Das OBOA als Gast zu erleben ist schon ein spezielles Erlebnis. An einem OBOA als Helfer_in dabei zu sein, ist aber [&#8230;]<\/p>\n","protected":false},"author":13,"featured_media":0,"parent":0,"menu_order":0,"comment_status":"closed","ping_status":"closed","template":"","meta":{"footnotes":""},"translation":{"provider":"WPGlobus","version":"3.0.2","language":"pl","enabled_languages":["de","pl","gb","es"],"languages":{"de":{"title":true,"content":true,"excerpt":false},"pl":{"title":false,"content":false,"excerpt":false},"gb":{"title":false,"content":true,"excerpt":false},"es":{"title":false,"content":true,"excerpt":false}}},"jetpack_sharing_enabled":true,"_links":{"self":[{"href":"https:\/\/www.oboa.de\/wordpress\/pl\/wp-json\/wp\/v2\/pages\/14940"}],"collection":[{"href":"https:\/\/www.oboa.de\/wordpress\/pl\/wp-json\/wp\/v2\/pages"}],"about":[{"href":"https:\/\/www.oboa.de\/wordpress\/pl\/wp-json\/wp\/v2\/types\/page"}],"author":[{"embeddable":true,"href":"https:\/\/www.oboa.de\/wordpress\/pl\/wp-json\/wp\/v2\/users\/13"}],"replies":[{"embeddable":true,"href":"https:\/\/www.oboa.de\/wordpress\/pl\/wp-json\/wp\/v2\/comments?post=14940"}],"version-history":[{"count":20,"href":"https:\/\/www.oboa.de\/wordpress\/pl\/wp-json\/wp\/v2\/pages\/14940\/revisions"}],"predecessor-version":[{"id":15151,"href":"https:\/\/www.oboa.de\/wordpress\/pl\/wp-json\/wp\/v2\/pages\/14940\/revisions\/15151"}],"wp:attachment":[{"href":"https:\/\/www.oboa.de\/wordpress\/pl\/wp-json\/wp\/v2\/media?parent=14940"}],"curies":[{"name":"wp","href":"https:\/\/api.w.org\/{rel}","templated":true}]}}