{"id":1606,"date":"2013-07-14T00:46:49","date_gmt":"2013-07-13T22:46:49","guid":{"rendered":"http:\/\/www.oboa.de\/wordpress\/?page_id=1606"},"modified":"2018-07-12T20:29:51","modified_gmt":"2018-07-12T18:29:51","slug":"windspiel","status":"publish","type":"page","link":"https:\/\/www.oboa.de\/wordpress\/pl\/archiv\/oboa\/lineup\/windspiel\/","title":{"rendered":"R\u00f3\u017ca Wiatr\u00f3w 2013"},"content":{"rendered":"<p><a href=\"https:\/\/i0.wp.com\/www.oboa.de\/wordpress\/wp-content\/uploads\/2013\/07\/buhne.jpg\"><img loading=\"lazy\" decoding=\"async\" class=\"aligncenter\" src=\"https:\/\/i0.wp.com\/www.oboa.de\/wordpress\/wp-content\/uploads\/2013\/07\/buhne-300x185.jpg?resize=300%2C185\" alt=\"buhne\" width=\"300\" height=\"185\" data-recalc-dims=\"1\" \/><\/a><\/p>\n<h6>Dawno, dawno temu, kiedy to dzia\u0142a mosi\u0119\u017cne nosi\u0142y kule, a wied\u017amini, wodniki i koboldy hasa\u0142y po lasach i polach, by\u0142 sobie Cesarz, kt\u00f3ry nakaza\u0142 swoim Ministrom zbudowa\u0107 magiczny Fort, kt\u00f3ry opar\u0142by si\u0119 wszelkim zawieruchom.<\/h6>\n<h6>Ludziska powiadaj\u0105, \u017ce ruiny tego\u017c zamczyska istniej\u0105 po dzi\u015b dzie\u0144 &#8211; a ten, kto je odnajdzie, napotka tam festyn nad festyny, gdzie obok doskona\u0142ego jad\u0142a i napitk\u00f3w, bard\u00f3w wy\u015bmienitych i wszelkiej swawoli, ukryte jest przej\u015bcie do tajemniczej krainy.<\/h6>\n<h6>Kto je odnajdzie, trafi do krainy Starych Ballad i Ba\u015bni oraz wyszukanych klasycznych i folkowych Pie\u015bni.\u00a0 Miejsce to otacza\u0107 b\u0119dzie aura Pi\u0119kna i Spokoju, kt\u00f3ra zach\u0119ci do spoczynku i sennych marze\u0144.<\/h6>\n<h6>Tak wi\u0119c, dzielni w\u0119drowcy i w\u0119drowniczki, chwy\u0107cie w d\u0142onie R\u00f3\u017c\u0119 Wiatr\u00f3w i udajcie si\u0119 na poszukiwania tego tajemniczego zak\u0105tka w Forcie Gorgast!<\/h6>\n","protected":false},"excerpt":{"rendered":"<p>Dawno, dawno temu, kiedy to dzia\u0142a mosi\u0119\u017cne nosi\u0142y kule, a wied\u017amini, wodniki i koboldy hasa\u0142y po lasach i polach, by\u0142 sobie Cesarz, kt\u00f3ry nakaza\u0142 swoim [&#8230;]<\/p>\n","protected":false},"author":4,"featured_media":0,"parent":1100,"menu_order":6,"comment_status":"open","ping_status":"open","template":"","meta":{"footnotes":""},"translation":{"provider":"WPGlobus","version":"3.0.2","language":"pl","enabled_languages":["de","pl","gb","es"],"languages":{"de":{"title":true,"content":true,"excerpt":false},"pl":{"title":true,"content":true,"excerpt":false},"gb":{"title":false,"content":false,"excerpt":false},"es":{"title":false,"content":false,"excerpt":false}}},"jetpack_sharing_enabled":true,"_links":{"self":[{"href":"https:\/\/www.oboa.de\/wordpress\/pl\/wp-json\/wp\/v2\/pages\/1606"}],"collection":[{"href":"https:\/\/www.oboa.de\/wordpress\/pl\/wp-json\/wp\/v2\/pages"}],"about":[{"href":"https:\/\/www.oboa.de\/wordpress\/pl\/wp-json\/wp\/v2\/types\/page"}],"author":[{"embeddable":true,"href":"https:\/\/www.oboa.de\/wordpress\/pl\/wp-json\/wp\/v2\/users\/4"}],"replies":[{"embeddable":true,"href":"https:\/\/www.oboa.de\/wordpress\/pl\/wp-json\/wp\/v2\/comments?post=1606"}],"version-history":[{"count":10,"href":"https:\/\/www.oboa.de\/wordpress\/pl\/wp-json\/wp\/v2\/pages\/1606\/revisions"}],"predecessor-version":[{"id":10658,"href":"https:\/\/www.oboa.de\/wordpress\/pl\/wp-json\/wp\/v2\/pages\/1606\/revisions\/10658"}],"up":[{"embeddable":true,"href":"https:\/\/www.oboa.de\/wordpress\/pl\/wp-json\/wp\/v2\/pages\/1100"}],"wp:attachment":[{"href":"https:\/\/www.oboa.de\/wordpress\/pl\/wp-json\/wp\/v2\/media?parent=1606"}],"curies":[{"name":"wp","href":"https:\/\/api.w.org\/{rel}","templated":true}]}}