{"id":1717,"date":"2014-02-12T22:38:04","date_gmt":"2014-02-12T20:38:04","guid":{"rendered":"http:\/\/www.oboa.de\/wordpress\/?page_id=1717"},"modified":"2020-02-19T19:48:15","modified_gmt":"2020-02-19T17:48:15","slug":"oboa-2014","status":"publish","type":"page","link":"https:\/\/www.oboa.de\/wordpress\/pl\/archiv\/oboa-2014\/","title":{"rendered":"2014"},"content":{"rendered":"<h2 style=\"text-align: center;\"><span style=\"color: #008000;\">OBOA 2014 | 15 &amp; 16 August | Fort Gorgast<\/span><\/h2>\n<p><a href=\"https:\/\/www.facebook.com\/OderbruchOpenAir\" target=\"_blank\" rel=\"noopener noreferrer\"><img loading=\"lazy\" decoding=\"async\" class=\"alignleft\" src=\"https:\/\/i0.wp.com\/www.oboa.de\/wordpress\/wp-content\/uploads\/2013\/04\/fb-150x150.png?resize=33%2C33\" alt=\"OBOA bei Facebook\" width=\"33\" height=\"33\"  data-recalc-dims=\"1\"><\/a><\/p>\n<p><a href=\"http:\/\/www.lastfm.pl\/festival\/3530466+OBOA+2013\" target=\"_blank\" rel=\"noopener noreferrer\"><img loading=\"lazy\" decoding=\"async\" src=\"https:\/\/i0.wp.com\/www.oboa.de\/wordpress\/wp-content\/uploads\/2013\/04\/lastfm-150x150.png?resize=41%2C41\" alt=\"OBOA bei lastfm\" width=\"41\" height=\"41\"  data-recalc-dims=\"1\"><\/a><\/p>\n<p>W 2014 znowu spotkamy si\u0119 na Festiwalu OBOA (Oderbruch Open Air)! Nasz darmowy festiwal muzyki i kultury alternatywnej 15 i 16 sierpnia w Forcie Gorgast, tu\u017c przy granicy z Polsk\u0105. Na pi\u0119ciu scenach zn\u00f3w zagraj\u0105 dziesi\u0105tki artyst\u00f3w z wielu kraj\u00f3w, prezentuj\u0105cych r\u00f3\u017cnorodne gatunki muzyczne, od hc i ska, poprzez elektro a\u017c po indie i metal. Ponownie dyskutowa\u0107 b\u0119dziemy o tolerancji, ochronie \u015brodowiska i innych wa\u017cnych tematach spo\u0142ecznych. Cieszymy si\u0119 ju\u017c na nasze wsp\u00f3lne \u015bwi\u0119to muzyki i przyja\u017ani w Forcie Gorgast!<\/p>\n<p>Na stronie tej ju\u017c wkr\u00f3tce znajdziecie pe\u0142ne zestawienie artyst\u00f3w, kt\u00f3rzy w tym roku wyst\u0105pi\u0105 na festiwalu. Nasze festiwalowe A-Z odpowie na wasze najwa\u017cniejsze pytania odno\u015bnie kwestii organizacyjnych i regu\u0142 festiwalu. Na kolejnych stronach b\u0119dziecie mogli zdoby\u0107 informacje odno\u015bnie zaanga\u017cowania przy organizacji festiwalu, dojazdu do nas, a tak\u017ce sprawdzi\u0107, kto pom\u00f3g\u0142 sfinansowa\u0107 nasz festiwalowy weekend.<\/p>\n<p>Do zobaczenia na OBOA!<\/p>\n","protected":false},"excerpt":{"rendered":"<p>OBOA 2014 | 15 &amp; 16 August | Fort Gorgast W 2014 znowu spotkamy si\u0119 na Festiwalu OBOA (Oderbruch Open Air)! Nasz darmowy festiwal muzyki [&#8230;]<\/p>\n","protected":false},"author":4,"featured_media":0,"parent":1087,"menu_order":40,"comment_status":"open","ping_status":"open","template":"","meta":{"footnotes":""},"translation":{"provider":"WPGlobus","version":"3.0.0","language":"pl","enabled_languages":["de","pl","gb","es"],"languages":{"de":{"title":true,"content":true,"excerpt":false},"pl":{"title":true,"content":true,"excerpt":false},"gb":{"title":false,"content":false,"excerpt":false},"es":{"title":false,"content":false,"excerpt":false}}},"jetpack_sharing_enabled":true,"_links":{"self":[{"href":"https:\/\/www.oboa.de\/wordpress\/pl\/wp-json\/wp\/v2\/pages\/1717"}],"collection":[{"href":"https:\/\/www.oboa.de\/wordpress\/pl\/wp-json\/wp\/v2\/pages"}],"about":[{"href":"https:\/\/www.oboa.de\/wordpress\/pl\/wp-json\/wp\/v2\/types\/page"}],"author":[{"embeddable":true,"href":"https:\/\/www.oboa.de\/wordpress\/pl\/wp-json\/wp\/v2\/users\/4"}],"replies":[{"embeddable":true,"href":"https:\/\/www.oboa.de\/wordpress\/pl\/wp-json\/wp\/v2\/comments?post=1717"}],"version-history":[{"count":14,"href":"https:\/\/www.oboa.de\/wordpress\/pl\/wp-json\/wp\/v2\/pages\/1717\/revisions"}],"predecessor-version":[{"id":11386,"href":"https:\/\/www.oboa.de\/wordpress\/pl\/wp-json\/wp\/v2\/pages\/1717\/revisions\/11386"}],"up":[{"embeddable":true,"href":"https:\/\/www.oboa.de\/wordpress\/pl\/wp-json\/wp\/v2\/pages\/1087"}],"wp:attachment":[{"href":"https:\/\/www.oboa.de\/wordpress\/pl\/wp-json\/wp\/v2\/media?parent=1717"}],"curies":[{"name":"wp","href":"https:\/\/api.w.org\/{rel}","templated":true}]}}