{"id":1722,"date":"2014-02-12T22:44:56","date_gmt":"2014-02-12T20:44:56","guid":{"rendered":"http:\/\/www.oboa.de\/wordpress\/?page_id=1722"},"modified":"2024-08-16T20:51:33","modified_gmt":"2024-08-16T18:51:33","slug":"a-z","status":"publish","type":"page","link":"https:\/\/www.oboa.de\/wordpress\/pl\/faq\/a-z\/","title":{"rendered":"Festiwal od A do Z"},"content":{"rendered":"<p><strong>Auto i Parking<\/strong><br \/>\nNasza ekipa parkingowa pomo\u017ce wam znale\u017a\u0107 miejsce i wyja\u015bni \u2018co i jak\u2019. Op\u0142ata za parking wynosi 20 Euro za samoch\u00f3d i 10 Euro za motocykl. Ale najlepiej przyjed\u017acie kolej\u0105, jest taniej i ra\u017aniej! Pami\u0119tajcie prosz\u0119, by nie rozbija\u0107 namiot\u00f3w przy samochodach!<\/p>\n<p><strong>Awareness (\u015awiadomo\u015b\u0107)<\/strong><br \/>\nNale\u017cy zawsze szanowa\u0107 indywidualne granice innych os\u00f3b.<br \/>\nDyskryminacja i napastowanie, oboj\u0119tnie w jakiej formie, nie b\u0119d\u0105 przez nas tolerowane.<br \/>\nJe\u015bli co\u015b jest nie tak, znajdziesz ochron\u0119 i wsparcie przy ka\u017cdym barze lub bezpo\u015brednio przy wej\u015bciu na backstage.<br \/>\nNIE znaczy NIE i tylko TAK znaczy TAK!<\/p>\n<p><strong>Bezpiecze\u0144stwo!<\/strong><br \/>\nK\u0105piele, \u0142owienie ryb oraz wszelki inny pobyt w obszarze stawu, brzegu i fosy s\u0105 ZAKAZANE! Dla Waszego bezpiecze\u0144stwa przestrzegajcie prosz\u0119 tej zasady!<\/p>\n<p><strong>Bia\u0142e myszki<\/strong><br \/>\nPozornie namacalny efekt alkoholowego przedobrzenia. Wszystko jest dla ludzi, ale rozs\u0105dek przede wszystkim!<\/p>\n<p><strong>Camping<\/strong><br \/>\nOd pi\u0105tku od godziny 12, za darmo. W czwarek teren jest jeszcze zamkni\u0119ty.<\/p>\n<p><strong>Dojazd<\/strong><br \/>\nL\u0105dem, wod\u0105, powietrzem, na stopach, na stopa, rowerem, mopedem \u2013 najwa\u017cniejsze ze b\u0119dziecie! Na stronie OBOA pod has\u0142em \u201eDojazd\u201d znajdziecie wszystkie wskaz\u00f3wki techniczne. Jed\u017acie ostro\u017cnie!<\/p>\n<p><strong>Futrzaki<\/strong><br \/>\nCzyli wszystkie wasze czworonogi. Na czas festiwalu oddajcie je pod opiek\u0119 przyjaci\u00f3\u0142 lub rodziny. Zwierz\u0119ta \u017ale znosz\u0105 ha\u0142as, a poza tym wymagania gminy dotycz\u0105ce kaga\u0144ca i smyczy dla ps\u00f3w utrudni\u0105 wam swobodn\u0105 zabaw\u0119 na festiwalu!<\/p>\n<p><strong>Grillowanie<\/strong><br \/>\nNa terenie pola namiotowego zakazane jest rozpalanie ognisk. Zezwolenie na grillowanie wydaje stra\u017c po\u017carna, trzymajcie si\u0119 wiec ich wskaz\u00f3wek.<\/p>\n<p><strong>Ha\u0142as<\/strong><br \/>\nNa polu namiotowym miejcie na uwadze swoich s\u0105siad\u00f3w! Si\u0142y zachowajcie na zabaw\u0119 na terenie festiwalu! Kapele na pewno uciesz\u0105 si\u0119 s\u0142ysz\u0105c (i widz\u0105c), jak dobrze si\u0119 bawicie!<\/p>\n<p><strong>Informacje<\/strong><br \/>\nNa naszych stanowiskach informacyjnych zapoznacie si\u0119 z nowinkami na tematy globalizacji, alternatywnego stylu \u017cycia, wegetarianizmu, ekologii itp. itd. Bez przymusu, za to przyst\u0119pnie i ciekawie! Wasze opinie i wszelkie dyskusje s\u0105 zawsze mile widziane!<\/p>\n<p><strong>Jedzenie<\/strong><br \/>\nJak zawsze na naszych stoiskach zapewniamy wam bogaty wyb\u00f3r innowacyjnych potraw wegetaria\u0144skich w przyst\u0119pnych cenach! Smacznego!<\/p>\n<p><strong>Kodeks<strong><br \/>\nNie tolerujemy \u017cadnych form faworyzowania, obra\u017aliwego j\u0119zyka, dyskryminacji, wykorzystywania, wykluczenia i obra\u017aliwego zachowania ze wzgl\u0119du na p\u0142e\u0107, pochodzenie etniczne, religi\u0119, pochodzenie, kolor sk\u00f3ry, przekonania religijne, seksualno\u015b\u0107, to\u017csamo\u015b\u0107 p\u0142ciow\u0105, klas\u0119 spo\u0142eczno-ekonomiczn\u0105, kast\u0119, niepe\u0142nosprawno\u015b\u0107 lub wiek. Nie akceptujemy seksizmu, rasizmu, koloryzmu, homo-, bi-, inter- i transfobii lub transfobii, antysemityzmu, islamofobii, faszyzmu, ageizmu, ableizmu i innych i\/lub intersekcjonalnych form dyskryminacji i czego jeszcze mogli\u015bmy zapomnie\u0107.<\/strong><\/strong><\/p>\n<p><strong>Laba<\/strong><br \/>\nW ko\u0144cu s\u0105 wakacje! Wypoczywajcie na koncertach i na polu namiotowym! Aktywnie czy tez chilloutowo, na OBOA nie zabraknie wam \u017cadnej mo\u017cliwo\u015bci wypoczynku!<\/p>\n<p><strong>Muzyka<\/strong><br \/>\nDwa dni, pi\u0119\u0107 scen, od Hardkoru do Indie, od Ska do Punka, od Hip Hopu do Elektro. Pod koniec dnia wszystko jasne: Na zawsze pozostanie nam muzyka!<\/p>\n<p><strong>Nietoleranci<\/strong><br \/>\nNazi\u015bci i wszyscy, kt\u00f3rzy dyskryminuj\u0105 i pa\u0142aj\u0105 nienawi\u015bci\u0105 do innych ludzi czy kultur nie maj\u0105 czego szuka\u0107 na OBOA. Zosta\u0144cie w domu!<\/p>\n<p><strong>Oberwanie chmury<\/strong><br \/>\n\u201eParasol no\u015b i przy pogodzie\u201d, g\u0142osi przys\u0142owie. Zapakujcie wi\u0119c par\u0119 kaloszy i nieprzemakalne ubranie. Gdyby mia\u0142o pada\u0107, tym razem b\u0119dziemy przygotowani.<\/p>\n<p><strong>Procenty<\/strong><br \/>\nNiestety nie ma mo\u017cliwo\u015bci wnoszenia napoj\u00f3w na teren festiwalu. OBOA finansujemy przede wszystkim z ich sprzeda\u017cy. Sok\u00f3w, oran\u017cady, drink\u00f3w i piwa na pewno nie zabraknie!<\/p>\n<p><strong>Reklama<\/strong><br \/>\nPom\u00f3\u017ccie nam przy rozdawaniu ulotek i rozklejaniu plakat\u00f3w! Wy\u015blemy wam wszystkie potrzebne materia\u0142y, dajcie zna\u0107 pod: <a href=\"mailto:info@oboa.de\">info@oboa.de<\/a>. Napiszcie, ile materia\u0142\u00f3w potrzebujecie i gdzie mo\u017cecie je rozda\u0107. Nie zapomnijcie r\u00f3wnie\u017c poda\u0107 waszego adresu pocztowego!<\/p>\n<p><strong>Sanitariusze<\/strong><br \/>\nStacjonuj\u0105 przy wej\u015bciu na teren festiwalu! Nie wahajcie si\u0119 prosi\u0107 ich o pomoc gdyby tylko co\u015b si\u0119 sta\u0142o!<\/p>\n<p><strong>\u015amieci<\/strong><br \/>\nPrzy wej\u015bciu na pole namiotowe otrzymacie worki na \u015bmieci. Kto w niedziel\u0119 rano przyniesie nam pe\u0142ny worek, otrzyma prezent ( naklejki, plakaty itp.)!<\/p>\n<p><strong>Twoja pomoc!<\/strong><br \/>\nZawsze jest mile widziana! Je\u015bli chcieliby\u015bcie pom\u00f3c nam przy festiwalu OBOA i wsp\u00f3\u0142pracowa\u0107 z nami jako wolontariusze, dajcie nam zna\u0107!<br \/>\nNaturalnie wszystkim pomocnikom gwarantujemy wy\u017cywienie!<br \/>\nDajcie nam zna\u0107 pod: <a href=\"mailto:helfer@oboa.de\">helfer@oboa.de<\/a>!<\/p>\n<p><strong>Wst\u0119p<\/strong><br \/>\nJak zwykle za darmo! Na pole namiotowe wejdziecie od pi\u0105tku, od godziny 12, natomiast na teren festiwalu w pi\u0105tek od godziny 17, a w sobot\u0119 od godziny 12.<\/p>\n<p><strong>Woda pitna<\/strong><br \/>\nMi\u0119dzy kempingiem a wej\u015bciem do fortu b\u0119dzie \u017ar\u00f3d\u0142o wody pitnej.<\/p>\n<p><strong>Xenofilia<\/strong><br \/>\nTo wa\u017cne has\u0142o na OBOA.<br \/>\n*Dla dociekliwych: Wyra\u017cenie to okre\u015bla osobiste lub kolektywne upodobanie rzeczy oraz ludzi obcych i nieznanych. S\u0142owo to jest przeciwie\u0144stwem ksenofobii. W j\u0119zyku potocznym znale\u017a\u0107 mo\u017cna podobny termin: go\u015bcinno\u015b\u0107.<\/p>\n<p><strong>Yeti<\/strong><br \/>\nNikt go tu jeszcze nie widzia\u0142, ale raczej nie ukrywa si\u0119 w forcie (atmosfera za gor\u0105ca). Podobnie jak ukwia\u0142\u00f3w w jeziorze, nie szukajcie Yeti poza zagrodzonym terenem festiwalu. Ogrodzenie istnieje dla Waszego bezpiecze\u0144stwa!<\/p>\n<p><strong>Zabawa i zrozumienie<\/strong><br \/>\nBawcie si\u0119 dobrze! Bawcie si\u0119 odpowiedzialnie i bawcie si\u0119 wsp\u00f3lnie! Bad\u017acie wolni, ale szanujcie wolno\u015b\u0107 innych! Poznawajcie inne kultury i punkty widzenia! Nic tak nie \u0142\u0105czy jak wsp\u00f3lna zabawa!<br \/>\nW razie gdyby\u015bcie mieli do nas jakiekolwiek pytania lub propozycje, piszcie \u015bmia\u0142o na adres: <a href=\"mailto:info@oboa.de\">info@oboa.de<\/a><\/p>\n","protected":false},"excerpt":{"rendered":"<p>Auto i Parking Nasza ekipa parkingowa pomo\u017ce wam znale\u017a\u0107 miejsce i wyja\u015bni \u2018co i jak\u2019. Op\u0142ata za parking wynosi 20 Euro za samoch\u00f3d i 10 [&#8230;]<\/p>\n","protected":false},"author":4,"featured_media":0,"parent":3452,"menu_order":40,"comment_status":"open","ping_status":"open","template":"","meta":{"footnotes":""},"translation":{"provider":"WPGlobus","version":"3.0.0","language":"pl","enabled_languages":["de","pl","gb","es"],"languages":{"de":{"title":true,"content":true,"excerpt":false},"pl":{"title":true,"content":true,"excerpt":false},"gb":{"title":true,"content":true,"excerpt":false},"es":{"title":true,"content":true,"excerpt":false}}},"jetpack_sharing_enabled":true,"_links":{"self":[{"href":"https:\/\/www.oboa.de\/wordpress\/pl\/wp-json\/wp\/v2\/pages\/1722"}],"collection":[{"href":"https:\/\/www.oboa.de\/wordpress\/pl\/wp-json\/wp\/v2\/pages"}],"about":[{"href":"https:\/\/www.oboa.de\/wordpress\/pl\/wp-json\/wp\/v2\/types\/page"}],"author":[{"embeddable":true,"href":"https:\/\/www.oboa.de\/wordpress\/pl\/wp-json\/wp\/v2\/users\/4"}],"replies":[{"embeddable":true,"href":"https:\/\/www.oboa.de\/wordpress\/pl\/wp-json\/wp\/v2\/comments?post=1722"}],"version-history":[{"count":63,"href":"https:\/\/www.oboa.de\/wordpress\/pl\/wp-json\/wp\/v2\/pages\/1722\/revisions"}],"predecessor-version":[{"id":14935,"href":"https:\/\/www.oboa.de\/wordpress\/pl\/wp-json\/wp\/v2\/pages\/1722\/revisions\/14935"}],"up":[{"embeddable":true,"href":"https:\/\/www.oboa.de\/wordpress\/pl\/wp-json\/wp\/v2\/pages\/3452"}],"wp:attachment":[{"href":"https:\/\/www.oboa.de\/wordpress\/pl\/wp-json\/wp\/v2\/media?parent=1722"}],"curies":[{"name":"wp","href":"https:\/\/api.w.org\/{rel}","templated":true}]}}