{"id":1781,"date":"2014-07-12T17:23:43","date_gmt":"2014-07-12T15:23:43","guid":{"rendered":"http:\/\/www.oboa.de\/wordpress\/?page_id=1781"},"modified":"2018-07-12T20:28:02","modified_gmt":"2018-07-12T18:28:02","slug":"sonnenbuhne","status":"publish","type":"page","link":"https:\/\/www.oboa.de\/wordpress\/pl\/archiv\/oboa-2014\/lineup\/sonnenbuhne\/","title":{"rendered":"Scena S\u0142oneczna 2014"},"content":{"rendered":"<h4><\/h4>\n<h3><strong>Heymoonshaker<\/strong><\/h3>\n<h4>(Shakerism | Planet Earth)<\/h4>\n<h4><\/h4>\n<p><a href=\"https:\/\/i0.wp.com\/www.oboa.de\/wordpress\/wp-content\/uploads\/2014\/07\/Heymoonshaker-e1406465229251.jpg\"><img loading=\"lazy\" decoding=\"async\" src=\"https:\/\/i0.wp.com\/www.oboa.de\/wordpress\/wp-content\/uploads\/2014\/07\/Heymoonshaker-e1406465229251.jpg?resize=300%2C200\" alt=\"Heymoonshaker\" width=\"300\" height=\"200\" data-recalc-dims=\"1\" \/><\/a><br \/>\n<a href=\"http:\/\/heymoonshaker.co.uk\/\" target=\"_blank\" rel=\"noopener\"><img loading=\"lazy\" decoding=\"async\" title=\"Homepage\" src=\"https:\/\/i0.wp.com\/www.oboa.de\/wordpress\/wp-content\/uploads\/2013\/06\/homepage.png?resize=32%2C32\" alt=\"\" width=\"32\" height=\"32\" data-recalc-dims=\"1\" \/><\/a><\/p>\n<h4 align=\"LEFT\">Heymoonshaker wstrz\u0105sn\u0105 twymi uszami! Surowe, drapi\u0105ce bluesowe d\u017awi\u0119ki gitarzysty Andy&#8217;ego szybuj\u0105 ponad masywami rytmu, celebrowanymi po mistrzowsku przez beatboxera Dave&#8217;a. Dodatkowych emocji dostarcza wilczy skowyt Andy&#8217;ego, kt\u00f3ry przeszyje ci\u0119 do szpiku ko\u015bci.<\/h4>\n<h3><strong>Bjelomorkanal<\/strong><\/h3>\n<h4>(Ska Reggae Patschanka | Jena)<\/h4>\n<h4><\/h4>\n<p><a href=\"https:\/\/i0.wp.com\/www.oboa.de\/wordpress\/wp-content\/uploads\/2014\/07\/BJELOMORKANAL-band-e1405180278827.jpg\"><img loading=\"lazy\" decoding=\"async\" src=\"https:\/\/i0.wp.com\/www.oboa.de\/wordpress\/wp-content\/uploads\/2014\/07\/BJELOMORKANAL-band-e1405180278827.jpg?resize=300%2C200\" alt=\"Bjelomorkanal\" width=\"300\" height=\"200\" data-recalc-dims=\"1\" \/><\/a><br \/>\n<a href=\"http:\/\/bjelomorkanal.de\/\" target=\"_blank\" rel=\"noopener\"><img loading=\"lazy\" decoding=\"async\" title=\"Homepage\" src=\"https:\/\/i0.wp.com\/www.oboa.de\/wordpress\/wp-content\/uploads\/2013\/06\/homepage.png?resize=32%2C32\" alt=\"\" width=\"32\" height=\"32\" data-recalc-dims=\"1\" \/><\/a><\/p>\n<h4 align=\"LEFT\">Bjelomorkanal to zwariowana ekipa, kt\u00f3ra daje upust swojej kreatywno\u015bci za pomoc\u0105 offbeat\u00f3w i instrument\u00f3w d\u0119tych. Komunikacja odbywa si\u0119 tu za pomoc\u0105 uniwersalnego j\u0119zyka: muzyki i j\u0119zyk\u00f3w wielu przer\u00f3\u017cnych kraj\u00f3w.<\/h4>\n<h3><strong>Florian Lohoff Band<\/strong><\/h3>\n<h4>(Bluesrock | Berlin)<\/h4>\n<h4><\/h4>\n<p><a href=\"https:\/\/i0.wp.com\/www.oboa.de\/wordpress\/wp-content\/uploads\/2014\/07\/Florian-Lohoff-Band-e1406464444154.jpg\"><img loading=\"lazy\" decoding=\"async\" src=\"https:\/\/i0.wp.com\/www.oboa.de\/wordpress\/wp-content\/uploads\/2014\/07\/Florian-Lohoff-Band-e1406464444154.jpg?resize=300%2C200\" alt=\"Florian Lohoff Band\" width=\"300\" height=\"200\" data-recalc-dims=\"1\" \/><\/a><br \/>\n<a href=\"http:\/\/florianlohoff.wordpress.com\/\" target=\"_blank\" rel=\"noopener\"><img loading=\"lazy\" decoding=\"async\" title=\"Homepage\" src=\"https:\/\/i0.wp.com\/www.oboa.de\/wordpress\/wp-content\/uploads\/2013\/06\/homepage.png?resize=32%2C32\" alt=\"\" width=\"32\" height=\"32\" data-recalc-dims=\"1\" \/><\/a><\/p>\n<h4 align=\"LEFT\">Kto widzia\u0142 Florian Lohoff Band w zesz\u0142ym roku w Rumaku, ten wie, \u017ce ch\u0142opaki maj\u0105 bluesa we krwi. Zmar\u0142y niedawno Johnny Winter z pewno\u015bci\u0105\u00a0 z zadowoleniem przys\u0142uchiwa\u0142by sie d\u017awi\u0119kom ich porz\u0105dnego bluesrocka.<\/h4>\n<h3><strong>Amplified Backdoor Creatures<\/strong><\/h3>\n<h4>(W\u00fcster Progrock | Berlin)<\/h4>\n<h4><\/h4>\n<p><a href=\"https:\/\/i0.wp.com\/www.oboa.de\/wordpress\/wp-content\/uploads\/2014\/07\/Amplified-Backdoor-Creatures-Band.jpg\"><img loading=\"lazy\" decoding=\"async\" src=\"https:\/\/i0.wp.com\/www.oboa.de\/wordpress\/wp-content\/uploads\/2014\/07\/Amplified-Backdoor-Creatures-Band.jpg?resize=300%2C200\" alt=\"Amplified Backdoor Creatures\" width=\"300\" height=\"200\" data-recalc-dims=\"1\" \/><\/a><br \/>\n<a href=\"http:\/\/www.amplifiedbc.com\/\" target=\"_blank\" rel=\"noopener\"><img loading=\"lazy\" decoding=\"async\" title=\"Homepage\" src=\"https:\/\/i0.wp.com\/www.oboa.de\/wordpress\/wp-content\/uploads\/2013\/06\/homepage.png?resize=32%2C32\" alt=\"\" width=\"32\" height=\"32\" data-recalc-dims=\"1\" \/><\/a><\/p>\n<h4 align=\"LEFT\">Istniej\u0105cy od 2009 roku Amplified Backdoor Creatures siedz\u0105 z korzeniami w stonerze lat 90-tych, stworzyli jednak sw\u00f3j w\u0142asny specyficzny d\u017awi\u0119k. Mroczny klimat i urok Jima Morrisona zapewni\u0105 im na OBOA wielu fan\u00f3w.<\/h4>\n<h3><strong>Diving for sunken treasure<\/strong><\/h3>\n<h4>(Gypsy Punk | Berlin)<\/h4>\n<h4><\/h4>\n<p><a href=\"https:\/\/i0.wp.com\/www.oboa.de\/wordpress\/wp-content\/uploads\/2014\/07\/diving-for-sunken-treasure-e1406463056485.jpg\"><img loading=\"lazy\" decoding=\"async\" src=\"https:\/\/i0.wp.com\/www.oboa.de\/wordpress\/wp-content\/uploads\/2014\/07\/diving-for-sunken-treasure-e1406463056485.jpg?resize=300%2C200\" alt=\"Diving for sunken treasure\" width=\"300\" height=\"200\" data-recalc-dims=\"1\" \/><\/a><br \/>\n<a href=\"http:\/\/www.divingforsunkentreasure.com\/\" target=\"_blank\" rel=\"noopener\"><img loading=\"lazy\" decoding=\"async\" title=\"Homepage\" src=\"https:\/\/i0.wp.com\/www.oboa.de\/wordpress\/wp-content\/uploads\/2013\/06\/homepage.png?resize=32%2C32\" alt=\"\" width=\"32\" height=\"32\" data-recalc-dims=\"1\" \/><\/a><\/p>\n<h4 align=\"LEFT\">Shake your ass! To najlepszy opis dla muzyki Diving for sunken treasure. Energetyczna mieszanka szant\u00f3w, muzyki knajpianej i Gypsy to gwarancja gor\u0105cej imprezy. W pi\u0105tek wiecz\u00f3r przygotujcie swoje buty do ta\u0144ca!<\/h4>\n<h3><strong>5 Rano<br \/>\n<\/strong><\/h3>\n<h4>(Blues Rock &amp; Roll | PL)<\/h4>\n<p><a href=\"https:\/\/i0.wp.com\/www.oboa.de\/wordpress\/wp-content\/uploads\/2014\/07\/5-RANO-2014.jpg\"><img loading=\"lazy\" decoding=\"async\" src=\"https:\/\/i0.wp.com\/www.oboa.de\/wordpress\/wp-content\/uploads\/2014\/07\/5-RANO-2014.jpg?resize=327%2C135\" alt=\"5 RANO 2014\" width=\"327\" height=\"135\" data-recalc-dims=\"1\" \/><\/a><\/p>\n<h4>\u00a0<a href=\"http:\/\/5rano.com.pl\" target=\"_blank\" rel=\"noopener\"><img loading=\"lazy\" decoding=\"async\" title=\"Homepage\" src=\"https:\/\/i0.wp.com\/www.oboa.de\/wordpress\/wp-content\/uploads\/2013\/06\/homepage.png?resize=32%2C32\" alt=\"\" width=\"32\" height=\"32\" data-recalc-dims=\"1\" \/><\/a><\/h4>\n<h4>5 RANO\u00a0 to powsta\u0142a w 2004 roku grupa do\u015bwiadczonych scenicznie muzyk\u00f3w inspiruj\u0105cych si\u0119 brzmieniem bluesa i rocka lat 60tych i 70tych. Z ich pomys\u0142\u00f3w muzycznych, istnego zapa\u0142u i niespe\u0142nionych pok\u0142ad\u00f3w energii wychodzi muzyka szczeg\u00f3lna. Blues-rock, klasyczny rock, rock psychodeliczny, rock\u2019n\u2019roll \u2013 to bardzo pobie\u017cny opis gatunk\u00f3w muzycznych, po kt\u00f3rych porusza si\u0119\u00a05 RANO.<\/h4>\n<h4>Starannie zaaran\u017cowane w\u0142asne kompozycje i inspiruj\u0105ce improwizacje muzyk\u00f3w sprawiaj\u0105, \u017ce ka\u017cdy koncert zespo\u0142u to obcowanie ze sztuk\u0105 tworzon\u0105 przez t\u0119 pi\u0105tk\u0119 ludzi. Przewijaj\u0105ce si\u0119 na koncertach covery to skarbnica wiedzy o historii rocka, a zesp\u00f3\u0142 stara si\u0119 ka\u017cdy zapo\u017cyczony utw\u00f3r gra\u0107 po swojemu zostawiaj\u0105c to, co jest dla kompozycji najbardziej charakterystyczne.<\/h4>\n<h4>\u00a0W czasie dotychczasowej dzia\u0142alno\u015bci zesp\u00f3\u0142 zarejestrowa\u0142 dwa materia\u0142y demo (w roku 2005 i 2007), a pod koniec 2011 roku ukaza\u0142a si\u0119 pierwsza oficjalna p\u0142yta \u2013 \u201eW drug\u0105 stron\u0119\u201d. Obecnie zesp\u00f3\u0142 pracuje nad swoim drugim wydawnictwem.<\/h4>\n<h3><strong>Wrong<\/strong><\/h3>\n<h4>(Distortion Polka | Berlin)<\/h4>\n<h4><\/h4>\n<p><a href=\"https:\/\/i0.wp.com\/www.oboa.de\/wordpress\/wp-content\/uploads\/2014\/07\/wrong-band-e1406463963476.jpg\"><img loading=\"lazy\" decoding=\"async\" src=\"https:\/\/i0.wp.com\/www.oboa.de\/wordpress\/wp-content\/uploads\/2014\/07\/wrong-band-e1406463963476.jpg?resize=300%2C200\" alt=\"Wrong\" width=\"300\" height=\"200\" data-recalc-dims=\"1\" \/><\/a><br \/>\n<a href=\"http:\/\/wrongwrongwrong.de\/\" target=\"_blank\" rel=\"noopener\"><img loading=\"lazy\" decoding=\"async\" title=\"Homepage\" src=\"https:\/\/i0.wp.com\/www.oboa.de\/wordpress\/wp-content\/uploads\/2013\/06\/homepage.png?resize=32%2C32\" alt=\"\" width=\"32\" height=\"32\" data-recalc-dims=\"1\" \/><\/a><\/p>\n<h4 align=\"LEFT\">Crazy Shit, ci kolesie s\u0105 powa\u017cnie zrysowani. Gitara, perkusja i spora dawka bezsensu.<br \/>\nNarzuca sie tu pytanie, jak w og\u00f3le powstaly poszczeg\u00f3lne utwory, i czy oni zawsze s\u0105 tak zakr\u0119ceni jak teraz, gdy stoj\u0119 przed nimi i pytam, czy jestem w completely wrong place&#8230;<\/h4>\n<h3><strong>Krautstomper<\/strong><\/h3>\n<h4>(Stoned Rock | Berlin)<\/h4>\n<h4><\/h4>\n<p><a href=\"https:\/\/i0.wp.com\/www.oboa.de\/wordpress\/wp-content\/uploads\/2014\/07\/krautstomper-band-e1406463629271.jpg\"><img loading=\"lazy\" decoding=\"async\" src=\"https:\/\/i0.wp.com\/www.oboa.de\/wordpress\/wp-content\/uploads\/2014\/07\/krautstomper-band-e1406463629271.jpg?resize=300%2C200\" alt=\"Krautstomper\" width=\"300\" height=\"200\" data-recalc-dims=\"1\" \/><\/a><br \/>\n<a href=\"http:\/\/krautstomper.com\/\" target=\"_blank\" rel=\"noopener\"><img loading=\"lazy\" decoding=\"async\" title=\"Homepage\" src=\"https:\/\/i0.wp.com\/www.oboa.de\/wordpress\/wp-content\/uploads\/2013\/06\/homepage.png?resize=32%2C32\" alt=\"\" width=\"32\" height=\"32\" data-recalc-dims=\"1\" \/><\/a><\/p>\n<h4 align=\"LEFT\">Krautstomper to zesp\u00f3\u0142 o wielu inspiracjach, kt\u00f3rych wsp\u00f3lnym mianownikiem jest ci\u0119\u017cko\u015b\u0107: psychodeliczny krautrock, sludgeowe riffy i dudni\u0105cy heavyrock.<\/h4>\n<h3><strong>Karate Schulz<\/strong><\/h3>\n<h4>(Kurs Karate| Prenzlau)<\/h4>\n<h4><\/h4>\n<p><a href=\"https:\/\/i0.wp.com\/www.oboa.de\/wordpress\/wp-content\/uploads\/2014\/08\/karate_schulz-e1407864782759.jpg\"><img loading=\"lazy\" decoding=\"async\" src=\"https:\/\/i0.wp.com\/www.oboa.de\/wordpress\/wp-content\/uploads\/2014\/08\/karate_schulz-e1407864782759.jpg?resize=300%2C200\" alt=\"Karate Schulz\" width=\"300\" height=\"200\" data-recalc-dims=\"1\" \/><\/a><br \/>\n<a href=\"https:\/\/www.facebook.com\/karateschulz\" target=\"_blank\" rel=\"noopener\"><img loading=\"lazy\" decoding=\"async\" title=\"Homepage\" src=\"https:\/\/i0.wp.com\/www.oboa.de\/wordpress\/wp-content\/uploads\/2013\/06\/homepage.png?resize=32%2C32\" alt=\"\" width=\"32\" height=\"32\" data-recalc-dims=\"1\" \/><\/a><\/p>\n","protected":false},"excerpt":{"rendered":"<p>Heymoonshaker (Shakerism | Planet Earth) Heymoonshaker wstrz\u0105sn\u0105 twymi uszami! Surowe, drapi\u0105ce bluesowe d\u017awi\u0119ki gitarzysty Andy&#8217;ego szybuj\u0105 ponad masywami rytmu, celebrowanymi po mistrzowsku przez beatboxera Dave&#8217;a. [&#8230;]<\/p>\n","protected":false},"author":3,"featured_media":0,"parent":1718,"menu_order":1,"comment_status":"open","ping_status":"open","template":"","meta":{"footnotes":""},"translation":{"provider":"WPGlobus","version":"3.0.0","language":"pl","enabled_languages":["de","pl","gb","es"],"languages":{"de":{"title":true,"content":true,"excerpt":false},"pl":{"title":true,"content":true,"excerpt":false},"gb":{"title":false,"content":false,"excerpt":false},"es":{"title":false,"content":false,"excerpt":false}}},"jetpack_sharing_enabled":true,"_links":{"self":[{"href":"https:\/\/www.oboa.de\/wordpress\/pl\/wp-json\/wp\/v2\/pages\/1781"}],"collection":[{"href":"https:\/\/www.oboa.de\/wordpress\/pl\/wp-json\/wp\/v2\/pages"}],"about":[{"href":"https:\/\/www.oboa.de\/wordpress\/pl\/wp-json\/wp\/v2\/types\/page"}],"author":[{"embeddable":true,"href":"https:\/\/www.oboa.de\/wordpress\/pl\/wp-json\/wp\/v2\/users\/3"}],"replies":[{"embeddable":true,"href":"https:\/\/www.oboa.de\/wordpress\/pl\/wp-json\/wp\/v2\/comments?post=1781"}],"version-history":[{"count":27,"href":"https:\/\/www.oboa.de\/wordpress\/pl\/wp-json\/wp\/v2\/pages\/1781\/revisions"}],"predecessor-version":[{"id":10648,"href":"https:\/\/www.oboa.de\/wordpress\/pl\/wp-json\/wp\/v2\/pages\/1781\/revisions\/10648"}],"up":[{"embeddable":true,"href":"https:\/\/www.oboa.de\/wordpress\/pl\/wp-json\/wp\/v2\/pages\/1718"}],"wp:attachment":[{"href":"https:\/\/www.oboa.de\/wordpress\/pl\/wp-json\/wp\/v2\/media?parent=1781"}],"curies":[{"name":"wp","href":"https:\/\/api.w.org\/{rel}","templated":true}]}}