{"id":1856,"date":"2014-07-16T14:44:31","date_gmt":"2014-07-16T12:44:31","guid":{"rendered":"http:\/\/www.oboa.de\/wordpress\/?page_id=1856"},"modified":"2018-07-12T20:27:03","modified_gmt":"2018-07-12T18:27:03","slug":"beatbasar","status":"publish","type":"page","link":"https:\/\/www.oboa.de\/wordpress\/pl\/archiv\/oboa-2014\/lineup\/beatbasar\/","title":{"rendered":"Beatbazar 2014"},"content":{"rendered":"<p>&nbsp;<\/p>\n<h3><strong>Madz&amp;Licious<\/strong><\/h3>\n<h4>(Drum&amp;Bass | Berlin)<\/h4>\n<p><a href=\"https:\/\/i0.wp.com\/www.oboa.de\/wordpress\/wp-content\/uploads\/2014\/07\/MadzLicious-Band-e1405514511461.jpg\"><img loading=\"lazy\" decoding=\"async\" src=\"https:\/\/i0.wp.com\/www.oboa.de\/wordpress\/wp-content\/uploads\/2014\/07\/MadzLicious-Band-e1405514511461.jpg?resize=300%2C222\" alt=\"Madz&amp;Licious\" width=\"300\" height=\"222\" data-recalc-dims=\"1\" \/><\/a><br \/>\n<a href=\"http:\/\/www.soundcloud.com\/madz\" target=\"_blank\" rel=\"noopener\"><img loading=\"lazy\" decoding=\"async\" src=\"https:\/\/i0.wp.com\/www.oboa.de\/wordpress\/wp-content\/uploads\/2013\/06\/soundcloud-5-xxl-150x150.png?resize=38%2C38\" alt=\"\" width=\"38\" height=\"38\" data-recalc-dims=\"1\" \/><\/a><\/p>\n<h4>Berli\u0144ski duet Drum&amp;Bass Madz&amp;Licious wyrobili sobie mark\u0119 swoj\u0105 imprez\u0105 Open Air \u201eBass The Green\u201c. Podczas niej wyst\u0119puj\u0105 oni sami oraz zaproszeni DJe. Impreza odbywa si\u0119 kilka razy do roku w zielonych enklawach miejskiego zgie\u0142ku i umo\u017cliwia kr\u00f3tki urlop od codziennego stresu. Po dobrych czterech latach cieszy si\u0119 ona rosn\u0105c\u0105 popularno\u015bci\u0105. Teraz Madz&amp;Licious wybieraj\u0105 si\u0119 na wycieczk\u0119 i chc\u0105 zaaplikowa\u0107 swoje d\u017awi\u0119ki w Prze\u0142omie Odry. Oczekuje was taneczny Drum&amp;Bass w ca\u0142ej swojej skali &#8211; szufladki s\u0105 tu niemo\u017cliwe.<\/h4>\n<h3><strong>Flori Della Motioni<\/strong><\/h3>\n<h4>(DeepHouse | Buckow-Berlin)<\/h4>\n<p><a href=\"https:\/\/i0.wp.com\/www.oboa.de\/wordpress\/wp-content\/uploads\/2014\/08\/Flori-Della-Motioni-e1407175289295.jpg\"><img loading=\"lazy\" decoding=\"async\" src=\"https:\/\/i0.wp.com\/www.oboa.de\/wordpress\/wp-content\/uploads\/2014\/08\/Flori-Della-Motioni-e1407175289295.jpg?resize=300%2C222\" alt=\"Flori Della Motioni\" width=\"300\" height=\"222\" data-recalc-dims=\"1\" \/><\/a><br \/>\n<a href=\"https:\/\/soundcloud.com\/floridellamotioni\" target=\"_blank\" rel=\"noopener\"><img loading=\"lazy\" decoding=\"async\" src=\"https:\/\/i0.wp.com\/www.oboa.de\/wordpress\/wp-content\/uploads\/2013\/06\/soundcloud-5-xxl-150x150.png?resize=38%2C38\" alt=\"\" width=\"38\" height=\"38\" data-recalc-dims=\"1\" \/><\/a><\/p>\n<h4>Ten berli\u0144czyk z korzeniami w Buckow ma nosa muzyki.<br \/>\nFlori lubuje si\u0119 w przer\u00f3\u017cnych muzycznych stylach i podczas swoich wyst\u0119p\u00f3w oferuje szeroki wachlarz d\u017awi\u0119k\u00f3w. Od czasu do czasu potrzebuje jednak porz\u0105dnego beatu &#8211; tak\u017ce wiecie, czego si\u0119 spodziewa\u0107.<br \/>\nMianowicie? W zale\u017cno\u015bci od nastroju: NuDisco\/NuFunk\/House lub te\u017c, i tego na Beatbazarze mo\u017cna si\u0119 najbardziej spodziewa\u0107, DeepHouse.<\/h4>\n<h3><strong>hughda.jones<\/strong><\/h3>\n<h4>(trude, ruth &amp; goldammer | Berlin)<\/h4>\n<p><a href=\"https:\/\/i0.wp.com\/www.oboa.de\/wordpress\/wp-content\/uploads\/2014\/07\/hughda.jones-band-e1405514966202.jpg\"><img loading=\"lazy\" decoding=\"async\" src=\"https:\/\/i0.wp.com\/www.oboa.de\/wordpress\/wp-content\/uploads\/2014\/07\/hughda.jones-band-e1405514966202.jpg?resize=300%2C222\" alt=\"hughda.jones\" width=\"300\" height=\"222\" data-recalc-dims=\"1\" \/><\/a><\/p>\n<h4>Wyr\u00f3s\u0142 na ulicach Berlina i ju\u017c na pocz\u0105tku lat 90-tych gra\u0142 we wschodnioberli\u0144skich klubach, gdzie nocami dudni\u0142 oryginalny londy\u0144ski Beat. Podczas gdy jego znajomi kuli do matury, on przesiadywa\u0142 w sklepach z p\u0142ytami w poszukiwaniu najgor\u0119tszych d\u017awi\u0119k\u00f3w. Jego styl to Jungle &amp; D&#8217;n&#8217;B, od Nancys Boots a\u017c po Stings Sunglasses. Ten kole\u015b potrafi oczarowa\u0107 wszystkim, co tylko daje si\u0119 zakr\u0119ci\u0107 na 180 bpm.<\/h4>\n<h3><strong>H\u00e4gen Daz<\/strong><\/h3>\n<h4>(Dubstep\/Dazdub | Berlin)<\/h4>\n<p><a href=\"https:\/\/i0.wp.com\/www.oboa.de\/wordpress\/wp-content\/uploads\/2014\/07\/hagen-e1405515758201.png\"><img loading=\"lazy\" decoding=\"async\" src=\"https:\/\/i0.wp.com\/www.oboa.de\/wordpress\/wp-content\/uploads\/2014\/07\/hagen-e1405515758201.png?resize=300%2C222\" alt=\"H\u00e4gen Daz\" width=\"300\" height=\"222\" data-recalc-dims=\"1\" \/><\/a><br \/>\n<a href=\"https:\/\/soundcloud.com\/hagen-daz\" target=\"_blank\" rel=\"noopener\"><img loading=\"lazy\" decoding=\"async\" src=\"https:\/\/i0.wp.com\/www.oboa.de\/wordpress\/wp-content\/uploads\/2013\/06\/soundcloud-5-xxl-150x150.png?resize=38%2C38\" alt=\"\" width=\"38\" height=\"38\" data-recalc-dims=\"1\" \/><\/a><\/p>\n<h4>Berli\u0144ski DJ od wielu lat jest go\u015bciem OBOA. Od 1996 gra w przer\u00f3\u017cnych klubach i festiwalach w regionie. Jego styl plasuje si\u0119 mi\u0119dzy Drum&amp;Bass, Jungle, Breaks a Dubstep. Jego cel: szalej\u0105ca publiczno\u015b\u0107, kt\u00f3ra nie opu\u015bci jego wyst\u0119pu bez wy\u017cymania przemokni\u0119tego ubrania!<\/h4>\n<h3><strong>OHRENZEUGE Ronny Kramer<\/strong><\/h3>\n<h4>(Nami\u0119tno\u015b\u0107 | Berlin)<\/h4>\n<p><a href=\"https:\/\/i0.wp.com\/www.oboa.de\/wordpress\/wp-content\/uploads\/2014\/08\/OHRENZEUGE-Ronny-Kramer-e1407175787730.jpg\"><img loading=\"lazy\" decoding=\"async\" src=\"https:\/\/i0.wp.com\/www.oboa.de\/wordpress\/wp-content\/uploads\/2014\/08\/OHRENZEUGE-Ronny-Kramer-e1407175787730.jpg?resize=300%2C222\" alt=\"OHRENZEUGE\" width=\"300\" height=\"222\" data-recalc-dims=\"1\" \/><\/a><br \/>\n<a href=\"http:\/\/www.mixcloud.com\/ronnykramer79\/\" target=\"_blank\" rel=\"noopener\"><img loading=\"lazy\" decoding=\"async\" src=\"https:\/\/i0.wp.com\/www.oboa.de\/wordpress\/wp-content\/uploads\/2013\/06\/soundcloud-5-xxl-150x150.png?resize=38%2C38\" alt=\"\" width=\"38\" height=\"38\" data-recalc-dims=\"1\" \/><\/a><\/p>\n<h4>Ronny Kramer na talerzach. Vinyl only!<\/h4>\n<h3><strong>Costa<\/strong><\/h3>\n<h4>(Rainer &amp; Rausch | Frankfurt\/Oder)<\/h4>\n<p><a href=\"https:\/\/i0.wp.com\/www.oboa.de\/wordpress\/wp-content\/uploads\/2014\/08\/costa-e1407176886125.jpg\"><img loading=\"lazy\" decoding=\"async\" src=\"https:\/\/i0.wp.com\/www.oboa.de\/wordpress\/wp-content\/uploads\/2014\/08\/costa-e1407176886125.jpg?resize=300%2C222\" alt=\"Costa\" width=\"300\" height=\"222\" data-recalc-dims=\"1\" \/><\/a><br \/>\n<a href=\"https:\/\/soundcloud.com\/felix-k-hl-1\" target=\"_blank\" rel=\"noopener\"><img loading=\"lazy\" decoding=\"async\" src=\"https:\/\/soundcloud.com\/felix-k-hl-1\" alt=\"\" width=\"38\" height=\"38\" \/><\/a><\/p>\n<h4>Costa wprowadzi was w trans mieszank\u0105 melodycznego Deep House &amp; lu\u017anego Tech House. Pozw\u00f3lcie si\u0119 oczarowa\u0107 jego beatom.<\/h4>\n<h3><strong>Piratenchansons<\/strong><\/h3>\n<h4>(Brecht\/Weill | Berlin)<\/h4>\n<p><a href=\"https:\/\/i0.wp.com\/www.oboa.de\/wordpress\/wp-content\/uploads\/2014\/08\/graustufen-e1407176631954.jpg\"><img loading=\"lazy\" decoding=\"async\" src=\"https:\/\/i0.wp.com\/www.oboa.de\/wordpress\/wp-content\/uploads\/2014\/08\/graustufen-e1407176631954.jpg?resize=300%2C222\" alt=\"Piratenchansons\" width=\"300\" height=\"222\" data-recalc-dims=\"1\" \/><\/a><\/p>\n<h4>Tego roku sobotni zach\u00f3d s\u0142o\u0144ca sp\u0119dzimy z interpretacjami Kurta Weilla z lat 20. Gesia skorka gwarantowana&#8230;<\/h4>\n<h4><strong><strong>\u00a0<\/strong><\/strong><\/h4>\n<h3><strong>David Faust<\/strong><\/h3>\n<h4>(Sisyphos | Berlin)<\/h4>\n<p><a href=\"https:\/\/i0.wp.com\/www.oboa.de\/wordpress\/wp-content\/uploads\/2014\/08\/david_faust.jpg\"><img loading=\"lazy\" decoding=\"async\" src=\"https:\/\/i0.wp.com\/www.oboa.de\/wordpress\/wp-content\/uploads\/2014\/08\/david_faust.jpg?resize=200%2C200\" alt=\"David Faust\" width=\"200\" height=\"200\" data-recalc-dims=\"1\" \/><\/a><br \/>\n<a href=\"https:\/\/soundcloud.com\/davidfaust\" target=\"_blank\" rel=\"noopener\"><img loading=\"lazy\" decoding=\"async\" src=\"https:\/\/i0.wp.com\/www.oboa.de\/wordpress\/wp-content\/uploads\/2013\/06\/soundcloud-5-xxl-150x150.png?resize=38%2C38\" alt=\"\" width=\"38\" height=\"38\" data-recalc-dims=\"1\" \/><\/a><\/p>\n<h4><\/h4>\n<h3><strong>The RNA aka Buschmeista<\/strong><\/h3>\n<h4>(Submassive | Berlin)<\/h4>\n<p><a href=\"https:\/\/i0.wp.com\/www.oboa.de\/wordpress\/wp-content\/uploads\/2014\/08\/The-RNA-e1407865251395.jpg\"><img loading=\"lazy\" decoding=\"async\" src=\"https:\/\/i0.wp.com\/www.oboa.de\/wordpress\/wp-content\/uploads\/2014\/08\/The-RNA-e1407865251395.jpg?resize=200%2C200\" alt=\"The RNA\" width=\"200\" height=\"200\" data-recalc-dims=\"1\" \/><\/a><br \/>\n<a href=\"https:\/\/soundcloud.com\/buschmeista\" target=\"_blank\" rel=\"noopener\"><img loading=\"lazy\" decoding=\"async\" src=\"https:\/\/i0.wp.com\/www.oboa.de\/wordpress\/wp-content\/uploads\/2013\/06\/soundcloud-5-xxl-150x150.png?resize=38%2C38\" alt=\"\" width=\"38\" height=\"38\" data-recalc-dims=\"1\" \/><\/a><\/p>\n<h4>Nadchodzi RNA! Znany r\u00f3wnie\u017c pod pseudonimem Buschmeista ze stajni Submassiv. Wsp\u00f3lnie ze Snakesnatcher i The N\u00f6gt wsp\u00f3\u0142tworzyli scen\u0119 Drum&amp;Bass w Magdeburg. Zaserwuje nam futurystyczny Neurofunk-Insectcore, wy\u0142\u0105cznie z talerzy.<\/h4>\n","protected":false},"excerpt":{"rendered":"<p>&nbsp; Madz&amp;Licious (Drum&amp;Bass | Berlin) Berli\u0144ski duet Drum&amp;Bass Madz&amp;Licious wyrobili sobie mark\u0119 swoj\u0105 imprez\u0105 Open Air \u201eBass The Green\u201c. Podczas niej wyst\u0119puj\u0105 oni sami oraz [&#8230;]<\/p>\n","protected":false},"author":3,"featured_media":0,"parent":1718,"menu_order":3,"comment_status":"open","ping_status":"open","template":"","meta":{"footnotes":""},"translation":{"provider":"WPGlobus","version":"3.0.2","language":"pl","enabled_languages":["de","pl","gb","es"],"languages":{"de":{"title":true,"content":true,"excerpt":false},"pl":{"title":true,"content":true,"excerpt":false},"gb":{"title":false,"content":false,"excerpt":false},"es":{"title":false,"content":false,"excerpt":false}}},"jetpack_sharing_enabled":true,"_links":{"self":[{"href":"https:\/\/www.oboa.de\/wordpress\/pl\/wp-json\/wp\/v2\/pages\/1856"}],"collection":[{"href":"https:\/\/www.oboa.de\/wordpress\/pl\/wp-json\/wp\/v2\/pages"}],"about":[{"href":"https:\/\/www.oboa.de\/wordpress\/pl\/wp-json\/wp\/v2\/types\/page"}],"author":[{"embeddable":true,"href":"https:\/\/www.oboa.de\/wordpress\/pl\/wp-json\/wp\/v2\/users\/3"}],"replies":[{"embeddable":true,"href":"https:\/\/www.oboa.de\/wordpress\/pl\/wp-json\/wp\/v2\/comments?post=1856"}],"version-history":[{"count":32,"href":"https:\/\/www.oboa.de\/wordpress\/pl\/wp-json\/wp\/v2\/pages\/1856\/revisions"}],"predecessor-version":[{"id":11181,"href":"https:\/\/www.oboa.de\/wordpress\/pl\/wp-json\/wp\/v2\/pages\/1856\/revisions\/11181"}],"up":[{"embeddable":true,"href":"https:\/\/www.oboa.de\/wordpress\/pl\/wp-json\/wp\/v2\/pages\/1718"}],"wp:attachment":[{"href":"https:\/\/www.oboa.de\/wordpress\/pl\/wp-json\/wp\/v2\/media?parent=1856"}],"curies":[{"name":"wp","href":"https:\/\/api.w.org\/{rel}","templated":true}]}}