{"id":2200,"date":"2016-05-02T15:06:08","date_gmt":"2016-05-02T13:06:08","guid":{"rendered":"http:\/\/www.oboa.de\/wordpress\/?page_id=2200"},"modified":"2025-07-18T20:50:05","modified_gmt":"2025-07-18T18:50:05","slug":"sponsoren","status":"publish","type":"page","link":"https:\/\/www.oboa.de\/wordpress\/pl\/sponsoren\/","title":{"rendered":"WSPIERAJ\u0104 NAS"},"content":{"rendered":"<p>OBOA &#8211; Oderbruch Open Air jest niekomercyjnym, spo\u0142ecznie organizowanym projektem. W tym miejscu znajdziecie niekt\u00f3rych naszych ofiarodawc\u00f3w, fundator\u00f3w i wspomo\u017cycieli. Bez nich jak r\u00f3wnie\u017c bez naszych <a href=\"http:\/\/www.oboa.de\/wordpress\/faq\/helferinnen\/\">wolontariuszy<\/a> festiwal nie m\u00f3g\u0142by si\u0119 odby\u0107. Wielkie dzi\u0119ki za to!<\/p>\n<p><a href=\"http:\/\/www.dpjw.org\" target=\"_blank\" rel=\"noopener noreferrer\"><img loading=\"lazy\" decoding=\"async\" data-attachment-id=\"1556\" data-permalink=\"https:\/\/www.oboa.de\/wordpress\/pl\/?attachment_id=1556\" data-orig-file=\"https:\/\/i0.wp.com\/www.oboa.de\/wordpress\/wp-content\/uploads\/2013\/04\/logo_dpjw.jpg?fit=590%2C224&amp;ssl=1\" data-orig-size=\"590,224\" data-comments-opened=\"1\" data-image-meta=\"{&quot;aperture&quot;:&quot;0&quot;,&quot;credit&quot;:&quot;&quot;,&quot;camera&quot;:&quot;&quot;,&quot;caption&quot;:&quot;&quot;,&quot;created_timestamp&quot;:&quot;0&quot;,&quot;copyright&quot;:&quot;&quot;,&quot;focal_length&quot;:&quot;0&quot;,&quot;iso&quot;:&quot;0&quot;,&quot;shutter_speed&quot;:&quot;0&quot;,&quot;title&quot;:&quot;&quot;}\" data-image-title=\"logo_dpjw\" data-image-description=\"\" data-image-caption=\"\" data-medium-file=\"https:\/\/i0.wp.com\/www.oboa.de\/wordpress\/wp-content\/uploads\/2013\/04\/logo_dpjw.jpg?fit=300%2C113&amp;ssl=1\" data-large-file=\"https:\/\/i0.wp.com\/www.oboa.de\/wordpress\/wp-content\/uploads\/2013\/04\/logo_dpjw.jpg?fit=590%2C224&amp;ssl=1\" tabindex=\"0\" role=\"button\" class=\"size-medium wp-image-1556 aligncenter\" src=\"https:\/\/i0.wp.com\/www.oboa.de\/wordpress\/wp-content\/uploads\/2013\/04\/logo_dpjw-300x113.jpg?resize=258%2C97\" alt=\"logo_dpjw\" width=\"258\" height=\"97\" srcset=\"https:\/\/i0.wp.com\/www.oboa.de\/wordpress\/wp-content\/uploads\/2013\/04\/logo_dpjw.jpg?resize=300%2C113&amp;ssl=1 300w, https:\/\/i0.wp.com\/www.oboa.de\/wordpress\/wp-content\/uploads\/2013\/04\/logo_dpjw.jpg?w=590&amp;ssl=1 590w\" sizes=\"(max-width: 258px) 100vw, 258px\" data-recalc-dims=\"1\" \/><\/a><\/p>\n<p style=\"text-align: center;\"><a href=\"https:\/\/www.ghostnote.de\" target=\"_blank\" rel=\"noopener noreferrer\"><img loading=\"lazy\" decoding=\"async\" data-attachment-id=\"12896\" data-permalink=\"https:\/\/www.oboa.de\/wordpress\/pl\/sponsoren\/ghostnote-logo-72dpi\/\" data-orig-file=\"https:\/\/i0.wp.com\/www.oboa.de\/wordpress\/wp-content\/uploads\/2022\/08\/Ghostnote-Logo-72dpi.jpg?fit=300%2C118&amp;ssl=1\" data-orig-size=\"300,118\" data-comments-opened=\"1\" data-image-meta=\"{&quot;aperture&quot;:&quot;0&quot;,&quot;credit&quot;:&quot;&quot;,&quot;camera&quot;:&quot;&quot;,&quot;caption&quot;:&quot;&quot;,&quot;created_timestamp&quot;:&quot;0&quot;,&quot;copyright&quot;:&quot;&quot;,&quot;focal_length&quot;:&quot;0&quot;,&quot;iso&quot;:&quot;0&quot;,&quot;shutter_speed&quot;:&quot;0&quot;,&quot;title&quot;:&quot;&quot;,&quot;orientation&quot;:&quot;0&quot;}\" data-image-title=\"Ghostnote-Logo-72dpi\" data-image-description=\"\" data-image-caption=\"\" data-medium-file=\"https:\/\/i0.wp.com\/www.oboa.de\/wordpress\/wp-content\/uploads\/2022\/08\/Ghostnote-Logo-72dpi.jpg?fit=300%2C118&amp;ssl=1\" data-large-file=\"https:\/\/i0.wp.com\/www.oboa.de\/wordpress\/wp-content\/uploads\/2022\/08\/Ghostnote-Logo-72dpi.jpg?fit=300%2C118&amp;ssl=1\" tabindex=\"0\" role=\"button\" class=\"alignnone wp-image-12896 size-full\" src=\"https:\/\/i0.wp.com\/www.oboa.de\/wordpress\/wp-content\/uploads\/2022\/08\/Ghostnote-Logo-72dpi.jpg?resize=300%2C118&#038;ssl=1\" alt=\"\" width=\"300\" height=\"118\" data-recalc-dims=\"1\" \/><\/a><\/p>\n<p style=\"text-align: center;\"><a href=\"https:\/\/www.rewe.de\/marktseite\/neuhardenberg\/4040333\/rewe-markt-karl-marx-allee-6a\/\" target=\"_blank\" rel=\"noopener\"><img loading=\"lazy\" decoding=\"async\" data-attachment-id=\"14830\" data-permalink=\"https:\/\/www.oboa.de\/wordpress\/pl\/sponsoren\/rewe\/\" data-orig-file=\"https:\/\/i0.wp.com\/www.oboa.de\/wordpress\/wp-content\/uploads\/2024\/07\/rewe.png?fit=238%2C180&amp;ssl=1\" data-orig-size=\"238,180\" data-comments-opened=\"1\" data-image-meta=\"{&quot;aperture&quot;:&quot;0&quot;,&quot;credit&quot;:&quot;&quot;,&quot;camera&quot;:&quot;&quot;,&quot;caption&quot;:&quot;&quot;,&quot;created_timestamp&quot;:&quot;0&quot;,&quot;copyright&quot;:&quot;&quot;,&quot;focal_length&quot;:&quot;0&quot;,&quot;iso&quot;:&quot;0&quot;,&quot;shutter_speed&quot;:&quot;0&quot;,&quot;title&quot;:&quot;&quot;,&quot;orientation&quot;:&quot;0&quot;}\" data-image-title=\"rewe\" data-image-description=\"\" data-image-caption=\"\" data-medium-file=\"https:\/\/i0.wp.com\/www.oboa.de\/wordpress\/wp-content\/uploads\/2024\/07\/rewe.png?fit=238%2C180&amp;ssl=1\" data-large-file=\"https:\/\/i0.wp.com\/www.oboa.de\/wordpress\/wp-content\/uploads\/2024\/07\/rewe.png?fit=238%2C180&amp;ssl=1\" tabindex=\"0\" role=\"button\" class=\"alignnone size-full wp-image-14830\" src=\"https:\/\/i0.wp.com\/www.oboa.de\/wordpress\/wp-content\/uploads\/2024\/07\/rewe.png?resize=238%2C180&#038;ssl=1\" alt=\"\" width=\"238\" height=\"180\" data-recalc-dims=\"1\" \/><\/a><\/p>\n<p style=\"text-align: center;\"><a href=\"https:\/\/www.frankfurter-brauhaus.de\/\" target=\"_blank\" rel=\"noopener\"><img loading=\"lazy\" decoding=\"async\" data-attachment-id=\"14841\" data-permalink=\"https:\/\/www.oboa.de\/wordpress\/pl\/sponsoren\/frankfurter_logo-rathaus\/\" data-orig-file=\"https:\/\/www.oboa.de\/wordpress\/wp-content\/uploads\/2024\/07\/Frankfurter_Logo-Rathaus.svg\" data-orig-size=\"\" data-comments-opened=\"1\" data-image-meta=\"[]\" data-image-title=\"Frankfurter_Logo-Rathaus\" data-image-description=\"\" data-image-caption=\"\" data-medium-file=\"https:\/\/www.oboa.de\/wordpress\/wp-content\/uploads\/2024\/07\/Frankfurter_Logo-Rathaus.svg\" data-large-file=\"https:\/\/www.oboa.de\/wordpress\/wp-content\/uploads\/2024\/07\/Frankfurter_Logo-Rathaus.svg\" tabindex=\"0\" role=\"button\" class=\"alignnone wp-image-14841\" src=\"https:\/\/www.oboa.de\/wordpress\/wp-content\/uploads\/2024\/07\/Frankfurter_Logo-Rathaus.svg\" alt=\"\" width=\"312\" height=\"198\" \/><\/a><\/p>\n<p style=\"text-align: center;\"><a href=\"http:\/\/hdjk.de\" target=\"_blank\" rel=\"noopener noreferrer\"><img loading=\"lazy\" decoding=\"async\" data-attachment-id=\"12899\" data-permalink=\"https:\/\/www.oboa.de\/wordpress\/pl\/sponsoren\/cafe-koepenick-logo\/\" data-orig-file=\"https:\/\/i0.wp.com\/www.oboa.de\/wordpress\/wp-content\/uploads\/2022\/08\/Cafe-Koepenick-Logo.jpg?fit=300%2C201&amp;ssl=1\" data-orig-size=\"300,201\" data-comments-opened=\"1\" data-image-meta=\"{&quot;aperture&quot;:&quot;0&quot;,&quot;credit&quot;:&quot;&quot;,&quot;camera&quot;:&quot;&quot;,&quot;caption&quot;:&quot;&quot;,&quot;created_timestamp&quot;:&quot;0&quot;,&quot;copyright&quot;:&quot;&quot;,&quot;focal_length&quot;:&quot;0&quot;,&quot;iso&quot;:&quot;0&quot;,&quot;shutter_speed&quot;:&quot;0&quot;,&quot;title&quot;:&quot;&quot;,&quot;orientation&quot;:&quot;0&quot;}\" data-image-title=\"Cafe-K\u00f6penick-Logo\" data-image-description=\"\" data-image-caption=\"\" data-medium-file=\"https:\/\/i0.wp.com\/www.oboa.de\/wordpress\/wp-content\/uploads\/2022\/08\/Cafe-Koepenick-Logo.jpg?fit=300%2C201&amp;ssl=1\" data-large-file=\"https:\/\/i0.wp.com\/www.oboa.de\/wordpress\/wp-content\/uploads\/2022\/08\/Cafe-Koepenick-Logo.jpg?fit=300%2C201&amp;ssl=1\" tabindex=\"0\" role=\"button\" class=\"alignnone wp-image-12899 size-full\" src=\"https:\/\/i0.wp.com\/www.oboa.de\/wordpress\/wp-content\/uploads\/2022\/08\/Cafe-Koepenick-Logo.jpg?resize=300%2C201&#038;ssl=1\" alt=\"\" width=\"300\" height=\"201\" data-recalc-dims=\"1\" \/><\/a><\/p>\n<p style=\"text-align: center;\"><a href=\"https:\/\/www.graffitishop-berlin.de\/\" target=\"_blank\" rel=\"noopener\"><img loading=\"lazy\" decoding=\"async\" data-attachment-id=\"14865\" data-permalink=\"https:\/\/www.oboa.de\/wordpress\/pl\/sponsoren\/grafi\/\" data-orig-file=\"https:\/\/i0.wp.com\/www.oboa.de\/wordpress\/wp-content\/uploads\/2024\/07\/grafi.png?fit=753%2C706&amp;ssl=1\" data-orig-size=\"753,706\" data-comments-opened=\"1\" data-image-meta=\"{&quot;aperture&quot;:&quot;0&quot;,&quot;credit&quot;:&quot;&quot;,&quot;camera&quot;:&quot;&quot;,&quot;caption&quot;:&quot;&quot;,&quot;created_timestamp&quot;:&quot;0&quot;,&quot;copyright&quot;:&quot;&quot;,&quot;focal_length&quot;:&quot;0&quot;,&quot;iso&quot;:&quot;0&quot;,&quot;shutter_speed&quot;:&quot;0&quot;,&quot;title&quot;:&quot;&quot;,&quot;orientation&quot;:&quot;0&quot;}\" data-image-title=\"grafi\" data-image-description=\"\" data-image-caption=\"\" data-medium-file=\"https:\/\/i0.wp.com\/www.oboa.de\/wordpress\/wp-content\/uploads\/2024\/07\/grafi.png?fit=300%2C281&amp;ssl=1\" data-large-file=\"https:\/\/i0.wp.com\/www.oboa.de\/wordpress\/wp-content\/uploads\/2024\/07\/grafi.png?fit=753%2C706&amp;ssl=1\" tabindex=\"0\" role=\"button\" class=\"alignnone size-medium wp-image-14865\" src=\"https:\/\/i0.wp.com\/www.oboa.de\/wordpress\/wp-content\/uploads\/2024\/07\/grafi.png?resize=300%2C281&#038;ssl=1\" alt=\"\" width=\"300\" height=\"281\" srcset=\"https:\/\/i0.wp.com\/www.oboa.de\/wordpress\/wp-content\/uploads\/2024\/07\/grafi.png?resize=300%2C281&amp;ssl=1 300w, https:\/\/i0.wp.com\/www.oboa.de\/wordpress\/wp-content\/uploads\/2024\/07\/grafi.png?w=753&amp;ssl=1 753w\" sizes=\"(max-width: 300px) 100vw, 300px\" data-recalc-dims=\"1\" \/><\/a><\/p>\n<p style=\"text-align: center;\"><a href=\"https:\/\/www.huthevents.de\/\" target=\"_blank\" rel=\"noopener\"><img loading=\"lazy\" decoding=\"async\" data-attachment-id=\"14833\" data-permalink=\"https:\/\/www.oboa.de\/wordpress\/pl\/sponsoren\/huth\/\" data-orig-file=\"https:\/\/i0.wp.com\/www.oboa.de\/wordpress\/wp-content\/uploads\/2024\/07\/huth.png?fit=2232%2C395&amp;ssl=1\" data-orig-size=\"2232,395\" data-comments-opened=\"1\" data-image-meta=\"{&quot;aperture&quot;:&quot;0&quot;,&quot;credit&quot;:&quot;&quot;,&quot;camera&quot;:&quot;&quot;,&quot;caption&quot;:&quot;&quot;,&quot;created_timestamp&quot;:&quot;0&quot;,&quot;copyright&quot;:&quot;&quot;,&quot;focal_length&quot;:&quot;0&quot;,&quot;iso&quot;:&quot;0&quot;,&quot;shutter_speed&quot;:&quot;0&quot;,&quot;title&quot;:&quot;&quot;,&quot;orientation&quot;:&quot;0&quot;}\" data-image-title=\"huth\" data-image-description=\"\" data-image-caption=\"\" data-medium-file=\"https:\/\/i0.wp.com\/www.oboa.de\/wordpress\/wp-content\/uploads\/2024\/07\/huth.png?fit=300%2C53&amp;ssl=1\" data-large-file=\"https:\/\/i0.wp.com\/www.oboa.de\/wordpress\/wp-content\/uploads\/2024\/07\/huth.png?fit=800%2C141&amp;ssl=1\" tabindex=\"0\" role=\"button\" class=\"alignnone size-medium wp-image-14833\" src=\"https:\/\/i0.wp.com\/www.oboa.de\/wordpress\/wp-content\/uploads\/2024\/07\/huth.png?resize=300%2C53&#038;ssl=1\" alt=\"\" width=\"300\" height=\"53\" srcset=\"https:\/\/i0.wp.com\/www.oboa.de\/wordpress\/wp-content\/uploads\/2024\/07\/huth.png?resize=300%2C53&amp;ssl=1 300w, https:\/\/i0.wp.com\/www.oboa.de\/wordpress\/wp-content\/uploads\/2024\/07\/huth.png?resize=1024%2C181&amp;ssl=1 1024w, https:\/\/i0.wp.com\/www.oboa.de\/wordpress\/wp-content\/uploads\/2024\/07\/huth.png?resize=768%2C136&amp;ssl=1 768w, https:\/\/i0.wp.com\/www.oboa.de\/wordpress\/wp-content\/uploads\/2024\/07\/huth.png?resize=1536%2C272&amp;ssl=1 1536w, https:\/\/i0.wp.com\/www.oboa.de\/wordpress\/wp-content\/uploads\/2024\/07\/huth.png?resize=2048%2C362&amp;ssl=1 2048w, https:\/\/i0.wp.com\/www.oboa.de\/wordpress\/wp-content\/uploads\/2024\/07\/huth.png?w=1600&amp;ssl=1 1600w\" sizes=\"(max-width: 300px) 100vw, 300px\" data-recalc-dims=\"1\" \/><\/a><\/p>\n<p style=\"text-align: center;\"><a href=\"http:\/\/www.parkclub-fw.de\/\" target=\"_blank\" rel=\"noopener noreferrer\"><strong>Parkclub F\u00fcrstenwalde<\/strong><\/a><\/p>\n<p style=\"text-align: center;\"><a title=\"Fort Gorgast\" href=\"http:\/\/www.fort-gorgast.de\" target=\"_blank\" rel=\"noopener noreferrer\"><strong>Fort-Gorgast-Team<\/strong><\/a><\/p>\n<p style=\"text-align: center;\"><strong><a href=\"http:\/\/www.horte-srb.de\/\" target=\"_blank\" rel=\"noopener noreferrer\">Horte Strausberg<\/a><\/strong><\/p>\n<p style=\"text-align: center;\"><a href=\"http:\/\/www.nutzfahrzeug-service-korb.de\/\" target=\"_blank\" rel=\"noopener noreferrer\"><strong>Nutzfahrzeuge Service J\u00f6rg Korb<\/strong><\/a><\/p>\n<p style=\"text-align: center;\"><strong><a href=\"http:\/\/www.amt-golzow.de\/verzeichnis\/visitenkarte.php?mandat=53074\" target=\"_blank\" rel=\"noopener noreferrer\">Freiwillige Feuerwehr Manschnow<\/a><\/strong><\/p>\n<p>Dzi\u0119kujemy r\u00f3wnie\u017c wszystkim, kt\u00f3rzy wsparli nas na <a href=\"https:\/\/www.betterplace.org\/de\/projects\/117393?utm_campaign=user_share&amp;utm_medium=ppp_sticky&amp;utm_source=Link\">betterplace<\/a> i wol\u0105 pozosta\u0107 anonimowi.<\/p>\n<p>&nbsp;<\/p>\n","protected":false},"excerpt":{"rendered":"<p>OBOA &#8211; Oderbruch Open Air jest niekomercyjnym, spo\u0142ecznie organizowanym projektem. W tym miejscu znajdziecie niekt\u00f3rych naszych ofiarodawc\u00f3w, fundator\u00f3w i wspomo\u017cycieli. Bez nich jak r\u00f3wnie\u017c bez [&#8230;]<\/p>\n","protected":false},"author":1,"featured_media":0,"parent":0,"menu_order":50,"comment_status":"open","ping_status":"open","template":"","meta":{"footnotes":""},"translation":{"provider":"WPGlobus","version":"3.0.0","language":"pl","enabled_languages":["de","pl","gb","es"],"languages":{"de":{"title":true,"content":true,"excerpt":false},"pl":{"title":true,"content":true,"excerpt":false},"gb":{"title":true,"content":true,"excerpt":false},"es":{"title":true,"content":true,"excerpt":false}}},"jetpack_sharing_enabled":true,"_links":{"self":[{"href":"https:\/\/www.oboa.de\/wordpress\/pl\/wp-json\/wp\/v2\/pages\/2200"}],"collection":[{"href":"https:\/\/www.oboa.de\/wordpress\/pl\/wp-json\/wp\/v2\/pages"}],"about":[{"href":"https:\/\/www.oboa.de\/wordpress\/pl\/wp-json\/wp\/v2\/types\/page"}],"author":[{"embeddable":true,"href":"https:\/\/www.oboa.de\/wordpress\/pl\/wp-json\/wp\/v2\/users\/1"}],"replies":[{"embeddable":true,"href":"https:\/\/www.oboa.de\/wordpress\/pl\/wp-json\/wp\/v2\/comments?post=2200"}],"version-history":[{"count":92,"href":"https:\/\/www.oboa.de\/wordpress\/pl\/wp-json\/wp\/v2\/pages\/2200\/revisions"}],"predecessor-version":[{"id":15155,"href":"https:\/\/www.oboa.de\/wordpress\/pl\/wp-json\/wp\/v2\/pages\/2200\/revisions\/15155"}],"wp:attachment":[{"href":"https:\/\/www.oboa.de\/wordpress\/pl\/wp-json\/wp\/v2\/media?parent=2200"}],"curies":[{"name":"wp","href":"https:\/\/api.w.org\/{rel}","templated":true}]}}