{"id":2229,"date":"2016-06-13T17:34:58","date_gmt":"2016-06-13T15:34:58","guid":{"rendered":"http:\/\/www.oboa.de\/wordpress\/?page_id=2229"},"modified":"2018-06-14T13:07:21","modified_gmt":"2018-06-14T11:07:21","slug":"workshops","status":"publish","type":"page","link":"https:\/\/www.oboa.de\/wordpress\/pl\/archiv\/oboa-2016\/lineup\/workshops\/","title":{"rendered":"Workshops 2016"},"content":{"rendered":"<p><strong>Linolschnitt<\/strong><br \/>\nNix zu l\u00f6ten, kein Bock auf Input, zu warm f\u00fcrs Tischtennis, der Kuchen zu lecker und der Kaffee zu hei\u00df? Keine Panik, Henri Matisse und sogar Pablo Picasso ging&#8217;s nur all zu oft ganz genauso. Wie viele Expressionisten machten sie sich dann an ihrem Fu\u00dfboden zu schaffen und ritzten und schnibbelten und kratzten ab und an gar wilde Formen ins &#8220;Parket des kleinen Mannes&#8221;. Wie beim Holzschnitt nennt sich die Technik Hochdruck. Hoffentlich findet sich ein nettes Pl\u00e4tzchen in Sonnenb\u00fchnenn\u00e4he, dort k\u00f6nnt Ihr mit vorbereiteten Motiven arbeiten und drucken, selbst welche entwerfen, Postkarten oder oder bedrucken. Gegen Briefmarken(-cents) bringen wir Euch die Dinger auch noch zur Post. Der Hochdruckschalter \u00f6ffnet am Samstagnachmittag.<\/p>\n<p><strong>&#8220;NSU-Watch Brandenburg &#8211; Hinter den Kulissen&#8221;<\/strong><br \/>\n<a href=\"https:\/\/brandenburg.nsu-watch.info\/\" target=\"_blank\" rel=\"noopener\"><br \/>\n<\/a><a href=\"https:\/\/i0.wp.com\/www.oboa.de\/wordpress\/wp-content\/uploads\/2016\/06\/nsuwatchbanner.png\"><img loading=\"lazy\" decoding=\"async\" data-attachment-id=\"2391\" data-permalink=\"https:\/\/www.oboa.de\/wordpress\/pl\/archiv\/oboa-2016\/lineup\/workshops\/nsuwatchbanner\/\" data-orig-file=\"https:\/\/i0.wp.com\/www.oboa.de\/wordpress\/wp-content\/uploads\/2016\/06\/nsuwatchbanner.png?fit=702%2C336&amp;ssl=1\" data-orig-size=\"702,336\" data-comments-opened=\"1\" data-image-meta=\"{&quot;aperture&quot;:&quot;0&quot;,&quot;credit&quot;:&quot;&quot;,&quot;camera&quot;:&quot;&quot;,&quot;caption&quot;:&quot;&quot;,&quot;created_timestamp&quot;:&quot;0&quot;,&quot;copyright&quot;:&quot;&quot;,&quot;focal_length&quot;:&quot;0&quot;,&quot;iso&quot;:&quot;0&quot;,&quot;shutter_speed&quot;:&quot;0&quot;,&quot;title&quot;:&quot;&quot;}\" data-image-title=\"nsuwatchbanner\" data-image-description=\"\" data-image-caption=\"\" data-medium-file=\"https:\/\/i0.wp.com\/www.oboa.de\/wordpress\/wp-content\/uploads\/2016\/06\/nsuwatchbanner.png?fit=300%2C143&amp;ssl=1\" data-large-file=\"https:\/\/i0.wp.com\/www.oboa.de\/wordpress\/wp-content\/uploads\/2016\/06\/nsuwatchbanner.png?fit=702%2C336&amp;ssl=1\" tabindex=\"0\" role=\"button\" class=\"alignleft size-medium wp-image-2391\" src=\"https:\/\/i0.wp.com\/www.oboa.de\/wordpress\/wp-content\/uploads\/2016\/06\/nsuwatchbanner-300x143.png?resize=300%2C143\" alt=\"nsuwatchbanner\" width=\"300\" height=\"143\" srcset=\"https:\/\/i0.wp.com\/www.oboa.de\/wordpress\/wp-content\/uploads\/2016\/06\/nsuwatchbanner.png?resize=300%2C143&amp;ssl=1 300w, https:\/\/i0.wp.com\/www.oboa.de\/wordpress\/wp-content\/uploads\/2016\/06\/nsuwatchbanner.png?w=702&amp;ssl=1 702w\" sizes=\"(max-width: 300px) 100vw, 300px\" data-recalc-dims=\"1\" \/><\/a><a href=\"https:\/\/brandenburg.nsu-watch.info\/\" target=\"_blank\" rel=\"noopener\"><br \/>\nDie rassistische Mordserie des \u00bbNationalsozia\u00adlistischen Untergrunds\u00ab (NSU) markiert eine Z\u00e4sur in der bundesrepublikanischen Ge\u00adschichte. Die Taten des NSU und sein Netzwerk sind noch lange nicht aufgekl\u00e4rt. Gerade auch im Land Brandenburg stellt sich die Frage: Welche Rolle spielten, was wussten die Beh\u00f6rden?<br \/>\nDer Spitzel mit dem Decknamen \u201ePiatto\u201c, ein besonders brutaler Neonazi, wurde im direkten Unterst\u00fctzer_innenumfeld des NSU-Kerntrios platziert und lieferte bereits kurz nach dem Abtauchen von Zsch\u00e4pe, Mundlos und B\u00f6hnhard konkrete Hinweise auf deren Verbleib.<br \/>\nEs stellt sich die Frage: H\u00e4tte die brandenburger Beh\u00f6rde die Morde verhindern k\u00f6nnen? Finanzierte der Brandenburger Verfassungsschutz mit der Bezahlung seines V-Manns &#8220;Piatto&#8221; den Auf- und Ausbau der Brandenburger Neonaziszene massgeblich mit? Welche neonazistischen Strukuren und Protagonist_innen waren f\u00fcr Anschl\u00e4ge in Brandenburg<br \/>\nverantwortlich? Gab es auch in Brandenburg neonazistischen Terror?<br \/>\nBeginn: 15 Uhr &#8212; <\/a><a href=\"http:\/\/brandenburg.nsu-watch.info\/\" target=\"_blank\" rel=\"noopener\">NSU WATCH BRANDENBURG<\/a><\/p>\n<h4><\/h4>\n<h4><\/h4>\n<h4><\/h4>\n<h4><\/h4>\n<p><strong>Planspiel &#8220;Gefl\u00fcchtet sein in Deutschland&#8221;<\/strong><br \/>\nBeim diesj\u00e4hrigen Planspiel k\u00f6nnt ihr euch einen Einblick verschaffen, welche Regelungen und Gesetze den Fl\u00fcchtlingsstatus in Deutschland erm\u00f6glichen und verunm\u00f6glichen. Auf 10 Infotafeln erhaltet ihr Informationen zu den verschiedenen Verwaltungsverfahren und k\u00f6nnt euch in dem Versuch vertiefen, den langen und m\u00fchsamen Weg eines Fl\u00fcchtlings in Deutschland nachzuempfinden.<\/p>\n<h4><\/h4>\n<h4><\/h4>\n<h4><\/h4>\n<h4><\/h4>\n<p><strong>Die Schr\u00e4ge Runde &#8211; Das L\u00f6tspektakel auf dem OBOA<br \/>\n<\/strong>Die SCHR\u00c4GERUNDE ist ein Dresdner Workshop-Projekt, welches sich seit 2009 mit \u201eCircuit Bending\u201c und \u201eD.I.Y.-Electronic\u201c (Do It Yourself) besch\u00e4ftigt. Also einerseits das Modifizieren von elektronischem Kinderspielzeug und Ger\u00e4ten, andererseits das Konstruieren von elektronischen Schaltungen mit einfachsten Mitteln.<br \/>\n<a href=\"https:\/\/i0.wp.com\/www.oboa.de\/wordpress\/wp-content\/uploads\/2016\/06\/IMG_3812.jpg\"><img loading=\"lazy\" decoding=\"async\" data-attachment-id=\"2402\" data-permalink=\"https:\/\/www.oboa.de\/wordpress\/pl\/archiv\/oboa-2016\/lineup\/workshops\/img_3812\/\" data-orig-file=\"https:\/\/i0.wp.com\/www.oboa.de\/wordpress\/wp-content\/uploads\/2016\/06\/IMG_3812.jpg?fit=690%2C518&amp;ssl=1\" data-orig-size=\"690,518\" data-comments-opened=\"1\" data-image-meta=\"{&quot;aperture&quot;:&quot;0&quot;,&quot;credit&quot;:&quot;&quot;,&quot;camera&quot;:&quot;&quot;,&quot;caption&quot;:&quot;&quot;,&quot;created_timestamp&quot;:&quot;0&quot;,&quot;copyright&quot;:&quot;&quot;,&quot;focal_length&quot;:&quot;0&quot;,&quot;iso&quot;:&quot;0&quot;,&quot;shutter_speed&quot;:&quot;0&quot;,&quot;title&quot;:&quot;&quot;}\" data-image-title=\"IMG_3812\" data-image-description=\"\" data-image-caption=\"\" data-medium-file=\"https:\/\/i0.wp.com\/www.oboa.de\/wordpress\/wp-content\/uploads\/2016\/06\/IMG_3812.jpg?fit=300%2C225&amp;ssl=1\" data-large-file=\"https:\/\/i0.wp.com\/www.oboa.de\/wordpress\/wp-content\/uploads\/2016\/06\/IMG_3812.jpg?fit=690%2C518&amp;ssl=1\" tabindex=\"0\" role=\"button\" class=\"alignleft size-medium wp-image-2402\" src=\"https:\/\/i0.wp.com\/www.oboa.de\/wordpress\/wp-content\/uploads\/2016\/06\/IMG_3812-300x225.jpg?resize=300%2C225\" alt=\"IMG_3812\" width=\"300\" height=\"225\" srcset=\"https:\/\/i0.wp.com\/www.oboa.de\/wordpress\/wp-content\/uploads\/2016\/06\/IMG_3812.jpg?resize=300%2C225&amp;ssl=1 300w, https:\/\/i0.wp.com\/www.oboa.de\/wordpress\/wp-content\/uploads\/2016\/06\/IMG_3812.jpg?w=690&amp;ssl=1 690w\" sizes=\"(max-width: 300px) 100vw, 300px\" data-recalc-dims=\"1\" \/><\/a><\/p>\n<h4><\/h4>\n<p><strong>Siebdruck<br \/>\n<\/strong>Auch wie immer, es gibt nat\u00fcrlich die OBOA Standards, aber auch ein paar neue Motive f\u00fcr Deine Lieblingsklamotte.<br \/>\n<a href=\"https:\/\/i0.wp.com\/www.oboa.de\/wordpress\/wp-content\/uploads\/2016\/06\/P6210531kl.jpg\"><img loading=\"lazy\" decoding=\"async\" data-attachment-id=\"2398\" data-permalink=\"https:\/\/www.oboa.de\/wordpress\/pl\/archiv\/oboa-2016\/lineup\/workshops\/p6210531kl\/\" data-orig-file=\"https:\/\/i0.wp.com\/www.oboa.de\/wordpress\/wp-content\/uploads\/2016\/06\/P6210531kl.jpg?fit=3968%2C2976&amp;ssl=1\" data-orig-size=\"3968,2976\" data-comments-opened=\"1\" data-image-meta=\"{&quot;aperture&quot;:&quot;0&quot;,&quot;credit&quot;:&quot;&quot;,&quot;camera&quot;:&quot;&quot;,&quot;caption&quot;:&quot;&quot;,&quot;created_timestamp&quot;:&quot;0&quot;,&quot;copyright&quot;:&quot;&quot;,&quot;focal_length&quot;:&quot;0&quot;,&quot;iso&quot;:&quot;0&quot;,&quot;shutter_speed&quot;:&quot;0&quot;,&quot;title&quot;:&quot;&quot;}\" data-image-title=\"P6210531kl\" data-image-description=\"\" data-image-caption=\"\" data-medium-file=\"https:\/\/i0.wp.com\/www.oboa.de\/wordpress\/wp-content\/uploads\/2016\/06\/P6210531kl.jpg?fit=300%2C225&amp;ssl=1\" data-large-file=\"https:\/\/i0.wp.com\/www.oboa.de\/wordpress\/wp-content\/uploads\/2016\/06\/P6210531kl.jpg?fit=800%2C600&amp;ssl=1\" tabindex=\"0\" role=\"button\" class=\"alignleft size-medium wp-image-2398\" src=\"https:\/\/i0.wp.com\/www.oboa.de\/wordpress\/wp-content\/uploads\/2016\/06\/P6210531kl-300x225.jpg?resize=300%2C225\" alt=\"P6210531kl\" width=\"300\" height=\"225\" srcset=\"https:\/\/i0.wp.com\/www.oboa.de\/wordpress\/wp-content\/uploads\/2016\/06\/P6210531kl.jpg?resize=300%2C225&amp;ssl=1 300w, https:\/\/i0.wp.com\/www.oboa.de\/wordpress\/wp-content\/uploads\/2016\/06\/P6210531kl.jpg?resize=1024%2C768&amp;ssl=1 1024w, https:\/\/i0.wp.com\/www.oboa.de\/wordpress\/wp-content\/uploads\/2016\/06\/P6210531kl.jpg?w=1600&amp;ssl=1 1600w, https:\/\/i0.wp.com\/www.oboa.de\/wordpress\/wp-content\/uploads\/2016\/06\/P6210531kl.jpg?w=2400&amp;ssl=1 2400w\" sizes=\"(max-width: 300px) 100vw, 300px\" data-recalc-dims=\"1\" \/><\/a><\/p>\n<p><a href=\"https:\/\/i0.wp.com\/www.oboa.de\/wordpress\/wp-content\/uploads\/2016\/06\/P6210543kl.jpg\"><img loading=\"lazy\" decoding=\"async\" data-attachment-id=\"2399\" data-permalink=\"https:\/\/www.oboa.de\/wordpress\/pl\/archiv\/oboa-2016\/lineup\/workshops\/p6210543kl\/\" data-orig-file=\"https:\/\/i0.wp.com\/www.oboa.de\/wordpress\/wp-content\/uploads\/2016\/06\/P6210543kl.jpg?fit=3968%2C2976&amp;ssl=1\" data-orig-size=\"3968,2976\" data-comments-opened=\"1\" data-image-meta=\"{&quot;aperture&quot;:&quot;0&quot;,&quot;credit&quot;:&quot;&quot;,&quot;camera&quot;:&quot;&quot;,&quot;caption&quot;:&quot;&quot;,&quot;created_timestamp&quot;:&quot;0&quot;,&quot;copyright&quot;:&quot;&quot;,&quot;focal_length&quot;:&quot;0&quot;,&quot;iso&quot;:&quot;0&quot;,&quot;shutter_speed&quot;:&quot;0&quot;,&quot;title&quot;:&quot;&quot;}\" data-image-title=\"P6210543kl\" data-image-description=\"\" data-image-caption=\"\" data-medium-file=\"https:\/\/i0.wp.com\/www.oboa.de\/wordpress\/wp-content\/uploads\/2016\/06\/P6210543kl.jpg?fit=300%2C225&amp;ssl=1\" data-large-file=\"https:\/\/i0.wp.com\/www.oboa.de\/wordpress\/wp-content\/uploads\/2016\/06\/P6210543kl.jpg?fit=800%2C600&amp;ssl=1\" tabindex=\"0\" role=\"button\" class=\"alignleft size-medium wp-image-2399\" src=\"https:\/\/i0.wp.com\/www.oboa.de\/wordpress\/wp-content\/uploads\/2016\/06\/P6210543kl-300x225.jpg?resize=300%2C225\" alt=\"P6210543kl\" width=\"300\" height=\"225\" srcset=\"https:\/\/i0.wp.com\/www.oboa.de\/wordpress\/wp-content\/uploads\/2016\/06\/P6210543kl.jpg?resize=300%2C225&amp;ssl=1 300w, https:\/\/i0.wp.com\/www.oboa.de\/wordpress\/wp-content\/uploads\/2016\/06\/P6210543kl.jpg?resize=1024%2C768&amp;ssl=1 1024w, https:\/\/i0.wp.com\/www.oboa.de\/wordpress\/wp-content\/uploads\/2016\/06\/P6210543kl.jpg?w=1600&amp;ssl=1 1600w, https:\/\/i0.wp.com\/www.oboa.de\/wordpress\/wp-content\/uploads\/2016\/06\/P6210543kl.jpg?w=2400&amp;ssl=1 2400w\" sizes=\"(max-width: 300px) 100vw, 300px\" data-recalc-dims=\"1\" \/><\/a><\/p>\n<p>Wichtig! Wir haben ein paar neue T-Shirts, Beutel usw. am Stand, ebenso gibt es einen kleinen 2nd hand Basar f\u00fcr all jene, die ihre mitgebrachten Anziehsachen nicht bedrucken lassen wollen. Wer eigene Sachen bedrucken lassen m\u00f6chte, bringt am besten nicht unbedingt das Lieblingswohlf\u00fchlshirt mit. Normalerweise l\u00e4uft alles glatt, aber Siebdruck ist nun mal eine Handarbeit und im aktuellen Fall keine Massenproduktion, sehr selten aber keinesfalls nie unterl\u00e4uft auch uns ein Fehler. Weiter ist es am praktischsten Sachen mit einem sehr hohen Baumwollanteil mitzubringen. Die Siebdruckfarbe muss unter Hitze fixiert werden und dabei sollte Eurem Zwirn m\u00f6glichst nix passieren.<\/p>\n","protected":false},"excerpt":{"rendered":"<p>Linolschnitt Nix zu l\u00f6ten, kein Bock auf Input, zu warm f\u00fcrs Tischtennis, der Kuchen zu lecker und der Kaffee zu hei\u00df? Keine Panik, Henri Matisse [&#8230;]<\/p>\n","protected":false},"author":6,"featured_media":0,"parent":2213,"menu_order":7,"comment_status":"open","ping_status":"closed","template":"","meta":{"footnotes":""},"translation":{"provider":"WPGlobus","version":"3.0.2","language":"pl","enabled_languages":["de","pl","gb","es"],"languages":{"de":{"title":true,"content":true,"excerpt":false},"pl":{"title":false,"content":false,"excerpt":false},"gb":{"title":false,"content":false,"excerpt":false},"es":{"title":false,"content":false,"excerpt":false}}},"jetpack_sharing_enabled":true,"_links":{"self":[{"href":"https:\/\/www.oboa.de\/wordpress\/pl\/wp-json\/wp\/v2\/pages\/2229"}],"collection":[{"href":"https:\/\/www.oboa.de\/wordpress\/pl\/wp-json\/wp\/v2\/pages"}],"about":[{"href":"https:\/\/www.oboa.de\/wordpress\/pl\/wp-json\/wp\/v2\/types\/page"}],"author":[{"embeddable":true,"href":"https:\/\/www.oboa.de\/wordpress\/pl\/wp-json\/wp\/v2\/users\/6"}],"replies":[{"embeddable":true,"href":"https:\/\/www.oboa.de\/wordpress\/pl\/wp-json\/wp\/v2\/comments?post=2229"}],"version-history":[{"count":24,"href":"https:\/\/www.oboa.de\/wordpress\/pl\/wp-json\/wp\/v2\/pages\/2229\/revisions"}],"predecessor-version":[{"id":10550,"href":"https:\/\/www.oboa.de\/wordpress\/pl\/wp-json\/wp\/v2\/pages\/2229\/revisions\/10550"}],"up":[{"embeddable":true,"href":"https:\/\/www.oboa.de\/wordpress\/pl\/wp-json\/wp\/v2\/pages\/2213"}],"wp:attachment":[{"href":"https:\/\/www.oboa.de\/wordpress\/pl\/wp-json\/wp\/v2\/media?parent=2229"}],"curies":[{"name":"wp","href":"https:\/\/api.w.org\/{rel}","templated":true}]}}