{"id":3328,"date":"2018-05-09T19:31:41","date_gmt":"2018-05-09T17:31:41","guid":{"rendered":"http:\/\/www.oboa.de\/wordpress\/?page_id=3328"},"modified":"2020-02-19T19:43:10","modified_gmt":"2020-02-19T17:43:10","slug":"oboa-2018","status":"publish","type":"page","link":"https:\/\/www.oboa.de\/wordpress\/pl\/archiv\/oboa-2018\/","title":{"rendered":"2018"},"content":{"rendered":"<p><a href=\"https:\/\/i0.wp.com\/www.oboa.de\/wordpress\/wp-content\/uploads\/2018\/05\/image1.jpg\"><img loading=\"lazy\" decoding=\"async\" data-attachment-id=\"5052\" data-permalink=\"https:\/\/www.oboa.de\/wordpress\/pl\/archiv\/oboa-2018\/image1\/\" data-orig-file=\"https:\/\/i0.wp.com\/www.oboa.de\/wordpress\/wp-content\/uploads\/2018\/05\/image1-e1528801568187.jpg?fit=566%2C800&amp;ssl=1\" data-orig-size=\"566,800\" data-comments-opened=\"1\" data-image-meta=\"{&quot;aperture&quot;:&quot;0&quot;,&quot;credit&quot;:&quot;&quot;,&quot;camera&quot;:&quot;&quot;,&quot;caption&quot;:&quot;&quot;,&quot;created_timestamp&quot;:&quot;0&quot;,&quot;copyright&quot;:&quot;&quot;,&quot;focal_length&quot;:&quot;0&quot;,&quot;iso&quot;:&quot;0&quot;,&quot;shutter_speed&quot;:&quot;0&quot;,&quot;title&quot;:&quot;&quot;,&quot;orientation&quot;:&quot;0&quot;}\" data-image-title=\"image1\" data-image-description=\"\" data-image-caption=\"\" data-medium-file=\"https:\/\/i0.wp.com\/www.oboa.de\/wordpress\/wp-content\/uploads\/2018\/05\/image1-e1528801568187.jpg?fit=212%2C300&amp;ssl=1\" data-large-file=\"https:\/\/i0.wp.com\/www.oboa.de\/wordpress\/wp-content\/uploads\/2018\/05\/image1-e1528801568187.jpg?fit=566%2C800&amp;ssl=1\" tabindex=\"0\" role=\"button\" class=\"alignnone size-medium wp-image-5052\" src=\"https:\/\/i0.wp.com\/www.oboa.de\/wordpress\/wp-content\/uploads\/2018\/05\/image1-212x300.jpg?resize=212%2C300\" alt=\"\" width=\"212\" height=\"300\"  data-recalc-dims=\"1\"><\/a><\/p>\n<div><strong>!!!20 lat OBOA!!!<\/strong><\/div>\n<div>Kochani Przyjaciele wyszukanej kultury festiwalowej,<\/div>\n<div>cieszcie si\u0119 i radujcie, bo po d\u0142ugim czasie niepewno\u015bci mamy ogromn\u0105 przyjemno\u015b\u0107 oznajmi\u0107 Wam, \u017ce festiwal OBOA odb\u0119dzie si\u0119 r\u00f3wnie\u017c i w tym roku.<\/div>\n<div>Ale to jeszcze nie wszystko, ot\u00f3\u017c OBOA obchodzi w tym roku 20-lecie swojego istnienia i wypada\u0142oby to nale\u017cycie uczci\u0107.<\/div>\n<div>Przybywajcie wi\u0119c licznie 10 i 11 sierpnia do Fortu Gorgast i b\u0105d\u017acie z nami.<\/div>\n<div>Optymaln\u0105 pogod\u0119 ju\u017c zarezerwowali\u015bmy. Czeka\u0107 na Was b\u0119d\u0105 jak zawsze wyszukane muzyczne klejnoty, fascynuj\u0105ce wizualne wra\u017cenia, zmys\u0142owe wegetaria\u0144skie i wega\u0144skie smako\u0142yki, napoje z polotem i bez&#8230;a wszystko to w najpi\u0119kniejszej lokalizacji jak okiem si\u0119gn\u0105\u0107.<\/div>\n<div><\/div>\n<div>Wi\u0119cej w tej chwili nie zdradzimy, no mo\u017ce tylko tyle, \u017ce warto by\u0107 na bie\u017c\u0105co w najbli\u017cszch tygodniach.<\/div>\n<div><\/div>\n<div>Zakre\u015blcie wi\u0119c w Waszych kalendarzach dat\u0119 10 i 11 sierpnia i cieszcie si\u0119 z nami na s\u0142oneczny OBOA 2018!<\/div>\n","protected":false},"excerpt":{"rendered":"<p>!!!20 lat OBOA!!! Kochani Przyjaciele wyszukanej kultury festiwalowej, cieszcie si\u0119 i radujcie, bo po d\u0142ugim czasie niepewno\u015bci mamy ogromn\u0105 przyjemno\u015b\u0107 oznajmi\u0107 Wam, \u017ce festiwal OBOA [&#8230;]<\/p>\n","protected":false},"author":1,"featured_media":0,"parent":1087,"menu_order":10,"comment_status":"closed","ping_status":"closed","template":"","meta":{"footnotes":""},"translation":{"provider":"WPGlobus","version":"3.0.2","language":"pl","enabled_languages":["de","pl","gb","es"],"languages":{"de":{"title":true,"content":true,"excerpt":false},"pl":{"title":true,"content":true,"excerpt":false},"gb":{"title":false,"content":false,"excerpt":false},"es":{"title":false,"content":false,"excerpt":false}}},"jetpack_sharing_enabled":true,"_links":{"self":[{"href":"https:\/\/www.oboa.de\/wordpress\/pl\/wp-json\/wp\/v2\/pages\/3328"}],"collection":[{"href":"https:\/\/www.oboa.de\/wordpress\/pl\/wp-json\/wp\/v2\/pages"}],"about":[{"href":"https:\/\/www.oboa.de\/wordpress\/pl\/wp-json\/wp\/v2\/types\/page"}],"author":[{"embeddable":true,"href":"https:\/\/www.oboa.de\/wordpress\/pl\/wp-json\/wp\/v2\/users\/1"}],"replies":[{"embeddable":true,"href":"https:\/\/www.oboa.de\/wordpress\/pl\/wp-json\/wp\/v2\/comments?post=3328"}],"version-history":[{"count":23,"href":"https:\/\/www.oboa.de\/wordpress\/pl\/wp-json\/wp\/v2\/pages\/3328\/revisions"}],"predecessor-version":[{"id":11383,"href":"https:\/\/www.oboa.de\/wordpress\/pl\/wp-json\/wp\/v2\/pages\/3328\/revisions\/11383"}],"up":[{"embeddable":true,"href":"https:\/\/www.oboa.de\/wordpress\/pl\/wp-json\/wp\/v2\/pages\/1087"}],"wp:attachment":[{"href":"https:\/\/www.oboa.de\/wordpress\/pl\/wp-json\/wp\/v2\/media?parent=3328"}],"curies":[{"name":"wp","href":"https:\/\/api.w.org\/{rel}","templated":true}]}}