{"id":9,"date":"2013-04-03T18:50:35","date_gmt":"2013-04-03T16:50:35","guid":{"rendered":"http:\/\/www.oboa.de\/wordpress\/?page_id=9"},"modified":"2020-02-19T19:49:05","modified_gmt":"2020-02-19T17:49:05","slug":"2010-2","status":"publish","type":"page","link":"https:\/\/www.oboa.de\/wordpress\/pl\/archiv\/2010-2\/","title":{"rendered":"2010"},"content":{"rendered":"<p>OBOA \u201910 &#8211; GEPUMPT, GETANZT, GEFEIERT!<\/p>\n<p><a href=\"https:\/\/i0.wp.com\/www.oboa.de\/wordpress\/wp-content\/uploads\/2013\/04\/oboa_2010_resume_01.jpg\"><img loading=\"lazy\" decoding=\"async\" data-attachment-id=\"1175\" data-permalink=\"https:\/\/www.oboa.de\/wordpress\/pl\/archiv\/2010-2\/oboa_2010_resume_01\/\" data-orig-file=\"https:\/\/i0.wp.com\/www.oboa.de\/wordpress\/wp-content\/uploads\/2013\/04\/oboa_2010_resume_01.jpg?fit=458%2C305&amp;ssl=1\" data-orig-size=\"458,305\" data-comments-opened=\"1\" data-image-meta=\"{&quot;aperture&quot;:&quot;0&quot;,&quot;credit&quot;:&quot;&quot;,&quot;camera&quot;:&quot;&quot;,&quot;caption&quot;:&quot;&quot;,&quot;created_timestamp&quot;:&quot;0&quot;,&quot;copyright&quot;:&quot;&quot;,&quot;focal_length&quot;:&quot;0&quot;,&quot;iso&quot;:&quot;0&quot;,&quot;shutter_speed&quot;:&quot;0&quot;,&quot;title&quot;:&quot;&quot;}\" data-image-title=\"oboa_2010_resume_01\" data-image-description=\"\" data-image-caption=\"\" data-medium-file=\"https:\/\/i0.wp.com\/www.oboa.de\/wordpress\/wp-content\/uploads\/2013\/04\/oboa_2010_resume_01.jpg?fit=300%2C199&amp;ssl=1\" data-large-file=\"https:\/\/i0.wp.com\/www.oboa.de\/wordpress\/wp-content\/uploads\/2013\/04\/oboa_2010_resume_01.jpg?fit=458%2C305&amp;ssl=1\" tabindex=\"0\" role=\"button\" class=\"alignnone size-medium wp-image-1175\" alt=\"oboa_2010_resume_01\" src=\"https:\/\/i0.wp.com\/www.oboa.de\/wordpress\/wp-content\/uploads\/2013\/04\/oboa_2010_resume_01-300x199.jpg?resize=300%2C199\" width=\"300\" height=\"199\" srcset=\"https:\/\/i0.wp.com\/www.oboa.de\/wordpress\/wp-content\/uploads\/2013\/04\/oboa_2010_resume_01.jpg?resize=300%2C199&amp;ssl=1 300w, https:\/\/i0.wp.com\/www.oboa.de\/wordpress\/wp-content\/uploads\/2013\/04\/oboa_2010_resume_01.jpg?w=458&amp;ssl=1 458w\" sizes=\"(max-width: 300px) 100vw, 300px\" data-recalc-dims=\"1\" \/><\/a><\/p>\n<p>Unser kleines Festival liegt jetzt eine Woche hinter uns und so langsam verzieht sich der Muskelkater wieder auf sein gem\u00fctliches Kuschelkissen. Aber die M\u00fche hat sich gelohnt. Trotz Wolkenbr\u00fcchen und Riesenpf\u00fctzen fanden auch in diesem Jahr viele Menschen unterschiedlichen Alters den Weg ins Fort Gorgast, um mit uns ein Wochenende mit Musik, Politik und guten Freunden zu verbringen.<\/p>\n<p><a href=\"https:\/\/i0.wp.com\/www.oboa.de\/wordpress\/wp-content\/uploads\/2013\/04\/oboa_2010_resume_02.jpg\"><img loading=\"lazy\" decoding=\"async\" data-attachment-id=\"1176\" data-permalink=\"https:\/\/www.oboa.de\/wordpress\/pl\/archiv\/2010-2\/oboa_2010_resume_02\/\" data-orig-file=\"https:\/\/i0.wp.com\/www.oboa.de\/wordpress\/wp-content\/uploads\/2013\/04\/oboa_2010_resume_02.jpg?fit=458%2C305&amp;ssl=1\" data-orig-size=\"458,305\" data-comments-opened=\"1\" data-image-meta=\"{&quot;aperture&quot;:&quot;0&quot;,&quot;credit&quot;:&quot;&quot;,&quot;camera&quot;:&quot;&quot;,&quot;caption&quot;:&quot;&quot;,&quot;created_timestamp&quot;:&quot;0&quot;,&quot;copyright&quot;:&quot;&quot;,&quot;focal_length&quot;:&quot;0&quot;,&quot;iso&quot;:&quot;0&quot;,&quot;shutter_speed&quot;:&quot;0&quot;,&quot;title&quot;:&quot;&quot;}\" data-image-title=\"oboa_2010_resume_02\" data-image-description=\"\" data-image-caption=\"\" data-medium-file=\"https:\/\/i0.wp.com\/www.oboa.de\/wordpress\/wp-content\/uploads\/2013\/04\/oboa_2010_resume_02.jpg?fit=300%2C199&amp;ssl=1\" data-large-file=\"https:\/\/i0.wp.com\/www.oboa.de\/wordpress\/wp-content\/uploads\/2013\/04\/oboa_2010_resume_02.jpg?fit=458%2C305&amp;ssl=1\" tabindex=\"0\" role=\"button\" class=\"alignnone size-medium wp-image-1176\" alt=\"oboa_2010_resume_02\" src=\"https:\/\/i0.wp.com\/www.oboa.de\/wordpress\/wp-content\/uploads\/2013\/04\/oboa_2010_resume_02-300x199.jpg?resize=300%2C199\" width=\"300\" height=\"199\" srcset=\"https:\/\/i0.wp.com\/www.oboa.de\/wordpress\/wp-content\/uploads\/2013\/04\/oboa_2010_resume_02.jpg?resize=300%2C199&amp;ssl=1 300w, https:\/\/i0.wp.com\/www.oboa.de\/wordpress\/wp-content\/uploads\/2013\/04\/oboa_2010_resume_02.jpg?w=458&amp;ssl=1 458w\" sizes=\"(max-width: 300px) 100vw, 300px\" data-recalc-dims=\"1\" \/><\/a><\/p>\n<p>Das Programm auf den f\u00fcnf B\u00fchnen war abermals abwechslungsreich und hat unterschiedlichste Leute oft zu mehr als nur zum Mitwippen gebracht. Die Auswahl der Musikstile konnte sich wirklich sehen lassen und nicht nur auf der Hauptb\u00fchne wurde klar, dass die \u00dcberg\u00e4nge zwischen den Genres flie\u00dfend sind und immer mehr verfl\u00fcssigt werden. Highlights hatte sicher jede\/r andere, also wenn ihr noch mal nachsehen wollt, was alles so aufgespielt hat, dann werft einen Blick in die Programmecke: Klick!<\/p>\n<p><a href=\"https:\/\/i0.wp.com\/www.oboa.de\/wordpress\/wp-content\/uploads\/2013\/04\/oboa_2010_resume_03.jpg\"><img loading=\"lazy\" decoding=\"async\" data-attachment-id=\"1177\" data-permalink=\"https:\/\/www.oboa.de\/wordpress\/pl\/archiv\/2010-2\/oboa_2010_resume_03\/\" data-orig-file=\"https:\/\/i0.wp.com\/www.oboa.de\/wordpress\/wp-content\/uploads\/2013\/04\/oboa_2010_resume_03.jpg?fit=458%2C305&amp;ssl=1\" data-orig-size=\"458,305\" data-comments-opened=\"1\" data-image-meta=\"{&quot;aperture&quot;:&quot;0&quot;,&quot;credit&quot;:&quot;&quot;,&quot;camera&quot;:&quot;&quot;,&quot;caption&quot;:&quot;&quot;,&quot;created_timestamp&quot;:&quot;0&quot;,&quot;copyright&quot;:&quot;&quot;,&quot;focal_length&quot;:&quot;0&quot;,&quot;iso&quot;:&quot;0&quot;,&quot;shutter_speed&quot;:&quot;0&quot;,&quot;title&quot;:&quot;&quot;}\" data-image-title=\"oboa_2010_resume_03\" data-image-description=\"\" data-image-caption=\"\" data-medium-file=\"https:\/\/i0.wp.com\/www.oboa.de\/wordpress\/wp-content\/uploads\/2013\/04\/oboa_2010_resume_03.jpg?fit=300%2C199&amp;ssl=1\" data-large-file=\"https:\/\/i0.wp.com\/www.oboa.de\/wordpress\/wp-content\/uploads\/2013\/04\/oboa_2010_resume_03.jpg?fit=458%2C305&amp;ssl=1\" tabindex=\"0\" role=\"button\" class=\"alignnone size-medium wp-image-1177\" alt=\"oboa_2010_resume_03\" src=\"https:\/\/i0.wp.com\/www.oboa.de\/wordpress\/wp-content\/uploads\/2013\/04\/oboa_2010_resume_03-300x199.jpg?resize=300%2C199\" width=\"300\" height=\"199\" srcset=\"https:\/\/i0.wp.com\/www.oboa.de\/wordpress\/wp-content\/uploads\/2013\/04\/oboa_2010_resume_03.jpg?resize=300%2C199&amp;ssl=1 300w, https:\/\/i0.wp.com\/www.oboa.de\/wordpress\/wp-content\/uploads\/2013\/04\/oboa_2010_resume_03.jpg?w=458&amp;ssl=1 458w\" sizes=\"(max-width: 300px) 100vw, 300px\" data-recalc-dims=\"1\" \/><\/a><\/p>\n<p>Aber auch in diesem Jahr gab es mehr als \u201enur\u201c Musik. Mit einer Diskussionsrunde zu den neuen Strategien der Nazis und den Infost\u00e4nden der Initiative gegen die CO2-Endlagerung und der Freien Arbeiterinnen- und Arbeiter-Union konnten wir einen kleinen Beitrag zu Information und Vernetzung politikinteressierter B\u00fcrgerinnen und B\u00fcrger leisten. Dass das OBOA auch eine Spielwiese rund um die vegetarische Lebensweise ist und unsere BesucherInnen sich bei uns \u00fcber ethische, \u00f6konomische und \u00f6kologische Konsequenzen fleischlicher Kost informieren k\u00f6nnen, hat sich ja bereits weitr\u00e4umig rumgesprochen. So haben am letzten Wochenende wieder verschiedene St\u00e4nde uns mit Leckereien aus der vegetarischen und veganen K\u00fcche verw\u00f6hnt, obwohl uns leider zwei St\u00e4nde absagen mussten. Viele G\u00e4ste haben sich \u00fcber die leckeren Kaffeespezialit\u00e4ten aus fairem Handel ebenso gefreut wie \u00fcber die kleine Bar im SkaBeats-Floor, die als rundum gelungen betrachtet werden muss.<\/p>\n<p><a href=\"https:\/\/i0.wp.com\/www.oboa.de\/wordpress\/wp-content\/uploads\/2013\/04\/oboa_2010_resume_04.jpg\"><img loading=\"lazy\" decoding=\"async\" data-attachment-id=\"1178\" data-permalink=\"https:\/\/www.oboa.de\/wordpress\/pl\/archiv\/2010-2\/oboa_2010_resume_04\/\" data-orig-file=\"https:\/\/i0.wp.com\/www.oboa.de\/wordpress\/wp-content\/uploads\/2013\/04\/oboa_2010_resume_04.jpg?fit=458%2C305&amp;ssl=1\" data-orig-size=\"458,305\" data-comments-opened=\"1\" data-image-meta=\"{&quot;aperture&quot;:&quot;0&quot;,&quot;credit&quot;:&quot;&quot;,&quot;camera&quot;:&quot;&quot;,&quot;caption&quot;:&quot;&quot;,&quot;created_timestamp&quot;:&quot;0&quot;,&quot;copyright&quot;:&quot;&quot;,&quot;focal_length&quot;:&quot;0&quot;,&quot;iso&quot;:&quot;0&quot;,&quot;shutter_speed&quot;:&quot;0&quot;,&quot;title&quot;:&quot;&quot;}\" data-image-title=\"oboa_2010_resume_04\" data-image-description=\"\" data-image-caption=\"\" data-medium-file=\"https:\/\/i0.wp.com\/www.oboa.de\/wordpress\/wp-content\/uploads\/2013\/04\/oboa_2010_resume_04.jpg?fit=300%2C199&amp;ssl=1\" data-large-file=\"https:\/\/i0.wp.com\/www.oboa.de\/wordpress\/wp-content\/uploads\/2013\/04\/oboa_2010_resume_04.jpg?fit=458%2C305&amp;ssl=1\" tabindex=\"0\" role=\"button\" class=\"alignnone size-medium wp-image-1178\" alt=\"oboa_2010_resume_04\" src=\"https:\/\/i0.wp.com\/www.oboa.de\/wordpress\/wp-content\/uploads\/2013\/04\/oboa_2010_resume_04-300x199.jpg?resize=300%2C199\" width=\"300\" height=\"199\" srcset=\"https:\/\/i0.wp.com\/www.oboa.de\/wordpress\/wp-content\/uploads\/2013\/04\/oboa_2010_resume_04.jpg?resize=300%2C199&amp;ssl=1 300w, https:\/\/i0.wp.com\/www.oboa.de\/wordpress\/wp-content\/uploads\/2013\/04\/oboa_2010_resume_04.jpg?w=458&amp;ssl=1 458w\" sizes=\"(max-width: 300px) 100vw, 300px\" data-recalc-dims=\"1\" \/><\/a><\/p>\n<p>Wir freuen uns sehr, dass die kleine OBOA-Gemeinde sich inzwischen einen entspannten Umgang mit widrigen Wetterverh\u00e4ltnissen angew\u00f6hnt hat und dass (trotz Hochwasser an Oder und Nei\u00dfe) auch 2010 das THW wieder dazu beitragen konnte, Stromausf\u00e4lle zu vermeiden. Nicht vergessen werden soll an dieser Stelle die kleine Wasserpumpe, die sich seit neuestem in unserem Besitz befindet und gute Dienste bei der Beseitigung der Schlamml\u00f6cher geleistet hat\u2026DANKE!<\/p>\n<p><a href=\"https:\/\/i0.wp.com\/www.oboa.de\/wordpress\/wp-content\/uploads\/2013\/04\/oboa_2010_resume_05.jpg\"><img loading=\"lazy\" decoding=\"async\" data-attachment-id=\"1179\" data-permalink=\"https:\/\/www.oboa.de\/wordpress\/pl\/archiv\/2010-2\/oboa_2010_resume_05\/\" data-orig-file=\"https:\/\/i0.wp.com\/www.oboa.de\/wordpress\/wp-content\/uploads\/2013\/04\/oboa_2010_resume_05.jpg?fit=458%2C305&amp;ssl=1\" data-orig-size=\"458,305\" data-comments-opened=\"1\" data-image-meta=\"{&quot;aperture&quot;:&quot;0&quot;,&quot;credit&quot;:&quot;&quot;,&quot;camera&quot;:&quot;&quot;,&quot;caption&quot;:&quot;&quot;,&quot;created_timestamp&quot;:&quot;0&quot;,&quot;copyright&quot;:&quot;&quot;,&quot;focal_length&quot;:&quot;0&quot;,&quot;iso&quot;:&quot;0&quot;,&quot;shutter_speed&quot;:&quot;0&quot;,&quot;title&quot;:&quot;&quot;}\" data-image-title=\"oboa_2010_resume_05\" data-image-description=\"\" data-image-caption=\"\" data-medium-file=\"https:\/\/i0.wp.com\/www.oboa.de\/wordpress\/wp-content\/uploads\/2013\/04\/oboa_2010_resume_05.jpg?fit=300%2C199&amp;ssl=1\" data-large-file=\"https:\/\/i0.wp.com\/www.oboa.de\/wordpress\/wp-content\/uploads\/2013\/04\/oboa_2010_resume_05.jpg?fit=458%2C305&amp;ssl=1\" tabindex=\"0\" role=\"button\" class=\"alignnone size-medium wp-image-1179\" alt=\"oboa_2010_resume_05\" src=\"https:\/\/i0.wp.com\/www.oboa.de\/wordpress\/wp-content\/uploads\/2013\/04\/oboa_2010_resume_05-300x199.jpg?resize=300%2C199\" width=\"300\" height=\"199\" srcset=\"https:\/\/i0.wp.com\/www.oboa.de\/wordpress\/wp-content\/uploads\/2013\/04\/oboa_2010_resume_05.jpg?resize=300%2C199&amp;ssl=1 300w, https:\/\/i0.wp.com\/www.oboa.de\/wordpress\/wp-content\/uploads\/2013\/04\/oboa_2010_resume_05.jpg?w=458&amp;ssl=1 458w\" sizes=\"(max-width: 300px) 100vw, 300px\" data-recalc-dims=\"1\" \/><\/a><\/p>\n<p>Dank und Respekt zollen wir nat\u00fcrlich auch allen HelferInnen und Unterst\u00fctzerInnen, die an der Realisierung des 12. Oderbruch-Open-Airs mitgewirkt haben. Wir freuen uns auf n\u00e4chste Jahr und rufen schon jetzt: Kommt und helft uns, dieses kleine Fest auch 2011 wieder erfolgreich auf die Beine zu stellen!<\/p>\n<p><a href=\"https:\/\/i0.wp.com\/www.oboa.de\/wordpress\/wp-content\/uploads\/2013\/04\/oboa_2010_resume_06.jpg\"><img loading=\"lazy\" decoding=\"async\" data-attachment-id=\"1180\" data-permalink=\"https:\/\/www.oboa.de\/wordpress\/pl\/archiv\/2010-2\/oboa_2010_resume_06\/\" data-orig-file=\"https:\/\/i0.wp.com\/www.oboa.de\/wordpress\/wp-content\/uploads\/2013\/04\/oboa_2010_resume_06.jpg?fit=458%2C305&amp;ssl=1\" data-orig-size=\"458,305\" data-comments-opened=\"1\" data-image-meta=\"{&quot;aperture&quot;:&quot;0&quot;,&quot;credit&quot;:&quot;&quot;,&quot;camera&quot;:&quot;&quot;,&quot;caption&quot;:&quot;&quot;,&quot;created_timestamp&quot;:&quot;0&quot;,&quot;copyright&quot;:&quot;&quot;,&quot;focal_length&quot;:&quot;0&quot;,&quot;iso&quot;:&quot;0&quot;,&quot;shutter_speed&quot;:&quot;0&quot;,&quot;title&quot;:&quot;&quot;}\" data-image-title=\"oboa_2010_resume_06\" data-image-description=\"\" data-image-caption=\"\" data-medium-file=\"https:\/\/i0.wp.com\/www.oboa.de\/wordpress\/wp-content\/uploads\/2013\/04\/oboa_2010_resume_06.jpg?fit=300%2C199&amp;ssl=1\" data-large-file=\"https:\/\/i0.wp.com\/www.oboa.de\/wordpress\/wp-content\/uploads\/2013\/04\/oboa_2010_resume_06.jpg?fit=458%2C305&amp;ssl=1\" tabindex=\"0\" role=\"button\" class=\"alignnone size-medium wp-image-1180\" alt=\"oboa_2010_resume_06\" src=\"https:\/\/i0.wp.com\/www.oboa.de\/wordpress\/wp-content\/uploads\/2013\/04\/oboa_2010_resume_06-300x199.jpg?resize=300%2C199\" width=\"300\" height=\"199\" srcset=\"https:\/\/i0.wp.com\/www.oboa.de\/wordpress\/wp-content\/uploads\/2013\/04\/oboa_2010_resume_06.jpg?resize=300%2C199&amp;ssl=1 300w, https:\/\/i0.wp.com\/www.oboa.de\/wordpress\/wp-content\/uploads\/2013\/04\/oboa_2010_resume_06.jpg?w=458&amp;ssl=1 458w\" sizes=\"(max-width: 300px) 100vw, 300px\" data-recalc-dims=\"1\" \/><\/a><\/p>\n","protected":false},"excerpt":{"rendered":"<p>OBOA \u201910 &#8211; GEPUMPT, GETANZT, GEFEIERT! Unser kleines Festival liegt jetzt eine Woche hinter uns und so langsam verzieht sich der Muskelkater wieder auf sein [&#8230;]<\/p>\n","protected":false},"author":1,"featured_media":0,"parent":1087,"menu_order":70,"comment_status":"open","ping_status":"closed","template":"","meta":{"footnotes":""},"translation":{"provider":"WPGlobus","version":"3.0.0","language":"pl","enabled_languages":["de","pl","gb","es"],"languages":{"de":{"title":true,"content":true,"excerpt":false},"pl":{"title":false,"content":false,"excerpt":false},"gb":{"title":false,"content":false,"excerpt":false},"es":{"title":false,"content":false,"excerpt":false}}},"jetpack_sharing_enabled":true,"_links":{"self":[{"href":"https:\/\/www.oboa.de\/wordpress\/pl\/wp-json\/wp\/v2\/pages\/9"}],"collection":[{"href":"https:\/\/www.oboa.de\/wordpress\/pl\/wp-json\/wp\/v2\/pages"}],"about":[{"href":"https:\/\/www.oboa.de\/wordpress\/pl\/wp-json\/wp\/v2\/types\/page"}],"author":[{"embeddable":true,"href":"https:\/\/www.oboa.de\/wordpress\/pl\/wp-json\/wp\/v2\/users\/1"}],"replies":[{"embeddable":true,"href":"https:\/\/www.oboa.de\/wordpress\/pl\/wp-json\/wp\/v2\/comments?post=9"}],"version-history":[{"count":9,"href":"https:\/\/www.oboa.de\/wordpress\/pl\/wp-json\/wp\/v2\/pages\/9\/revisions"}],"predecessor-version":[{"id":11388,"href":"https:\/\/www.oboa.de\/wordpress\/pl\/wp-json\/wp\/v2\/pages\/9\/revisions\/11388"}],"up":[{"embeddable":true,"href":"https:\/\/www.oboa.de\/wordpress\/pl\/wp-json\/wp\/v2\/pages\/1087"}],"wp:attachment":[{"href":"https:\/\/www.oboa.de\/wordpress\/pl\/wp-json\/wp\/v2\/media?parent=9"}],"curies":[{"name":"wp","href":"https:\/\/api.w.org\/{rel}","templated":true}]}}