{"id":1087,"date":"2013-04-07T14:39:47","date_gmt":"2013-04-07T12:39:47","guid":{"rendered":"http:\/\/www.oboa.de\/wordpress\/?page_id=1087"},"modified":"2022-04-30T16:02:56","modified_gmt":"2022-04-30T14:02:56","slug":"archiv","status":"publish","type":"page","link":"https:\/\/www.oboa.de\/wordpress\/archiv\/","title":{"rendered":"Die letzten Jahre"},"content":{"rendered":"<p><a href=\"https:\/\/i0.wp.com\/www.oboa.de\/wordpress\/wp-content\/uploads\/2013\/04\/oboa09_018.jpg?ssl=1\"><img loading=\"lazy\" decoding=\"async\" data-attachment-id=\"1225\" data-permalink=\"https:\/\/www.oboa.de\/wordpress\/archiv\/oboa09_018\/\" data-orig-file=\"https:\/\/i0.wp.com\/www.oboa.de\/wordpress\/wp-content\/uploads\/2013\/04\/oboa09_018.jpg?fit=600%2C400&amp;ssl=1\" data-orig-size=\"600,400\" data-comments-opened=\"1\" data-image-meta=\"{&quot;aperture&quot;:&quot;0&quot;,&quot;credit&quot;:&quot;&quot;,&quot;camera&quot;:&quot;&quot;,&quot;caption&quot;:&quot;&quot;,&quot;created_timestamp&quot;:&quot;0&quot;,&quot;copyright&quot;:&quot;&quot;,&quot;focal_length&quot;:&quot;0&quot;,&quot;iso&quot;:&quot;0&quot;,&quot;shutter_speed&quot;:&quot;0&quot;,&quot;title&quot;:&quot;&quot;}\" data-image-title=\"oboa09_018\" data-image-description=\"\" data-image-caption=\"\" data-medium-file=\"https:\/\/i0.wp.com\/www.oboa.de\/wordpress\/wp-content\/uploads\/2013\/04\/oboa09_018.jpg?fit=300%2C200&amp;ssl=1\" data-large-file=\"https:\/\/i0.wp.com\/www.oboa.de\/wordpress\/wp-content\/uploads\/2013\/04\/oboa09_018.jpg?fit=600%2C400&amp;ssl=1\" tabindex=\"0\" role=\"button\" class=\"size-medium wp-image-1225 alignleft\" src=\"https:\/\/i0.wp.com\/www.oboa.de\/wordpress\/wp-content\/uploads\/2013\/04\/oboa09_018.jpg?resize=300%2C200&#038;ssl=1\" alt=\"oboa09_018\" width=\"300\" height=\"200\" srcset=\"https:\/\/i0.wp.com\/www.oboa.de\/wordpress\/wp-content\/uploads\/2013\/04\/oboa09_018.jpg?resize=300%2C200&amp;ssl=1 300w, https:\/\/i0.wp.com\/www.oboa.de\/wordpress\/wp-content\/uploads\/2013\/04\/oboa09_018.jpg?w=600&amp;ssl=1 600w\" sizes=\"(max-width: 300px) 100vw, 300px\" data-recalc-dims=\"1\" \/><\/a>Hier findet ihr Bilder der letzten Jahre. Wer schon immer mal wissen wollte, wie&#8217;s beim Aufbau so zugeht oder den Leuten von 2007 am Samstag Nachmittag vor der Sonnenb\u00fchne beim Tanzen zuschauen will, wird hier einige Eindr\u00fccke sammeln k\u00f6nnen. Wir werden auch die Bands der letzten Jahre nach und nach hinzuf\u00fcgen!<\/p>\n","protected":false},"excerpt":{"rendered":"<p>Hier findet ihr Bilder der letzten Jahre. Wer schon immer mal wissen wollte, wie&#8217;s beim Aufbau so zugeht oder den Leuten von 2007 am Samstag [&#8230;]<\/p>\n","protected":false},"author":1,"featured_media":0,"parent":0,"menu_order":40,"comment_status":"open","ping_status":"open","template":"","meta":{"footnotes":""},"translation":{"provider":"WPGlobus","version":"3.0.2","language":"de","enabled_languages":["de","pl","gb","es"],"languages":{"de":{"title":true,"content":true,"excerpt":false},"pl":{"title":true,"content":true,"excerpt":false},"gb":{"title":true,"content":true,"excerpt":false},"es":{"title":true,"content":true,"excerpt":false}}},"jetpack_sharing_enabled":true,"_links":{"self":[{"href":"https:\/\/www.oboa.de\/wordpress\/wp-json\/wp\/v2\/pages\/1087"}],"collection":[{"href":"https:\/\/www.oboa.de\/wordpress\/wp-json\/wp\/v2\/pages"}],"about":[{"href":"https:\/\/www.oboa.de\/wordpress\/wp-json\/wp\/v2\/types\/page"}],"author":[{"embeddable":true,"href":"https:\/\/www.oboa.de\/wordpress\/wp-json\/wp\/v2\/users\/1"}],"replies":[{"embeddable":true,"href":"https:\/\/www.oboa.de\/wordpress\/wp-json\/wp\/v2\/comments?post=1087"}],"version-history":[{"count":18,"href":"https:\/\/www.oboa.de\/wordpress\/wp-json\/wp\/v2\/pages\/1087\/revisions"}],"predecessor-version":[{"id":12455,"href":"https:\/\/www.oboa.de\/wordpress\/wp-json\/wp\/v2\/pages\/1087\/revisions\/12455"}],"wp:attachment":[{"href":"https:\/\/www.oboa.de\/wordpress\/wp-json\/wp\/v2\/media?parent=1087"}],"curies":[{"name":"wp","href":"https:\/\/api.w.org\/{rel}","templated":true}]}}