{"id":11559,"date":"2020-02-19T22:44:07","date_gmt":"2020-02-19T20:44:07","guid":{"rendered":"http:\/\/www.oboa.de\/wordpress\/?page_id=11559"},"modified":"2024-03-18T19:42:04","modified_gmt":"2024-03-18T17:42:04","slug":"home","status":"publish","type":"page","link":"https:\/\/www.oboa.de\/wordpress\/","title":{"rendered":"Home"},"content":{"rendered":"<p>{:de}<\/p>\r\n<h1 class=\"has-text-align-center\" style=\"text-align: center;\">ODERBRUCH OPEN AIR<\/h1>\r\n<p style=\"text-align: center;\"><!-- \/wp:heading --><\/p>\r\n<p style=\"text-align: center;\"><!-- wp:heading {\"align\":\"center\",\"level\":3,\"className\":\"h3-14-Zeilenabstand\"} --><\/p>\r\n<h2 class=\"has-text-align-center h3-14-Zeilenabstand\" style=\"text-align: center;\">Euer Festival im<br \/>Fort Gorgast<\/h2>\r\n<p style=\"text-align: center;\"><!-- \/wp:heading --><\/p>\r\n<p style=\"text-align: center;\"><!-- wp:separator {\"customColor\":\"#bc430f\",\"className\":\"is-style-wide\"} --><\/p>\r\n<hr class=\"wp-block-separator has-text-color has-background is-style-wide\" style=\"background-color: #bc430f; color: #bc430f;\" \/>\r\n<p><!-- \/wp:separator --><\/p>\r\n<p style=\"text-align: center;\"><!-- wp:group --><\/p>\r\n<div class=\"wp-block-group\" style=\"text-align: center;\">\r\n<div class=\"wp-block-group__inner-container\">\r\n<div class=\"wp-block-group\">\r\n<div><a href=\"https:\/\/i0.wp.com\/www.oboa.de\/wordpress\/wp-content\/uploads\/2020\/02\/oboa_kind_2019_rechts.png?ssl=1\"><img loading=\"lazy\" decoding=\"async\" data-attachment-id=\"11713\" data-permalink=\"https:\/\/www.oboa.de\/wordpress\/home\/oboa_kind_2019_rechts\/\" data-orig-file=\"https:\/\/i0.wp.com\/www.oboa.de\/wordpress\/wp-content\/uploads\/2020\/02\/oboa_kind_2019_rechts.png?fit=271%2C287&amp;ssl=1\" data-orig-size=\"271,287\" data-comments-opened=\"1\" data-image-meta=\"{&quot;aperture&quot;:&quot;0&quot;,&quot;credit&quot;:&quot;&quot;,&quot;camera&quot;:&quot;&quot;,&quot;caption&quot;:&quot;&quot;,&quot;created_timestamp&quot;:&quot;0&quot;,&quot;copyright&quot;:&quot;&quot;,&quot;focal_length&quot;:&quot;0&quot;,&quot;iso&quot;:&quot;0&quot;,&quot;shutter_speed&quot;:&quot;0&quot;,&quot;title&quot;:&quot;&quot;,&quot;orientation&quot;:&quot;0&quot;}\" data-image-title=\"oboa_kind_2019_rechts\" data-image-description=\"\" data-image-caption=\"\" data-medium-file=\"https:\/\/i0.wp.com\/www.oboa.de\/wordpress\/wp-content\/uploads\/2020\/02\/oboa_kind_2019_rechts.png?fit=271%2C287&amp;ssl=1\" data-large-file=\"https:\/\/i0.wp.com\/www.oboa.de\/wordpress\/wp-content\/uploads\/2020\/02\/oboa_kind_2019_rechts.png?fit=271%2C287&amp;ssl=1\" tabindex=\"0\" role=\"button\" class=\"alignnone size-full wp-image-11713\" src=\"https:\/\/i0.wp.com\/www.oboa.de\/wordpress\/wp-content\/uploads\/2020\/02\/oboa_kind_2019_rechts.png?resize=271%2C287&#038;ssl=1\" alt=\"\" width=\"271\" height=\"287\" data-recalc-dims=\"1\" \/><\/a><\/div>\r\n<div>\u00a0<\/div>\r\n<div class=\"wp-block-group__inner-container\">\r\n<div class=\"\">\r\n<div dir=\"auto\">\r\n<div dir=\"auto\">Liebe Leute von \u00fcberall,<\/div>\r\n<div dir=\"auto\">\u00a0<\/div>\r\n<div dir=\"auto\">gemeinsam haben wir dieses Jahr wieder einmal ein gro\u00dfartiges Festival erleben d\u00fcrfen.<\/div>\r\n<div dir=\"auto\">\u00a0<\/div>\r\n<div dir=\"auto\">Ein gro\u00dfes Dankesch\u00f6n geht an alle, die wieder flei\u00dfig und ehrenamlich mitgeholfen haben<\/div>\r\n<div dir=\"auto\">\u00a0<\/div>\r\n<div dir=\"auto\">und somit das OBOA erst m\u00f6glich machen.<\/div>\r\n<div dir=\"auto\">\u00a0<\/div>\r\n<div dir=\"auto\">Auch an alle Kunstschaffenden &#8211; ob Bands, DJanes oder Songwriter &#8211; an dieser\u00a0<\/div>\r\n<div dir=\"auto\">\u00a0<\/div>\r\n<div dir=\"auto\">Stelle mal ein ganz gro\u00dfes Handgeklapper f\u00fcr eure gro\u00dfartigen Performances.<\/div>\r\n<div dir=\"auto\">\u00a0<\/div>\r\n<div dir=\"auto\">Vielen Dank auch an alle Bands und Solo-Artists, die sich bei uns beworben haben, aber diesmal leider nicht mit dabei sein konnten.<\/div>\r\n<div dir=\"auto\">\u00a0<\/div>\r\n<div dir=\"auto\">Nach dem OBOA ist ja hoffentlich auch vor dem OBOA.<\/div>\r\n<div dir=\"auto\">\u00a0<\/div>\r\n<div dir=\"auto\">Daher schaut immer mal wieder in die <a href=\"https:\/\/www.oboa.de\/wordpress\/news\/\"><strong>NEWS<\/strong><\/a>. Wir halten euch auf dem Laufenden.<\/div>\r\n<div dir=\"auto\">\u00a0<\/div>\r\n<\/div>\r\n<div><a href=\"https:\/\/www.betterplace.org\/de\/projects\/117393?utm_campaign=user_share&#038;utm_medium=ppp_sticky&#038;utm_source=Link\" target=\"_blank\" rel=\"noopener\"><img loading=\"lazy\" decoding=\"async\" data-attachment-id=\"12850\" data-permalink=\"https:\/\/www.oboa.de\/wordpress\/home\/oboa-unterstuetzen-button\/\" data-orig-file=\"https:\/\/i0.wp.com\/www.oboa.de\/wordpress\/wp-content\/uploads\/2022\/07\/OBOA-Unterstuetzen-Button.png?fit=200%2C74&amp;ssl=1\" data-orig-size=\"200,74\" data-comments-opened=\"1\" data-image-meta=\"{&quot;aperture&quot;:&quot;0&quot;,&quot;credit&quot;:&quot;&quot;,&quot;camera&quot;:&quot;&quot;,&quot;caption&quot;:&quot;&quot;,&quot;created_timestamp&quot;:&quot;0&quot;,&quot;copyright&quot;:&quot;&quot;,&quot;focal_length&quot;:&quot;0&quot;,&quot;iso&quot;:&quot;0&quot;,&quot;shutter_speed&quot;:&quot;0&quot;,&quot;title&quot;:&quot;&quot;,&quot;orientation&quot;:&quot;0&quot;}\" data-image-title=\"OBOA Unterst\u00fctzen Button\" data-image-description=\"\" data-image-caption=\"\" data-medium-file=\"https:\/\/i0.wp.com\/www.oboa.de\/wordpress\/wp-content\/uploads\/2022\/07\/OBOA-Unterstuetzen-Button.png?fit=200%2C74&amp;ssl=1\" data-large-file=\"https:\/\/i0.wp.com\/www.oboa.de\/wordpress\/wp-content\/uploads\/2022\/07\/OBOA-Unterstuetzen-Button.png?fit=200%2C74&amp;ssl=1\" tabindex=\"0\" role=\"button\" class=\"alignnone size-full wp-image-12850\" src=\"https:\/\/i0.wp.com\/www.oboa.de\/wordpress\/wp-content\/uploads\/2022\/07\/OBOA-Unterstuetzen-Button.png?resize=200%2C74&#038;ssl=1\" alt=\"\" width=\"200\" height=\"74\" data-recalc-dims=\"1\" \/><\/a><\/div>\r\n<\/div>\r\n<\/div>\r\n<hr class=\"wp-block-separator has-text-color has-background is-style-wide\" style=\"background-color: #bc430f; color: #bc430f;\" \/>\r\n<hr class=\"wp-block-separator has-text-color has-background is-style-wide\" style=\"background-color: #bc430f; color: #bc430f;\" \/>\r\n<p style=\"text-align: center;\">\u00a0<\/p>\r\n<\/div>\r\n<\/div>\r\n<\/div>\r\n<p>\u00a0<\/p>","protected":false},"excerpt":{"rendered":"<p>{:de} ODERBRUCH OPEN AIR Euer Festival imFort Gorgast \u00a0 Liebe Leute von \u00fcberall, \u00a0 gemeinsam haben wir dieses Jahr wieder einmal ein gro\u00dfartiges Festival erleben [&#8230;]<\/p>\n","protected":false},"author":10,"featured_media":0,"parent":0,"menu_order":0,"comment_status":"closed","ping_status":"closed","template":"page-templates\/Seite_ohne_Ueberschrift_zentriert_middle.php","meta":{"footnotes":""},"translation":{"provider":"WPGlobus","version":"3.0.2","language":"de","enabled_languages":["de","pl","gb","es"],"languages":{"de":{"title":true,"content":true,"excerpt":false},"pl":{"title":true,"content":true,"excerpt":false},"gb":{"title":true,"content":true,"excerpt":false},"es":{"title":true,"content":true,"excerpt":false}}},"jetpack_sharing_enabled":true,"_links":{"self":[{"href":"https:\/\/www.oboa.de\/wordpress\/wp-json\/wp\/v2\/pages\/11559"}],"collection":[{"href":"https:\/\/www.oboa.de\/wordpress\/wp-json\/wp\/v2\/pages"}],"about":[{"href":"https:\/\/www.oboa.de\/wordpress\/wp-json\/wp\/v2\/types\/page"}],"author":[{"embeddable":true,"href":"https:\/\/www.oboa.de\/wordpress\/wp-json\/wp\/v2\/users\/10"}],"replies":[{"embeddable":true,"href":"https:\/\/www.oboa.de\/wordpress\/wp-json\/wp\/v2\/comments?post=11559"}],"version-history":[{"count":244,"href":"https:\/\/www.oboa.de\/wordpress\/wp-json\/wp\/v2\/pages\/11559\/revisions"}],"predecessor-version":[{"id":14891,"href":"https:\/\/www.oboa.de\/wordpress\/wp-json\/wp\/v2\/pages\/11559\/revisions\/14891"}],"wp:attachment":[{"href":"https:\/\/www.oboa.de\/wordpress\/wp-json\/wp\/v2\/media?parent=11559"}],"curies":[{"name":"wp","href":"https:\/\/api.w.org\/{rel}","templated":true}]}}