{"id":1184,"date":"2013-04-09T18:54:10","date_gmt":"2013-04-09T16:54:10","guid":{"rendered":"http:\/\/www.oboa.de\/wordpress\/?page_id=1184"},"modified":"2018-07-12T20:33:31","modified_gmt":"2018-07-12T18:33:31","slug":"goldenes-rossl","status":"publish","type":"page","link":"https:\/\/www.oboa.de\/wordpress\/archiv\/2010-2\/lineup\/goldenes-rossl\/","title":{"rendered":"Goldenes R\u00f6ssl 2010"},"content":{"rendered":"<p>BECAUSE OF MAY<br \/>\n(Alternative Indie Akustisch \/ Berlin)<\/p>\n<p>Warum unterbricht ein funky Perser seine Sessions, um die Todessehnsucht eines ungl\u00e4ubigen mit seinem Bass zu untermalen? Warum riskiert eine lebensfrohe 21-J\u00e4hrige ihre Gesangsausbildung, um diesem Ruf nach der Heimkehr ihre Stimme zu verleihen? Warum tauscht ein \u201eJugend musiziert\u201c-Preistr\u00e4ger seine Congas gegen den Platz auf dem unbequemen Hocker am hintersten B\u00fchnenrand, um eines todkranken Herzens Puls zu trommeln? Und warum kommt dieser nutzlose Toningenieur und Produzent mit eigenen Songs zur\u00fcck, die er mit seiner Gitarre beim Sprung vor dem ersaufen im unendlichen Meer der Lebensillusionen retten konnte? (oder haben sie ihn gerettet?) &#8211; It\u2019s all Because Of May\u2026<\/p>\n<p>FIRM UND WAGEN<br \/>\n(Elektro Bluegrass Jazz Krautrock \/ M\u00fcnchen)<\/p>\n<p>Firm und Wagen spielen instrumentale Musik f\u00fcrs 3. Jahrtausend unter Verwendung von Banjo, Synthesizer, Schlagzeug und Robotern &#8211; zwischen Elektro, Bluegrass, Jazz und Krautrock. Musik zum H\u00f6ren, Sitzen, Stehen und Tanzen.<\/p>\n<p>FR\u00c9D\u00c9RIC VALIN<br \/>\n(Autorenlesung \/ Berlin)<\/p>\n<p>Geboren 1982 in Wangen im Allg\u00e4u, Jugend zwischen zugeschissenen H\u00fcgeln und Kirchenglocken, \u00fcber Umwege 2003 nach Berlin gekommen und nie wieder rausgefunden. Aus Verzweiflung Deutsche Literatur und Franz\u00f6sisch studiert, \u00dcbersetzungen gemacht, Texterkram gemacht, Franz\u00f6sisch unterrichtet, Kunstkram und Festivals organisiert, geraucht, die Leseb\u00fchne Read on, my dear organisiert und Sachen aufgeschrieben, u.a. als Autor bei Spreeblick, in der Jungle World oder der taz.<\/p>\n<p>K.O. KICKER<br \/>\n(Reggae Rap Rock \/ Berlin)<\/p>\n<p>K.O.Kicker! &#8211; das ist nicht etwa die Bezeichnung eines neuen, pr\u00fcgelnden Fu\u00dfballvereins, sondern der Name einer wilden, fantasievollen Band aus Berlin. Der Name steht f\u00fcr die Intensit\u00e4t, mit der sie jeden Gig spielen, als sei es ihr letzter.<br \/>\nDie \u201eKickers\u201c, wie sie auch von ihren Fans genannt werden, bestehen aus Moritz Gl\u00e4ser(Sohn des Renft-Mitglieds \u201eC\u00e4sar\u201c Peter Gl\u00e4ser) an der Gitarre und den Lead Vocals, dem Bassisten Jonas Fehrenberg, dem Trommler Jochen Lehmann und G\u00e4sten.<br \/>\nMit ihren zweideutigen, in erster Linie deutschen Texten und einem poppigen Mix aus Rock, Reggae, Funk und Dada-Rap kreieren die drei Ihren ganz eigenen Musikstil.<\/p>\n<p>PAPPTIGER<br \/>\n(Akustisch Alternative Indie \/ Berlin)<\/p>\n<p>Papptiger sind in den vergangenen Jahren leidenschaftlich durch die Stra\u00dfen Berlins gestreunt um deren Atmosp\u00e4re einatmen, aushalten und auskosten zu lernen. Sie haben diese Energie einfach in abstrakte Texte, Emotionen und vielseitige Musik umgewandelt, und das Ganze &#8220; Berliner Minirock&#8220; getauft, der immer dazu bereit sein wird von der Welt ertanzt zu werden.<br \/>\nViele bunte Zeiten sind \u00fcber sie gest\u00fcrzt; wunderbare Konzerte mit G\u00e4nsehautpublikum, Hoffnungsschimmer, \u00fcberall tanzende Gesichter im Flimmerlicht und das Geschenk der Best\u00e4tigung, da\u00df das was sie tun und woran sie glauben richtig und vor allem lohnenswert ist.<\/p>\n<p>PHILMKRAFT<br \/>\n(Krautfunk Jazz Globaltrash \/ Berlin)<\/p>\n<p>Philmkraft gestalten in Berlin seit 2001 in flexibler Besetzung ein arrangementloses interaktives session-Konzept. Querbeet durch frei Gedachtes, selbst Gemischtes, Mitgemachtes und Mitgeklatschtes weht je nach setting und Besetzung ein ewig frischer Wind. Musik geh\u00f6rt allen ! free tunes ! Keine Fronten mehr zwischen Musikprofis und konsumierender Masse. Vorbei die Zeiten des Gaffens vor der B\u00fchne und des Zitterns auf der B\u00fchne. Hier ist das Ende der hart erarbeiteten und in einsamen dunklen Proberaumkellern zusammengeschwitzen Masterpl\u00e4ne. Vor der B\u00fchne ist auf der B\u00fchne. Unter der B\u00fchne ist \u00fcber der B\u00fchne. Warum schwer, wenns auch einfach geht. Jetzt, zusammen, unwiederbringlich.<\/p>\n<p>THILO BOCK<br \/>\n(Autorenlesung \/ Berlin)<\/p>\n<p>Thilo Bock wurde 1973 in Berlin geboren und lebt dort bis heute. Zwischendurch hat er studiert und \u00fcber Hugo Ball promoviert. 1997 erschien sein Kurzprosaband &#8222;Vogel sucht Fallschirm&#8220;. Er liest und singt regelm\u00e4\u00dfig auf Berliner Leseb\u00fchnen und verwandten Veranstaltungen. Ihm sind mehrere Stipendien zuerkannt worden. So wurde die Arbeit an &#8222;Die geladene Knarre von Andreas Baader&#8220; von der Stiftung Preu\u00dfische Seehandlung Berlin und durch einen Aufenthalt im K\u00fcnstlerdorf Sch\u00f6ppingen gef\u00f6rdert.<br \/>\nThilo Bock lebt ohne Hund und Kind in der Mitte Berlins. Er sammelt Plastikt\u00fcten und besch\u00e4ftigt sich in seiner Freizeit mit Lebensmitteln.<\/p>\n<p>ZIRKUS MANDOLINI<br \/>\n(HipHop Beatbox \/ Berlin)<\/p>\n<p>Diese Band ist das Grauen f\u00fcr jedes Label. In welche Schublade soll man sie stecken? Rap? Drum`n`Bass? Ragga, Polka, Funk? Alles passt &#8211; wenn\u2019s ein L\u00e4cheln ins Gesicht zaubert und in die Beine geht!<br \/>\nAnfang 2005 trafen sich auf einer wilden Jamsession, die deutschen Beatboxmeister (4xs), ein talentierter MC, ein unbesiegbarer Holzkistenbeatklopfer, ein Basser auf Medaillenkurs und ein Keyboarder mit \u00dcberblick. Aus Ernst wurde Spa\u00df: Zirkus Mandolini war geboren. In geheimer Mission planten sie im Jahr 2005 ihren \u00dcberraschungsangriff: Sie bastelten an Autobatterien herum und feilten an mobilen Drums. Im Sommer des gleichen Jahres begann der Gro\u00dfangriff:<br \/>\nDie sechs Berliner eroberten die Stra\u00dfe. Wenn sie nicht gerade die Ordnungsh\u00fcter auf Trab hielten und dank ihrer Entertainer-Qualit\u00e4ten einen riesigen Publikumsauflauf und damit beinahe ein Verkehrschaos verursachten, rockten die Spontanguerillas die Pl\u00e4tze, B\u00fcrgersteige und Parkanlagen.<br \/>\nOb Schlipstr\u00e4ger, Hardcoreheads oder Mittefreaks, der Zirkus hat bisher noch jeden \u00fcberzeugt. Ohne Kommerz, ohne Gef\u00e4hrlichseinm\u00fcssen, ohne Wichtigtuerei und chronische Realnesskomplexe, ohne Goldkettchen und Doberm\u00e4nner. Einfach locker machen und reinh\u00f6ren. Die Jungs wollen doch nur spielen&#8230;<\/p>\n","protected":false},"excerpt":{"rendered":"<p>BECAUSE OF MAY (Alternative Indie Akustisch \/ Berlin) Warum unterbricht ein funky Perser seine Sessions, um die Todessehnsucht eines ungl\u00e4ubigen mit seinem Bass zu untermalen? [&#8230;]<\/p>\n","protected":false},"author":1,"featured_media":0,"parent":1046,"menu_order":1,"comment_status":"open","ping_status":"open","template":"","meta":{"footnotes":""},"translation":{"provider":"WPGlobus","version":"3.0.2","language":"de","enabled_languages":["de","pl","gb","es"],"languages":{"de":{"title":true,"content":true,"excerpt":false},"pl":{"title":true,"content":false,"excerpt":false},"gb":{"title":false,"content":false,"excerpt":false},"es":{"title":false,"content":false,"excerpt":false}}},"jetpack_sharing_enabled":true,"_links":{"self":[{"href":"https:\/\/www.oboa.de\/wordpress\/wp-json\/wp\/v2\/pages\/1184"}],"collection":[{"href":"https:\/\/www.oboa.de\/wordpress\/wp-json\/wp\/v2\/pages"}],"about":[{"href":"https:\/\/www.oboa.de\/wordpress\/wp-json\/wp\/v2\/types\/page"}],"author":[{"embeddable":true,"href":"https:\/\/www.oboa.de\/wordpress\/wp-json\/wp\/v2\/users\/1"}],"replies":[{"embeddable":true,"href":"https:\/\/www.oboa.de\/wordpress\/wp-json\/wp\/v2\/comments?post=1184"}],"version-history":[{"count":4,"href":"https:\/\/www.oboa.de\/wordpress\/wp-json\/wp\/v2\/pages\/1184\/revisions"}],"predecessor-version":[{"id":10670,"href":"https:\/\/www.oboa.de\/wordpress\/wp-json\/wp\/v2\/pages\/1184\/revisions\/10670"}],"up":[{"embeddable":true,"href":"https:\/\/www.oboa.de\/wordpress\/wp-json\/wp\/v2\/pages\/1046"}],"wp:attachment":[{"href":"https:\/\/www.oboa.de\/wordpress\/wp-json\/wp\/v2\/media?parent=1184"}],"curies":[{"name":"wp","href":"https:\/\/api.w.org\/{rel}","templated":true}]}}