{"id":11864,"date":"2020-02-25T19:55:11","date_gmt":"2020-02-25T17:55:11","guid":{"rendered":"http:\/\/www.oboa.de\/wordpress\/?page_id=11864"},"modified":"2025-07-13T22:17:21","modified_gmt":"2025-07-13T20:17:21","slug":"mitmachen","status":"publish","type":"page","link":"https:\/\/www.oboa.de\/wordpress\/faq\/mitmachen\/","title":{"rendered":"Mitmachen"},"content":{"rendered":"<div class=\"wp-block-columns\">\r\n<div class=\"wp-block-column is-layout-flow wp-block-column-is-layout-flow\">\r\n<figure class=\"wp-block-image size-large is-style-circle-mask\"><a href=\"#beim_festival\"><img decoding=\"async\" class=\"wp-image-11869\" src=\"https:\/\/i0.wp.com\/www.oboa.de\/wordpress\/wp-content\/uploads\/2020\/03\/Mitmachen_beimFestival.jpg?w=800&#038;ssl=1\" alt=\"\" data-recalc-dims=\"1\" \/><\/a>\r\n<figcaption><strong>Beim Festival<\/strong><\/figcaption>\r\n<\/figure>\r\n<p><\/p>\r\n<\/div>\r\n<p><\/p>\r\n<p><\/p>\r\n<div class=\"wp-block-column is-layout-flow wp-block-column-is-layout-flow\">\r\n<figure class=\"wp-block-image size-large is-style-circle-mask\"><a href=\"#als_artists\"><img decoding=\"async\" class=\"wp-image-11885\" src=\"https:\/\/i0.wp.com\/www.oboa.de\/wordpress\/wp-content\/uploads\/2020\/03\/Mitmachen_alsBand-1.jpg?w=800&#038;ssl=1\" alt=\"\" data-recalc-dims=\"1\" \/><\/a>\r\n<figcaption><strong>Als Artists<\/strong><\/figcaption>\r\n<\/figure>\r\n<p><\/p>\r\n<\/div>\r\n<p><\/p>\r\n<p><\/p>\r\n<div class=\"wp-block-column is-layout-flow wp-block-column-is-layout-flow\">\r\n<figure class=\"wp-block-image size-large is-style-circle-mask\"><a href=\"#als_haendler\"><img decoding=\"async\" class=\"wp-image-11897\" src=\"https:\/\/i0.wp.com\/www.oboa.de\/wordpress\/wp-content\/uploads\/2020\/03\/Mitmachen_alsHaendler-1.jpg?w=800&#038;ssl=1\" alt=\"\" data-recalc-dims=\"1\" \/><\/a>\r\n<figcaption><strong>Als H\u00e4ndler<\/strong><\/figcaption>\r\n<\/figure>\r\n<p><\/p>\r\n<\/div>\r\n<p><\/p>\r\n<p><\/p>\r\n<div class=\"wp-block-column is-layout-flow wp-block-column-is-layout-flow\">\r\n<figure class=\"wp-block-image size-large is-style-circle-mask\"><a href=\"#im_verein\"><img decoding=\"async\" class=\"wp-image-11884\" src=\"https:\/\/i0.wp.com\/www.oboa.de\/wordpress\/wp-content\/uploads\/2020\/03\/Mitmachen_imVerein.jpg?w=800&#038;ssl=1\" alt=\"\" data-recalc-dims=\"1\" \/><\/a>\r\n<figcaption><strong>Im Verein<\/strong><\/figcaption>\r\n<\/figure>\r\n<p><\/p>\r\n<\/div>\r\n<p><\/p>\r\n<\/div>\r\n<p><!-- \/wp:columns --><\/p>\r\n<p><!-- wp:spacer {\"height\":25} --><\/p>\r\n<div class=\"wp-block-spacer\" style=\"height: 25px;\" aria-hidden=\"true\">\u00a0<\/div>\r\n<p><!-- \/wp:spacer --><\/p>\r\n<p><!-- wp:paragraph {\"fontSize\":\"medium\"} --><\/p>\r\n<p class=\"has-medium-font-size\"><strong>Das OBOA versteht sich als ein gemeinschafliches, unkommerzielles und partizipatives Projekt. Wenn Ihr also Lust habt, ein Open-Air-Festival mitzugestalten, eurer Kreativit\u00e4t freien Lauf zu lassen und neue Bekanntschaften zu schlie\u00dfen, freuen wir uns auf Eure ehrenamtliche Hilfe bei der Vorbereitung des Festivals! <\/strong><\/p>\r\n<p>Wollt ihr auf dem OBOA eure analoge\/digitale Musik spielen oder die Festivalg\u00e4ste kulinarisch oder mit anderen sch\u00f6nen Dingen versorgen? Wir sagen ja, ja, ja &#8211; wenn es zum Festival passt.<\/p>\r\n<p><!-- \/wp:paragraph --><\/p>\r\n<p><!-- wp:spacer {\"height\":30} --><\/p>\r\n<div class=\"wp-block-spacer\" style=\"height: 30px;\" aria-hidden=\"true\">\u00a0<\/div>\r\n<p><!-- \/wp:spacer --><\/p>\r\n<p><!-- wp:heading --><\/p>\r\n<h2 id=\"beim_festival\"><strong>Mitmachen beim Festival<\/strong><\/h2>\r\n<p><!-- \/wp:heading --><\/p>\r\n<p><!-- wp:heading {\"level\":3,\"textColor\":\"very-light-gray\"} --><\/p>\r\n<h3 class=\"has-very-light-gray-color has-text-color\"><strong>Helfende Elfe <\/strong><\/h3>\r\n<p><!-- \/wp:heading --><\/p>\r\n<p><!-- wp:paragraph --><\/p>\r\n<p>Ihr k\u00f6nnt Euch in verschiedenen Bereichen auf dem Festival engagieren:<\/p>\r\n<p><!-- \/wp:paragraph --><\/p>\r\n<p><!-- wp:list --><\/p>\r\n<ul>\r\n<li>sei es in der <strong>Aufbauwoche: <\/strong>Infrastruktur aufbauen, Dekoideen ausarbeiten und basteln, im Catering mithelfen, &#8230;<\/li>\r\n<li><strong>beim Festival <\/strong>selbst: Parkplatzeinlass, im Catering, <br \/>eine Barschicht \u00fcbernehmen, Becher sp\u00fclen, &#8230;<\/li>\r\n<li>und ganz wichtig (!) danach in der <strong>Abbauphase<\/strong>, f\u00fcr die wir nur einen Tag haben<\/li>\r\n<\/ul>\r\n<p><!-- \/wp:list --><\/p>\r\n<p><!-- wp:paragraph --><\/p>\r\n<p>Nat\u00fcrlich bekommt ihr w\u00e4hrend der Aufbauwoche vegetarische\/vegane Verpflegung. Am Festivalwochenende selbst teilen wir Schichten ein, die mit einem Essen und Getr\u00e4nkemarken honoriert werden.<\/p>\r\n<p><!-- \/wp:paragraph --><\/p>\r\n<p><!-- wp:paragraph --><\/p>\r\n<p>Meldet Euch gerne, dann gibt\u2019s mehr Infos!<\/p>\r\n<p><a href=\"https:\/\/www.oboa.de\/wordpress\/support-is-needed\/\" target=\"_blank\" rel=\"noopener\">Ich m\u00f6chte helfen<\/a><\/p>\r\n<p><!-- \/wp:paragraph --><\/p>\r\n<p><!-- wp:heading {\"level\":3,\"textColor\":\"very-light-gray\"} --><\/p>\r\n<h3 class=\"has-very-light-gray-color has-text-color\">Kunst ausstellen, Workshop anbieten, Infos austauschen<\/h3>\r\n<p><!-- \/wp:heading --><\/p>\r\n<p><!-- wp:paragraph --><\/p>\r\n<p>Machen wir es kurz: Auf dem Oboa gibt es jede Menge gemeinschaftliche Gestaltungsfl\u00e4che, die von dir gef\u00fcllt werden kann!<\/p>\r\n<p><!-- \/wp:paragraph --><\/p>\r\n<p><!-- wp:list --><\/p>\r\n<ul>\r\n<li>Malerei, Fotografie, plastische Kunst &#8211; eine kleine <strong>Ausstellung<\/strong> finden wir immer eine entz\u00fcckende Idee!<\/li>\r\n<li>L\u00f6ten, Yoga, Freundschaftsb\u00e4nder kn\u00fcpfen, Poltikdiskurs &#8211; yeay, gebt uns <strong>Workshops<\/strong>.<\/li>\r\n<li>Wissen ist Macht! Teil dein Wissen mit uns &#8211; wir haben genug Platz f\u00fcr <strong>Infost\u00e4nde<\/strong>.<\/li>\r\n<\/ul>\r\n<p><!-- \/wp:list --><\/p>\r\n<p><!-- wp:paragraph --><\/p>\r\n<p>Meldet Euch gerne, dann gibt\u2019s mehr Infos!<br \/>Email: helfer@oboa.de<\/p>\r\n<p><!-- \/wp:paragraph --><\/p>\r\n<p><!-- wp:gallery {\"ids\":[1383,1387,1385,1384],\"columns\":4} --><\/p>\r\n<figure class=\"wp-block-gallery columns-4 is-cropped\">\r\n<ul class=\"blocks-gallery-grid\">\r\n<li class=\"blocks-gallery-item\">\r\n<figure><img loading=\"lazy\" decoding=\"async\" width=\"600\" height=\"400\" data-attachment-id=\"1383\" data-permalink=\"https:\/\/www.oboa.de\/wordpress\/?attachment_id=1383\" data-orig-file=\"https:\/\/i0.wp.com\/www.oboa.de\/wordpress\/wp-content\/uploads\/2013\/04\/Helfer3.jpg?fit=600%2C400&amp;ssl=1\" data-orig-size=\"600,400\" data-comments-opened=\"1\" data-image-meta=\"{&quot;aperture&quot;:&quot;0&quot;,&quot;credit&quot;:&quot;&quot;,&quot;camera&quot;:&quot;&quot;,&quot;caption&quot;:&quot;&quot;,&quot;created_timestamp&quot;:&quot;0&quot;,&quot;copyright&quot;:&quot;&quot;,&quot;focal_length&quot;:&quot;0&quot;,&quot;iso&quot;:&quot;0&quot;,&quot;shutter_speed&quot;:&quot;0&quot;,&quot;title&quot;:&quot;&quot;}\" data-image-title=\"Helfer3\" data-image-description=\"\" data-image-caption=\"&lt;p&gt;Gemeinsames Essen zur St\u00e4rkung beim Aufbau&lt;\/p&gt;\n\" data-medium-file=\"https:\/\/i0.wp.com\/www.oboa.de\/wordpress\/wp-content\/uploads\/2013\/04\/Helfer3.jpg?fit=300%2C200&amp;ssl=1\" data-large-file=\"https:\/\/i0.wp.com\/www.oboa.de\/wordpress\/wp-content\/uploads\/2013\/04\/Helfer3.jpg?fit=600%2C400&amp;ssl=1\" tabindex=\"0\" role=\"button\" class=\"wp-image-1383\" src=\"https:\/\/i0.wp.com\/www.oboa.de\/wordpress\/wp-content\/uploads\/2013\/04\/Helfer3.jpg?resize=600%2C400&#038;ssl=1\" alt=\"\" data-id=\"1383\" srcset=\"https:\/\/i0.wp.com\/www.oboa.de\/wordpress\/wp-content\/uploads\/2013\/04\/Helfer3.jpg?w=600&amp;ssl=1 600w, https:\/\/i0.wp.com\/www.oboa.de\/wordpress\/wp-content\/uploads\/2013\/04\/Helfer3.jpg?resize=300%2C200&amp;ssl=1 300w\" sizes=\"(max-width: 600px) 100vw, 600px\" data-recalc-dims=\"1\" \/><\/figure>\r\n<\/li>\r\n<li class=\"blocks-gallery-item\">\r\n<figure><img loading=\"lazy\" decoding=\"async\" width=\"400\" height=\"600\" data-attachment-id=\"1387\" data-permalink=\"https:\/\/www.oboa.de\/wordpress\/?attachment_id=1387\" data-orig-file=\"https:\/\/i0.wp.com\/www.oboa.de\/wordpress\/wp-content\/uploads\/2013\/04\/Helfer-1.jpg?fit=400%2C600&amp;ssl=1\" data-orig-size=\"400,600\" data-comments-opened=\"1\" data-image-meta=\"{&quot;aperture&quot;:&quot;0&quot;,&quot;credit&quot;:&quot;&quot;,&quot;camera&quot;:&quot;&quot;,&quot;caption&quot;:&quot;&quot;,&quot;created_timestamp&quot;:&quot;0&quot;,&quot;copyright&quot;:&quot;&quot;,&quot;focal_length&quot;:&quot;0&quot;,&quot;iso&quot;:&quot;0&quot;,&quot;shutter_speed&quot;:&quot;0&quot;,&quot;title&quot;:&quot;&quot;}\" data-image-title=\"Helfer 1\" data-image-description=\"\" data-image-caption=\"&lt;p&gt;Dekoideen ausarbeiten und umsetzten&lt;\/p&gt;\n\" data-medium-file=\"https:\/\/i0.wp.com\/www.oboa.de\/wordpress\/wp-content\/uploads\/2013\/04\/Helfer-1.jpg?fit=200%2C300&amp;ssl=1\" data-large-file=\"https:\/\/i0.wp.com\/www.oboa.de\/wordpress\/wp-content\/uploads\/2013\/04\/Helfer-1.jpg?fit=400%2C600&amp;ssl=1\" tabindex=\"0\" role=\"button\" class=\"wp-image-1387\" src=\"https:\/\/i0.wp.com\/www.oboa.de\/wordpress\/wp-content\/uploads\/2013\/04\/Helfer-1.jpg?resize=400%2C600&#038;ssl=1\" alt=\"\" data-id=\"1387\" srcset=\"https:\/\/i0.wp.com\/www.oboa.de\/wordpress\/wp-content\/uploads\/2013\/04\/Helfer-1.jpg?w=400&amp;ssl=1 400w, https:\/\/i0.wp.com\/www.oboa.de\/wordpress\/wp-content\/uploads\/2013\/04\/Helfer-1.jpg?resize=200%2C300&amp;ssl=1 200w\" sizes=\"(max-width: 400px) 100vw, 400px\" data-recalc-dims=\"1\" \/><\/figure>\r\n<\/li>\r\n<li class=\"blocks-gallery-item\">\r\n<figure><img loading=\"lazy\" decoding=\"async\" width=\"600\" height=\"400\" data-attachment-id=\"1385\" data-permalink=\"https:\/\/www.oboa.de\/wordpress\/?attachment_id=1385\" data-orig-file=\"https:\/\/i0.wp.com\/www.oboa.de\/wordpress\/wp-content\/uploads\/2013\/04\/Helfer-5.jpg?fit=600%2C400&amp;ssl=1\" data-orig-size=\"600,400\" data-comments-opened=\"1\" data-image-meta=\"{&quot;aperture&quot;:&quot;0&quot;,&quot;credit&quot;:&quot;&quot;,&quot;camera&quot;:&quot;&quot;,&quot;caption&quot;:&quot;&quot;,&quot;created_timestamp&quot;:&quot;0&quot;,&quot;copyright&quot;:&quot;&quot;,&quot;focal_length&quot;:&quot;0&quot;,&quot;iso&quot;:&quot;0&quot;,&quot;shutter_speed&quot;:&quot;0&quot;,&quot;title&quot;:&quot;&quot;}\" data-image-title=\"Helfer 5\" data-image-description=\"\" data-image-caption=\"&lt;p&gt;Hilfe beim Auf- und Abbau ist immer willkommen&lt;\/p&gt;\n\" data-medium-file=\"https:\/\/i0.wp.com\/www.oboa.de\/wordpress\/wp-content\/uploads\/2013\/04\/Helfer-5.jpg?fit=300%2C200&amp;ssl=1\" data-large-file=\"https:\/\/i0.wp.com\/www.oboa.de\/wordpress\/wp-content\/uploads\/2013\/04\/Helfer-5.jpg?fit=600%2C400&amp;ssl=1\" tabindex=\"0\" role=\"button\" class=\"wp-image-1385\" src=\"https:\/\/i0.wp.com\/www.oboa.de\/wordpress\/wp-content\/uploads\/2013\/04\/Helfer-5.jpg?resize=600%2C400&#038;ssl=1\" alt=\"\" data-id=\"1385\" srcset=\"https:\/\/i0.wp.com\/www.oboa.de\/wordpress\/wp-content\/uploads\/2013\/04\/Helfer-5.jpg?w=600&amp;ssl=1 600w, https:\/\/i0.wp.com\/www.oboa.de\/wordpress\/wp-content\/uploads\/2013\/04\/Helfer-5.jpg?resize=300%2C200&amp;ssl=1 300w\" sizes=\"(max-width: 600px) 100vw, 600px\" data-recalc-dims=\"1\" \/><\/figure>\r\n<\/li>\r\n<li class=\"blocks-gallery-item\">\r\n<figure><img loading=\"lazy\" decoding=\"async\" width=\"600\" height=\"400\" data-attachment-id=\"1384\" data-permalink=\"https:\/\/www.oboa.de\/wordpress\/?attachment_id=1384\" data-orig-file=\"https:\/\/i0.wp.com\/www.oboa.de\/wordpress\/wp-content\/uploads\/2013\/04\/helfer-4.jpg?fit=600%2C400&amp;ssl=1\" data-orig-size=\"600,400\" data-comments-opened=\"1\" data-image-meta=\"{&quot;aperture&quot;:&quot;0&quot;,&quot;credit&quot;:&quot;&quot;,&quot;camera&quot;:&quot;&quot;,&quot;caption&quot;:&quot;&quot;,&quot;created_timestamp&quot;:&quot;0&quot;,&quot;copyright&quot;:&quot;&quot;,&quot;focal_length&quot;:&quot;0&quot;,&quot;iso&quot;:&quot;0&quot;,&quot;shutter_speed&quot;:&quot;0&quot;,&quot;title&quot;:&quot;&quot;}\" data-image-title=\"helfer 4\" data-image-description=\"\" data-image-caption=\"&lt;p&gt;Vollbepackt mit tollen Sachen &#8230;&lt;\/p&gt;\n\" data-medium-file=\"https:\/\/i0.wp.com\/www.oboa.de\/wordpress\/wp-content\/uploads\/2013\/04\/helfer-4.jpg?fit=300%2C200&amp;ssl=1\" data-large-file=\"https:\/\/i0.wp.com\/www.oboa.de\/wordpress\/wp-content\/uploads\/2013\/04\/helfer-4.jpg?fit=600%2C400&amp;ssl=1\" tabindex=\"0\" role=\"button\" class=\"wp-image-1384\" src=\"https:\/\/i0.wp.com\/www.oboa.de\/wordpress\/wp-content\/uploads\/2013\/04\/helfer-4.jpg?resize=600%2C400&#038;ssl=1\" alt=\"\" data-id=\"1384\" srcset=\"https:\/\/i0.wp.com\/www.oboa.de\/wordpress\/wp-content\/uploads\/2013\/04\/helfer-4.jpg?w=600&amp;ssl=1 600w, https:\/\/i0.wp.com\/www.oboa.de\/wordpress\/wp-content\/uploads\/2013\/04\/helfer-4.jpg?resize=300%2C200&amp;ssl=1 300w\" sizes=\"(max-width: 600px) 100vw, 600px\" data-recalc-dims=\"1\" \/><\/figure>\r\n<\/li>\r\n<\/ul>\r\n<\/figure>\r\n<p><!-- \/wp:gallery --><\/p>\r\n<p><!-- wp:spacer {\"height\":30} --><\/p>\r\n<div class=\"wp-block-spacer\" style=\"height: 30px;\" aria-hidden=\"true\">\u00a0<\/div>\r\n<p><!-- \/wp:spacer --><\/p>\r\n<p><!-- wp:heading --><\/p>\r\n<h2 id=\"als_artists\"><strong>Als Artists auf dem OBOA <\/strong><\/h2>\r\n<p><!-- \/wp:heading --><\/p>\r\n<p><!-- wp:paragraph --><\/p>\r\n<p>Machst du Musik &#8211; finden wir gut! Allein, als Band, mit Instrumenten, A capella oder doch mit einem DJ Pult? Egal. Hauptsache du willst unserer und aller anderer Ohren verz\u00fccken!<\/p>\r\n<p>Auf dem Oboa haben wir unterschiedliche Floors, die ein buntes Potpourri an musikalischen Gen\u00fcssen bereit halten. Rock, Punk, Ska, Metal, Dub, Drum &amp; Bass, Reggea und vieles mehr &#8211; da d\u00fcrfte f\u00fcr alle etwas dabei sein!<\/p>\r\n<p>Schreib einfach eine Mail und stellt euch kurz vor!<br \/>Email: bands@oboa.de<\/p>\r\n<p><!-- \/wp:paragraph --><\/p>\r\n<p><!-- wp:spacer {\"height\":30} --><\/p>\r\n<div class=\"wp-block-spacer\" style=\"height: 30px;\" aria-hidden=\"true\">\u00a0<\/div>\r\n<p><!-- \/wp:spacer --><\/p>\r\n<p><!-- wp:heading --><\/p>\r\n<h2 id=\"als_haendler\">Als H\u00e4ndler auf dem Oboa<\/h2>\r\n<p><!-- \/wp:heading --><\/p>\r\n<p><!-- wp:paragraph --><\/p>\r\n<p>Pommes, Pizza, Handbrot, Falafel, Nasch- und Backwaren &#8211; die Liste k\u00f6nnte endlos weitergehen. Und weil Liebe durch den Magen geht, brauchen wir ganz viel leckeres vegan\/vegetarisches Essen.<\/p>\r\n<p>M\u00f6chtest du auf dem Oboa dein Essen oder Non-Food Waren verkaufen? Schreibt eine Mail um mehr Infos zu bekommen!<br \/>Email: info@oboa.de<\/p>\r\n<p><!-- \/wp:paragraph --><\/p>\r\n<p><!-- wp:spacer {\"height\":30} --><\/p>\r\n<div class=\"wp-block-spacer\" style=\"height: 30px;\" aria-hidden=\"true\">\u00a0<\/div>\r\n<p><!-- \/wp:spacer --><\/p>\r\n<p><!-- wp:heading --><\/p>\r\n<h2 id=\"im_verein\">Oder doch dem Verein beitreten?<\/h2>\r\n<p><!-- \/wp:heading --><\/p>\r\n<p><!-- wp:paragraph --><\/p>\r\n<p>Du willst die Dinge an der Basis angehen und bei der Festivalorganisation von vornherein dabei sein? Durchst\u00f6ber mal unseren <a href=\"https:\/\/www.oboa.de\/wordpress\/faq\/verein\/\">Vereinsbereich<\/a> oder schreib eine Email und sagt kurz wer ihr seid und was eure, auch banalste, Superpower ist.<\/p>\r\n<p>Email: helfer@oboa.de<\/p>\r\n<p><!-- \/wp:paragraph --><\/p>","protected":false},"excerpt":{"rendered":"<p>\u00a0 Das OBOA versteht sich als ein gemeinschafliches, unkommerzielles und partizipatives Projekt. Wenn Ihr also Lust habt, ein Open-Air-Festival mitzugestalten, eurer Kreativit\u00e4t freien Lauf zu [&#8230;]<\/p>\n","protected":false},"author":12,"featured_media":0,"parent":3452,"menu_order":20,"comment_status":"closed","ping_status":"closed","template":"","meta":{"footnotes":""},"translation":{"provider":"WPGlobus","version":"3.0.2","language":"de","enabled_languages":["de","pl","gb","es"],"languages":{"de":{"title":true,"content":true,"excerpt":false},"pl":{"title":true,"content":true,"excerpt":false},"gb":{"title":true,"content":true,"excerpt":false},"es":{"title":true,"content":true,"excerpt":false}}},"jetpack_sharing_enabled":true,"_links":{"self":[{"href":"https:\/\/www.oboa.de\/wordpress\/wp-json\/wp\/v2\/pages\/11864"}],"collection":[{"href":"https:\/\/www.oboa.de\/wordpress\/wp-json\/wp\/v2\/pages"}],"about":[{"href":"https:\/\/www.oboa.de\/wordpress\/wp-json\/wp\/v2\/types\/page"}],"author":[{"embeddable":true,"href":"https:\/\/www.oboa.de\/wordpress\/wp-json\/wp\/v2\/users\/12"}],"replies":[{"embeddable":true,"href":"https:\/\/www.oboa.de\/wordpress\/wp-json\/wp\/v2\/comments?post=11864"}],"version-history":[{"count":82,"href":"https:\/\/www.oboa.de\/wordpress\/wp-json\/wp\/v2\/pages\/11864\/revisions"}],"predecessor-version":[{"id":15152,"href":"https:\/\/www.oboa.de\/wordpress\/wp-json\/wp\/v2\/pages\/11864\/revisions\/15152"}],"up":[{"embeddable":true,"href":"https:\/\/www.oboa.de\/wordpress\/wp-json\/wp\/v2\/pages\/3452"}],"wp:attachment":[{"href":"https:\/\/www.oboa.de\/wordpress\/wp-json\/wp\/v2\/media?parent=11864"}],"curies":[{"name":"wp","href":"https:\/\/api.w.org\/{rel}","templated":true}]}}