{"id":1722,"date":"2014-02-12T22:44:56","date_gmt":"2014-02-12T20:44:56","guid":{"rendered":"http:\/\/www.oboa.de\/wordpress\/?page_id=1722"},"modified":"2024-08-16T20:51:33","modified_gmt":"2024-08-16T18:51:33","slug":"a-z","status":"publish","type":"page","link":"https:\/\/www.oboa.de\/wordpress\/faq\/a-z\/","title":{"rendered":"Festival A-Z"},"content":{"rendered":"<p><strong>Ankommen<\/strong><br \/>\nOb zu Land, zu Wasser, ob aus der Luft, ob per pedes oder per Bimmelbahn, ob per Perpetuum Mobile oder per Anhalter durch die Galaxie \u2013 Hauptsache, ihr seid da! Nehmt euch die Zeit, kommt erst einmal an und findet Zeit zum Ausatmen. Lasst euch ein auf die OBOA-Reise und schaut f\u00fcr Details am besten unter dem Men\u00fcpunkt \u201eAnreise\u201c nach.<\/p>\n<p><strong>Awareness<\/strong><br \/>\nDie individuellen Grenzen Anderer sind immer zu respektieren.<br \/>\nDiskriminierung und \u00dcbergriffe werden bei uns nicht geduldet.<br \/>\nSollte doch einmal etwas nicht ok sein, findest du Schutz und Unterst\u00fctzung an jeder Bar oder direkt am Eingang zum Backstage.<br \/>\nNEIN HEISST NEIN und nur JA HEISST JA!<\/p>\n<p><strong>Aufpassen!<\/strong><br \/>\nBaden, Fischen, Schwimmen und jeglicher sonstige Aufenthalt ist ALLES im Teich\/Graben VERBOTEN! Das ist mehr als\u00a0gef\u00e4hrlich, also bitte haltet euch daran!<\/p>\n<p><strong>Benimmse<\/strong><br \/>\nSeid frei und gebt jedem die Chance, es ebenfalls zu sein.<\/p>\n<p><strong>Camping<\/strong><br \/>\nAb Freitag 12 Uhr kostenlos. Donnerstag ist das Gel\u00e4nde noch geschlossen!<\/p>\n<p><strong>Datt OBOA<\/strong><br \/>\n&#8230; toleriert keine Form von Bevorzugung, verletzender Sprache, Diskriminierung, Missbrauch, Ausgrenzung und beleidigendem Verhalten aufgrund von Geschlecht, Ethnie, Religion, Herkunft, Hautfarbe, religi\u00f6ser \u00dcberzeugung, Sexualit\u00e4t, Geschlechtsidentit\u00e4t, sozio\u00f6konomischer Klasse, Kaste, Beeintr\u00e4chtigungen oder Alter. Wir akzeptieren keinen Sexismus, Rassismus, Colourism, Homo-, Bi-, Inter- und Transphobie bzw. -feindlichkeit, Antisemitismus, Islamophobie, Faschismus, Altersdiskriminierung, Ableismus und andere und\/oder intersektionale Formen von Diskriminierung und was wir vielleicht noch vergessen haben sollten<\/p>\n<p><strong>Eintritt<\/strong><br \/>\n\u2026ist wie immer kostenlos. Auf den Campingplatz kommt ihr ab Freitag 12 Uhr und aufs Festivalgel\u00e4nde am Freitag ab 17 Uhr und am Samstag ab 12 Uhr.<\/p>\n<p><strong>Feuer<\/strong><br \/>\nLagerfeuer sind auf dem Campingplatz verboten. Ob ihr grillen d\u00fcrft, entscheidet letztlich die Feuerwehr, also haltet euch stets an deren Anweisungen.<\/p>\n<p><strong>Getr\u00e4nke<\/strong><br \/>\nEs ist nicht m\u00f6glich, eigene Getr\u00e4nke mit auf das Festivalgel\u00e4nde zu nehmen. Wir haben aber so viel davon, dass wir den Kram sogar verkaufen m\u00fcssen! Aber mal im Ernst, wir tragen die Kosten f\u00fcr das OBOA haupts\u00e4chlich aus dem Getr\u00e4nkeverkauf \u2013 daher bitten wir um euer Verst\u00e4ndnis.<\/p>\n<p><strong>Helfende H\u00e4nde<\/strong><br \/>\nSuchen wir immer!!! Jeder einzelne z\u00e4hlt. Wenn ihr euch vorstellen k\u00f6nnt, beim OBOA mitzuwirken, sagt einfach Bescheid. Verpflegung gibt es daf\u00fcr nat\u00fcrlich kostenlos.<br \/>\nMeldet euch unter: helfer@oboa.de<\/p>\n<p><strong>Hunde<\/strong><br \/>\n\u2026 unbedingt bei netten Freunden unterbringen! Deren zartes Nervenkost\u00fcm mag lautstarke Veranstaltungen erstens gar nicht, zweitens brauchen sie Auslaufm\u00f6glichkeiten, die wir nicht bieten k\u00f6nnen und drittens macht ihnen der vom Amt verordnete Leinen- und Maulkorbzwang auch noch das Mitsingen schier unm\u00f6glich.<\/p>\n<p><strong>Informationen<\/strong><br \/>\n&#8230;findet ihr auf diesen Seiten, im Gesichtsbuch, Instagram und nat\u00fcrlich vor Ort. Beitr\u00e4ge sowie Diskussionsanregungen sind wie immer herzlich willkommen.<\/p>\n<p><strong>Jukeboxen<\/strong><br \/>\n&#8230;und andere Soundsysteme sind auf dem Campingplatz unerw\u00fcnscht. Es gibt auch Menschen, die dort schlafen wollen.<\/p>\n<p><strong>Kein Bock auf Frei.Wild<\/strong><br \/>\nFrei.Wild ist bei uns niemand!!! Laut <a href=\"http:\/\/freiwilddossier.blogsport.de\" target=\"_blank\" rel=\"noopener noreferrer\">Dossier <\/a>der Antifa Meran aus S\u00fcdtirol verbreitet besagte Band \u201ein ihren Texten nationalistische Positionen, die sowohl offen als auch subtil pr\u00e4sent sind. Ihr Auftreten ist durch nationale Feindbildkonstruktionen, Intoleranz und m\u00e4nnliche Gewaltverherrlichung gekennzeichnet. Durch die gro\u00dfe Breitenwirkung der Band birgt dies nicht zu untersch\u00e4tzendes Gefahrenpotential.\u201c Genau diesem Urteil schlie\u00dfen wir uns an und aus diesem Grund ist das Pr\u00e4sentieren der Bandideen &#8211; u.a. durch das Tragen ihrer T-Shirts etc. &#8211; auf dem Festivalgel\u00e4nde unerw\u00fcnscht und wird von unserer Security nicht geduldet.<\/p>\n<p><strong>Laufen<\/strong><br \/>\n&#8230;muss man nicht weit. Je nachdem wo ihr campt, bis zu 400 Meter.<br \/>\nF\u00fcr Rollstuhlfahrer ist das Gel\u00e4nde auch befahrbar. Hier empfiehlt es sich nahe der ehemaligen Feuerwehr zu campen, da von dort der Weg besser ist. Im Zweifel nehmt einfach Kontakt zu uns auf.<\/p>\n<p><strong>M\u00fcll<\/strong><br \/>\nWer bei uns zeltet, bekommt am Eingang einen M\u00fcllsack. Wer diesen bei uns am Sonntag gef\u00fcllt abgibt, kann sich gerne OBOA-Plakate oder Aufkleber als Andenken mitnehmen.<\/p>\n<p><strong>Nazis<\/strong><br \/>\nWarum seid ihr auf unserer Webseite? Warum wollt ihr zu uns kommen? Denkt mal dr\u00fcber nach, schmei\u00dft den ganzen verachtenden Ideologie-M\u00fcll in den Sumpf und werdet Menschen, die Andere respektieren. Ansonsten gilt: Kommt gar nicht erst her, dann muss euch auch keiner wegschicken.<\/p>\n<p><strong>OBOA<\/strong><br \/>\n\u2026 alles andere ist nur Festival.<\/p>\n<p><strong>Parken<\/strong><br \/>\nUnsere freundliche Parkplatzcrew zeigt euch den Weg und erkl\u00e4rt euch, was ihr beachten m\u00fcsst. F\u00fcr ein Auto bezahlt ihr 20,- Euro und f\u00fcr ein Krad 10,- Euro. Aber wie gesagt, kommt einfach mit der Bahn oder gr\u00fcndet Mitfahrgemeinschaften.<\/p>\n<p><strong>Querfeldein<\/strong><br \/>\n&#8230;ist keine gute Idee. Nutzt bitte die vorgesehenen Wege und beachtet unbedingt die Absperrungen.<\/p>\n<p><strong>Reklame<\/strong><br \/>\nBitte helft uns Flyer zu verteilen und Plakate zu kleben!!! Wir schicken euch gerne Material zu, E-Mail bitte an: info@oboa.de Schreibt uns dazu, wie viel ihr wo verteilen k\u00f6nnt, damit wir nicht doppelt vorgehen. Vergesst nicht eure Postadresse.<br \/>\nAnsonsten k\u00f6nnt ihr Flyer und Plakate auch gern nach Absprachen bei Leuten von uns in Berlin abholen. Einfach Nachfrage nach Adresse per E-Mail.<\/p>\n<p><strong>Sanit\u00e4ter<\/strong><br \/>\nDie findet ihr wie immer vor dem Eingang zur Insel.<\/p>\n<p><strong>Sperrm\u00fcll<\/strong><br \/>\nWenn ihr Sofas oder andere Wohnzimmergarnituren mitbringt, dann sorgt bitte daf\u00fcr, dass die Sachen auch wieder verschwinden. Wir m\u00fcssen ein Schweinegeld f\u00fcr die Entsorgung aufbringen.<\/p>\n<p><strong>Toiletten<\/strong><br \/>\nAuf dem Festivalgel\u00e4nde und dem Campingplatz findet ihr ausreichend Dixi-Toiletten.<\/p>\n<p><strong>Trinkwasser<\/strong><br \/>\nEs wird eine Trinkwasserquelle zwischen dem Campingplatz und dem Eingang zum Fort geben.<\/p>\n<p><strong>Ulf<\/strong><br \/>\nDenkt daran, solange ihr nicht zu schnell und unbedacht zu Vieles in euch hineinkippt, m\u00fcsst ihr den oder andere auch nicht um Hilfe rufen!<\/p>\n<p><strong>Vegan\/Vegetarisch<\/strong><br \/>\nWie immer versorgen euch unsere Essenst\u00e4nde auf dem Gel\u00e4nde mit innovativer veganer und vegetarischer Kost. Bon Appetit. Warum, wieso, weshalb?<br \/>\nMehr dazu: <a href=\"https:\/\/www.oboa.de\/wordpress\/wp-content\/uploads\/2013\/04\/OBOA-Vegetarisch.pdf\" target=\"_blank\" rel=\"noopener noreferrer\">HIER<\/a>!<\/p>\n<p><strong>Wigwam vs. Wohnmobil<\/strong><br \/>\nGeht bei uns beides. Besser sind nat\u00fcrlich Zelte, wegen der Umwelt und den begrenzten Campingfl\u00e4chen.<\/p>\n<p><strong>Xenophilie<\/strong><br \/>\nWird auf dem OBOA gro\u00df geschrieben.<br \/>\n*F\u00fcr Mehrwissenwoller: Der Ausdruck bezeichnet eine pers\u00f6nliche oder kollektive Vorliebe f\u00fcr fremde, unbekannte Dinge oder Menschen. Das Wort steht im Gegensatz zur Xenophobie (Fremdenfeindlichkeit). Umgangssprachlich findet man hierf\u00fcr auch den Begriff: Gastfreundschaft.<\/p>\n<p><strong>Ying&amp;Yang<\/strong><br \/>\nNaja, ihr wisst schon\u2026 Das Ding mit dem inneren Gleichgewicht. Chillt einfach.<\/p>\n<p><strong>Zaung\u00e4ste<\/strong><br \/>\n&#8230;gibt es bei uns nicht.<br \/>\nDa der Eintritt kostenlos ist, muss man sich auch kein Ticket leisten k\u00f6nnen.<br \/>\nHabt ihr noch Fragen? Dann stellt diese bitte in unserem Forum oder schreibt eine E-Mail an: info@oboa.de<\/p>\n","protected":false},"excerpt":{"rendered":"<p>Ankommen Ob zu Land, zu Wasser, ob aus der Luft, ob per pedes oder per Bimmelbahn, ob per Perpetuum Mobile oder per Anhalter durch die [&#8230;]<\/p>\n","protected":false},"author":4,"featured_media":0,"parent":3452,"menu_order":40,"comment_status":"open","ping_status":"open","template":"","meta":{"footnotes":""},"translation":{"provider":"WPGlobus","version":"3.0.0","language":"de","enabled_languages":["de","pl","gb","es"],"languages":{"de":{"title":true,"content":true,"excerpt":false},"pl":{"title":true,"content":true,"excerpt":false},"gb":{"title":true,"content":true,"excerpt":false},"es":{"title":true,"content":true,"excerpt":false}}},"jetpack_sharing_enabled":true,"_links":{"self":[{"href":"https:\/\/www.oboa.de\/wordpress\/wp-json\/wp\/v2\/pages\/1722"}],"collection":[{"href":"https:\/\/www.oboa.de\/wordpress\/wp-json\/wp\/v2\/pages"}],"about":[{"href":"https:\/\/www.oboa.de\/wordpress\/wp-json\/wp\/v2\/types\/page"}],"author":[{"embeddable":true,"href":"https:\/\/www.oboa.de\/wordpress\/wp-json\/wp\/v2\/users\/4"}],"replies":[{"embeddable":true,"href":"https:\/\/www.oboa.de\/wordpress\/wp-json\/wp\/v2\/comments?post=1722"}],"version-history":[{"count":63,"href":"https:\/\/www.oboa.de\/wordpress\/wp-json\/wp\/v2\/pages\/1722\/revisions"}],"predecessor-version":[{"id":14935,"href":"https:\/\/www.oboa.de\/wordpress\/wp-json\/wp\/v2\/pages\/1722\/revisions\/14935"}],"up":[{"embeddable":true,"href":"https:\/\/www.oboa.de\/wordpress\/wp-json\/wp\/v2\/pages\/3452"}],"wp:attachment":[{"href":"https:\/\/www.oboa.de\/wordpress\/wp-json\/wp\/v2\/media?parent=1722"}],"curies":[{"name":"wp","href":"https:\/\/api.w.org\/{rel}","templated":true}]}}