{"id":1729,"date":"2014-02-12T22:51:19","date_gmt":"2014-02-12T20:51:19","guid":{"rendered":"http:\/\/www.oboa.de\/wordpress\/?page_id=1729"},"modified":"2024-07-13T16:13:09","modified_gmt":"2024-07-13T14:13:09","slug":"anreise","status":"publish","type":"page","link":"https:\/\/www.oboa.de\/wordpress\/faq\/anreise\/","title":{"rendered":"Anreise"},"content":{"rendered":"<p>Das <a href=\"http:\/\/fort-gorgast.de\" target=\"_blank\" rel=\"noopener noreferrer\">Fort Gorgast<\/a> liegt im Oderbruch, zwischen den D\u00f6rfern Manschnow und Gorgast an der Bundesstra\u00dfe B1 (<a href=\"https:\/\/www.openstreetmap.de\/karte.html?zoom=12&#038;lat=52.5827&#038;lon=14.58194&#038;layers=B000TT\" target=\"_blank\" rel=\"noopener noreferrer\">Karte<\/a>).<\/p>\n<p>Mit dem Auto: Aus Richtung Berlin auf der B1 immer geradeaus in Richtung K\u00fcstrin\/Kietz; Ampelkreuzung in Manschnow nach links abbiegen; nach 250m nochmal links und Ihr seid da.<\/p>\n<p>Der Festival-Eintritt ist kostenlos. F\u00fcr die Nutzung von unserem Parkplatz bezahlt Ihr einmalige Parkgeb\u00fchren von 20,- Euro pro Auto und 10,- Euro pro K-Rad. Es lohnt sich also (auch aus \u00f6kologischen Gr\u00fcnden), mit der Bahn zu kommen oder Mitfahrgemeinschaften zu gr\u00fcnden!<\/p>\n<p>Mit der Oderland-Bahn: Von Berlin\/Lichtenberg die Bahn in Richtung Kostrzyn nehmen, in Gorgast aussteigen, in die Hauptstra\u00dfe links abbiegen und 5 Minuten laufen. Auf der rechten Stra\u00dfenseite findet ihr dann den Weg direkt ins Fort. Die Fahrzeit betr\u00e4gt ca. 70 Minuten (<a href=\"https:\/\/www.neb.de\/linien\/rb26-berlin-kuestrin-kietz-kostrzyn\/\" target=\"_blank\" rel=\"noopener noreferrer\">Fahrplan<\/a>).<\/p>\n<p><a href=\"https:\/\/i0.wp.com\/www.oboa.de\/wordpress\/wp-content\/uploads\/2023\/07\/OBOA-Karte-Anreise.png?ssl=1\"><img loading=\"lazy\" decoding=\"async\" data-attachment-id=\"13451\" data-permalink=\"https:\/\/www.oboa.de\/wordpress\/oboa-karte-anreise\/\" data-orig-file=\"https:\/\/i0.wp.com\/www.oboa.de\/wordpress\/wp-content\/uploads\/2023\/07\/OBOA-Karte-Anreise.png?fit=2496%2C1278&amp;ssl=1\" data-orig-size=\"2496,1278\" data-comments-opened=\"1\" data-image-meta=\"{&quot;aperture&quot;:&quot;0&quot;,&quot;credit&quot;:&quot;&quot;,&quot;camera&quot;:&quot;&quot;,&quot;caption&quot;:&quot;&quot;,&quot;created_timestamp&quot;:&quot;0&quot;,&quot;copyright&quot;:&quot;&quot;,&quot;focal_length&quot;:&quot;0&quot;,&quot;iso&quot;:&quot;0&quot;,&quot;shutter_speed&quot;:&quot;0&quot;,&quot;title&quot;:&quot;&quot;,&quot;orientation&quot;:&quot;0&quot;}\" data-image-title=\"OBOA Karte Anreise\" data-image-description=\"\" data-image-caption=\"\" data-medium-file=\"https:\/\/i0.wp.com\/www.oboa.de\/wordpress\/wp-content\/uploads\/2023\/07\/OBOA-Karte-Anreise.png?fit=300%2C154&amp;ssl=1\" data-large-file=\"https:\/\/i0.wp.com\/www.oboa.de\/wordpress\/wp-content\/uploads\/2023\/07\/OBOA-Karte-Anreise.png?fit=800%2C409&amp;ssl=1\" tabindex=\"0\" role=\"button\" class=\"size-full wp-image-13451 aligncenter\" src=\"https:\/\/i0.wp.com\/www.oboa.de\/wordpress\/wp-content\/uploads\/2023\/07\/OBOA-Karte-Anreise.png?resize=800%2C410&#038;ssl=1\" alt=\"\" width=\"800\" height=\"410\" srcset=\"https:\/\/i0.wp.com\/www.oboa.de\/wordpress\/wp-content\/uploads\/2023\/07\/OBOA-Karte-Anreise.png?w=2496&amp;ssl=1 2496w, https:\/\/i0.wp.com\/www.oboa.de\/wordpress\/wp-content\/uploads\/2023\/07\/OBOA-Karte-Anreise.png?resize=300%2C154&amp;ssl=1 300w, https:\/\/i0.wp.com\/www.oboa.de\/wordpress\/wp-content\/uploads\/2023\/07\/OBOA-Karte-Anreise.png?resize=1024%2C524&amp;ssl=1 1024w, https:\/\/i0.wp.com\/www.oboa.de\/wordpress\/wp-content\/uploads\/2023\/07\/OBOA-Karte-Anreise.png?resize=768%2C393&amp;ssl=1 768w, https:\/\/i0.wp.com\/www.oboa.de\/wordpress\/wp-content\/uploads\/2023\/07\/OBOA-Karte-Anreise.png?resize=1536%2C786&amp;ssl=1 1536w, https:\/\/i0.wp.com\/www.oboa.de\/wordpress\/wp-content\/uploads\/2023\/07\/OBOA-Karte-Anreise.png?resize=2048%2C1049&amp;ssl=1 2048w, https:\/\/i0.wp.com\/www.oboa.de\/wordpress\/wp-content\/uploads\/2023\/07\/OBOA-Karte-Anreise.png?w=1600&amp;ssl=1 1600w, https:\/\/i0.wp.com\/www.oboa.de\/wordpress\/wp-content\/uploads\/2023\/07\/OBOA-Karte-Anreise.png?w=2400&amp;ssl=1 2400w\" sizes=\"(max-width: 800px) 100vw, 800px\" data-recalc-dims=\"1\" \/><\/a><\/p>\n","protected":false},"excerpt":{"rendered":"<p>Das Fort Gorgast liegt im Oderbruch, zwischen den D\u00f6rfern Manschnow und Gorgast an der Bundesstra\u00dfe B1 (Karte). Mit dem Auto: Aus Richtung Berlin auf der [&#8230;]<\/p>\n","protected":false},"author":4,"featured_media":0,"parent":3452,"menu_order":30,"comment_status":"open","ping_status":"closed","template":"","meta":{"footnotes":""},"translation":{"provider":"WPGlobus","version":"3.0.2","language":"de","enabled_languages":["de","pl","gb","es"],"languages":{"de":{"title":true,"content":true,"excerpt":false},"pl":{"title":true,"content":true,"excerpt":false},"gb":{"title":true,"content":true,"excerpt":false},"es":{"title":true,"content":true,"excerpt":false}}},"jetpack_sharing_enabled":true,"_links":{"self":[{"href":"https:\/\/www.oboa.de\/wordpress\/wp-json\/wp\/v2\/pages\/1729"}],"collection":[{"href":"https:\/\/www.oboa.de\/wordpress\/wp-json\/wp\/v2\/pages"}],"about":[{"href":"https:\/\/www.oboa.de\/wordpress\/wp-json\/wp\/v2\/types\/page"}],"author":[{"embeddable":true,"href":"https:\/\/www.oboa.de\/wordpress\/wp-json\/wp\/v2\/users\/4"}],"replies":[{"embeddable":true,"href":"https:\/\/www.oboa.de\/wordpress\/wp-json\/wp\/v2\/comments?post=1729"}],"version-history":[{"count":62,"href":"https:\/\/www.oboa.de\/wordpress\/wp-json\/wp\/v2\/pages\/1729\/revisions"}],"predecessor-version":[{"id":14629,"href":"https:\/\/www.oboa.de\/wordpress\/wp-json\/wp\/v2\/pages\/1729\/revisions\/14629"}],"up":[{"embeddable":true,"href":"https:\/\/www.oboa.de\/wordpress\/wp-json\/wp\/v2\/pages\/3452"}],"wp:attachment":[{"href":"https:\/\/www.oboa.de\/wordpress\/wp-json\/wp\/v2\/media?parent=1729"}],"curies":[{"name":"wp","href":"https:\/\/api.w.org\/{rel}","templated":true}]}}