{"id":2213,"date":"2016-06-13T17:02:22","date_gmt":"2016-06-13T15:02:22","guid":{"rendered":"http:\/\/www.oboa.de\/wordpress\/?page_id=2213"},"modified":"2018-06-13T15:58:49","modified_gmt":"2018-06-13T13:58:49","slug":"lineup","status":"publish","type":"page","link":"https:\/\/www.oboa.de\/wordpress\/archiv\/oboa-2016\/lineup\/","title":{"rendered":"LINEUP 2016"},"content":{"rendered":"<p>Die Schritte werden k\u00fcrzer oder sind es die Tage die l\u00e4nger weden?! Egal, mit gro\u00dfen Schritten geht es in Richtung Gorgast, zum OBOA 2016. Wir w\u00fcrden sagen, das Line-up steht, ab und an verschiebt sich was, f\u00e4llt heraus oder kommt neu dazu. In \u00fcbersichtlichen H\u00e4ppchen pl\u00e4tschert in den n\u00e4chsten Wochen immer mehr Inhalt auf diese Seite, also sch\u00f6n ab und zu vorbeigeschaut!<\/p>\n<ul>\n<li><a href=\"https:\/\/www.oboa.de\/wordpress\/archiv\/oboa-2016\/lineup\/sonnenbuhne\/\"><strong>Sonnenb\u00fchne<\/strong><\/a><\/li>\n<\/ul>\n<p><img loading=\"lazy\" decoding=\"async\" class=\"alignleft\" src=\"https:\/\/i0.wp.com\/www.oboa.de\/wordpress\/wp-content\/uploads\/2016\/07\/IMG_9041.jpg?resize=294%2C198&#038;ssl=1\" alt=\"Sonnenb\u00fchne 2016_1\" width=\"294\" height=\"198\" data-recalc-dims=\"1\" \/> <img loading=\"lazy\" decoding=\"async\" title=\"Sonnenb\u00fchne 2016_2\" src=\"https:\/\/i0.wp.com\/www.oboa.de\/wordpress\/wp-content\/uploads\/2016\/07\/IMG_9256.jpg?resize=294%2C198&#038;ssl=1\" alt=\"\" width=\"294\" height=\"198\" data-recalc-dims=\"1\" \/><\/p>\n<ul>\n<li><a href=\"https:\/\/www.oboa.de\/wordpress\/archiv\/oboa-2016\/lineup\/goldenes-rossel\/\"><strong>Goldenes R\u00f6ssel<\/strong><\/a><\/li>\n<\/ul>\n<p><a href=\"https:\/\/i0.wp.com\/www.oboa.de\/wordpress\/wp-content\/uploads\/2018\/05\/res_IMG_0234.jpg?ssl=1\"><img loading=\"lazy\" decoding=\"async\" data-attachment-id=\"4888\" data-permalink=\"https:\/\/www.oboa.de\/wordpress\/archiv\/oboa-2016\/fotos\/res_img_0234\/\" data-orig-file=\"https:\/\/i0.wp.com\/www.oboa.de\/wordpress\/wp-content\/uploads\/2018\/05\/res_IMG_0234-e1582928629918.jpg?fit=800%2C533&amp;ssl=1\" data-orig-size=\"800,533\" data-comments-opened=\"1\" data-image-meta=\"{&quot;aperture&quot;:&quot;0&quot;,&quot;credit&quot;:&quot;&quot;,&quot;camera&quot;:&quot;&quot;,&quot;caption&quot;:&quot;&quot;,&quot;created_timestamp&quot;:&quot;0&quot;,&quot;copyright&quot;:&quot;&quot;,&quot;focal_length&quot;:&quot;0&quot;,&quot;iso&quot;:&quot;0&quot;,&quot;shutter_speed&quot;:&quot;0&quot;,&quot;title&quot;:&quot;&quot;,&quot;orientation&quot;:&quot;0&quot;}\" data-image-title=\"res_IMG_0234\" data-image-description=\"\" data-image-caption=\"\" data-medium-file=\"https:\/\/i0.wp.com\/www.oboa.de\/wordpress\/wp-content\/uploads\/2018\/05\/res_IMG_0234-e1582928629918.jpg?fit=300%2C200&amp;ssl=1\" data-large-file=\"https:\/\/i0.wp.com\/www.oboa.de\/wordpress\/wp-content\/uploads\/2018\/05\/res_IMG_0234-e1582928629918.jpg?fit=800%2C534&amp;ssl=1\" tabindex=\"0\" role=\"button\" class=\"alignnone size-medium wp-image-4888\" src=\"https:\/\/i0.wp.com\/www.oboa.de\/wordpress\/wp-content\/uploads\/2018\/05\/res_IMG_0234.jpg?resize=300%2C200&#038;ssl=1\" alt=\"\" width=\"300\" height=\"200\" data-recalc-dims=\"1\" \/><\/a>\u00a0 \u00a0<a href=\"https:\/\/i0.wp.com\/www.oboa.de\/wordpress\/wp-content\/uploads\/2018\/06\/IMG_9998web.jpg?ssl=1\"><img loading=\"lazy\" decoding=\"async\" data-attachment-id=\"10332\" data-permalink=\"https:\/\/www.oboa.de\/wordpress\/archiv\/oboa-2016\/lineup\/img_9998web\/\" data-orig-file=\"https:\/\/i0.wp.com\/www.oboa.de\/wordpress\/wp-content\/uploads\/2018\/06\/IMG_9998web.jpg?fit=800%2C533&amp;ssl=1\" data-orig-size=\"800,533\" data-comments-opened=\"1\" data-image-meta=\"{&quot;aperture&quot;:&quot;0&quot;,&quot;credit&quot;:&quot;&quot;,&quot;camera&quot;:&quot;&quot;,&quot;caption&quot;:&quot;&quot;,&quot;created_timestamp&quot;:&quot;0&quot;,&quot;copyright&quot;:&quot;&quot;,&quot;focal_length&quot;:&quot;0&quot;,&quot;iso&quot;:&quot;0&quot;,&quot;shutter_speed&quot;:&quot;0&quot;,&quot;title&quot;:&quot;&quot;,&quot;orientation&quot;:&quot;0&quot;}\" data-image-title=\"IMG_9998web\" data-image-description=\"\" data-image-caption=\"\" data-medium-file=\"https:\/\/i0.wp.com\/www.oboa.de\/wordpress\/wp-content\/uploads\/2018\/06\/IMG_9998web.jpg?fit=300%2C200&amp;ssl=1\" data-large-file=\"https:\/\/i0.wp.com\/www.oboa.de\/wordpress\/wp-content\/uploads\/2018\/06\/IMG_9998web.jpg?fit=800%2C533&amp;ssl=1\" tabindex=\"0\" role=\"button\" class=\"alignnone size-medium wp-image-10332\" src=\"https:\/\/i0.wp.com\/www.oboa.de\/wordpress\/wp-content\/uploads\/2018\/06\/IMG_9998web.jpg?resize=300%2C200&#038;ssl=1\" alt=\"\" width=\"300\" height=\"200\" srcset=\"https:\/\/i0.wp.com\/www.oboa.de\/wordpress\/wp-content\/uploads\/2018\/06\/IMG_9998web.jpg?resize=300%2C200&amp;ssl=1 300w, https:\/\/i0.wp.com\/www.oboa.de\/wordpress\/wp-content\/uploads\/2018\/06\/IMG_9998web.jpg?resize=768%2C512&amp;ssl=1 768w, https:\/\/i0.wp.com\/www.oboa.de\/wordpress\/wp-content\/uploads\/2018\/06\/IMG_9998web.jpg?w=800&amp;ssl=1 800w\" sizes=\"(max-width: 300px) 100vw, 300px\" data-recalc-dims=\"1\" \/><\/a><\/p>\n<ul>\n<li><a href=\"https:\/\/www.oboa.de\/wordpress\/archiv\/oboa-2016\/lineup\/beatbasar\/\"><strong>Beatbasar<\/strong><\/a><\/li>\n<\/ul>\n<p><img loading=\"lazy\" decoding=\"async\" class=\"alignleft\" src=\"https:\/\/i0.wp.com\/www.oboa.de\/wordpress\/wp-content\/uploads\/2016\/07\/IMG_9087.jpg?resize=300%2C200&#038;ssl=1\" alt=\"Beatbasar 3\" width=\"300\" height=\"200\" data-recalc-dims=\"1\" \/><img loading=\"lazy\" decoding=\"async\" src=\"https:\/\/i0.wp.com\/www.oboa.de\/wordpress\/wp-content\/uploads\/2016\/07\/IMG_9264.jpg?resize=300%2C200&#038;ssl=1\" alt=\"Beatbasar1\" width=\"300\" height=\"200\" data-recalc-dims=\"1\" \/><\/p>\n<ul>\n<li><a href=\"https:\/\/www.oboa.de\/wordpress\/archiv\/oboa-2016\/lineup\/skabeats-international\/\"><strong>Ska Beats International<\/strong><\/a><\/li>\n<\/ul>\n<p><img loading=\"lazy\" decoding=\"async\" class=\"alignleft\" src=\"https:\/\/i0.wp.com\/www.oboa.de\/wordpress\/wp-content\/uploads\/2013\/04\/oboa07_skabeats.jpg?resize=300%2C199&#038;ssl=1\" alt=\"oboa07_skabeats\" width=\"300\" height=\"199\" data-recalc-dims=\"1\" \/><img loading=\"lazy\" decoding=\"async\" src=\"https:\/\/i0.wp.com\/www.oboa.de\/wordpress\/wp-content\/uploads\/2016\/07\/IMG_9242.jpg?resize=300%2C200&#038;ssl=1\" alt=\"oboa07_skabea2ts\" width=\"300\" height=\"200\" data-recalc-dims=\"1\" \/><\/p>\n<ul>\n<li><a href=\"https:\/\/www.oboa.de\/wordpress\/archiv\/oboa-2016\/lineup\/windspiel\/\"><strong>Windspiel<\/strong><\/a><\/li>\n<\/ul>\n<p><a href=\"https:\/\/i0.wp.com\/www.oboa.de\/wordpress\/wp-content\/uploads\/2018\/05\/res_IMG_0427.jpg?ssl=1\"><img loading=\"lazy\" decoding=\"async\" data-attachment-id=\"4899\" data-permalink=\"https:\/\/www.oboa.de\/wordpress\/archiv\/oboa-2016\/fotos\/res_img_0427\/\" data-orig-file=\"https:\/\/i0.wp.com\/www.oboa.de\/wordpress\/wp-content\/uploads\/2018\/05\/res_IMG_0427-e1582928820823.jpg?fit=800%2C600&amp;ssl=1\" data-orig-size=\"800,600\" data-comments-opened=\"1\" data-image-meta=\"{&quot;aperture&quot;:&quot;0&quot;,&quot;credit&quot;:&quot;&quot;,&quot;camera&quot;:&quot;&quot;,&quot;caption&quot;:&quot;&quot;,&quot;created_timestamp&quot;:&quot;0&quot;,&quot;copyright&quot;:&quot;&quot;,&quot;focal_length&quot;:&quot;0&quot;,&quot;iso&quot;:&quot;0&quot;,&quot;shutter_speed&quot;:&quot;0&quot;,&quot;title&quot;:&quot;&quot;,&quot;orientation&quot;:&quot;0&quot;}\" data-image-title=\"res_IMG_0427\" data-image-description=\"\" data-image-caption=\"\" data-medium-file=\"https:\/\/i0.wp.com\/www.oboa.de\/wordpress\/wp-content\/uploads\/2018\/05\/res_IMG_0427-e1582928820823.jpg?fit=300%2C225&amp;ssl=1\" data-large-file=\"https:\/\/i0.wp.com\/www.oboa.de\/wordpress\/wp-content\/uploads\/2018\/05\/res_IMG_0427-e1582928820823.jpg?fit=800%2C600&amp;ssl=1\" tabindex=\"0\" role=\"button\" class=\"alignnone size-medium wp-image-4899\" src=\"https:\/\/i0.wp.com\/www.oboa.de\/wordpress\/wp-content\/uploads\/2018\/05\/res_IMG_0427.jpg?resize=300%2C225&#038;ssl=1\" alt=\"\" width=\"300\" height=\"225\" data-recalc-dims=\"1\" \/>\u00a0\u00a0\u00a0\u00a0<\/a><a href=\"https:\/\/i0.wp.com\/www.oboa.de\/wordpress\/wp-content\/uploads\/2018\/05\/res_IMG_0034.jpg?ssl=1\"><img loading=\"lazy\" decoding=\"async\" data-attachment-id=\"4833\" data-permalink=\"https:\/\/www.oboa.de\/wordpress\/archiv\/oboa-2016\/fotos\/res_img_0034\/\" data-orig-file=\"https:\/\/i0.wp.com\/www.oboa.de\/wordpress\/wp-content\/uploads\/2018\/05\/res_IMG_0034-e1582927641669.jpg?fit=800%2C533&amp;ssl=1\" data-orig-size=\"800,533\" data-comments-opened=\"1\" data-image-meta=\"{&quot;aperture&quot;:&quot;0&quot;,&quot;credit&quot;:&quot;&quot;,&quot;camera&quot;:&quot;&quot;,&quot;caption&quot;:&quot;&quot;,&quot;created_timestamp&quot;:&quot;0&quot;,&quot;copyright&quot;:&quot;&quot;,&quot;focal_length&quot;:&quot;0&quot;,&quot;iso&quot;:&quot;0&quot;,&quot;shutter_speed&quot;:&quot;0&quot;,&quot;title&quot;:&quot;&quot;,&quot;orientation&quot;:&quot;0&quot;}\" data-image-title=\"res_IMG_0034\" data-image-description=\"\" data-image-caption=\"\" data-medium-file=\"https:\/\/i0.wp.com\/www.oboa.de\/wordpress\/wp-content\/uploads\/2018\/05\/res_IMG_0034-e1582927641669.jpg?fit=300%2C200&amp;ssl=1\" data-large-file=\"https:\/\/i0.wp.com\/www.oboa.de\/wordpress\/wp-content\/uploads\/2018\/05\/res_IMG_0034-e1582927641669.jpg?fit=800%2C534&amp;ssl=1\" tabindex=\"0\" role=\"button\" class=\"alignnone size-medium wp-image-4833\" src=\"https:\/\/i0.wp.com\/www.oboa.de\/wordpress\/wp-content\/uploads\/2018\/05\/res_IMG_0034.jpg?resize=300%2C200&#038;ssl=1\" alt=\"\" width=\"300\" height=\"200\" data-recalc-dims=\"1\" \/><\/a><\/p>\n<ul>\n<li><a href=\"https:\/\/www.oboa.de\/wordpress\/archiv\/oboa-2016\/lineup\/workshops\/\"><strong>Workshops<\/strong><\/a><\/li>\n<\/ul>\n<p><img loading=\"lazy\" decoding=\"async\" class=\"alignleft\" src=\"https:\/\/i0.wp.com\/www.oboa.de\/wordpress\/wp-content\/uploads\/2014\/08\/siebdruck2.jpg?resize=300%2C199&#038;ssl=1\" alt=\"Workshops01\" width=\"300\" height=\"199\" data-recalc-dims=\"1\" \/><img loading=\"lazy\" decoding=\"async\" src=\"https:\/\/i0.wp.com\/www.oboa.de\/wordpress\/wp-content\/uploads\/2016\/06\/IMG_3812.jpg?resize=300%2C200&#038;ssl=1\" alt=\"Workshops02\" width=\"300\" height=\"200\" data-recalc-dims=\"1\" \/><\/p>\n","protected":false},"excerpt":{"rendered":"<p>Die Schritte werden k\u00fcrzer oder sind es die Tage die l\u00e4nger weden?! Egal, mit gro\u00dfen Schritten geht es in Richtung Gorgast, zum OBOA 2016. Wir [&#8230;]<\/p>\n","protected":false},"author":6,"featured_media":0,"parent":2183,"menu_order":0,"comment_status":"open","ping_status":"open","template":"","meta":{"footnotes":""},"translation":{"provider":"WPGlobus","version":"3.0.2","language":"de","enabled_languages":["de","pl","gb","es"],"languages":{"de":{"title":true,"content":true,"excerpt":false},"pl":{"title":false,"content":false,"excerpt":false},"gb":{"title":false,"content":false,"excerpt":false},"es":{"title":false,"content":false,"excerpt":false}}},"jetpack_sharing_enabled":true,"_links":{"self":[{"href":"https:\/\/www.oboa.de\/wordpress\/wp-json\/wp\/v2\/pages\/2213"}],"collection":[{"href":"https:\/\/www.oboa.de\/wordpress\/wp-json\/wp\/v2\/pages"}],"about":[{"href":"https:\/\/www.oboa.de\/wordpress\/wp-json\/wp\/v2\/types\/page"}],"author":[{"embeddable":true,"href":"https:\/\/www.oboa.de\/wordpress\/wp-json\/wp\/v2\/users\/6"}],"replies":[{"embeddable":true,"href":"https:\/\/www.oboa.de\/wordpress\/wp-json\/wp\/v2\/comments?post=2213"}],"version-history":[{"count":17,"href":"https:\/\/www.oboa.de\/wordpress\/wp-json\/wp\/v2\/pages\/2213\/revisions"}],"predecessor-version":[{"id":10420,"href":"https:\/\/www.oboa.de\/wordpress\/wp-json\/wp\/v2\/pages\/2213\/revisions\/10420"}],"up":[{"embeddable":true,"href":"https:\/\/www.oboa.de\/wordpress\/wp-json\/wp\/v2\/pages\/2183"}],"wp:attachment":[{"href":"https:\/\/www.oboa.de\/wordpress\/wp-json\/wp\/v2\/media?parent=2213"}],"curies":[{"name":"wp","href":"https:\/\/api.w.org\/{rel}","templated":true}]}}