{"id":5612,"date":"2018-05-30T00:44:37","date_gmt":"2018-05-29T22:44:37","guid":{"rendered":"http:\/\/www.oboa.de\/wordpress\/?page_id=5612"},"modified":"2018-07-31T11:18:29","modified_gmt":"2018-07-31T09:18:29","slug":"windspiel-2018","status":"publish","type":"page","link":"https:\/\/www.oboa.de\/wordpress\/archiv\/oboa-2018\/lineup-2018\/windspiel-2018\/","title":{"rendered":"Windspiel 2018"},"content":{"rendered":"<p>Darian &#8211; SingerSongWriter<\/p>\n<p><a href=\"https:\/\/www.reverbnation.com\/captaincrap\" target=\"_blank\" rel=\"noopener\">Captain Crap<\/a><\/p>\n<p><a href=\"https:\/\/i0.wp.com\/www.oboa.de\/wordpress\/wp-content\/uploads\/2018\/07\/Capt-Crap-Logo-copy.jpg?ssl=1\"><img loading=\"lazy\" decoding=\"async\" data-attachment-id=\"10769\" data-permalink=\"https:\/\/www.oboa.de\/wordpress\/archiv\/oboa-2018\/lineup-2018\/windspiel-2018\/capt-crap-logo-copy\/\" data-orig-file=\"https:\/\/i0.wp.com\/www.oboa.de\/wordpress\/wp-content\/uploads\/2018\/07\/Capt-Crap-Logo-copy.jpg?fit=800%2C447&amp;ssl=1\" data-orig-size=\"800,447\" data-comments-opened=\"1\" data-image-meta=\"{&quot;aperture&quot;:&quot;0&quot;,&quot;credit&quot;:&quot;&quot;,&quot;camera&quot;:&quot;&quot;,&quot;caption&quot;:&quot;&quot;,&quot;created_timestamp&quot;:&quot;0&quot;,&quot;copyright&quot;:&quot;&quot;,&quot;focal_length&quot;:&quot;0&quot;,&quot;iso&quot;:&quot;0&quot;,&quot;shutter_speed&quot;:&quot;0&quot;,&quot;title&quot;:&quot;&quot;,&quot;orientation&quot;:&quot;0&quot;}\" data-image-title=\"Capt-Crap-Logo-copy\" data-image-description=\"\" data-image-caption=\"\" data-medium-file=\"https:\/\/i0.wp.com\/www.oboa.de\/wordpress\/wp-content\/uploads\/2018\/07\/Capt-Crap-Logo-copy.jpg?fit=300%2C168&amp;ssl=1\" data-large-file=\"https:\/\/i0.wp.com\/www.oboa.de\/wordpress\/wp-content\/uploads\/2018\/07\/Capt-Crap-Logo-copy.jpg?fit=800%2C447&amp;ssl=1\" tabindex=\"0\" role=\"button\" class=\"alignnone size-medium wp-image-10769\" src=\"https:\/\/i0.wp.com\/www.oboa.de\/wordpress\/wp-content\/uploads\/2018\/07\/Capt-Crap-Logo-copy.jpg?resize=300%2C168&#038;ssl=1\" alt=\"\" width=\"300\" height=\"168\" srcset=\"https:\/\/i0.wp.com\/www.oboa.de\/wordpress\/wp-content\/uploads\/2018\/07\/Capt-Crap-Logo-copy.jpg?resize=300%2C168&amp;ssl=1 300w, https:\/\/i0.wp.com\/www.oboa.de\/wordpress\/wp-content\/uploads\/2018\/07\/Capt-Crap-Logo-copy.jpg?resize=768%2C429&amp;ssl=1 768w, https:\/\/i0.wp.com\/www.oboa.de\/wordpress\/wp-content\/uploads\/2018\/07\/Capt-Crap-Logo-copy.jpg?w=800&amp;ssl=1 800w\" sizes=\"(max-width: 300px) 100vw, 300px\" data-recalc-dims=\"1\" \/>\u00a0\u00a0\u00a0\u00a0\u00a0\u00a0\u00a0\u00a0\u00a0\u00a0\u00a0\u00a0\u00a0\u00a0\u00a0\u00a0\u00a0\u00a0<\/a><a href=\"https:\/\/i0.wp.com\/www.oboa.de\/wordpress\/wp-content\/uploads\/2018\/07\/IMG_4826-sw-copy2.jpg?ssl=1\"><img loading=\"lazy\" decoding=\"async\" data-attachment-id=\"10770\" data-permalink=\"https:\/\/www.oboa.de\/wordpress\/archiv\/oboa-2018\/lineup-2018\/windspiel-2018\/img_4826-sw-copy2\/\" data-orig-file=\"https:\/\/i0.wp.com\/www.oboa.de\/wordpress\/wp-content\/uploads\/2018\/07\/IMG_4826-sw-copy2.jpg?fit=800%2C490&amp;ssl=1\" data-orig-size=\"800,490\" data-comments-opened=\"1\" data-image-meta=\"{&quot;aperture&quot;:&quot;0&quot;,&quot;credit&quot;:&quot;&quot;,&quot;camera&quot;:&quot;&quot;,&quot;caption&quot;:&quot;&quot;,&quot;created_timestamp&quot;:&quot;0&quot;,&quot;copyright&quot;:&quot;&quot;,&quot;focal_length&quot;:&quot;0&quot;,&quot;iso&quot;:&quot;0&quot;,&quot;shutter_speed&quot;:&quot;0&quot;,&quot;title&quot;:&quot;&quot;,&quot;orientation&quot;:&quot;0&quot;}\" data-image-title=\"IMG_4826-sw-copy2\" data-image-description=\"\" data-image-caption=\"\" data-medium-file=\"https:\/\/i0.wp.com\/www.oboa.de\/wordpress\/wp-content\/uploads\/2018\/07\/IMG_4826-sw-copy2.jpg?fit=300%2C184&amp;ssl=1\" data-large-file=\"https:\/\/i0.wp.com\/www.oboa.de\/wordpress\/wp-content\/uploads\/2018\/07\/IMG_4826-sw-copy2.jpg?fit=800%2C490&amp;ssl=1\" tabindex=\"0\" role=\"button\" class=\"alignnone size-medium wp-image-10770\" src=\"https:\/\/i0.wp.com\/www.oboa.de\/wordpress\/wp-content\/uploads\/2018\/07\/IMG_4826-sw-copy2.jpg?resize=300%2C184&#038;ssl=1\" alt=\"\" width=\"300\" height=\"184\" srcset=\"https:\/\/i0.wp.com\/www.oboa.de\/wordpress\/wp-content\/uploads\/2018\/07\/IMG_4826-sw-copy2.jpg?resize=300%2C184&amp;ssl=1 300w, https:\/\/i0.wp.com\/www.oboa.de\/wordpress\/wp-content\/uploads\/2018\/07\/IMG_4826-sw-copy2.jpg?resize=768%2C470&amp;ssl=1 768w, https:\/\/i0.wp.com\/www.oboa.de\/wordpress\/wp-content\/uploads\/2018\/07\/IMG_4826-sw-copy2.jpg?w=800&amp;ssl=1 800w\" sizes=\"(max-width: 300px) 100vw, 300px\" data-recalc-dims=\"1\" \/><\/a><\/p>\n<p>Captain Crap wurde in der Berliner Musikszene vor allem durch seine Slide Gitarre, durch regelm\u00e4\u00dfige Gigs und seine Pr\u00e4senz auf unz\u00e4hligen Jam Sessions bekannt.<\/p>\n<p>Wo auch immer ehrlicher Blues\/Boogie\/Rock gesch\u00e4tzt wird baut er seinen alten R\u00f6hren Verst\u00e4rker auf, l\u00e4sst die Gitarre durch die Nacht schreien und singt von genau den -eher schmerzhaften &#8211; Erfahrungen im Leben, die jemanden zu einem authentischen Blueser werden lassen.<\/p>\n<p>J\u00fcngst beschloss der Captain nun den Rest der Republik zu erobern und ist daher immer \u00f6fter on the Road. Zu diesem Zweck wurden und werden alle nur denkbaren Bars, Clubs und Hallen gebucht, und sowohl Solo als auch mit seiner Band den \u201eKings of Crap\u201c bespielt.<\/p>\n<p>Hierbei werden Einfl\u00fcsse von Muddy Waters, Son House, den Stones usw. nach des Captains ganz eigenem Geschmack bearbeitet, anstatt diese nur stumpf zu kopieren. Dieser Umstand schl\u00e4gt sich nicht nur in den im Programm zitierten Klassikern sondern vor allem in dem \u00fcberwiegend eigenem Material nieder.<\/p>\n<p>Quiz<\/p>\n<p>Karaoke<\/p>\n<p>Zirkus-Workshop zum mitmachen mit Mieze am Samstag<\/p>\n","protected":false},"excerpt":{"rendered":"<p>Darian &#8211; SingerSongWriter Captain Crap \u00a0\u00a0\u00a0\u00a0\u00a0\u00a0\u00a0\u00a0\u00a0\u00a0\u00a0\u00a0\u00a0\u00a0\u00a0\u00a0\u00a0\u00a0 Captain Crap wurde in der Berliner Musikszene vor allem durch seine Slide Gitarre, durch regelm\u00e4\u00dfige Gigs und seine Pr\u00e4senz [&#8230;]<\/p>\n","protected":false},"author":10,"featured_media":0,"parent":5307,"menu_order":40,"comment_status":"closed","ping_status":"closed","template":"","meta":{"footnotes":""},"translation":{"provider":"WPGlobus","version":"3.0.0","language":"de","enabled_languages":["de","pl","gb","es"],"languages":{"de":{"title":true,"content":true,"excerpt":false},"pl":{"title":true,"content":true,"excerpt":false},"gb":{"title":false,"content":false,"excerpt":false},"es":{"title":false,"content":false,"excerpt":false}}},"jetpack_sharing_enabled":true,"_links":{"self":[{"href":"https:\/\/www.oboa.de\/wordpress\/wp-json\/wp\/v2\/pages\/5612"}],"collection":[{"href":"https:\/\/www.oboa.de\/wordpress\/wp-json\/wp\/v2\/pages"}],"about":[{"href":"https:\/\/www.oboa.de\/wordpress\/wp-json\/wp\/v2\/types\/page"}],"author":[{"embeddable":true,"href":"https:\/\/www.oboa.de\/wordpress\/wp-json\/wp\/v2\/users\/10"}],"replies":[{"embeddable":true,"href":"https:\/\/www.oboa.de\/wordpress\/wp-json\/wp\/v2\/comments?post=5612"}],"version-history":[{"count":5,"href":"https:\/\/www.oboa.de\/wordpress\/wp-json\/wp\/v2\/pages\/5612\/revisions"}],"predecessor-version":[{"id":11087,"href":"https:\/\/www.oboa.de\/wordpress\/wp-json\/wp\/v2\/pages\/5612\/revisions\/11087"}],"up":[{"embeddable":true,"href":"https:\/\/www.oboa.de\/wordpress\/wp-json\/wp\/v2\/pages\/5307"}],"wp:attachment":[{"href":"https:\/\/www.oboa.de\/wordpress\/wp-json\/wp\/v2\/media?parent=5612"}],"curies":[{"name":"wp","href":"https:\/\/api.w.org\/{rel}","templated":true}]}}