{"id":7,"date":"2013-04-03T18:49:34","date_gmt":"2013-04-03T16:49:34","guid":{"rendered":"http:\/\/www.oboa.de\/wordpress\/?page_id=7"},"modified":"2020-02-19T19:48:30","modified_gmt":"2020-02-19T17:48:30","slug":"oboa","status":"publish","type":"page","link":"https:\/\/www.oboa.de\/wordpress\/archiv\/oboa\/","title":{"rendered":"2013"},"content":{"rendered":"<p><a href=\"https:\/\/i0.wp.com\/www.oboa.de\/wordpress\/wp-content\/uploads\/2013\/04\/OBOA-2013-banner.jpg?ssl=1\"><img loading=\"lazy\" decoding=\"async\" data-attachment-id=\"1348\" data-permalink=\"https:\/\/www.oboa.de\/wordpress\/archiv\/oboa\/oboa-2013-banner\/\" data-orig-file=\"https:\/\/i0.wp.com\/www.oboa.de\/wordpress\/wp-content\/uploads\/2013\/04\/OBOA-2013-banner.jpg?fit=851%2C315&amp;ssl=1\" data-orig-size=\"851,315\" data-comments-opened=\"1\" data-image-meta=\"{&quot;aperture&quot;:&quot;0&quot;,&quot;credit&quot;:&quot;&quot;,&quot;camera&quot;:&quot;&quot;,&quot;caption&quot;:&quot;&quot;,&quot;created_timestamp&quot;:&quot;0&quot;,&quot;copyright&quot;:&quot;&quot;,&quot;focal_length&quot;:&quot;0&quot;,&quot;iso&quot;:&quot;0&quot;,&quot;shutter_speed&quot;:&quot;0&quot;,&quot;title&quot;:&quot;&quot;}\" data-image-title=\"OBOA 2013 banner\" data-image-description=\"\" data-image-caption=\"\" data-medium-file=\"https:\/\/i0.wp.com\/www.oboa.de\/wordpress\/wp-content\/uploads\/2013\/04\/OBOA-2013-banner.jpg?fit=300%2C111&amp;ssl=1\" data-large-file=\"https:\/\/i0.wp.com\/www.oboa.de\/wordpress\/wp-content\/uploads\/2013\/04\/OBOA-2013-banner.jpg?fit=800%2C296&amp;ssl=1\" tabindex=\"0\" role=\"button\" class=\"aligncenter size-full wp-image-1348\" src=\"https:\/\/i0.wp.com\/www.oboa.de\/wordpress\/wp-content\/uploads\/2013\/04\/OBOA-2013-banner.jpg?resize=800%2C296&#038;ssl=1\" alt=\"OBOA 2013 banner\" width=\"800\" height=\"296\" srcset=\"https:\/\/i0.wp.com\/www.oboa.de\/wordpress\/wp-content\/uploads\/2013\/04\/OBOA-2013-banner.jpg?w=851&amp;ssl=1 851w, https:\/\/i0.wp.com\/www.oboa.de\/wordpress\/wp-content\/uploads\/2013\/04\/OBOA-2013-banner.jpg?resize=300%2C111&amp;ssl=1 300w\" sizes=\"(max-width: 800px) 100vw, 800px\" data-recalc-dims=\"1\" \/><\/a><\/p>\n<p><a href=\"https:\/\/www.facebook.com\/OderbruchOpenAir\" target=\"_blank\" rel=\"noopener noreferrer\"><img loading=\"lazy\" decoding=\"async\" data-attachment-id=\"1376\" data-permalink=\"https:\/\/www.oboa.de\/wordpress\/archiv\/oboa\/fb\/\" data-orig-file=\"https:\/\/i0.wp.com\/www.oboa.de\/wordpress\/wp-content\/uploads\/2013\/04\/fb.png?fit=400%2C400&amp;ssl=1\" data-orig-size=\"400,400\" data-comments-opened=\"1\" data-image-meta=\"{&quot;aperture&quot;:&quot;0&quot;,&quot;credit&quot;:&quot;&quot;,&quot;camera&quot;:&quot;&quot;,&quot;caption&quot;:&quot;&quot;,&quot;created_timestamp&quot;:&quot;0&quot;,&quot;copyright&quot;:&quot;&quot;,&quot;focal_length&quot;:&quot;0&quot;,&quot;iso&quot;:&quot;0&quot;,&quot;shutter_speed&quot;:&quot;0&quot;,&quot;title&quot;:&quot;&quot;}\" data-image-title=\"OBOA bei Facebook\" data-image-description=\"\" data-image-caption=\"\" data-medium-file=\"https:\/\/i0.wp.com\/www.oboa.de\/wordpress\/wp-content\/uploads\/2013\/04\/fb.png?fit=300%2C300&amp;ssl=1\" data-large-file=\"https:\/\/i0.wp.com\/www.oboa.de\/wordpress\/wp-content\/uploads\/2013\/04\/fb.png?fit=400%2C400&amp;ssl=1\" tabindex=\"0\" role=\"button\" class=\"alignleft size-thumbnail wp-image-1376\" src=\"https:\/\/i0.wp.com\/www.oboa.de\/wordpress\/wp-content\/uploads\/2013\/04\/fb.png?resize=33%2C33&#038;ssl=1\" alt=\"OBOA bei Facebook\" width=\"33\" height=\"33\" srcset=\"https:\/\/i0.wp.com\/www.oboa.de\/wordpress\/wp-content\/uploads\/2013\/04\/fb.png?resize=150%2C150&amp;ssl=1 150w, https:\/\/i0.wp.com\/www.oboa.de\/wordpress\/wp-content\/uploads\/2013\/04\/fb.png?resize=300%2C300&amp;ssl=1 300w, https:\/\/i0.wp.com\/www.oboa.de\/wordpress\/wp-content\/uploads\/2013\/04\/fb.png?w=400&amp;ssl=1 400w\" sizes=\"(max-width: 33px) 100vw, 33px\" data-recalc-dims=\"1\" \/><\/a><a href=\"http:\/\/www.lastfm.de\/festival\/3530466+OBOA+2013\" target=\"_blank\" rel=\"noopener noreferrer\"><img loading=\"lazy\" decoding=\"async\" src=\"https:\/\/i0.wp.com\/www.oboa.de\/wordpress\/wp-content\/uploads\/2013\/04\/lastfm.png?resize=41%2C41&#038;ssl=1\" alt=\"OBOA bei lastfm\" width=\"41\" height=\"41\"  data-recalc-dims=\"1\"><\/a><\/p>\n<p>Mitte August 1998 fand zum ersten Mal das OBOA &#8211; Oderbruch-Open Air statt. Seitdem veranstaltet der Verein Break Tribe Music e.V. dieses kleine, unkommerziele, Umsonst &amp; Draussen Festival regelm\u00e4\u00dfig. In jedem Jahr treffen sich Besucher*innen von beiden Seiten der Oder ein Wochenende lang zu kulturellem Austausch und musikalischem Erlebnis im <a title=\"Fort Gorgast\" href=\"http:\/\/www.fort-gorgast.de\" target=\"_blank\" rel=\"noopener noreferrer\">Fort Gorgast<\/a>, \u00f6stlich von Berlin. Das Festival wird ausschlie\u00dflich im ehrenamtlichen Engagement durchgef\u00fchrt. F\u00fcr den Besuch des Festivals wird kein Eintritt erhoben.<\/p>\n<p>In den Nachmittags- und Abendstunden treten auf f\u00fcnf B\u00fchnen regionale und internationale K\u00fcnstler*innen aus verschiedenen Musikgenres auf, es werden diverse Workshops, audiovisuelle Beitr\u00e4ge und Infoveranstaltungen zu zivilgesellschaftlichen Themen wie Umwelt- und Tierschutz, Energiewende, Diversity, Toleranz, etc. durchgef\u00fchrt. F\u00fcr Euer leibliches Wohl sorgen unsere Getr\u00e4nke-Bars sowie Essenst\u00e4nde mit vegetarischen\/veganen Leckereien (<a title=\"OBOA Vegetarisch\" href=\"https:\/\/www.oboa.de\/wordpress\/wp-content\/uploads\/2013\/04\/OBOA-Vegetarisch.pdf\" target=\"_blank\" rel=\"noopener noreferrer\">warum vegetarisch?<\/a>). Schaut einfach vorbei und macht mit, als Besucher&nbsp;oder auch als <a href=\"https:\/\/www.oboa.de\/wordpress\/faq\/helferinnen\/\">Helfer<\/a>.<\/p>\n<p>Auf dieser Seite werdet ihr nach und nach das wachsende <a href=\"https:\/\/www.oboa.de\/wordpress\/archiv\/oboa\/lineup\/\">Line Up<\/a> finden, k\u00f6nnt euch beim <a href=\"https:\/\/www.oboa.de\/wordpress\/faq\/a-z\/\">A-Z<\/a> \u00fcber verschiedene Aspekte des Miteinanders auf dem Festival informieren und euch in die Helfer_innenriege einreihen. Auch die Anfahrtsm\u00f6glichkeiten und Infos zu unseren Unterst\u00fctzern sind hier aufrufbar.<\/p>\n<p>Viel Spass beim St\u00f6bern!<\/p>\n","protected":false},"excerpt":{"rendered":"<p>Mitte August 1998 fand zum ersten Mal das OBOA &#8211; Oderbruch-Open Air statt. Seitdem veranstaltet der Verein Break Tribe Music e.V. dieses kleine, unkommerziele, Umsonst [&#8230;]<\/p>\n","protected":false},"author":1,"featured_media":0,"parent":1087,"menu_order":50,"comment_status":"open","ping_status":"open","template":"","meta":{"footnotes":""},"translation":{"provider":"WPGlobus","version":"3.0.0","language":"de","enabled_languages":["de","pl","gb","es"],"languages":{"de":{"title":true,"content":true,"excerpt":false},"pl":{"title":true,"content":true,"excerpt":false},"gb":{"title":false,"content":false,"excerpt":false},"es":{"title":false,"content":false,"excerpt":false}}},"jetpack_sharing_enabled":true,"_links":{"self":[{"href":"https:\/\/www.oboa.de\/wordpress\/wp-json\/wp\/v2\/pages\/7"}],"collection":[{"href":"https:\/\/www.oboa.de\/wordpress\/wp-json\/wp\/v2\/pages"}],"about":[{"href":"https:\/\/www.oboa.de\/wordpress\/wp-json\/wp\/v2\/types\/page"}],"author":[{"embeddable":true,"href":"https:\/\/www.oboa.de\/wordpress\/wp-json\/wp\/v2\/users\/1"}],"replies":[{"embeddable":true,"href":"https:\/\/www.oboa.de\/wordpress\/wp-json\/wp\/v2\/comments?post=7"}],"version-history":[{"count":24,"href":"https:\/\/www.oboa.de\/wordpress\/wp-json\/wp\/v2\/pages\/7\/revisions"}],"predecessor-version":[{"id":11387,"href":"https:\/\/www.oboa.de\/wordpress\/wp-json\/wp\/v2\/pages\/7\/revisions\/11387"}],"up":[{"embeddable":true,"href":"https:\/\/www.oboa.de\/wordpress\/wp-json\/wp\/v2\/pages\/1087"}],"wp:attachment":[{"href":"https:\/\/www.oboa.de\/wordpress\/wp-json\/wp\/v2\/media?parent=7"}],"curies":[{"name":"wp","href":"https:\/\/api.w.org\/{rel}","templated":true}]}}